{"id":32,"date":"2012-04-03T09:17:39","date_gmt":"2012-04-03T09:17:39","guid":{"rendered":"http:\/\/people.unica.it\/basedocente\/?page_id=32"},"modified":"2014-07-30T10:07:03","modified_gmt":"2014-07-30T10:07:03","slug":"tesi","status":"publish","type":"page","link":"https:\/\/people.unica.it\/renzoilariocaddeo\/didattica\/tesi\/","title":{"rendered":"Tesi"},"content":{"rendered":"<p align=\"JUSTIFY\"><span style=\"font-family: Times, 'Times New Roman'\"><b>1980-81<\/b><\/span><\/p>\n<p align=\"JUSTIFY\"><span style=\"font-family: Times, 'Times New Roman'\"><b>Paola\u00a0<\/b><\/span><span style=\"font-family: Times, 'Times New Roman'\"><b>PIU<\/b><\/span><span style=\"font-family: Times, 'Times New Roman'\">, <\/span><span style=\"font-family: Times, 'Times New Roman'\"><i>Confronto ed equivalenze tra le diverse generalizzazioni della derivazione torsionale di Walker.<\/i><\/span><\/p>\n<p align=\"JUSTIFY\"><span style=\"font-family: Times, 'Times New Roman'\"><b>1984-85<\/b><\/span><\/p>\n<p align=\"JUSTIFY\"><span style=\"font-family: Times, 'Times New Roman'\"><b>Romano\u00a0<\/b><\/span><span style=\"font-family: Times, 'Times New Roman'\"><b>CARTA<\/b><\/span><span style=\"font-family: Times, 'Times New Roman'\">,\u00a0<\/span><span style=\"font-family: Times, 'Times New Roman'\"><i>Una caratterizzazione degli spazi di Einstein di dimensione tre.<\/i><\/span><\/p>\n<p align=\"JUSTIFY\"><span style=\"font-family: Times, 'Times New Roman'\"><b>Pina\u00a0<\/b><\/span><span style=\"font-family: Times, 'Times New Roman'\"><b>FAIS<\/b><\/span><span style=\"font-family: Times, 'Times New Roman'\">, <\/span><span style=\"font-family: Times, 'Times New Roman'\"><i>Le variet\u00e0 riemanniane che soddisfano alla condizione <\/i><\/span><span style=\"font-family: Times, 'Times New Roman'\"><i>\u0394<\/i><\/span><sup><span style=\"font-family: Times, 'Times New Roman'\"><i>2<\/i><\/span><\/sup><span style=\"font-family: Times, 'Times New Roman'\"><i>(r<\/i><\/span><sup><span style=\"font-family: Times, 'Times New Roman'\"><i>k<\/i><\/span><\/sup><span style=\"font-family: Times, 'Times New Roman'\"><i> log r) = 0 <\/i><\/span><span style=\"font-family: Times, 'Times New Roman'\"><i>sono localmente isometriche a\u00a0<\/i><\/span><span style=\"font-family: Times, 'Times New Roman'\"><b>R<\/b><\/span><sup><span style=\"font-family: Times, 'Times New Roman'\">2\u00a0<\/span><\/sup><span style=\"font-family: Times, 'Times New Roman'\"><i>oppure a\u00a0<\/i><\/span><span style=\"font-family: Times, 'Times New Roman'\"><b>R<\/b><\/span><sup><span style=\"font-family: Times, 'Times New Roman'\">4<\/span><\/sup><span style=\"font-family: Times, 'Times New Roman'\">.<\/span><\/p>\n<p align=\"JUSTIFY\"><span style=\"font-family: Times, 'Times New Roman'\"><b>Antonello\u00a0<\/b><\/span><span style=\"font-family: Times, 'Times New Roman'\"><b>PILU<\/b><\/span><span style=\"font-family: Times, 'Times New Roman'\">, <\/span><span style=\"font-family: Times, 'Times New Roman'\"><i>Funzioni radiali con la proprieta\u2019 di Almansi rispetto alle funzioni radiali sugli spazi simmetrici di rango uno.<\/i><\/span><\/p>\n<p align=\"JUSTIFY\"><span style=\"font-family: Times, 'Times New Roman'\"><b>1987-88<\/b><\/span><\/p>\n<p align=\"JUSTIFY\"><span style=\"font-family: Times, 'Times New Roman'\"><b>Antonella\u00a0<\/b><\/span><span style=\"font-family: Times, 'Times New Roman'\"><b>SERRA,\u00a0<\/b><\/span><span style=\"font-family: Times, 'Times New Roman'\"><i>Sulla funzione densit\u00e0 di volume di una variet\u00e0 riemanniana.<\/i><\/span><\/p>\n<p align=\"JUSTIFY\"><span style=\"font-family: Times, 'Times New Roman'\"><b>Paola\u00a0<\/b><\/span><span style=\"font-family: Times, 'Times New Roman'\"><b>SITZIA<\/b><\/span><span style=\"font-family: Times, 'Times New Roman'\">, <\/span><span style=\"font-family: Times, 'Times New Roman'\"><i>Sulle geodetiche degli spazi biarmonici tridimensionali.<\/i><\/span><\/p>\n<p align=\"JUSTIFY\"><span style=\"font-family: Times, 'Times New Roman'\"><b>Giovanni\u00a0<\/b><\/span><span style=\"font-family: Times, 'Times New Roman'\"><b>MASALA,\u00a0<\/b><\/span><span style=\"font-family: Times, 'Times New Roman'\"><i>Sulla funzione densit\u00e0 di volume degli spazi di D&#8217;Atri tridimensionali<\/i><\/span><span style=\"font-family: Times, 'Times New Roman'\">.<\/span><\/p>\n<p align=\"JUSTIFY\"><span style=\"font-family: Times, 'Times New Roman'\"><b>1989-90<\/b><\/span><\/p>\n<p align=\"JUSTIFY\"><span style=\"font-family: Times, 'Times New Roman'\"><b>Grazia <\/b><\/span><span style=\"font-family: Times, 'Times New Roman'\"><b>PIRINO<\/b><\/span><span style=\"font-family: Times, 'Times New Roman'\">, <\/span><span style=\"font-family: Times, 'Times New Roman'\"><i>Classificazione secondo Bianchi delle metriche riemanniane tridimensionali in base alla dimensione del gruppo delle isometrie. <\/i><\/span><span style=\"font-family: Times, 'Times New Roman'\">Correlatore Paola Piu<\/span><\/p>\n<p align=\"JUSTIFY\"><span style=\"font-family: Times, 'Times New Roman'\"><b>Tiziana\u00a0<\/b><\/span><span style=\"font-family: Times, 'Times New Roman'\"><b>SCORDO<\/b><\/span><span style=\"font-family: Times, 'Times New Roman'\">, <\/span><span style=\"font-family: Times, 'Times New Roman'\"><i>Superfici con gruppi continui di isometrie<\/i><\/span><span style=\"font-family: Times, 'Times New Roman'\">. <\/span><span style=\"font-family: Times, 'Times New Roman'\">Correlatore Paola Piu<\/span><\/p>\n<p align=\"JUSTIFY\"><span style=\"font-family: Times, 'Times New Roman'\"><b>1990-91<\/b><\/span><\/p>\n<p align=\"JUSTIFY\"><span style=\"font-family: Times, 'Times New Roman'\"><b>Monica\u00a0<\/b><\/span><span style=\"font-family: Times, 'Times New Roman'\"><b>MUSIO<\/b><\/span><span style=\"font-family: Times, 'Times New Roman'\">, <\/span><span style=\"font-family: Times, 'Times New Roman'\"><i>L&#8217;Analisi Non Standard: una rapida panoramica e qualche applicazione. <\/i><\/span><span style=\"font-family: Times, 'Times New Roman'\">Correlatore Robert Lutz<\/span><span style=\"font-family: Times, 'Times New Roman'\"><i>.<\/i><\/span><\/p>\n<p align=\"JUSTIFY\"><span style=\"font-family: Times, 'Times New Roman'\"><b>1991-92<\/b><\/span><\/p>\n<p align=\"JUSTIFY\"><span style=\"font-family: Times, 'Times New Roman'\"><b>Andrea LOI<\/b><\/span><span style=\"font-family: Times, 'Times New Roman'\">, <\/span><span style=\"font-family: Times, 'Times New Roman'\"><i>Campi di Jacobi sugli spazi di D&#8217;Atri tridimensionali<\/i><\/span><span style=\"font-family: Times, 'Times New Roman'\">.<\/span><\/p>\n<p align=\"JUSTIFY\"><span style=\"font-family: Times, 'Times New Roman'\"><b>Stefano\u00a0<\/b><\/span><span style=\"font-family: Times, 'Times New Roman'\"><b>MONTALDO<\/b><\/span><span style=\"font-family: Times, 'Times New Roman'\">, <\/span><span style=\"font-family: Times, 'Times New Roman'\"><i>Superfici minime in E<\/i><\/span><sup><span style=\"font-family: Times, 'Times New Roman'\"><span style=\"font-size: small\"><i>3<\/i><\/span><\/span><\/sup><span style=\"font-family: Times, 'Times New Roman'\"><i> e in H<\/i><\/span><sub><span style=\"font-family: Times, 'Times New Roman'\"><span style=\"font-size: small\"><i>3<\/i><\/span><\/span><\/sub><\/p>\n<p align=\"JUSTIFY\"><span style=\"font-family: Times, 'Times New Roman'\"><b>1992-93<\/b><\/span><\/p>\n<p align=\"JUSTIFY\"><span style=\"font-family: Times, 'Times New Roman'\"><b>Alessandra\u00a0<\/b><\/span><span style=\"font-family: Times, 'Times New Roman'\"><b>LOCCI<\/b><\/span><span style=\"font-family: Times, 'Times New Roman'\">, <\/span><span style=\"font-family: Times, 'Times New Roman'\"><i>Superfici con curvatura media costante<\/i><\/span><span style=\"font-family: Times, 'Times New Roman'\">. <\/span><span style=\"font-family: Times, 'Times New Roman'\">Correlatrice Paola Piu.<\/span><\/p>\n<p align=\"JUSTIFY\"><span style=\"font-family: Times, 'Times New Roman'\"><b>Maria Grazia\u00a0<\/b><\/span><span style=\"font-family: Times, 'Times New Roman'\"><b>PONTIS<\/b><\/span><span style=\"font-family: Times, 'Times New Roman'\">, <\/span><span style=\"font-family: Times, 'Times New Roman'\"><i>Fibrazioni e superfici di Hopf<\/i><\/span><span style=\"font-family: Times, 'Times New Roman'\">. <\/span><span style=\"font-family: Times, 'Times New Roman'\">Correlatrice Paola Piu<\/span><\/p>\n<p align=\"JUSTIFY\"><span style=\"font-family: Times, 'Times New Roman'\"><b>1993-94<\/b><\/span><\/p>\n<p align=\"JUSTIFY\"><span style=\"font-family: Times, 'Times New Roman'\"><b>Gianluca\u00a0<\/b><\/span><span style=\"font-family: Times, 'Times New Roman'\"><b>BANDE<\/b><\/span><span style=\"font-family: Times, 'Times New Roman'\">, <\/span><span style=\"font-family: Times, 'Times New Roman'\"><i>Su una generalizzazione delle strutture di contatto invarianti<\/i><\/span><span style=\"font-family: Times, 'Times New Roman'\">. <\/span><span style=\"font-family: Times, 'Times New Roman'\">Correlatore Robert Lutz, Universit\u00e9 de Haute Alsace<\/span><span style=\"font-family: Times, 'Times New Roman'\"><i>.<\/i><\/span><\/p>\n<p align=\"JUSTIFY\"><span style=\"font-family: Times, 'Times New Roman'\"><b>1994-95 <\/b><\/span><\/p>\n<p align=\"JUSTIFY\"><span style=\"font-family: Times, 'Times New Roman'\"><b>Giulia\u00a0<\/b><\/span><span style=\"font-family: Times, 'Times New Roman'\"><b>QUINTILIO<\/b><\/span><span style=\"font-family: Times, 'Times New Roman'\">, <\/span><span style=\"font-family: Times, 'Times New Roman'\"><i>Il teorema di Delaunay nello spazio euclideo <\/i><\/span><span style=\"font-family: Times, 'Times New Roman'\"><i><b>R<\/b><\/i><\/span><sup><span style=\"font-family: Times, 'Times New Roman'\"><i>3<\/i><\/span><\/sup><span style=\"font-family: Times, 'Times New Roman'\"><i> e nel gruppo di Heisenberg H<\/i><\/span><sub><span style=\"font-family: Times, 'Times New Roman'\"><i>3<\/i><\/span><\/sub><span style=\"font-family: Times, 'Times New Roman'\"><i>.<\/i><\/span><\/p>\n<p align=\"JUSTIFY\"><span style=\"font-family: Times, 'Times New Roman'\"><b>1995-96<\/b><\/span><\/p>\n<p align=\"JUSTIFY\"><span style=\"font-family: Times, 'Times New Roman'\"><b>Barbara R. S.\u00a0<\/b><\/span><span style=\"font-family: Times, 'Times New Roman'\"><b>BARABINO<\/b><\/span><span style=\"font-family: Times, 'Times New Roman'\">, <\/span><span style=\"font-family: Times, 'Times New Roman'\"><i>Un modello matematico della gastrulazione. <\/i><\/span><span style=\"font-family: Times, 'Times New Roman'\">Correlatore Fran\u00e7ois Ap\u00e9ry, Universit\u00e9 de Haute Alsace<\/span><span style=\"font-family: Times, 'Times New Roman'\"><i>.\u00a0<\/i><\/span><\/p>\n<p align=\"JUSTIFY\"><span style=\"font-family: Times, 'Times New Roman'\"><b>996-97<\/b><\/span><\/p>\n<p align=\"JUSTIFY\"><span style=\"font-family: Times, 'Times New Roman'\"><b>Gregorio\u00a0<\/b><\/span><span style=\"font-family: Times, 'Times New Roman'\"><b>FRANZONI<\/b><\/span><span style=\"font-family: Times, 'Times New Roman'\">, <\/span><span style=\"font-family: Times, 'Times New Roman'\"><i>La fase centrale del rovesciamento della sfera: costruzione di un modello. <\/i><\/span><span style=\"font-family: Times, 'Times New Roman'\">Correlatore Fran\u00e7ois Ap\u00e9ry<\/span><span style=\"font-family: Times, 'Times New Roman'\"><i>.<\/i><\/span><\/p>\n<p align=\"JUSTIFY\"><span style=\"font-family: Times, 'Times New Roman'\"><b>1997-98<\/b><\/span><\/p>\n<p align=\"JUSTIFY\"><span style=\"font-family: Times, 'Times New Roman'\"><b>Alberto\u00a0<\/b><\/span><span style=\"font-family: Times, 'Times New Roman'\"><b>PAMBIRA<\/b><\/span><span style=\"font-family: Times, 'Times New Roman'\">,<\/span><span style=\"font-family: Times, 'Times New Roman'\"><i> Curve elastiche. <\/i><\/span><span style=\"font-family: Times, 'Times New Roman'\">Correlatore Stefano Montaldo.<\/span><\/p>\n<p align=\"JUSTIFY\"><span style=\"font-family: Times, 'Times New Roman'\"><b>Maria Cristina\u00a0<\/b><\/span><span style=\"font-family: Times, 'Times New Roman'\"><b>SCANU<\/b><\/span><span style=\"font-family: Times, 'Times New Roman'\"><i>, Foliazioni <\/i><\/span><span style=\"font-family: Times, 'Times New Roman'\">(10 Dicembre 1998). <\/span><span style=\"font-family: Times, 'Times New Roman'\">Correlatore Stefano Montaldo.<\/span><\/p>\n<p align=\"JUSTIFY\"><span style=\"font-family: Times, 'Times New Roman'\"><b>1998-99<\/b><\/span><\/p>\n<p align=\"JUSTIFY\"><span style=\"font-family: Times, 'Times New Roman'\"><b>Loredana\u00a0<\/b><\/span><span style=\"font-family: Times, 'Times New Roman'\"><b>PERRA<\/b><\/span><span style=\"font-family: Times, 'Times New Roman'\">, <\/span><span style=\"font-family: Times, 'Times New Roman'\"><i>Inversioni<\/i><\/span><span style=\"font-family: Times, 'Times New Roman'\"> (31 Marzo 1999). <\/span><span style=\"font-family: Times, 'Times New Roman'\">Correlatrice Paola Piu.<\/span><\/p>\n<p align=\"JUSTIFY\"><span style=\"font-family: Times, 'Times New Roman'\"><b>1999-2000<\/b><\/span><\/p>\n<p align=\"JUSTIFY\"><span style=\"font-family: Times, 'Times New Roman'\"><b>Irene Ignazia <\/b><\/span><span style=\"font-family: Times, 'Times New Roman'\"><b>ONNIS<\/b><\/span><span style=\"font-family: Times, 'Times New Roman'\">, <\/span><span style=\"font-family: Times, 'Times New Roman'\"><i>Bolle di sapone, minimalit\u00e0 e dintorni <\/i><\/span><span style=\"font-family: Times, 'Times New Roman'\">(17 Luglio 2000). <\/span><span style=\"font-family: Times, 'Times New Roman'\">Correlatore Stefano Montaldo.<\/span><\/p>\n<p align=\"JUSTIFY\"><span style=\"font-family: Times, 'Times New Roman'\"><b>2000-2001<\/b><\/span><\/p>\n<p align=\"JUSTIFY\"><span style=\"font-family: Times, 'Times New Roman'\"><b>Alessandra IBBA, <\/b><\/span><span style=\"font-family: Times, 'Times New Roman'\"><i>Angeli, Diavoli e Geometria iperbolica). <\/i><\/span><span style=\"font-family: Times, 'Times New Roman'\">Correlatore Stefano Montaldo.<\/span><\/p>\n<p align=\"JUSTIFY\"><span style=\"font-family: Times, 'Times New Roman'\"><b>Tiziana FERRARI,<\/b><\/span><span style=\"font-family: Times, 'Times New Roman'\"><i> Minimalit\u00e0 secondo Weierstrass, Enneper e Bjoerling. <\/i><\/span><span style=\"font-family: Times, 'Times New Roman'\">Correlatore Stefano Montaldo. <\/span><\/p>\n<p align=\"JUSTIFY\"><span style=\"font-family: Times, 'Times New Roman'\"><b>Stefania CONCAS, <\/b><\/span><span style=\"font-family: Times, 'Times New Roman'\"><i>Armonicit\u00e0 in Geometria Riemanniana. <\/i><\/span><span style=\"font-family: Times, 'Times New Roman'\">Correlatrice Paola Piu.<\/span><\/p>\n<p align=\"JUSTIFY\"><span style=\"font-family: Times, 'Times New Roman'\"><b>2002-2003<\/b><\/span><\/p>\n<p align=\"JUSTIFY\"><span style=\"font-family: Times, 'Times New Roman'\"><b>Alessandra MASALA, <\/b><\/span><span style=\"font-family: Times, 'Times New Roman'\"><i>Antonio Fais: Matematico sardo. Affinch\u00e9 non vada perduta la memoria del suo contributo. (<\/i><\/span><span style=\"font-family: Times, 'Times New Roman'\">Luglio 2003)<\/span><\/p>\n<p align=\"JUSTIFY\"><span style=\"font-family: Times, 'Times New Roman'\"><b>Andrea DELUSSU, <\/b><\/span><span style=\"font-family: Times, 'Times New Roman'\"><i>Curve biarmoniche tramite bilagrangiane<\/i><\/span><span style=\"font-family: Times, 'Times New Roman'\">. (29 Aprile 2004)<\/span><\/p>\n<p align=\"JUSTIFY\"><span style=\"font-family: Times, 'Times New Roman'\"><b>Mariapia LAMPIS, <\/b><\/span><span style=\"font-family: Times, 'Times New Roman'\"><i>Nastri di Moebius e Bottiglie di Klein. Modelli virtuali e modelli materiali<\/i><\/span><span style=\"font-family: Times, 'Times New Roman'\">. (29 Aprile 2004<\/span><span style=\"font-family: Times, 'Times New Roman'\"><i>.) <\/i><\/span><span style=\"font-family: Times, 'Times New Roman'\">Correlatore Gregorio Franzoni.<\/span><\/p>\n<p align=\"JUSTIFY\"><span style=\"font-family: Times, 'Times New Roman'\">2003-2004<\/span><\/p>\n<p align=\"JUSTIFY\"><span style=\"font-family: Times, 'Times New Roman'\"><b>Carlo MEI<\/b><\/span><span style=\"font-family: Times, 'Times New Roman'\">, <\/span><span style=\"font-family: Times, 'Times New Roman'\"><i>Curve biarmoniche con Eulero-Lagrange. (<\/i><\/span><span style=\"font-family: Times, 'Times New Roman'\">Luglio 2004)<\/span><\/p>\n<p align=\"JUSTIFY\"><span style=\"font-family: Times, 'Times New Roman'\"><b>Michela ZEDDA, <\/b><\/span><span style=\"font-family: Times, 'Times New Roman'\">(<\/span><span style=\"font-family: Times, 'Times New Roman'\"><i>triennale<\/i><\/span><span style=\"font-family: Times, 'Times New Roman'\">)<\/span><span style=\"font-family: Times, 'Times New Roman'\"><i>Formule di Frenet. (<\/i><\/span><span style=\"font-family: Times, 'Times New Roman'\">Settembre 2004)<\/span><\/p>\n<p align=\"JUSTIFY\"><span style=\"font-family: Times, 'Times New Roman'\"><b>2004-2005<\/b><\/span><\/p>\n<p align=\"JUSTIFY\"><span style=\"font-family: Times, 'Times New Roman'\"><b>Marco GILARDI, <\/b><\/span><span style=\"font-family: Times, 'Times New Roman'\">(<\/span><span style=\"font-family: Times, 'Times New Roman'\"><i>triennale<\/i><\/span><span style=\"font-family: Times, 'Times New Roman'\">) <\/span><span style=\"font-family: Times, 'Times New Roman'\"><i>Il piano iperbolico e sue immersioni in R3<\/i><\/span><span style=\"font-family: Times, 'Times New Roman'\"><i><b>. (<\/b><\/i><\/span><span style=\"font-family: Times, 'Times New Roman'\">27 Ottobre 2005)<\/span><\/p>\n<p align=\"JUSTIFY\"><span style=\"font-family: Times, 'Times New Roman'\"><b>Valeria CASCIU, <\/b><\/span><span style=\"font-family: Times, 'Times New Roman'\"><i>La curvatura da Gauss a Riemann. (<\/i><\/span><span style=\"font-family: Times, 'Times New Roman'\">20<\/span><span style=\"font-family: Times, 'Times New Roman'\">Dicembre 2005)<\/span><\/p>\n<p align=\"JUSTIFY\"><span style=\"font-family: Times, 'Times New Roman'\"><b>2005-2006<\/b><\/span><\/p>\n<p align=\"JUSTIFY\"><span style=\"font-family: Times, 'Times New Roman'\"><b>Massimo ARTIZZU<\/b><\/span><span style=\"font-family: Times, 'Times New Roman'\">, <\/span><span style=\"font-family: Times, 'Times New Roman'\"><i>Stabilit\u00e0 delle superfici minime. <\/i><\/span><span style=\"font-family: Times, 'Times New Roman'\">Correlatore Stefano Montaldo. <\/span><\/p>\n<p align=\"JUSTIFY\">\u00a0<span style=\"font-family: Times, 'Times New Roman'\"><b>2006-2007<\/b><\/span><\/p>\n<p align=\"JUSTIFY\">\u00a0<span style=\"font-family: Times, 'Times New Roman'\"><b>Pietrangelo FARRIS \u00a0<\/b><\/span><span style=\"font-family: Times, 'Times New Roman'\"><i>Un teorema di Kowalski per gli spazi tridimensionali con simmetrie che conservano I volumi.<\/i><\/span><\/p>\n<p align=\"JUSTIFY\"><span style=\"font-family: Times, 'Times New Roman'\"><b>Daria UCCHEDDU\u00a0<\/b><\/span><span style=\"font-family: Times, 'Times New Roman'\"><i>(triennale), S^1, S^2, S^3 (Fibrazioni di Hopf).<\/i><\/span><\/p>\n<p align=\"JUSTIFY\"><span style=\"font-family: Times, 'Times New Roman'\"><b>2008-2009<\/b><\/span><\/p>\n<p align=\"JUSTIFY\"><span style=\"font-family: Times, 'Times New Roman'\"><b>Laura COSSU<\/b><\/span><span style=\"font-family: Times, 'Times New Roman'\"><i><b>\u00a0(<\/b><\/i><\/span><span style=\"font-family: Times, 'Times New Roman'\"><i>triennale<\/i><\/span><span style=\"font-family: Times, 'Times New Roman'\"><i><b>), <\/b><\/i><\/span><span style=\"font-family: Times, 'Times New Roman'\"><i>Le<\/i><\/span><span style=\"font-family: Times, 'Times New Roman'\"><i> lossodromiche delle ciclidi di Dupin.<\/i><\/span><\/p>\n<p align=\"JUSTIFY\"><span style=\"font-family: Times, 'Times New Roman'\"><b>Paola MURA\u00a0<\/b><\/span><span style=\"font-family: Times, 'Times New Roman'\"><i>(triennale), Sulle ciclidi.<\/i><\/span><\/p>\n<p align=\"JUSTIFY\"><span style=\"font-family: Times, 'Times New Roman'\"><b>2010-2011<\/b><\/span><\/p>\n<p align=\"JUSTIFY\"><span style=\"font-family: Times, 'Times New Roman'\"><b>Francesco CANNAS AGHEDU\u00a0<\/b><\/span><span style=\"font-family: Times, 'Times New Roman'\"><i>(triennale), Le trattrici.<\/i><\/span><\/p>\n<p align=\"JUSTIFY\"><span style=\"font-family: Times, 'Times New Roman'\"><b>2011-2012<\/b><\/span><\/p>\n<p align=\"JUSTIFY\"><span style=\"font-family: Times, 'Times New Roman'\"><b>Paola MURA<\/b><\/span><span style=\"font-family: Times, 'Times New Roman'\"><i>\u00a0(magistrale), Eliche delle superfici di rotazione. <\/i><\/span><span style=\"font-family: Times, 'Times New Roman'\">Correlatrice Paola Piu.<\/span><\/p>\n<p align=\"JUSTIFY\"><span style=\"font-family: Times, 'Times New Roman'\"><b>Laura COSSU<\/b><\/span><span style=\"font-family: Times, 'Times New Roman'\"><i>\u00a0(magistrale), Paolo Pizzetti e il confronto tra triangoli geodetici<\/i><\/span><\/p>\n<p align=\"JUSTIFY\"><span style=\"font-family: Times, 'Times New Roman'\"><b>2012-2013<\/b><\/span><\/p>\n<p align=\"JUSTIFY\"><span style=\"font-family: Times, 'Times New Roman'\"><b>Vincenzo MASCIA\u00a0<\/b><\/span><span style=\"font-family: Times, 'Times New Roman'\"><i>(triennale), Sulla orientabilit\u00e0 delle superfici.<\/i><\/span><\/p>\n<p align=\"JUSTIFY\"><span style=\"font-family: Times, 'Times New Roman'\"><b>Riccardo MINISOLA<\/b><\/span><span style=\"font-family: Times, 'Times New Roman'\"><i>\u00a0(triennale), Cardioidi.<\/i><\/span><\/p>\n<p align=\"JUSTIFY\"><span style=\"font-family: Times, 'Times New Roman'\"><b>Nicola PIA<\/b><\/span><span style=\"font-family: Times, 'Times New Roman'\"><i>\u00a0(triennale), Sul teorema dei quattro vertici.<\/i><\/span><\/p>\n<p align=\"JUSTIFY\"><b>2013-2014<\/b><\/p>\n<p align=\"JUSTIFY\"><b>Tiziana TALU\u00a0<\/b><i>(triennale),\u00a0Geometrie &#8220;da manicomio&#8221;.<\/i><\/p>\n<p style=\"text-align: center\" align=\"JUSTIFY\"><strong>Tesi di Dottorato<\/strong><\/p>\n<p><strong><b>1993-1994<\/b><br \/>\n<\/strong><\/p>\n<p><strong>Paola SITZIA,<\/strong><i> Spazi armonici e Spazi di D&#8217;Atri. <\/i>(Firenze)<\/p>\n<p><strong><strong><b>2004-2005<\/b><\/strong><\/strong><\/p>\n<p><strong>Gregorio FRANZONI,<\/strong> <i>La prototipazione rapida nella costruzione di modelli di superfici.<\/i> (Cagliari, 30 Marzo 2006)<\/p>\n","protected":false},"excerpt":{"rendered":"<p>1980-81 Paola\u00a0PIU, Confronto ed equivalenze tra le diverse generalizzazioni della derivazione torsionale di Walker. 1984-85 Romano\u00a0CARTA,\u00a0Una caratterizzazione degli spazi di Einstein di dimensione tre. Pina\u00a0FAIS, Le variet\u00e0 riemanniane che soddisfano alla condizione \u03942(rk log r) = 0 sono localmente isometriche a\u00a0R2\u00a0oppure a\u00a0R4. Antonello\u00a0PILU, Funzioni radiali con la proprieta\u2019 di Almansi rispetto alle funzioni radiali sugli spazi simmetrici di rango uno. 1987-88 Antonella\u00a0SERRA,\u00a0Sulla funzione densit\u00e0 di volume di una variet\u00e0 riemanniana. Paola\u00a0SITZIA, Sulle geodetiche degli spazi biarmonici tridimensionali. Giovanni\u00a0MASALA,\u00a0Sulla funzione densit\u00e0 di volume degli spazi di D&#8217;Atri tridimensionali. 1989-90 Grazia PIRINO, Classificazione secondo Bianchi delle metriche riemanniane tridimensionali in base alla <a href='https:\/\/people.unica.it\/renzoilariocaddeo\/didattica\/tesi\/' class='excerpt-more'>[&#8230;]<\/a><\/p>\n","protected":false},"author":1,"featured_media":0,"parent":4,"menu_order":3,"comment_status":"closed","ping_status":"closed","template":"","meta":{"footnotes":""},"class_list":["post-32","page","type-page","status-publish","hentry","post-seq-1","post-parity-odd","meta-position-corners","fix"],"publishpress_future_action":{"enabled":false,"date":"2026-04-23 07:28:43","action":"Draft","newStatus":"draft","terms":[],"taxonomy":"","extraData":[]},"publishpress_future_workflow_manual_trigger":{"enabledWorkflows":[]},"_links":{"self":[{"href":"https:\/\/people.unica.it\/renzoilariocaddeo\/wp-json\/wp\/v2\/pages\/32","targetHints":{"allow":["GET"]}}],"collection":[{"href":"https:\/\/people.unica.it\/renzoilariocaddeo\/wp-json\/wp\/v2\/pages"}],"about":[{"href":"https:\/\/people.unica.it\/renzoilariocaddeo\/wp-json\/wp\/v2\/types\/page"}],"author":[{"embeddable":true,"href":"https:\/\/people.unica.it\/renzoilariocaddeo\/wp-json\/wp\/v2\/users\/1"}],"replies":[{"embeddable":true,"href":"https:\/\/people.unica.it\/renzoilariocaddeo\/wp-json\/wp\/v2\/comments?post=32"}],"version-history":[{"count":15,"href":"https:\/\/people.unica.it\/renzoilariocaddeo\/wp-json\/wp\/v2\/pages\/32\/revisions"}],"predecessor-version":[{"id":214,"href":"https:\/\/people.unica.it\/renzoilariocaddeo\/wp-json\/wp\/v2\/pages\/32\/revisions\/214"}],"up":[{"embeddable":true,"href":"https:\/\/people.unica.it\/renzoilariocaddeo\/wp-json\/wp\/v2\/pages\/4"}],"wp:attachment":[{"href":"https:\/\/people.unica.it\/renzoilariocaddeo\/wp-json\/wp\/v2\/media?parent=32"}],"curies":[{"name":"wp","href":"https:\/\/api.w.org\/{rel}","templated":true}]}}