{"id":408,"date":"2013-02-28T13:06:03","date_gmt":"2013-02-28T13:06:03","guid":{"rendered":"http:\/\/people.unica.it\/quasizero\/?page_id=408"},"modified":"2013-07-24T15:42:45","modified_gmt":"2013-07-24T15:42:45","slug":"vania-statzu","status":"publish","type":"page","link":"https:\/\/people.unica.it\/quasizero\/vania-statzu\/","title":{"rendered":"Vania Statzu"},"content":{"rendered":"<p style=\"text-align: left\">Vania Statzu \u00e8 dottore di ricerca in Economia.<br \/>\nAttualmente \u00e8 assegnista di ricerca e collabora con il Dipartimento di Scienze Sociali ed Istituzioni (DSSI). Svolge anche attivit\u00e0 di consulente ambientale.<br \/>\nI suoi interessi di ricerca comprendono l&#8217;analisi delle politiche ambientali, in particolare di quelle legate alle energie rinnovabili e all&#8217;efficienza energetica, e lo studio dell&#8217;accettabilit\u00e0 sociale delle nuove tecnologie.<\/p>\n","protected":false},"excerpt":{"rendered":"<p>Vania Statzu \u00e8 dottore di ricerca in Economia. Attualmente \u00e8 assegnista di ricerca e collabora con il Dipartimento di Scienze Sociali ed Istituzioni (DSSI). Svolge anche attivit\u00e0 di consulente ambientale. I suoi interessi di ricerca comprendono l&#8217;analisi delle politiche ambientali, in particolare di quelle legate alle energie rinnovabili e all&#8217;efficienza energetica, e lo studio dell&#8217;accettabilit\u00e0 sociale delle nuove tecnologie.<\/p>\n","protected":false},"author":644,"featured_media":0,"parent":0,"menu_order":0,"comment_status":"closed","ping_status":"closed","template":"","meta":{"footnotes":""},"class_list":["post-408","page","type-page","status-publish","hentry","post-seq-1","post-parity-odd","meta-position-corners","fix"],"publishpress_future_action":{"enabled":false,"date":"2026-05-08 21:24:47","action":"Draft","newStatus":"draft","terms":[],"taxonomy":"","extraData":[]},"publishpress_future_workflow_manual_trigger":{"enabledWorkflows":[]},"_links":{"self":[{"href":"https:\/\/people.unica.it\/quasizero\/wp-json\/wp\/v2\/pages\/408","targetHints":{"allow":["GET"]}}],"collection":[{"href":"https:\/\/people.unica.it\/quasizero\/wp-json\/wp\/v2\/pages"}],"about":[{"href":"https:\/\/people.unica.it\/quasizero\/wp-json\/wp\/v2\/types\/page"}],"author":[{"embeddable":true,"href":"https:\/\/people.unica.it\/quasizero\/wp-json\/wp\/v2\/users\/644"}],"replies":[{"embeddable":true,"href":"https:\/\/people.unica.it\/quasizero\/wp-json\/wp\/v2\/comments?post=408"}],"version-history":[{"count":5,"href":"https:\/\/people.unica.it\/quasizero\/wp-json\/wp\/v2\/pages\/408\/revisions"}],"predecessor-version":[{"id":418,"href":"https:\/\/people.unica.it\/quasizero\/wp-json\/wp\/v2\/pages\/408\/revisions\/418"}],"wp:attachment":[{"href":"https:\/\/people.unica.it\/quasizero\/wp-json\/wp\/v2\/media?parent=408"}],"curies":[{"name":"wp","href":"https:\/\/api.w.org\/{rel}","templated":true}]}}