{"id":230,"date":"2012-07-26T11:48:04","date_gmt":"2012-07-26T11:48:04","guid":{"rendered":"http:\/\/people.unica.it\/quasizero\/?page_id=230"},"modified":"2013-03-20T15:01:30","modified_gmt":"2013-03-20T15:01:30","slug":"risultati","status":"publish","type":"page","link":"https:\/\/people.unica.it\/quasizero\/risultati\/","title":{"rendered":"I nostri intervistati"},"content":{"rendered":"<p>Il nostro <strong>campione<\/strong> \u00e8 composto di 432 soggetti, residenti nei comuni di Cagliari e Quartu S.Elena, in abitazioni di loro propriet\u00e0.<br \/>\nTale criterio di selezione dei soggetti relativo alla propriet\u00e0 dell\u2019abitazione \u00e8 stato determinato dagli obiettivi della ricerca per i quali era necessario avere informazioni sull\u2019importo cumulato delle tasse comunali, oltre ad informazioni circa le possibili scelte d\u2019investimento riguardanti il miglioramento energetico dell\u2019immobile.<br \/>\nLe intervistatrici hanno selezionato casualmente gli individui in varie localit\u00e0 dei comuni di Cagliari e Quartu Sant\u2019Elena, nel periodo compreso fra il 25\/07\/2012 ed il 06\/09\/2012, effettuando un campionamento per quote che permettesse di ottenere un campione rappresentativo rispetto alla provenienza degli intervistati.<\/p>\n<p>Il 71,99% (311 soggetti) degli individui partecipanti all\u2019indagine \u00e8 composto da individui residenti a Cagliari, mentre il 28,01% (121 soggetti) risiede nel territorio di Quartu S.Elena.<\/p>\n<p><img decoding=\"async\" class=\"aligncenter\" alt=\"\" src=\"http:\/\/people.unica.it\/quasizero\/files\/2012\/12\/Residenza.jpg\" \/><\/p>\n<p>Relativamente ai quartieri di provenienza, il 54,84% degli intervistati cagliaritani proviene da quartieri del centro urbano,<\/p>\n<p style=\"text-align: center\"><img decoding=\"async\" alt=\"\" src=\"http:\/\/people.unica.it\/quasizero\/files\/2012\/12\/Tipologia-quartieri-cagliari.jpg\" \/><\/p>\n<p>a differenza della maggioranza degli intervistati di Quartu (48,31%), che proviene da zone dell\u2019area extraurbana<\/p>\n<p style=\"text-align: center\">\u00a0 <img decoding=\"async\" alt=\"\" src=\"http:\/\/people.unica.it\/quasizero\/files\/2012\/12\/Tipologia-quartieri-quartu.jpg\" \/><\/p>\n<p>Ai fini della lettura dei risultati dell&#8217;indagine, ricordiamo che:<\/p>\n<p>per CENTRO STORICO si intende quella porzione di territorio comunale di particolare interesse storico e artistico o di caratterizzante pregio storico-culturale e tradizionale;<br \/>\nmentre con CENTRO URBANO si intende le porzioni di citt\u00e0 limitrofe al centro storico sulla quale \u00e8 avvenuta l&#8217;espansione dell&#8217;edificato.<br \/>\nLa PERIFERIA rappresenta quelle aree subito fuori la citt\u00e0 che per la loro vicinanza risultano ancora connesse al tessuto urbano ma non ne fanno completamente parte; ed infine, le AREE EXTRA URBANE sono quelle porzioni del territorio comunale che per storia ed evoluzione urbana risultano slegate dal tessuto urbano consolidato.<\/p>\n<p>&nbsp;<\/p>\n","protected":false},"excerpt":{"rendered":"<p>Il nostro campione \u00e8 composto di 432 soggetti, residenti nei comuni di Cagliari e Quartu S.Elena, in abitazioni di loro propriet\u00e0. Tale criterio di selezione dei soggetti relativo alla propriet\u00e0 dell\u2019abitazione \u00e8 stato determinato dagli obiettivi della ricerca per i quali era necessario avere informazioni sull\u2019importo cumulato delle tasse comunali, oltre ad informazioni circa le possibili scelte d\u2019investimento riguardanti il miglioramento energetico dell\u2019immobile. Le intervistatrici hanno selezionato casualmente gli individui in varie localit\u00e0 dei comuni di Cagliari e Quartu Sant\u2019Elena, nel periodo compreso fra il 25\/07\/2012 ed il 06\/09\/2012, effettuando un campionamento per quote che permettesse di ottenere un campione <a href='https:\/\/people.unica.it\/quasizero\/risultati\/' class='excerpt-more'>[&#8230;]<\/a><\/p>\n","protected":false},"author":644,"featured_media":0,"parent":0,"menu_order":0,"comment_status":"closed","ping_status":"closed","template":"","meta":{"footnotes":""},"class_list":["post-230","page","type-page","status-publish","hentry","post-seq-1","post-parity-odd","meta-position-corners","fix"],"publishpress_future_action":{"enabled":false,"date":"2026-05-09 05:38:10","action":"Draft","newStatus":"draft","terms":[],"taxonomy":"","extraData":[]},"publishpress_future_workflow_manual_trigger":{"enabledWorkflows":[]},"_links":{"self":[{"href":"https:\/\/people.unica.it\/quasizero\/wp-json\/wp\/v2\/pages\/230","targetHints":{"allow":["GET"]}}],"collection":[{"href":"https:\/\/people.unica.it\/quasizero\/wp-json\/wp\/v2\/pages"}],"about":[{"href":"https:\/\/people.unica.it\/quasizero\/wp-json\/wp\/v2\/types\/page"}],"author":[{"embeddable":true,"href":"https:\/\/people.unica.it\/quasizero\/wp-json\/wp\/v2\/users\/644"}],"replies":[{"embeddable":true,"href":"https:\/\/people.unica.it\/quasizero\/wp-json\/wp\/v2\/comments?post=230"}],"version-history":[{"count":36,"href":"https:\/\/people.unica.it\/quasizero\/wp-json\/wp\/v2\/pages\/230\/revisions"}],"predecessor-version":[{"id":502,"href":"https:\/\/people.unica.it\/quasizero\/wp-json\/wp\/v2\/pages\/230\/revisions\/502"}],"wp:attachment":[{"href":"https:\/\/people.unica.it\/quasizero\/wp-json\/wp\/v2\/media?parent=230"}],"curies":[{"name":"wp","href":"https:\/\/api.w.org\/{rel}","templated":true}]}}