{"id":2462,"date":"2017-10-06T08:25:54","date_gmt":"2017-10-06T08:25:54","guid":{"rendered":"http:\/\/people.unica.it\/psicologiadellosviluppoedeiprocessisocio-lavorativi\/?page_id=2462"},"modified":"2019-02-19T16:12:48","modified_gmt":"2019-02-19T16:12:48","slug":"calendario-consigli-di-classe","status":"publish","type":"page","link":"https:\/\/people.unica.it\/psicologiadellosviluppoedeiprocessisocio-lavorativi\/chi-siamo\/consiglio-di-classe\/calendario-consigli-di-classe\/","title":{"rendered":"Calendario Consigli di Classe"},"content":{"rendered":"<p style=\"text-align: center\"><strong>Programmazione Consigli di Classe A.A. 2018-2019<\/strong><\/p>\n<p>I Consigli si svolgeranno una volta al mese, il gioved\u00ec alternativamente al mattino e al pomeriggio.<\/p>\n<p>1) Gioved\u00ec 20 settembre 2018 ore 11, segretario Prof. Stefano Carta<\/p>\n<p>2) Gioved\u00ec 18 ottobre 2018 ore 15, segretaria Prof.ssa Rachele Fanari<\/p>\n<p>3) Gioved\u00ec 22 novembre 2018 ore 11, segretario Prof. Ferdinando Fornara<\/p>\n<p>4) Gioved\u00ec 13 dicembre 2018 ore 15, segretario Prof. Marco Guicciardi<\/p>\n<p>5) Gioved\u00ec 17 gennaio 2019 ore 11 segretaria Prof.ssa Stella Conte<\/p>\n<p>6) Gioved\u00ec 21 febbraio 2019 ore 11:30, segretario Prof. Marcello Nonnis<\/p>\n<p>7) Gioved\u00ec 21 marzo 2019 ore 11, segretaria Prof.ssa Stefania Cataudella<\/p>\n<p>8) Gioved\u00ec 11 aprile 2019 ore 15, segretaria ssa Silvia De Simone<\/p>\n<p>9) Gioved\u00ec 23 maggio 2019 ore 11, segretaria ssa Chiara Fastame<\/p>\n<p>10) Gioved\u00ec 20 giugno 2019 ore 15, segretaria Prof.ssa Jessica Lampis<\/p>\n<p>11) Gioved\u00ec 18 luglio 2019 ore 11, segretaria Prof.ssa Carla Meloni<\/p>\n<p>12) Gioved\u00ec 19 settembre 2019 ore 15, segretaria Prof.ssa Maria Luisa Pedditzi<\/p>\n","protected":false},"excerpt":{"rendered":"<p>Programmazione Consigli di Classe A.A. 2018-2019 I Consigli si svolgeranno una volta al mese, il gioved\u00ec alternativamente al mattino e al pomeriggio. 1) Gioved\u00ec 20 settembre 2018 ore 11, segretario Prof. Stefano Carta 2) Gioved\u00ec 18 ottobre 2018 ore 15, segretaria Prof.ssa Rachele Fanari 3) Gioved\u00ec 22 novembre 2018 ore 11, segretario Prof. Ferdinando Fornara 4) Gioved\u00ec 13 dicembre 2018 ore 15, segretario Prof. Marco Guicciardi 5) Gioved\u00ec 17 gennaio 2019 ore 11 segretaria Prof.ssa Stella Conte 6) Gioved\u00ec 21 febbraio 2019 ore 11:30, segretario Prof. Marcello Nonnis 7) Gioved\u00ec 21 marzo 2019 ore 11, segretaria Prof.ssa Stefania Cataudella 8) <a href='https:\/\/people.unica.it\/psicologiadellosviluppoedeiprocessisocio-lavorativi\/chi-siamo\/consiglio-di-classe\/calendario-consigli-di-classe\/' class='excerpt-more'>[&#8230;]<\/a><\/p>\n","protected":false},"author":455,"featured_media":0,"parent":10,"menu_order":0,"comment_status":"closed","ping_status":"closed","template":"","meta":{"footnotes":""},"class_list":["post-2462","page","type-page","status-publish","hentry","post-seq-1","post-parity-odd","meta-position-corners","fix"],"_links":{"self":[{"href":"https:\/\/people.unica.it\/psicologiadellosviluppoedeiprocessisocio-lavorativi\/wp-json\/wp\/v2\/pages\/2462","targetHints":{"allow":["GET"]}}],"collection":[{"href":"https:\/\/people.unica.it\/psicologiadellosviluppoedeiprocessisocio-lavorativi\/wp-json\/wp\/v2\/pages"}],"about":[{"href":"https:\/\/people.unica.it\/psicologiadellosviluppoedeiprocessisocio-lavorativi\/wp-json\/wp\/v2\/types\/page"}],"author":[{"embeddable":true,"href":"https:\/\/people.unica.it\/psicologiadellosviluppoedeiprocessisocio-lavorativi\/wp-json\/wp\/v2\/users\/455"}],"replies":[{"embeddable":true,"href":"https:\/\/people.unica.it\/psicologiadellosviluppoedeiprocessisocio-lavorativi\/wp-json\/wp\/v2\/comments?post=2462"}],"version-history":[{"count":5,"href":"https:\/\/people.unica.it\/psicologiadellosviluppoedeiprocessisocio-lavorativi\/wp-json\/wp\/v2\/pages\/2462\/revisions"}],"predecessor-version":[{"id":2769,"href":"https:\/\/people.unica.it\/psicologiadellosviluppoedeiprocessisocio-lavorativi\/wp-json\/wp\/v2\/pages\/2462\/revisions\/2769"}],"up":[{"embeddable":true,"href":"https:\/\/people.unica.it\/psicologiadellosviluppoedeiprocessisocio-lavorativi\/wp-json\/wp\/v2\/pages\/10"}],"wp:attachment":[{"href":"https:\/\/people.unica.it\/psicologiadellosviluppoedeiprocessisocio-lavorativi\/wp-json\/wp\/v2\/media?parent=2462"}],"curies":[{"name":"wp","href":"https:\/\/api.w.org\/{rel}","templated":true}]}}