{"id":821,"date":"2017-03-12T09:24:04","date_gmt":"2017-03-12T09:24:04","guid":{"rendered":"http:\/\/people.unica.it\/progettoesocieta\/?page_id=821"},"modified":"2017-03-12T17:51:51","modified_gmt":"2017-03-12T17:51:51","slug":"seconda-esercitazione","status":"publish","type":"page","link":"https:\/\/people.unica.it\/progettoesocieta\/esercitazioni-3\/seconda-esercitazione\/","title":{"rendered":"Seconda esercitazione"},"content":{"rendered":"<p>Le indicazioni per la realizzazione del modello verranno fornite il 15 marzo. Saranno assegnate le piante quotate degli edifici e degli spazi aperti, da cui gli studenti, divisi in 4 gruppi, dovranno ricavare i prospetti. Stampate le piante e i prospetti nella scala assegnata, si proceder\u00e0 alla costruzione del plastico in aula a partire dal mercoled\u00ec successivo.<\/p>\n<p>La consegna \u00e8 prevista il 29 marzo. Il modellino sar\u00e0 di supporto al laboratorio di partecipazione con i detenuti previsto lo stesso giorno (29 marzo) presso l\u2019IPM.<\/p>\n<p><strong>1:50<\/strong><\/p>\n<p>Padiglione A \u2013 P1<\/p>\n<p>(Padiglione A \u2013 PT)<\/p>\n<p>Padiglione E\u2013 PT<\/p>\n<p>Padiglione E \u2013 P1<\/p>\n<p><strong>1:200<\/strong><\/p>\n<p>Spazi esterni, volumi puri di tutti gli edifici e muro<\/p>\n<p><strong>Materiali di base<\/strong><\/p>\n<p>Cartonlegno (spessori 2, 3, 6 mm), taglierina, colla vinilica\/colla indicata per legno, scotch carta, riga, spilli, colla spray, matita dura (3h), base per tagliare i profili, lamierino forato-stirato\/rete\/stecchini (da definire). Compensato multistrato (base per plastico).<\/p>\n","protected":false},"excerpt":{"rendered":"<p>Le indicazioni per la realizzazione del modello verranno fornite il 15 marzo. Saranno assegnate le piante quotate degli edifici e degli spazi aperti, da cui gli studenti, divisi in 4 gruppi, dovranno ricavare i prospetti. Stampate le piante e i prospetti nella scala assegnata, si proceder\u00e0 alla costruzione del plastico in aula a partire dal mercoled\u00ec successivo. La consegna \u00e8 prevista il 29 marzo. Il modellino sar\u00e0 di supporto al laboratorio di partecipazione con i detenuti previsto lo stesso giorno (29 marzo) presso l\u2019IPM. 1:50 Padiglione A \u2013 P1 (Padiglione A \u2013 PT) Padiglione E\u2013 PT Padiglione E \u2013 P1 <a href='https:\/\/people.unica.it\/progettoesocieta\/esercitazioni-3\/seconda-esercitazione\/' class='excerpt-more'>[&#8230;]<\/a><\/p>\n","protected":false},"author":365,"featured_media":0,"parent":796,"menu_order":3,"comment_status":"closed","ping_status":"closed","template":"","meta":{"ngg_post_thumbnail":0,"footnotes":""},"class_list":["post-821","page","type-page","status-publish","hentry","post-seq-1","post-parity-odd","meta-position-corners","fix"],"_links":{"self":[{"href":"https:\/\/people.unica.it\/progettoesocieta\/wp-json\/wp\/v2\/pages\/821","targetHints":{"allow":["GET"]}}],"collection":[{"href":"https:\/\/people.unica.it\/progettoesocieta\/wp-json\/wp\/v2\/pages"}],"about":[{"href":"https:\/\/people.unica.it\/progettoesocieta\/wp-json\/wp\/v2\/types\/page"}],"author":[{"embeddable":true,"href":"https:\/\/people.unica.it\/progettoesocieta\/wp-json\/wp\/v2\/users\/365"}],"replies":[{"embeddable":true,"href":"https:\/\/people.unica.it\/progettoesocieta\/wp-json\/wp\/v2\/comments?post=821"}],"version-history":[{"count":1,"href":"https:\/\/people.unica.it\/progettoesocieta\/wp-json\/wp\/v2\/pages\/821\/revisions"}],"predecessor-version":[{"id":822,"href":"https:\/\/people.unica.it\/progettoesocieta\/wp-json\/wp\/v2\/pages\/821\/revisions\/822"}],"up":[{"embeddable":true,"href":"https:\/\/people.unica.it\/progettoesocieta\/wp-json\/wp\/v2\/pages\/796"}],"wp:attachment":[{"href":"https:\/\/people.unica.it\/progettoesocieta\/wp-json\/wp\/v2\/media?parent=821"}],"curies":[{"name":"wp","href":"https:\/\/api.w.org\/{rel}","templated":true}]}}