{"id":361,"date":"2016-04-01T10:39:24","date_gmt":"2016-04-01T10:39:24","guid":{"rendered":"http:\/\/people.unica.it\/pqa\/?page_id=361"},"modified":"2025-03-09T11:17:32","modified_gmt":"2025-03-09T11:17:32","slug":"rq-facolta","status":"publish","type":"page","link":"https:\/\/people.unica.it\/pqa\/organizzazione\/struttura-decentrata\/rq-facolta\/","title":{"rendered":"Referenti per la Qualit\u00e0 delle Facolt\u00e0"},"content":{"rendered":"<p style=\"text-align: justify\">Di seguito l&#8217;elenco dei\u00a0Referenti per la Qualit\u00e0 delle Facolt\u00e0.<\/p>\n<p><a href=\"https:\/\/people.unica.it\/pqa\/files\/2025\/03\/RQ-Fac-Aggiornati-al-07-03-2025.pdf\"><span style=\"color: #0c1975\">RQ Facolt\u00e0 &#8211; Aggiornati al 07-03-2025<\/span><\/a><\/p>\n","protected":false},"excerpt":{"rendered":"<p>Di seguito l&#8217;elenco dei\u00a0Referenti per la Qualit\u00e0 delle Facolt\u00e0. RQ Facolt\u00e0 &#8211; Aggiornati al 07-03-2025<\/p>\n","protected":false},"author":2712,"featured_media":0,"parent":340,"menu_order":0,"comment_status":"closed","ping_status":"closed","template":"","meta":{"footnotes":""},"class_list":["post-361","page","type-page","status-publish","hentry","post-seq-1","post-parity-odd","meta-position-corners","fix"],"publishpress_future_action":{"enabled":false,"date":"2026-04-28 12:51:56","action":"Draft","newStatus":"draft","terms":[],"taxonomy":"","extraData":[]},"publishpress_future_workflow_manual_trigger":{"enabledWorkflows":[]},"_links":{"self":[{"href":"https:\/\/people.unica.it\/pqa\/wp-json\/wp\/v2\/pages\/361","targetHints":{"allow":["GET"]}}],"collection":[{"href":"https:\/\/people.unica.it\/pqa\/wp-json\/wp\/v2\/pages"}],"about":[{"href":"https:\/\/people.unica.it\/pqa\/wp-json\/wp\/v2\/types\/page"}],"author":[{"embeddable":true,"href":"https:\/\/people.unica.it\/pqa\/wp-json\/wp\/v2\/users\/2712"}],"replies":[{"embeddable":true,"href":"https:\/\/people.unica.it\/pqa\/wp-json\/wp\/v2\/comments?post=361"}],"version-history":[{"count":25,"href":"https:\/\/people.unica.it\/pqa\/wp-json\/wp\/v2\/pages\/361\/revisions"}],"predecessor-version":[{"id":1683,"href":"https:\/\/people.unica.it\/pqa\/wp-json\/wp\/v2\/pages\/361\/revisions\/1683"}],"up":[{"embeddable":true,"href":"https:\/\/people.unica.it\/pqa\/wp-json\/wp\/v2\/pages\/340"}],"wp:attachment":[{"href":"https:\/\/people.unica.it\/pqa\/wp-json\/wp\/v2\/media?parent=361"}],"curies":[{"name":"wp","href":"https:\/\/api.w.org\/{rel}","templated":true}]}}