{"id":351,"date":"2016-03-31T11:31:37","date_gmt":"2016-03-31T11:31:37","guid":{"rendered":"http:\/\/people.unica.it\/pqa\/?page_id=351"},"modified":"2017-11-02T17:56:52","modified_gmt":"2017-11-02T17:56:52","slug":"segreteria-tecnica","status":"publish","type":"page","link":"https:\/\/people.unica.it\/pqa\/organizzazione\/struttura-centrale\/segreteria-tecnica\/","title":{"rendered":"Segreteria Tecnica"},"content":{"rendered":"<p style=\"text-align: justify\">La <strong><span style=\"color: #800000\">Segreteria Tecnica del Presidio della Qualit\u00e0 di Ateneo<\/span><\/strong> \u00e8 composta da personale tecnico\u2013amministrativo con specifica e comprovata competenza in materia di Valutazione, Assicurazione della Qualit\u00e0, statistica e informatica.<br \/>\nL&#8217;organico della Segreteria Tecnica \u00e8 assegnato con disposizione del Direttore Generale sulla base delle necessit\u00e0 operative e funzionali che vengono definite.<\/p>\n<p style=\"text-align: justify\">La Segreteria Tecnica \u00e8 parte integrante della Struttura Centrale del Presidio della Qualit\u00e0 di Ateneo. Dal punto di vista amministrativo \u00e8\u00a0inserita all&#8217;interno della Direzione Qualit\u00e0 e AUDIT, con al vertice il Dirigente Dott.ssa Simonetta Negrini, ci\u00f2 garantisce il necessario collegamento e interazione con le strutture deputate ai servizi di contesto dell&#8217;Ateneo.<\/p>\n<p>&nbsp;<\/p>\n<p><span style=\"color: #800000\"><strong>&gt; Funzioni<\/strong><\/span><\/p>\n<p style=\"text-align: justify\">La Segreteria Tecnica garantisce le funzioni di supporto tecnico e amministrativo a tutte le attivit\u00e0 del PQA, in particolare per quelle della Struttura Centrale, con una diretta relazione di tipo gerarchico\u2013funzionale con la Direzione Qualit\u00e0 e Audit che a sua volta interagisce direttamente con gli Organi di Governo dell&#8217;Ateneo.<\/p>\n<p style=\"text-align: justify\">Il dettaglio completo delle funzioni attribuite alla Segreteria Tecnica sono elencate all&#8217;art. 9, comma 3, del <a href=\"http:\/\/sites.unica.it\/statutoregolamenti\/01-presidio-qualita-ateneo\/\" target=\"_blank\" rel=\"noopener\"><span style=\"color: #0000ff\">Regolamento del PQA<\/span><\/a>.<\/p>\n<p>&nbsp;<\/p>\n<p><span style=\"color: #800000\"><strong>&gt; Composizione<\/strong><\/span><\/p>\n<p style=\"text-align: justify\">La composizione aggiornata della Segreteria Tecnica del PQA \u00e8 disponibile alla seguente <a href=\"http:\/\/people.unica.it\/pqa\/contatti\/\" target=\"_blank\" rel=\"noopener\"><span style=\"color: #0000ff\">pagina<\/span><\/a>.<\/p>\n","protected":false},"excerpt":{"rendered":"<p>La Segreteria Tecnica del Presidio della Qualit\u00e0 di Ateneo \u00e8 composta da personale tecnico\u2013amministrativo con specifica e comprovata competenza in materia di Valutazione, Assicurazione della Qualit\u00e0, statistica e informatica. L&#8217;organico della Segreteria Tecnica \u00e8 assegnato con disposizione del Direttore Generale sulla base delle necessit\u00e0 operative e funzionali che vengono definite. La Segreteria Tecnica \u00e8 parte integrante della Struttura Centrale del Presidio della Qualit\u00e0 di Ateneo. Dal punto di vista amministrativo \u00e8\u00a0inserita all&#8217;interno della Direzione Qualit\u00e0 e AUDIT, con al vertice il Dirigente Dott.ssa Simonetta Negrini, ci\u00f2 garantisce il necessario collegamento e interazione con le strutture deputate ai servizi di contesto <a href='https:\/\/people.unica.it\/pqa\/organizzazione\/struttura-centrale\/segreteria-tecnica\/' class='excerpt-more'>[&#8230;]<\/a><\/p>\n","protected":false},"author":2712,"featured_media":0,"parent":338,"menu_order":2,"comment_status":"closed","ping_status":"closed","template":"","meta":{"footnotes":""},"class_list":["post-351","page","type-page","status-publish","hentry","post-seq-1","post-parity-odd","meta-position-corners","fix"],"publishpress_future_action":{"enabled":false,"date":"2026-04-28 10:55:15","action":"Draft","newStatus":"draft","terms":[],"taxonomy":"","extraData":[]},"publishpress_future_workflow_manual_trigger":{"enabledWorkflows":[]},"_links":{"self":[{"href":"https:\/\/people.unica.it\/pqa\/wp-json\/wp\/v2\/pages\/351","targetHints":{"allow":["GET"]}}],"collection":[{"href":"https:\/\/people.unica.it\/pqa\/wp-json\/wp\/v2\/pages"}],"about":[{"href":"https:\/\/people.unica.it\/pqa\/wp-json\/wp\/v2\/types\/page"}],"author":[{"embeddable":true,"href":"https:\/\/people.unica.it\/pqa\/wp-json\/wp\/v2\/users\/2712"}],"replies":[{"embeddable":true,"href":"https:\/\/people.unica.it\/pqa\/wp-json\/wp\/v2\/comments?post=351"}],"version-history":[{"count":8,"href":"https:\/\/people.unica.it\/pqa\/wp-json\/wp\/v2\/pages\/351\/revisions"}],"predecessor-version":[{"id":1137,"href":"https:\/\/people.unica.it\/pqa\/wp-json\/wp\/v2\/pages\/351\/revisions\/1137"}],"up":[{"embeddable":true,"href":"https:\/\/people.unica.it\/pqa\/wp-json\/wp\/v2\/pages\/338"}],"wp:attachment":[{"href":"https:\/\/people.unica.it\/pqa\/wp-json\/wp\/v2\/media?parent=351"}],"curies":[{"name":"wp","href":"https:\/\/api.w.org\/{rel}","templated":true}]}}