{"id":349,"date":"2016-03-31T11:21:25","date_gmt":"2016-03-31T11:21:25","guid":{"rendered":"http:\/\/people.unica.it\/pqa\/?page_id=349"},"modified":"2017-11-02T09:05:54","modified_gmt":"2017-11-02T09:05:54","slug":"consiglio","status":"publish","type":"page","link":"https:\/\/people.unica.it\/pqa\/organizzazione\/struttura-centrale\/consiglio\/","title":{"rendered":"Consiglio"},"content":{"rendered":"<p style=\"text-align: justify\">Il <span style=\"color: #800000\"><strong>Consiglio del Presidio della Qualit\u00e0 di Ateneo<\/strong><\/span> \u00e8 costituito da:<\/p>\n<ol style=\"list-style-type: lower-alpha\">\n<li style=\"text-align: justify\">cinque docenti, tra cui il Coordinatore, con comprovate esperienze in materia di valutazione, accreditamento e qualit\u00e0 di strutture didattiche e di ricerca, nominati dal Senato Accademico su proposta del Rettore;<\/li>\n<li style=\"text-align: justify\">il Dirigente Responsabile della Direzione Qualit\u00e0 e AUDIT, il Dirigente della Direzione per la Didattica e l&#8217;Orientamento e il Dirigente della Direzione per la Ricerca e il Territorio;<\/li>\n<li style=\"text-align: justify\">uno studente nominato dal Consiglio degli Studenti.<\/li>\n<\/ol>\n<p style=\"text-align: justify\">In caso di impedimento a partecipare alle riunioni i Dirigenti possono indicare un loro delegato.<br \/>\nIl\u00a0Dirigente Responsabile della Direzione Qualit\u00e0 e AUDIT svolge altres\u00ec le funzioni di Segretario del Consiglio, coadiuvato nella verbalizzazione dal personale a ci\u00f2 addetto.<\/p>\n<p style=\"text-align: justify\">I Consiglieri del PQA sono nominati con Decreto Rettorale; i componenti di cui alla lett. a) restano in carica per tre anni e sono rinnovabili consecutivamente una sola volta. Il componente di cui alla lett. c) resta in carica per due anni e in ogni caso non oltre la perdita dello status di studente universitario.<\/p>\n<p style=\"text-align: justify\">L\u2019incarico di Consigliere del PQA \u00e8 incompatibile con la carica di Senatore, Consigliere di Amministrazione, Direttore e Vice Direttore di Dipartimento, Presidente di Consiglio di Facolt\u00e0, componente delle Commissioni Paritetiche di Facolt\u00e0 e componente del Nucleo di Valutazione di Ateneo.<\/p>\n<p style=\"text-align: justify\">I Consiglieri del PQA decadono dall\u2019incarico se non partecipano, senza giustificato motivo, a tre riunioni consecutive, oppure qualora intervenga taluna delle situazioni di incompatibilit\u00e0 di cui al precedente comma.<\/p>\n<p style=\"text-align: justify\">Nel caso in cui, per qualsiasi motivo, uno o pi\u00f9 Consiglieri del PQA cessino dalle funzioni in corso del mandato, il Rettore provveder\u00e0 tempestivamente alla loro sostituzione, limitatamente al periodo necessario al completamento del mandato.<\/p>\n<p>&nbsp;<\/p>\n<p style=\"text-align: justify\"><span style=\"color: #800000\"><strong>&gt; Funzioni<\/strong><\/span><\/p>\n<p style=\"text-align: justify\">Il Consiglio \u00e8 l&#8217;organo collegiale e decisionale del Presidio della Qualit\u00e0 di Ateneo, al suo interno vengono discusse e approvate tutte le attivit\u00e0 poste in essere dall&#8217;intera struttura.<\/p>\n<p style=\"text-align: justify\">Il dettaglio completo delle funzioni attribuite al Consiglio sono elencate all&#8217;art. 8, comma 1, del <span style=\"color: #0000ff\"><a style=\"color: #0000ff\" href=\"http:\/\/sites.unica.it\/statutoregolamenti\/01-presidio-qualita-ateneo\/\" target=\"_blank\" rel=\"noopener noreferrer\">Regolamento del PQA<\/a><\/span>.<\/p>\n<p>&nbsp;<\/p>\n<p style=\"text-align: justify\"><span style=\"color: #800000\"><strong>&gt; Composizione<\/strong><\/span><\/p>\n<p style=\"text-align: justify\">La composizione aggiornata del Consiglio del PQA \u00e8 disponibile alla seguente <span style=\"color: #0000ff\"><a style=\"color: #0000ff\" href=\"http:\/\/people.unica.it\/pqa\/organizzazione\/struttura-centrale\/consiglio\/composizione\/\">pagina<\/a><\/span>.<\/p>\n<p>&nbsp;<\/p>\n<p style=\"text-align: justify\"><span style=\"color: #800000\"><strong>&gt; Verbali<\/strong><\/span><\/p>\n<p style=\"text-align: justify\">Tutti i verbali prodotti dal Consiglio del PQA sono disponibili alla seguente <span style=\"color: #0000ff\"><a style=\"color: #0000ff\" href=\"http:\/\/people.unica.it\/pqa\/organizzazione\/struttura-centrale\/consiglio\/verbali\/\">pagina<\/a><\/span>.<\/p>\n","protected":false},"excerpt":{"rendered":"<p>Il Consiglio del Presidio della Qualit\u00e0 di Ateneo \u00e8 costituito da: cinque docenti, tra cui il Coordinatore, con comprovate esperienze in materia di valutazione, accreditamento e qualit\u00e0 di strutture didattiche e di ricerca, nominati dal Senato Accademico su proposta del Rettore; il Dirigente Responsabile della Direzione Qualit\u00e0 e AUDIT, il Dirigente della Direzione per la Didattica e l&#8217;Orientamento e il Dirigente della Direzione per la Ricerca e il Territorio; uno studente nominato dal Consiglio degli Studenti. In caso di impedimento a partecipare alle riunioni i Dirigenti possono indicare un loro delegato. Il\u00a0Dirigente Responsabile della Direzione Qualit\u00e0 e AUDIT svolge altres\u00ec <a href='https:\/\/people.unica.it\/pqa\/organizzazione\/struttura-centrale\/consiglio\/' class='excerpt-more'>[&#8230;]<\/a><\/p>\n","protected":false},"author":2712,"featured_media":0,"parent":338,"menu_order":1,"comment_status":"closed","ping_status":"closed","template":"","meta":{"footnotes":""},"class_list":["post-349","page","type-page","status-publish","hentry","post-seq-1","post-parity-odd","meta-position-corners","fix"],"publishpress_future_action":{"enabled":false,"date":"2026-04-26 10:14:25","action":"Draft","newStatus":"draft","terms":[],"taxonomy":"","extraData":[]},"publishpress_future_workflow_manual_trigger":{"enabledWorkflows":[]},"_links":{"self":[{"href":"https:\/\/people.unica.it\/pqa\/wp-json\/wp\/v2\/pages\/349","targetHints":{"allow":["GET"]}}],"collection":[{"href":"https:\/\/people.unica.it\/pqa\/wp-json\/wp\/v2\/pages"}],"about":[{"href":"https:\/\/people.unica.it\/pqa\/wp-json\/wp\/v2\/types\/page"}],"author":[{"embeddable":true,"href":"https:\/\/people.unica.it\/pqa\/wp-json\/wp\/v2\/users\/2712"}],"replies":[{"embeddable":true,"href":"https:\/\/people.unica.it\/pqa\/wp-json\/wp\/v2\/comments?post=349"}],"version-history":[{"count":9,"href":"https:\/\/people.unica.it\/pqa\/wp-json\/wp\/v2\/pages\/349\/revisions"}],"predecessor-version":[{"id":1129,"href":"https:\/\/people.unica.it\/pqa\/wp-json\/wp\/v2\/pages\/349\/revisions\/1129"}],"up":[{"embeddable":true,"href":"https:\/\/people.unica.it\/pqa\/wp-json\/wp\/v2\/pages\/338"}],"wp:attachment":[{"href":"https:\/\/people.unica.it\/pqa\/wp-json\/wp\/v2\/media?parent=349"}],"curies":[{"name":"wp","href":"https:\/\/api.w.org\/{rel}","templated":true}]}}