{"id":347,"date":"2016-03-31T11:06:59","date_gmt":"2016-03-31T11:06:59","guid":{"rendered":"http:\/\/people.unica.it\/pqa\/?page_id=347"},"modified":"2016-12-05T11:25:28","modified_gmt":"2016-12-05T11:25:28","slug":"coordinatore","status":"publish","type":"page","link":"https:\/\/people.unica.it\/pqa\/organizzazione\/struttura-centrale\/coordinatore\/","title":{"rendered":"Coordinatore"},"content":{"rendered":"<p style=\"text-align: justify\">Il <span style=\"color: #800000\"><strong>Coordinatore del Presidio della Qualit\u00e0 di Ateneo<\/strong><\/span> \u00e8 un docente a tempo pieno in ruolo nell&#8217;organico dell&#8217;Ateneo con comprovata esperienza in materia di valutazione, accreditamento e qualit\u00e0 di strutture didattiche e di ricerca, nominato dal Senato Accademico su proposta del Rettore.<\/p>\n<p style=\"text-align: justify\">Il Coordinatore viene nominato con Decreto Rettorale, resta in carica per tre anni ed \u00e8 rinnovabile consecutivamente una sola volta.<\/p>\n<p style=\"text-align: justify\">La carica di Coordinatore del Presidio della Qualit\u00e0 di Ateneo \u00e8 ricoperta da:<\/p>\n<p style=\"text-align: justify\">\n<table id=\"tablepress-1\" class=\"tablepress tablepress-id-1\">\n<tbody>\n<tr class=\"row-1\">\n\t<td class=\"column-1\"><a href=\"http:\/\/people.unica.it\/eliousai\/\" target=\"_blank\"><strong>Prof. Elio Usai<\/strong><\/a><\/td><td class=\"column-2\"><a href=\"http:\/\/people.unica.it\/pqa\/files\/2016\/03\/DR-18-del-07-10-2015-Nomina-Componenti-Consiglio-PQA.pdf\" target=\"_blank\">Decreto Rettorale di nomina<\/a><\/td><td class=\"column-3\"><a href=\"http:\/\/people.unica.it\/pqa\/files\/2017\/06\/CV-Elio-Usai-Giugno-2017.pdf\" target=\"_blank\">Curriculum Vitae<\/a><\/td>\n<\/tr>\n<\/tbody>\n<\/table>\n<!-- #tablepress-1 from cache --><\/p>\n<p style=\"text-align: justify\">L\u2019incarico di Coordinatore \u00e8 incompatibile con la carica di Senatore, Consigliere di Amministrazione, Direttore e Vice Direttore di Dipartimento, Presidente di Consiglio di Facolt\u00e0, Coordinatore di Corso di Studio, componente delle Commissioni Paritetiche di Facolt\u00e0, componente del Nucleo di Valutazione di Ateneo e Coordinatore di Dottorato.<\/p>\n<p style=\"text-align: justify\">Nel caso in cui, per qualsiasi motivo, il Coordinatore cessi dalla funzione in corso del mandato, il Rettore provveder\u00e0 tempestivamente alla sua sostituzione, limitatamente al periodo necessario al completamento del mandato.<\/p>\n<p style=\"text-align: justify\">Il Coordinatore pu\u00f2 designare, tra i docenti del Consiglio, un <span style=\"color: #800000\"><strong>Vice-Coordinatore<\/strong><\/span> che lo coadiuva nello svolgimento delle sue funzioni e lo sostituisce in caso di impedimento o di assenza.<\/p>\n<p style=\"text-align: justify\">La carica di Vice-Coordinatore del Presidio della Qualit\u00e0 di Ateneo \u00e8 ricoperta da:<\/p>\n<p style=\"text-align: justify\">\n<table id=\"tablepress-2\" class=\"tablepress tablepress-id-2\">\n<tbody>\n<tr class=\"row-1\">\n\t<td class=\"column-1\"><a href=\"http:\/\/people.unica.it\/carlamassidda\/\" target=\"_blank\"><strong>Prof.ssa Carla Massidda<\/strong><\/a><\/td><td class=\"column-2\"><a href=\"http:\/\/people.unica.it\/pqa\/files\/2016\/09\/Prot-17573-del-26-05-2016-Nomina-Vice-Coordinatore-PQA.pdf\" target=\"_blank\">Decreto di nomina<\/a><\/td><td class=\"column-3\"><a href=\"http:\/\/people.unica.it\/pqa\/files\/2017\/06\/CV-Carla-Massidda-Giugno-2017.pdf\" target=\"_blank\">Curriculum Vitae<\/a><\/td>\n<\/tr>\n<\/tbody>\n<\/table>\n<!-- #tablepress-2 from cache --><\/p>\n<p>&nbsp;<\/p>\n<p style=\"text-align: justify\"><span style=\"color: #800000\"><strong>&gt; Funzioni<\/strong><\/span><\/p>\n<p style=\"text-align: justify\">Il Coordinatore rappresenta il PQA, ne promuove e ne coordina le attivit\u00e0, assicurando il rispetto delle disposizioni del proprio regolamento e della normativa vigente.<\/p>\n<p style=\"text-align: justify\">Il Coordinatore interagisce con il Rettore, il MIUR, l\u2019ANVUR e con gli altri organismi coinvolti nel sistema di Assicurazione Qualit\u00e0 e riferisce periodicamente al Rettore sulle attivit\u00e0 svolte dal PQA.<\/p>\n<p style=\"text-align: justify\">Il Coordinatore sottoscrive tutti gli atti del PQA, convoca le riunioni, le presiede, stabilisce l\u2019ordine del giorno e sovraintende l\u2019esecuzione delle decisioni prese.<\/p>\n<p style=\"text-align: justify\">Il dettaglio completo delle funzioni attribuite al Coordinatore sono elencate all&#8217;art. 6, comma 4, del <span style=\"color: #0000ff\"><a style=\"color: #0000ff\" href=\"http:\/\/sites.unica.it\/statutoregolamenti\/01-presidio-qualita-ateneo\/\" target=\"_blank\">Regolamento del PQA<\/a><\/span>.<\/p>\n","protected":false},"excerpt":{"rendered":"<p>Il Coordinatore del Presidio della Qualit\u00e0 di Ateneo \u00e8 un docente a tempo pieno in ruolo nell&#8217;organico dell&#8217;Ateneo con comprovata esperienza in materia di valutazione, accreditamento e qualit\u00e0 di strutture didattiche e di ricerca, nominato dal Senato Accademico su proposta del Rettore. Il Coordinatore viene nominato con Decreto Rettorale, resta in carica per tre anni ed \u00e8 rinnovabile consecutivamente una sola volta. La carica di Coordinatore del Presidio della Qualit\u00e0 di Ateneo \u00e8 ricoperta da: L\u2019incarico di Coordinatore \u00e8 incompatibile con la carica di Senatore, Consigliere di Amministrazione, Direttore e Vice Direttore di Dipartimento, Presidente di Consiglio di Facolt\u00e0, Coordinatore <a href='https:\/\/people.unica.it\/pqa\/organizzazione\/struttura-centrale\/coordinatore\/' class='excerpt-more'>[&#8230;]<\/a><\/p>\n","protected":false},"author":2712,"featured_media":0,"parent":338,"menu_order":0,"comment_status":"closed","ping_status":"closed","template":"","meta":{"footnotes":""},"class_list":["post-347","page","type-page","status-publish","hentry","post-seq-1","post-parity-odd","meta-position-corners","fix"],"publishpress_future_action":{"enabled":false,"date":"2026-04-24 12:14:40","action":"Draft","newStatus":"draft","terms":[],"taxonomy":"","extraData":[]},"publishpress_future_workflow_manual_trigger":{"enabledWorkflows":[]},"_links":{"self":[{"href":"https:\/\/people.unica.it\/pqa\/wp-json\/wp\/v2\/pages\/347","targetHints":{"allow":["GET"]}}],"collection":[{"href":"https:\/\/people.unica.it\/pqa\/wp-json\/wp\/v2\/pages"}],"about":[{"href":"https:\/\/people.unica.it\/pqa\/wp-json\/wp\/v2\/types\/page"}],"author":[{"embeddable":true,"href":"https:\/\/people.unica.it\/pqa\/wp-json\/wp\/v2\/users\/2712"}],"replies":[{"embeddable":true,"href":"https:\/\/people.unica.it\/pqa\/wp-json\/wp\/v2\/comments?post=347"}],"version-history":[{"count":13,"href":"https:\/\/people.unica.it\/pqa\/wp-json\/wp\/v2\/pages\/347\/revisions"}],"predecessor-version":[{"id":381,"href":"https:\/\/people.unica.it\/pqa\/wp-json\/wp\/v2\/pages\/347\/revisions\/381"}],"up":[{"embeddable":true,"href":"https:\/\/people.unica.it\/pqa\/wp-json\/wp\/v2\/pages\/338"}],"wp:attachment":[{"href":"https:\/\/people.unica.it\/pqa\/wp-json\/wp\/v2\/media?parent=347"}],"curies":[{"name":"wp","href":"https:\/\/api.w.org\/{rel}","templated":true}]}}