{"id":340,"date":"2016-03-31T10:53:27","date_gmt":"2016-03-31T10:53:27","guid":{"rendered":"http:\/\/people.unica.it\/pqa\/?page_id=340"},"modified":"2021-05-27T08:17:20","modified_gmt":"2021-05-27T08:17:20","slug":"struttura-decentrata","status":"publish","type":"page","link":"https:\/\/people.unica.it\/pqa\/organizzazione\/struttura-decentrata\/","title":{"rendered":"Struttura Decentrata"},"content":{"rendered":"<p style=\"text-align: justify\">La <span style=\"color: #800000\"><strong>Struttura Decentrata del Presidio della Qualit\u00e0 di Ateneo<\/strong><\/span>\u00a0svolge, sulla base delle linee di indirizzo della Struttura Centrale, una funzione di stimolo, supporto e monitoraggio delle attivit\u00e0 di AQ che sono svolte nelle strutture periferiche (Dipartimenti, Facolt\u00e0 e Corsi di Studio).<br \/>\nTali funzioni contribuiscono alla realizzazione delle finalit\u00e0 dell&#8217;Ateneo relative alla didattica, alla ricerca e terza missione e ai servizi collegati. La Struttura Decentrata \u00e8 composta da:<\/p>\n<ul>\n<li><span style=\"color: #0c1975\"><a style=\"color: #0c1975\" href=\"http:\/\/people.unica.it\/pqa\/organizzazione\/struttura-decentrata\/rq-facolta\/\">Referenti per la Qualit\u00e0 delle Facolt\u00e0<\/a><\/span><\/li>\n<li><span style=\"color: #0c1975\"><a style=\"color: #0c1975\" href=\"http:\/\/people.unica.it\/pqa\/organizzazione\/struttura-decentrata\/rq-dipartimenti\/\">Referenti per la Qualit\u00e0 dei Dipartimenti<\/a><\/span><\/li>\n<li><span style=\"color: #0c1975\"><a style=\"color: #0c1975\" href=\"http:\/\/people.unica.it\/pqa\/organizzazione\/struttura-decentrata\/rq-corsi-di-studio\/\">Referenti per la Qualit\u00e0 dei Corsi di Studio<\/a><\/span><\/li>\n<li><span style=\"color: #0c1975\"><a style=\"color: #0c1975\" href=\"https:\/\/people.unica.it\/pqa\/organizzazione\/struttura-decentrata\/manager-didattici\/\">Manager Didattici<\/a><\/span><\/li>\n<\/ul>\n","protected":false},"excerpt":{"rendered":"<p>La Struttura Decentrata del Presidio della Qualit\u00e0 di Ateneo\u00a0svolge, sulla base delle linee di indirizzo della Struttura Centrale, una funzione di stimolo, supporto e monitoraggio delle attivit\u00e0 di AQ che sono svolte nelle strutture periferiche (Dipartimenti, Facolt\u00e0 e Corsi di Studio). Tali funzioni contribuiscono alla realizzazione delle finalit\u00e0 dell&#8217;Ateneo relative alla didattica, alla ricerca e terza missione e ai servizi collegati. La Struttura Decentrata \u00e8 composta da: Referenti per la Qualit\u00e0 delle Facolt\u00e0 Referenti per la Qualit\u00e0 dei Dipartimenti Referenti per la Qualit\u00e0 dei Corsi di Studio Manager Didattici<\/p>\n","protected":false},"author":2712,"featured_media":0,"parent":238,"menu_order":1,"comment_status":"closed","ping_status":"closed","template":"","meta":{"footnotes":""},"class_list":["post-340","page","type-page","status-publish","hentry","post-seq-1","post-parity-odd","meta-position-corners","fix"],"publishpress_future_action":{"enabled":false,"date":"2026-04-26 11:05:09","action":"Draft","newStatus":"draft","terms":[],"taxonomy":"","extraData":[]},"publishpress_future_workflow_manual_trigger":{"enabledWorkflows":[]},"_links":{"self":[{"href":"https:\/\/people.unica.it\/pqa\/wp-json\/wp\/v2\/pages\/340","targetHints":{"allow":["GET"]}}],"collection":[{"href":"https:\/\/people.unica.it\/pqa\/wp-json\/wp\/v2\/pages"}],"about":[{"href":"https:\/\/people.unica.it\/pqa\/wp-json\/wp\/v2\/types\/page"}],"author":[{"embeddable":true,"href":"https:\/\/people.unica.it\/pqa\/wp-json\/wp\/v2\/users\/2712"}],"replies":[{"embeddable":true,"href":"https:\/\/people.unica.it\/pqa\/wp-json\/wp\/v2\/comments?post=340"}],"version-history":[{"count":10,"href":"https:\/\/people.unica.it\/pqa\/wp-json\/wp\/v2\/pages\/340\/revisions"}],"predecessor-version":[{"id":1547,"href":"https:\/\/people.unica.it\/pqa\/wp-json\/wp\/v2\/pages\/340\/revisions\/1547"}],"up":[{"embeddable":true,"href":"https:\/\/people.unica.it\/pqa\/wp-json\/wp\/v2\/pages\/238"}],"wp:attachment":[{"href":"https:\/\/people.unica.it\/pqa\/wp-json\/wp\/v2\/media?parent=340"}],"curies":[{"name":"wp","href":"https:\/\/api.w.org\/{rel}","templated":true}]}}