{"id":266,"date":"2016-03-04T09:52:44","date_gmt":"2016-03-04T09:52:44","guid":{"rendered":"http:\/\/people.unica.it\/pqa\/?page_id=266"},"modified":"2017-05-22T08:17:02","modified_gmt":"2017-05-22T08:17:02","slug":"normativa","status":"publish","type":"page","link":"https:\/\/people.unica.it\/pqa\/chi-siamo\/normativa\/","title":{"rendered":"Normativa"},"content":{"rendered":"<p style=\"text-align: justify\">Di seguito sono riportate le fonti normative e documentali di riferimento specifiche per il <strong><span style=\"color: #800000\">Presidio della Qualit\u00e0 di Ateneo<\/span><\/strong>, la normativa completa sull&#8217;Assicurazione della Qualit\u00e0 di Ateneo \u00e8 visionabile sul sito\u00a0<span style=\"color: #0000ff\"><a style=\"color: #0000ff\" href=\"http:\/\/sites.unica.it\/qualita\/normativa\/\" target=\"_blank\" rel=\"noopener noreferrer\">UNICA per la Qualit\u00e0 e il Miglioramento<\/a><\/span>.<\/p>\n<p>&nbsp;<\/p>\n<p style=\"text-align: justify\"><span style=\"color: #800000\"><strong>Ateneo<\/strong><\/span><\/p>\n<ul>\n<li style=\"text-align: justify\"><span style=\"color: #0c1975\"><a style=\"color: #0c1975\" href=\"http:\/\/people.unica.it\/pqa\/files\/2016\/03\/DR-1193-del-29-09-2015-Istituzione-PQA.pdf\" target=\"_blank\" rel=\"noopener noreferrer\">Decreto Rettorale n. 1193 del 29\/09\/2015 \u2013 Istituzione del PQA<\/a><\/span><\/li>\n<li style=\"text-align: justify\"><span style=\"color: #0c1975\"><a style=\"color: #0c1975\" href=\"http:\/\/sites.unica.it\/statutoregolamenti\/01-centro-qualita-dateneo\/\" target=\"_blank\" rel=\"noopener noreferrer\">Regolamento del PQA \u2013 Vigente<\/a><\/span><\/li>\n<li style=\"text-align: justify\"><span style=\"color: #0c1975\"><a style=\"color: #0c1975\" href=\"http:\/\/people.unica.it\/pqa\/files\/2016\/03\/DR-18-del-07-10-2015-Nomina-Componenti-Consiglio-PQA.pdf\" target=\"_blank\" rel=\"noopener noreferrer\">Decreto Rettorale n. 18 del 07\/10\/2015 \u2013 Nomina Componenti Consiglio del PQA<\/a><\/span><\/li>\n<li style=\"text-align: justify\"><span style=\"color: #0c1975\"><a style=\"color: #0c1975\" href=\"http:\/\/people.unica.it\/pqa\/files\/2017\/05\/Nomina-Studente-Consiglio-PQA-Stochino-2017-2019.pdf\" target=\"_blank\" rel=\"noopener noreferrer\">Nomina Componente Studentesca Consiglio del PQA del 09\/02\/2017<\/a><\/span><\/li>\n<\/ul>\n<p style=\"text-align: justify\"><span style=\"color: #800000\"><strong>Nazionale<\/strong><\/span><\/p>\n<ul>\n<li style=\"text-align: justify\"><span style=\"color: #0c1975\"><a style=\"color: #0c1975\" href=\"http:\/\/www.anvur.org\/attachments\/article\/26\/1.%20testo.pdf\" target=\"_blank\" rel=\"noopener noreferrer\">Documento finale ANVUR del 28 gennaio 2013<\/a> \u2013\u00a0<span style=\"color: #008000\"><a style=\"color: #008000\" href=\"http:\/\/www.anvur.org\/attachments\/article\/26\/allegati_27_01_2013_finale.pdf\" target=\"_blank\" rel=\"noopener noreferrer\">Allegati<\/a><\/span><\/span><\/li>\n<li style=\"text-align: justify\"><span style=\"color: #0c1975\"><a style=\"color: #0c1975\" href=\"http:\/\/www.anvur.org\/attachments\/article\/26\/3.%20DM%2047_2013.pdf\" target=\"_blank\" rel=\"noopener noreferrer\">Decreto Ministeriale n. 47 del 30 gennaio 2013<\/a><\/span><\/li>\n<li style=\"text-align: justify\"><span style=\"color: #0c1975\"><a style=\"color: #0c1975\" href=\"http:\/\/www.anvur.org\/attachments\/article\/26\/4.%20DM%201059_2013.pdf\" target=\"_blank\" rel=\"noopener noreferrer\">Decreto Ministeriale n. 1059 del 23 dicembre 2013<\/a><br \/>\n<\/span><\/li>\n<\/ul>\n<p style=\"text-align: justify\"><span style=\"color: #800000\"><strong>Materiale Formativo<\/strong><\/span><\/p>\n<ul>\n<li style=\"text-align: justify\"><span style=\"color: #0c1975\"><a style=\"color: #0c1975\" href=\"http:\/\/www.anvur.org\/attachments\/article\/249\/2~.pdf\" target=\"_blank\" rel=\"noopener noreferrer\">Le linee di indirizzo del sistema AVA e gli\u00a0attori coinvolti\u00a0\u2013\u00a0Castagnaro\u00a0(Verona 04.07.2013)<\/a><\/span><\/li>\n<li style=\"text-align: justify\"><span style=\"color: #0c1975\"><a style=\"color: #0c1975\" href=\"http:\/\/www.anvur.org\/attachments\/article\/249\/4~.pdf\" target=\"_blank\" rel=\"noopener noreferrer\">Il Ruolo del PQA nel sistema AVA\u00a0\u2013\u00a0Fantini (Roma 06.05.2014)<\/a><\/span><\/li>\n<\/ul>\n","protected":false},"excerpt":{"rendered":"<p>Di seguito sono riportate le fonti normative e documentali di riferimento specifiche per il Presidio della Qualit\u00e0 di Ateneo, la normativa completa sull&#8217;Assicurazione della Qualit\u00e0 di Ateneo \u00e8 visionabile sul sito\u00a0UNICA per la Qualit\u00e0 e il Miglioramento. &nbsp; Ateneo Decreto Rettorale n. 1193 del 29\/09\/2015 \u2013 Istituzione del PQA Regolamento del PQA \u2013 Vigente Decreto Rettorale n. 18 del 07\/10\/2015 \u2013 Nomina Componenti Consiglio del PQA Nomina Componente Studentesca Consiglio del PQA del 09\/02\/2017 Nazionale Documento finale ANVUR del 28 gennaio 2013 \u2013\u00a0Allegati Decreto Ministeriale n. 47 del 30 gennaio 2013 Decreto Ministeriale n. 1059 del 23 dicembre 2013 Materiale <a href='https:\/\/people.unica.it\/pqa\/chi-siamo\/normativa\/' class='excerpt-more'>[&#8230;]<\/a><\/p>\n","protected":false},"author":2712,"featured_media":0,"parent":230,"menu_order":0,"comment_status":"closed","ping_status":"closed","template":"","meta":{"footnotes":""},"class_list":["post-266","page","type-page","status-publish","hentry","post-seq-1","post-parity-odd","meta-position-corners","fix"],"publishpress_future_action":{"enabled":false,"date":"2026-04-24 07:02:48","action":"Draft","newStatus":"draft","terms":[],"taxonomy":"","extraData":[]},"publishpress_future_workflow_manual_trigger":{"enabledWorkflows":[]},"_links":{"self":[{"href":"https:\/\/people.unica.it\/pqa\/wp-json\/wp\/v2\/pages\/266","targetHints":{"allow":["GET"]}}],"collection":[{"href":"https:\/\/people.unica.it\/pqa\/wp-json\/wp\/v2\/pages"}],"about":[{"href":"https:\/\/people.unica.it\/pqa\/wp-json\/wp\/v2\/types\/page"}],"author":[{"embeddable":true,"href":"https:\/\/people.unica.it\/pqa\/wp-json\/wp\/v2\/users\/2712"}],"replies":[{"embeddable":true,"href":"https:\/\/people.unica.it\/pqa\/wp-json\/wp\/v2\/comments?post=266"}],"version-history":[{"count":23,"href":"https:\/\/people.unica.it\/pqa\/wp-json\/wp\/v2\/pages\/266\/revisions"}],"predecessor-version":[{"id":1301,"href":"https:\/\/people.unica.it\/pqa\/wp-json\/wp\/v2\/pages\/266\/revisions\/1301"}],"up":[{"embeddable":true,"href":"https:\/\/people.unica.it\/pqa\/wp-json\/wp\/v2\/pages\/230"}],"wp:attachment":[{"href":"https:\/\/people.unica.it\/pqa\/wp-json\/wp\/v2\/media?parent=266"}],"curies":[{"name":"wp","href":"https:\/\/api.w.org\/{rel}","templated":true}]}}