{"id":242,"date":"2016-02-12T11:46:58","date_gmt":"2016-02-12T11:46:58","guid":{"rendered":"http:\/\/people.unica.it\/pqa\/?page_id=242"},"modified":"2016-11-15T11:25:51","modified_gmt":"2016-11-15T11:25:51","slug":"amministrazione-trasparente","status":"publish","type":"page","link":"https:\/\/people.unica.it\/pqa\/amministrazione-trasparente\/","title":{"rendered":"Amministrazione Trasparente"},"content":{"rendered":"<p style=\"text-align: justify\">In conformit\u00e0 al <span style=\"color: #0c1975\"><a style=\"color: #0c1975\" href=\"http:\/\/www.normattiva.it\/uri-res\/N2Ls?urn:nir:stato:decreto.legislativo:2013-03-14;33!vig=\" target=\"_blank\">D.Lgs. n. 33 del 14 Marzo 2013<\/a><\/span>, la sezione <span style=\"color: #0000ff\"><a style=\"color: #0000ff\" href=\"http:\/\/trasparenza.unica.it\/\" target=\"_blank\">Amministrazione Trasparente<\/a><\/span> contiene documenti, informazioni e dati concernenti l\u2019organizzazione e l\u2019attivit\u00e0 dell\u2019Universit\u00e0 degli Studi di Cagliari, al suo interno \u00e8 presente la pagina dedicata al <span style=\"color: #800000\"><a style=\"color: #800000\" href=\"http:\/\/trasparenza.unica.it\/ufapqa\/\" target=\"_blank\"><strong>Presidio della Qualit\u00e0 di Ateneo<\/strong><\/a><\/span>.<br \/>\nIl citato decreto ha riordinato gli obblighi di pubblicit\u00e0, trasparenza e diffusione di informazioni da parte delle pubbliche amministrazioni, allo scopo di favorire forme diffuse di controllo sul perseguimento delle funzioni istituzionali e sull&#8217;utilizzo delle risorse pubbliche.\u00a0La struttura della sezione riprende l\u2019organizzazione dei contenuti prevista nell&#8217;allegato al D.Lgs. 33\/2013.<\/p>\n<p style=\"text-align: justify\">Tutti i documenti, le informazioni e i dati oggetto di pubblicazione obbligatoria ai sensi della normativa vigente sono pubblici e chiunque ha diritto di conoscerli, di fruirne gratuitamente e di utilizzarli e riutilizzarli senza ulteriori restrizioni diverse dall&#8217;obbligo di citare la fonte e di rispettarne l\u2019integrit\u00e0.<br \/>\nI dati personali pubblicati sono riutilizzabili solo alle condizioni previste dalla normativa vigente sul riuso dei dati pubblici (Direttiva Comunitaria 2003\/98\/CE e D.Lgs. 36\/2006 di recepimento della stessa), in termini compatibili con gli scopi per i quali sono stati raccolti e registrati, e nel rispetto della normativa in materia di protezione dei dati personali.<\/p>\n","protected":false},"excerpt":{"rendered":"<p>In conformit\u00e0 al D.Lgs. n. 33 del 14 Marzo 2013, la sezione Amministrazione Trasparente contiene documenti, informazioni e dati concernenti l\u2019organizzazione e l\u2019attivit\u00e0 dell\u2019Universit\u00e0 degli Studi di Cagliari, al suo interno \u00e8 presente la pagina dedicata al Presidio della Qualit\u00e0 di Ateneo. Il citato decreto ha riordinato gli obblighi di pubblicit\u00e0, trasparenza e diffusione di informazioni da parte delle pubbliche amministrazioni, allo scopo di favorire forme diffuse di controllo sul perseguimento delle funzioni istituzionali e sull&#8217;utilizzo delle risorse pubbliche.\u00a0La struttura della sezione riprende l\u2019organizzazione dei contenuti prevista nell&#8217;allegato al D.Lgs. 33\/2013. Tutti i documenti, le informazioni e i dati oggetto <a href='https:\/\/people.unica.it\/pqa\/amministrazione-trasparente\/' class='excerpt-more'>[&#8230;]<\/a><\/p>\n","protected":false},"author":2712,"featured_media":0,"parent":0,"menu_order":4,"comment_status":"closed","ping_status":"closed","template":"","meta":{"footnotes":""},"class_list":["post-242","page","type-page","status-publish","hentry","post-seq-1","post-parity-odd","meta-position-corners","fix"],"publishpress_future_action":{"enabled":false,"date":"2026-04-24 09:51:15","action":"Draft","newStatus":"draft","terms":[],"taxonomy":"","extraData":[]},"publishpress_future_workflow_manual_trigger":{"enabledWorkflows":[]},"_links":{"self":[{"href":"https:\/\/people.unica.it\/pqa\/wp-json\/wp\/v2\/pages\/242","targetHints":{"allow":["GET"]}}],"collection":[{"href":"https:\/\/people.unica.it\/pqa\/wp-json\/wp\/v2\/pages"}],"about":[{"href":"https:\/\/people.unica.it\/pqa\/wp-json\/wp\/v2\/types\/page"}],"author":[{"embeddable":true,"href":"https:\/\/people.unica.it\/pqa\/wp-json\/wp\/v2\/users\/2712"}],"replies":[{"embeddable":true,"href":"https:\/\/people.unica.it\/pqa\/wp-json\/wp\/v2\/comments?post=242"}],"version-history":[{"count":9,"href":"https:\/\/people.unica.it\/pqa\/wp-json\/wp\/v2\/pages\/242\/revisions"}],"predecessor-version":[{"id":534,"href":"https:\/\/people.unica.it\/pqa\/wp-json\/wp\/v2\/pages\/242\/revisions\/534"}],"wp:attachment":[{"href":"https:\/\/people.unica.it\/pqa\/wp-json\/wp\/v2\/media?parent=242"}],"curies":[{"name":"wp","href":"https:\/\/api.w.org\/{rel}","templated":true}]}}