{"id":240,"date":"2016-02-12T11:27:05","date_gmt":"2016-02-12T11:27:05","guid":{"rendered":"http:\/\/people.unica.it\/pqa\/?page_id=240"},"modified":"2017-07-06T17:14:13","modified_gmt":"2017-07-06T17:14:13","slug":"funzioni-e-compiti","status":"publish","type":"page","link":"https:\/\/people.unica.it\/pqa\/funzioni-e-compiti\/","title":{"rendered":"Funzioni e Compiti"},"content":{"rendered":"<p style=\"text-align: justify\">Il <span style=\"color: #800000\"><strong>Presidio della Qualit\u00e0<\/strong><\/span> \u00e8 la struttura dell&#8217;Ateneo, in staff al Rettore, che organizza, monitora e supervisiona lo svolgimento adeguato e uniforme delle procedure di Assicurazione della Qualit\u00e0 (AQ), al fine di garantire la qualit\u00e0 e il miglioramento delle attivit\u00e0 didattiche, di ricerca e terza missione e dei servizi collegati.<br \/>\nAssolve inoltre un ruolo di consulenza e proposta verso gli Organi di Governo e di supporto, indirizzo e coordinamento nei confronti dei Dipartimenti, delle Facolt\u00e0 e dei Corsi di Studio, per lo sviluppo, l&#8217;implementazione e il monitoraggio del Sistema di AQ, il tutto in conformit\u00e0 con le Politiche della Qualit\u00e0 della formazione, della ricerca e terza missione e dei servizi collegati, definite dall&#8217;Ateneo.<\/p>\n<p style=\"text-align: justify\">Nell\u2019ambito delle <strong>attivit\u00e0 formative<\/strong> il PQA:<\/p>\n<ol style=\"list-style-type: lower-alpha\">\n<li style=\"text-align: justify\">organizza e verifica l\u2019aggiornamento delle informazioni contenute nelle Schede Uniche Annuali di ciascun Corso di Studio dell\u2019Ateneo (SUA\u2013CdS);<\/li>\n<li style=\"text-align: justify\">sovrintende al regolare svolgimento delle procedure di AQ per le attivit\u00e0 didattiche in conformit\u00e0 a quanto programmato e dichiarato;<\/li>\n<li style=\"text-align: justify\">di concerto con il Nucleo di Valutazione di Ateneo, organizza e monitora le rilevazioni delle opinioni dei docenti, degli studenti, dei laureandi e dei laureati;<\/li>\n<li style=\"text-align: justify\">organizza e verifica le attivit\u00e0 di Riesame dei Corsi di Studio;<\/li>\n<li style=\"text-align: justify\">valuta l\u2019efficacia degli interventi di miglioramento e le loro effettive conseguenze;<\/li>\n<li style=\"text-align: justify\">assicura il corretto flusso informativo da e verso il Nucleo di Valutazione di Ateneo e le Commissioni Paritetiche Docenti Studenti e le Direzioni interessate.<\/li>\n<\/ol>\n<p style=\"text-align: justify\">Nell\u2019ambito delle <strong>attivit\u00e0 di ricerca e terza missione<\/strong> il PQA:<\/p>\n<ol style=\"list-style-type: lower-alpha\">\n<li style=\"text-align: justify\">organizza e verifica l\u2019aggiornamento delle informazioni contenute nelle Schede Uniche Annuali della ricerca di ciascun Dipartimento dell\u2019Ateneo (SUA\u2013RD);<\/li>\n<li style=\"text-align: justify\">sovraintende al regolare svolgimento delle procedure di AQ per le attivit\u00e0 di ricerca e terza missione in conformit\u00e0 a quanto programmato e dichiarato;<\/li>\n<li style=\"text-align: justify\">assicura il corretto flusso informativo da e verso il Nucleo di Valutazione di Ateneo e le Direzioni interessate.<\/li>\n<\/ol>\n<p style=\"text-align: justify\">Il PQA presenta semestralmente agli Organi di Governo accademici una relazione sull&#8217;attivit\u00e0 svolta, al fine di poter rimodulare le azioni di miglioramento programmate e\/o predisporne di nuove se necessario.<br \/>\nAnnualmente redige una relazione sulla situazione del Sistema di AQ di Ateneo evidenziando i punti di forza, le criticit\u00e0, i risultati della attivit\u00e0 svolte sulla base degli obiettivi programmati ed eventuali proposte per il miglioramento continuo.<br \/>\nIn occasione delle visite di Accreditamento Periodico redige un Prospetto di Sintesi sul Sistema di Assicurazione della Qualit\u00e0 di Ateneo.<br \/>\nTutti i documenti prodotti dal PQA sono disponibili\u00a0all&#8217;interno della pagina <a href=\"http:\/\/people.unica.it\/pqa\/documenti\/\" target=\"_blank\" rel=\"noopener\"><span style=\"color: #0000ff\">Documenti<\/span><\/a>.<\/p>\n<p style=\"text-align: justify\">Il dettaglio completo delle funzioni attribuite al Presidio della Qualit\u00e0 di Ateneo sono elencate all&#8217;art. 3 del <a href=\"http:\/\/sites.unica.it\/statutoregolamenti\/01-presidio-qualita-ateneo\/\" target=\"_blank\" rel=\"noopener\"><span style=\"color: #0000ff\">Regolamento del PQA<\/span><\/a>.<\/p>\n","protected":false},"excerpt":{"rendered":"<p>Il Presidio della Qualit\u00e0 \u00e8 la struttura dell&#8217;Ateneo, in staff al Rettore, che organizza, monitora e supervisiona lo svolgimento adeguato e uniforme delle procedure di Assicurazione della Qualit\u00e0 (AQ), al fine di garantire la qualit\u00e0 e il miglioramento delle attivit\u00e0 didattiche, di ricerca e terza missione e dei servizi collegati. Assolve inoltre un ruolo di consulenza e proposta verso gli Organi di Governo e di supporto, indirizzo e coordinamento nei confronti dei Dipartimenti, delle Facolt\u00e0 e dei Corsi di Studio, per lo sviluppo, l&#8217;implementazione e il monitoraggio del Sistema di AQ, il tutto in conformit\u00e0 con le Politiche della Qualit\u00e0 <a href='https:\/\/people.unica.it\/pqa\/funzioni-e-compiti\/' class='excerpt-more'>[&#8230;]<\/a><\/p>\n","protected":false},"author":2712,"featured_media":0,"parent":0,"menu_order":3,"comment_status":"closed","ping_status":"closed","template":"","meta":{"footnotes":""},"class_list":["post-240","page","type-page","status-publish","hentry","post-seq-1","post-parity-odd","meta-position-corners","fix"],"publishpress_future_action":{"enabled":false,"date":"2026-04-23 22:48:55","action":"Draft","newStatus":"draft","terms":[],"taxonomy":"","extraData":[]},"publishpress_future_workflow_manual_trigger":{"enabledWorkflows":[]},"_links":{"self":[{"href":"https:\/\/people.unica.it\/pqa\/wp-json\/wp\/v2\/pages\/240","targetHints":{"allow":["GET"]}}],"collection":[{"href":"https:\/\/people.unica.it\/pqa\/wp-json\/wp\/v2\/pages"}],"about":[{"href":"https:\/\/people.unica.it\/pqa\/wp-json\/wp\/v2\/types\/page"}],"author":[{"embeddable":true,"href":"https:\/\/people.unica.it\/pqa\/wp-json\/wp\/v2\/users\/2712"}],"replies":[{"embeddable":true,"href":"https:\/\/people.unica.it\/pqa\/wp-json\/wp\/v2\/comments?post=240"}],"version-history":[{"count":8,"href":"https:\/\/people.unica.it\/pqa\/wp-json\/wp\/v2\/pages\/240\/revisions"}],"predecessor-version":[{"id":1009,"href":"https:\/\/people.unica.it\/pqa\/wp-json\/wp\/v2\/pages\/240\/revisions\/1009"}],"wp:attachment":[{"href":"https:\/\/people.unica.it\/pqa\/wp-json\/wp\/v2\/media?parent=240"}],"curies":[{"name":"wp","href":"https:\/\/api.w.org\/{rel}","templated":true}]}}