{"id":238,"date":"2016-02-12T10:53:53","date_gmt":"2016-02-12T10:53:53","guid":{"rendered":"http:\/\/people.unica.it\/pqa\/?page_id=238"},"modified":"2016-09-22T18:18:15","modified_gmt":"2016-09-22T18:18:15","slug":"organizzazione","status":"publish","type":"page","link":"https:\/\/people.unica.it\/pqa\/organizzazione\/","title":{"rendered":"Organizzazione"},"content":{"rendered":"<p style=\"text-align: justify\">Il Presidio della Qualit\u00e0 di Ateneo \u00e8 articolato secondo la seguente organizzazione:<\/p>\n<ul>\n<li style=\"text-align: justify\"><span style=\"color: #800000\"><strong><a style=\"color: #800000\" href=\"http:\/\/people.unica.it\/pqa\/organizzazione\/struttura-centrale\/\">Struttura Centrale<\/a><\/strong><\/span>\n<ul>\n<li><span style=\"color: #0c1975\"><a style=\"color: #0c1975\" href=\"http:\/\/people.unica.it\/pqa\/organizzazione\/struttura-centrale\/coordinatore\/\">Coordinatore<\/a><\/span><\/li>\n<li><span style=\"color: #0c1975\"><a style=\"color: #0c1975\" href=\"http:\/\/people.unica.it\/pqa\/organizzazione\/struttura-centrale\/consiglio\/\">Consiglio<\/a><\/span><\/li>\n<li><span style=\"color: #0c1975\"><a style=\"color: #0c1975\" href=\"http:\/\/people.unica.it\/pqa\/organizzazione\/struttura-centrale\/segreteria-tecnica\/\">Segreteria Tecnica<\/a><\/span><\/li>\n<\/ul>\n<\/li>\n<li style=\"text-align: justify\"><span style=\"color: #800000\"><strong><a style=\"color: #800000\" href=\"http:\/\/people.unica.it\/pqa\/organizzazione\/struttura-decentrata\/\">Struttura Decentrata<\/a><\/strong><\/span>\n<ul>\n<li><span style=\"color: #0c1975\"><a style=\"color: #0c1975\" href=\"http:\/\/people.unica.it\/pqa\/organizzazione\/struttura-decentrata\/rq-facolta\/\">Referenti per la Qualit\u00e0 delle Facolt\u00e0<\/a><\/span><\/li>\n<li><span style=\"color: #0c1975\"><a style=\"color: #0c1975\" href=\"http:\/\/people.unica.it\/pqa\/organizzazione\/struttura-decentrata\/rq-dipartimenti\/\">Referenti per la Qualit\u00e0 dei Dipartimenti<\/a><\/span><\/li>\n<li><span style=\"color: #0c1975\"><a style=\"color: #0c1975\" href=\"http:\/\/people.unica.it\/pqa\/organizzazione\/struttura-decentrata\/rq-corsi-di-studio\/\">Referenti per la Qualit\u00e0 dei Corsi di Studio<\/a><\/span><\/li>\n<li><span style=\"color: #0c1975\"><a style=\"color: #0c1975\" href=\"http:\/\/people.unica.it\/pqa\/organizzazione\/struttura-decentrata\/coordinatori-didattici\/\">Coordinatori Didattici<\/a><\/span><\/li>\n<\/ul>\n<\/li>\n<\/ul>\n<hr \/>\n<p>&nbsp;<\/p>\n<p style=\"text-align: justify\"><a href=\"http:\/\/people.unica.it\/pqa\/files\/2016\/03\/Struttura-Organizzativa-del-PQA.png\" rel=\"attachment wp-att-326\"><img decoding=\"async\" class=\"wp-image-326 aligncenter\" src=\"http:\/\/people.unica.it\/pqa\/files\/2016\/03\/Struttura-Organizzativa-del-PQA-300x183.png\" alt=\"Struttura Organizzativa del PQA\" width=\"500\" height=\"306\" srcset=\"https:\/\/people.unica.it\/pqa\/files\/2016\/03\/Struttura-Organizzativa-del-PQA-300x183.png 300w, https:\/\/people.unica.it\/pqa\/files\/2016\/03\/Struttura-Organizzativa-del-PQA-768x469.png 768w, https:\/\/people.unica.it\/pqa\/files\/2016\/03\/Struttura-Organizzativa-del-PQA-1024x626.png 1024w, https:\/\/people.unica.it\/pqa\/files\/2016\/03\/Struttura-Organizzativa-del-PQA.png 1052w\" sizes=\"(max-width: 500px) 100vw, 500px\" \/><\/a><\/p>\n","protected":false},"excerpt":{"rendered":"<p>Il Presidio della Qualit\u00e0 di Ateneo \u00e8 articolato secondo la seguente organizzazione: Struttura Centrale Coordinatore Consiglio Segreteria Tecnica Struttura Decentrata Referenti per la Qualit\u00e0 delle Facolt\u00e0 Referenti per la Qualit\u00e0 dei Dipartimenti Referenti per la Qualit\u00e0 dei Corsi di Studio Coordinatori Didattici &nbsp;<\/p>\n","protected":false},"author":2712,"featured_media":0,"parent":0,"menu_order":2,"comment_status":"closed","ping_status":"closed","template":"","meta":{"footnotes":""},"class_list":["post-238","page","type-page","status-publish","hentry","post-seq-1","post-parity-odd","meta-position-corners","fix"],"publishpress_future_action":{"enabled":false,"date":"2026-04-24 07:02:17","action":"Draft","newStatus":"draft","terms":[],"taxonomy":"","extraData":[]},"publishpress_future_workflow_manual_trigger":{"enabledWorkflows":[]},"_links":{"self":[{"href":"https:\/\/people.unica.it\/pqa\/wp-json\/wp\/v2\/pages\/238","targetHints":{"allow":["GET"]}}],"collection":[{"href":"https:\/\/people.unica.it\/pqa\/wp-json\/wp\/v2\/pages"}],"about":[{"href":"https:\/\/people.unica.it\/pqa\/wp-json\/wp\/v2\/types\/page"}],"author":[{"embeddable":true,"href":"https:\/\/people.unica.it\/pqa\/wp-json\/wp\/v2\/users\/2712"}],"replies":[{"embeddable":true,"href":"https:\/\/people.unica.it\/pqa\/wp-json\/wp\/v2\/comments?post=238"}],"version-history":[{"count":11,"href":"https:\/\/people.unica.it\/pqa\/wp-json\/wp\/v2\/pages\/238\/revisions"}],"predecessor-version":[{"id":344,"href":"https:\/\/people.unica.it\/pqa\/wp-json\/wp\/v2\/pages\/238\/revisions\/344"}],"wp:attachment":[{"href":"https:\/\/people.unica.it\/pqa\/wp-json\/wp\/v2\/media?parent=238"}],"curies":[{"name":"wp","href":"https:\/\/api.w.org\/{rel}","templated":true}]}}