{"id":230,"date":"2016-02-12T10:12:16","date_gmt":"2016-02-12T10:12:16","guid":{"rendered":"http:\/\/people.unica.it\/pqa\/?page_id=230"},"modified":"2016-11-19T09:48:38","modified_gmt":"2016-11-19T09:48:38","slug":"chi-siamo","status":"publish","type":"page","link":"https:\/\/people.unica.it\/pqa\/chi-siamo\/","title":{"rendered":"Chi Siamo"},"content":{"rendered":"<p style=\"text-align: justify\">Il <span style=\"color: #800000\"><strong>Presidio della Qualit\u00e0 di Ateneo (PQA)<\/strong><\/span> dell\u2019Universit\u00e0 degli Studi di Cagliari \u00e8 una struttura che svolge, in conformit\u00e0 alla normativa vigente ed a quanto indicato nei documenti programmatici, le funzioni di promozione della cultura della qualit\u00e0 all&#8217;interno dell\u2019Ateneo e di supporto alla costruzione dei processi per l\u2019<a href=\"http:\/\/sites.unica.it\/qualita\/\" target=\"_blank\"><span style=\"color: #0000ff\">Assicurazione della Qualit\u00e0 (AQ)<\/span><\/a>.<\/p>\n<p style=\"text-align: justify\">Fino al Settembre 2015 le funzioni del PQA erano attribuite al <span style=\"color: #800000\"><strong>Centro per la Qualit\u00e0 dell&#8217;Ateneo (CQA)<\/strong><\/span>, il quale \u00e8 stato soppresso a\u00a0seguito della riorganizzazione del PQA, istituito come struttura in staff al Rettore.<br \/>\nSul <span style=\"text-decoration: underline\"><span style=\"color: #0000ff\"><a style=\"color: #0000ff;text-decoration: underline\" href=\"http:\/\/people.unica.it\/centroqualita\/\" target=\"_blank\">sito del CQA<\/a><\/span><\/span>,\u00a0attualmente non pi\u00f9 attivo, resta reperibile per opportuna conservazione tutta la documentazione e le attivit\u00e0 svolte sino al momento della sua soppressione.<\/p>\n<p>&nbsp;<\/p>\n<hr \/>\n<p>&nbsp;<\/p>\n<p><a href=\"http:\/\/people.unica.it\/pqa\/files\/2016\/03\/Posizione-Organizzativa-del-PQA.png\" rel=\"attachment wp-att-330\"><img decoding=\"async\" class=\"aligncenter wp-image-330\" src=\"http:\/\/people.unica.it\/pqa\/files\/2016\/03\/Posizione-Organizzativa-del-PQA-300x190.png\" alt=\"Posizione Organizzativa del PQA\" width=\"500\" height=\"317\" srcset=\"https:\/\/people.unica.it\/pqa\/files\/2016\/03\/Posizione-Organizzativa-del-PQA-300x190.png 300w, https:\/\/people.unica.it\/pqa\/files\/2016\/03\/Posizione-Organizzativa-del-PQA-768x486.png 768w, https:\/\/people.unica.it\/pqa\/files\/2016\/03\/Posizione-Organizzativa-del-PQA.png 840w\" sizes=\"(max-width: 500px) 100vw, 500px\" \/><\/a><\/p>\n","protected":false},"excerpt":{"rendered":"<p>Il Presidio della Qualit\u00e0 di Ateneo (PQA) dell\u2019Universit\u00e0 degli Studi di Cagliari \u00e8 una struttura che svolge, in conformit\u00e0 alla normativa vigente ed a quanto indicato nei documenti programmatici, le funzioni di promozione della cultura della qualit\u00e0 all&#8217;interno dell\u2019Ateneo e di supporto alla costruzione dei processi per l\u2019Assicurazione della Qualit\u00e0 (AQ). Fino al Settembre 2015 le funzioni del PQA erano attribuite al Centro per la Qualit\u00e0 dell&#8217;Ateneo (CQA), il quale \u00e8 stato soppresso a\u00a0seguito della riorganizzazione del PQA, istituito come struttura in staff al Rettore. Sul sito del CQA,\u00a0attualmente non pi\u00f9 attivo, resta reperibile per opportuna conservazione tutta la documentazione <a href='https:\/\/people.unica.it\/pqa\/chi-siamo\/' class='excerpt-more'>[&#8230;]<\/a><\/p>\n","protected":false},"author":2712,"featured_media":0,"parent":0,"menu_order":1,"comment_status":"closed","ping_status":"closed","template":"","meta":{"footnotes":""},"class_list":["post-230","page","type-page","status-publish","hentry","post-seq-1","post-parity-odd","meta-position-corners","fix"],"publishpress_future_action":{"enabled":false,"date":"2026-04-23 23:52:18","action":"Draft","newStatus":"draft","terms":[],"taxonomy":"","extraData":[]},"publishpress_future_workflow_manual_trigger":{"enabledWorkflows":[]},"_links":{"self":[{"href":"https:\/\/people.unica.it\/pqa\/wp-json\/wp\/v2\/pages\/230","targetHints":{"allow":["GET"]}}],"collection":[{"href":"https:\/\/people.unica.it\/pqa\/wp-json\/wp\/v2\/pages"}],"about":[{"href":"https:\/\/people.unica.it\/pqa\/wp-json\/wp\/v2\/types\/page"}],"author":[{"embeddable":true,"href":"https:\/\/people.unica.it\/pqa\/wp-json\/wp\/v2\/users\/2712"}],"replies":[{"embeddable":true,"href":"https:\/\/people.unica.it\/pqa\/wp-json\/wp\/v2\/comments?post=230"}],"version-history":[{"count":10,"href":"https:\/\/people.unica.it\/pqa\/wp-json\/wp\/v2\/pages\/230\/revisions"}],"predecessor-version":[{"id":536,"href":"https:\/\/people.unica.it\/pqa\/wp-json\/wp\/v2\/pages\/230\/revisions\/536"}],"wp:attachment":[{"href":"https:\/\/people.unica.it\/pqa\/wp-json\/wp\/v2\/media?parent=230"}],"curies":[{"name":"wp","href":"https:\/\/api.w.org\/{rel}","templated":true}]}}