{"id":113,"date":"2012-09-13T08:46:15","date_gmt":"2012-09-13T08:46:15","guid":{"rendered":"http:\/\/people.unica.it\/mariorossi\/?page_id=113"},"modified":"2020-06-24T11:01:42","modified_gmt":"2020-06-24T11:01:42","slug":"informazioni-generali","status":"publish","type":"page","link":"https:\/\/people.unica.it\/pqa\/","title":{"rendered":""},"content":{"rendered":"<p style=\"text-align: center\"><a href=\"http:\/\/people.unica.it\/pqa\/files\/2012\/09\/Logo-Universit\u00e0-di-Cagliari.jpg\" rel=\"attachment wp-att-188\"><img decoding=\"async\" class=\"aligncenter wp-image-188 size-thumbnail\" src=\"http:\/\/people.unica.it\/pqa\/files\/2012\/09\/Logo-Universit\u00e0-di-Cagliari-150x150.jpg\" alt=\"Logo Universit\u00e0 di Cagliari\" width=\"150\" height=\"150\" srcset=\"https:\/\/people.unica.it\/pqa\/files\/2012\/09\/Logo-Universit\u00e0-di-Cagliari-150x150.jpg 150w, https:\/\/people.unica.it\/pqa\/files\/2012\/09\/Logo-Universit\u00e0-di-Cagliari-300x300.jpg 300w, https:\/\/people.unica.it\/pqa\/files\/2012\/09\/Logo-Universit\u00e0-di-Cagliari-96x96.jpg 96w, https:\/\/people.unica.it\/pqa\/files\/2012\/09\/Logo-Universit\u00e0-di-Cagliari-24x24.jpg 24w, https:\/\/people.unica.it\/pqa\/files\/2012\/09\/Logo-Universit\u00e0-di-Cagliari-36x36.jpg 36w, https:\/\/people.unica.it\/pqa\/files\/2012\/09\/Logo-Universit\u00e0-di-Cagliari-48x48.jpg 48w, https:\/\/people.unica.it\/pqa\/files\/2012\/09\/Logo-Universit\u00e0-di-Cagliari-64x64.jpg 64w, https:\/\/people.unica.it\/pqa\/files\/2012\/09\/Logo-Universit\u00e0-di-Cagliari.jpg 593w\" sizes=\"(max-width: 150px) 100vw, 150px\" \/><\/a><\/p>\n<p style=\"text-align: center\"><em><span style=\"color: #000000\"><strong>Presidio della Qualit\u00e0 di Ateneo<\/strong><\/span><\/em><\/p>\n<p style=\"text-align: center\"><em><span style=\"color: #000000\"><strong>Universit\u00e0 degli Studi di Cagliari<\/strong><\/span><\/em><\/p>\n<p>&nbsp;<\/p>\n<p><strong><span style=\"color: #800000\">Questo sito <u>NON \u00c8 PI\u00d9 ATTIVO<\/u> ma rimane online per opportuna conservazione dei documenti e delle attivit\u00e0 svolte, per raggiungere il nuovo sito<\/span>\u00a0<a href=\"https:\/\/www.unica.it\/unica\/it\/ateneo_s01_ss04_sss01.page\" target=\"_blank\" rel=\"noopener noreferrer\"><u>CLICCA QU\u00cc<\/u><\/a><span style=\"color: #800000\">.<\/span><\/strong><\/p>\n<p style=\"text-align: center\"><div class=\"elencoarticoli\"><h3>In evidenza<\/h3><ul class=\"ulpostelenco\"><li><a  title=\"Relazione Semestrale del PQA per l'anno 2017\" href=\"https:\/\/people.unica.it\/pqa\/2017\/09\/08\/relazione-semestrale-del-pqa-per-lanno-2017\/\" ><div class=\"datapostelenco\">08-09-2017<\/div><div class=\"titolopostelencodata\">Relazione Semestrale del PQA per l'anno 2017<\/div><\/a><\/li><li><a  title=\"Linee guida ANVUR per l\u2019Accreditamento Periodico \u2013 AVA 2.2 del 10 agosto 2017\" href=\"https:\/\/people.unica.it\/pqa\/2017\/08\/11\/linee-guida-anvur-per-laccreditamento-periodico-ava-2-2-del-10-agosto-2017\/\" ><div class=\"datapostelenco\">11-08-2017<\/div><div class=\"titolopostelencodata\">Linee guida ANVUR per l\u2019Accreditamento Periodico \u2013 AVA 2.2 del 10 agosto 2017<\/div><\/a><\/li><li><a  title=\"Relazione Annuale del PQA per l'anno 2016\" href=\"https:\/\/people.unica.it\/pqa\/2017\/07\/25\/relazione-annuale-del-pqa-per-lanno-2016\/\" ><div class=\"datapostelenco\">25-07-2017<\/div><div class=\"titolopostelencodata\">Relazione Annuale del PQA per l'anno 2016<\/div><\/a><\/li><li><a  title=\"Guida Operativa PQA \u2013 Parti Interessate CdS \u2013 Rev. 1 del 15\/06\/2017\" href=\"https:\/\/people.unica.it\/pqa\/2017\/07\/12\/guida-operativa-pqa-parti-interessate-cds-rev-1-del-15062017\/\" ><div class=\"datapostelenco\">12-07-2017<\/div><div class=\"titolopostelencodata\">Guida Operativa PQA \u2013 Parti Interessate CdS \u2013 Rev. 1 del 15\/06\/2017<\/div><\/a><\/li><li><a  title=\"Guida Operativa PQA \u2013 Schede Insegnamento \u2013 Rev. 1 del 30\/06\/2017\" href=\"https:\/\/people.unica.it\/pqa\/2017\/07\/04\/guida-operativa-pqa-schede-insegnamento-rev-1-del-30062017\/\" ><div class=\"datapostelenco\">04-07-2017<\/div><div class=\"titolopostelencodata\">Guida Operativa PQA \u2013 Schede Insegnamento \u2013 Rev. 1 del 30\/06\/2017<\/div><\/a><\/li><li><a  title=\"Monitoraggio Annuale e Riesame dei Corsi di Studio (SMA e RCR) 2017\" href=\"https:\/\/people.unica.it\/pqa\/2017\/06\/28\/monitoraggio-annuale-e-riesame-dei-corsi-di-studio-sma-e-rcr-2017\/\" ><div class=\"datapostelenco\">28-06-2017<\/div><div class=\"titolopostelencodata\">Monitoraggio Annuale e Riesame dei Corsi di Studio (SMA e RCR) 2017<\/div><\/a><\/li><li><a  title=\"Linee Guida PQA \u2013 Sistema di AQ dei Dipartimenti \u2013 Rev. 0 del 27\/04\/2017\" href=\"https:\/\/people.unica.it\/pqa\/2017\/06\/19\/linee-guida-pqa-sistema-di-aq-dei-dipartimenti-rev-0-del-27042017\/\" ><div class=\"datapostelenco\">19-06-2017<\/div><div class=\"titolopostelencodata\">Linee Guida PQA \u2013 Sistema di AQ dei Dipartimenti \u2013 Rev. 0 del 27\/04\/2017<\/div><\/a><\/li><li><a  title=\"Il Processo di Assicurazione della Qualit\u00e0 di Ateneo \u2013 Rev. 2 del 27\/04\/2017\" href=\"https:\/\/people.unica.it\/pqa\/2017\/06\/13\/il-processo-di-assicurazione-della-qualita-di-ateneo-rev-2-del-27042017\/\" ><div class=\"datapostelenco\">13-06-2017<\/div><div class=\"titolopostelencodata\">Il Processo di Assicurazione della Qualit\u00e0 di Ateneo \u2013 Rev. 2 del 27\/04\/2017<\/div><\/a><\/li><li><a  title=\"Linee Guida PQA \u2013 Sistema di AQ dei CdS \u2013 Rev. 2 del 27\/04\/2017\" href=\"https:\/\/people.unica.it\/pqa\/2017\/06\/12\/linee-guida-pqa-sistema-di-aq-dei-cds-rev-2-del-27042017\/\" ><div class=\"datapostelenco\">12-06-2017<\/div><div class=\"titolopostelencodata\">Linee Guida PQA \u2013 Sistema di AQ dei CdS \u2013 Rev. 2 del 27\/04\/2017<\/div><\/a><\/li><li><a  title=\"Bando di Selezione DISCENTIA\u2013DIDUNICAFOR\/02-2017\" href=\"https:\/\/people.unica.it\/pqa\/2017\/06\/12\/bando-di-selezione-discentia-didunicafor02-2017\/\" ><div class=\"datapostelenco\">12-06-2017<\/div><div class=\"titolopostelencodata\">Bando di Selezione DISCENTIA\u2013DIDUNICAFOR\/02-2017<\/div><\/a><\/li><li><a  title=\"Report Carriere Studenti \u2013 Dati aggiornati al 15 Marzo 2017\" href=\"https:\/\/people.unica.it\/pqa\/2017\/06\/06\/report-carriere-studenti-dati-aggiornati-al-15-marzo-2017\/\" ><div class=\"datapostelenco\">06-06-2017<\/div><div class=\"titolopostelencodata\">Report Carriere Studenti \u2013 Dati aggiornati al 15 Marzo 2017<\/div><\/a><\/li><li><a  title=\"Linee guida ANVUR per l\u2019Accreditamento Periodico \u2013 AVA 2.1 del 05 maggio 2017\" href=\"https:\/\/people.unica.it\/pqa\/2017\/05\/09\/linee-guida-anvur-per-laccreditamento-periodico-ava-2-1-del-05-maggio-2017\/\" ><div class=\"datapostelenco\">09-05-2017<\/div><div class=\"titolopostelencodata\">Linee guida ANVUR per l\u2019Accreditamento Periodico \u2013 AVA 2.1 del 05 maggio 2017<\/div><\/a><\/li><li><a  title=\"Guida Operativa PQA \u2013 Redazione Piano Triennale Dipartimenti \u2013 Rev. 0 del 07\/04\/2017\" href=\"https:\/\/people.unica.it\/pqa\/2017\/04\/14\/guida-operativa-pqa-redazione-piano-triennale-dipartimenti-rev-0-del-07042017\/\" ><div class=\"datapostelenco\">14-04-2017<\/div><div class=\"titolopostelencodata\">Guida Operativa PQA \u2013 Redazione Piano Triennale Dipartimenti \u2013 Rev. 0 del 07\/04\/2017<\/div><\/a><\/li><li><a  title=\"Guida Operativa PQA \u2013 Redazione SUA\u2013CdS \u2013 Rev. 1 del 07\/04\/2017\" href=\"https:\/\/people.unica.it\/pqa\/2017\/04\/11\/guida-operativa-pqa-redazione-sua-cds-rev-1-del-07042017\/\" ><div class=\"datapostelenco\">11-04-2017<\/div><div class=\"titolopostelencodata\">Guida Operativa PQA \u2013 Redazione SUA\u2013CdS \u2013 Rev. 1 del 07\/04\/2017<\/div><\/a><\/li><li><a  title=\"Organizzazione e Gestione della Qualit\u00e0 a livello di Ateneo \u2013 Rev. 2 del 08\/03\/2017\" href=\"https:\/\/people.unica.it\/pqa\/2017\/03\/31\/organizzazione-e-gestione-della-qualita-a-livello-di-ateneo-rev-2-del-08032017\/\" ><div class=\"datapostelenco\">31-03-2017<\/div><div class=\"titolopostelencodata\">Organizzazione e Gestione della Qualit\u00e0 a livello di Ateneo \u2013 Rev. 2 del 08\/03\/2017<\/div><\/a><\/li><li><a  title=\"Bando di Selezione DIDUNICAFOR\/01-2017\" href=\"https:\/\/people.unica.it\/pqa\/2017\/03\/15\/bando-di-selezione-didunicafor01-2017\/\" ><div class=\"datapostelenco\">15-03-2017<\/div><div class=\"titolopostelencodata\">Bando di Selezione DIDUNICAFOR\/01-2017<\/div><\/a><\/li><li><a  title=\"Incontro informativo\/formativo sul Sistema di Assicurazione della Qualit\u00e0 di Ateneo\" href=\"https:\/\/people.unica.it\/pqa\/2017\/02\/10\/incontro-informativoformativo-sul-sistema-di-assicurazione-della-qualita-di-ateneo\/\" ><div class=\"datapostelenco\">10-02-2017<\/div><div class=\"titolopostelencodata\">Incontro informativo\/formativo sul Sistema di Assicurazione della Qualit\u00e0 di Ateneo<\/div><\/a><\/li><li><a  title=\"Linee guida ANVUR per l\u2019Accreditamento Periodico \u2013 AVA 2.0 del 22 dicembre 2016\" href=\"https:\/\/people.unica.it\/pqa\/2016\/12\/28\/linee-guida-anvur-per-laccreditamento-periodico-ava-2-0-del-22-dicembre-2016\/\" ><div class=\"datapostelenco\">28-12-2016<\/div><div class=\"titolopostelencodata\">Linee guida ANVUR per l\u2019Accreditamento Periodico \u2013 AVA 2.0 del 22 dicembre 2016<\/div><\/a><\/li><li><a  title=\"Relazione Semestrale del PQA per l'anno 2016\" href=\"https:\/\/people.unica.it\/pqa\/2016\/10\/26\/relazione-semestrale-del-pqa-per-lanno-2016\/\" ><div class=\"datapostelenco\">26-10-2016<\/div><div class=\"titolopostelencodata\">Relazione Semestrale del PQA per l'anno 2016<\/div><\/a><\/li><li><a  title=\"Incontri di aggiornamento sul Sistema di AQ di Ateneo \u2013 1\u00b0 Intervento\" href=\"https:\/\/people.unica.it\/pqa\/2016\/10\/04\/incontri-di-aggiornamento-sul-sistema-di-aq-di-ateneo-1-intervento\/\" ><div class=\"datapostelenco\">04-10-2016<\/div><div class=\"titolopostelencodata\">Incontri di aggiornamento sul Sistema di AQ di Ateneo \u2013 1\u00b0 Intervento<\/div><\/a><\/li><li><a  title=\"Report Carriere Studenti \u2013 Dati aggiornati al 31 Maggio 2016\" href=\"https:\/\/people.unica.it\/pqa\/2016\/08\/02\/report-carriere-studenti-dati-aggiornati-al-31-maggio-2016\/\" ><div class=\"datapostelenco\">02-08-2016<\/div><div class=\"titolopostelencodata\">Report Carriere Studenti \u2013 Dati aggiornati al 31 Maggio 2016<\/div><\/a><\/li><li><a  title=\"Benvenuti nel nuovo sito del Presidio della Qualit\u00e0 di Ateneo\" href=\"https:\/\/people.unica.it\/pqa\/2015\/10\/14\/benvenuti-nel-nuovo-sito-del-presidio-della-qualita-di-ateneo\/\" ><div class=\"datapostelenco\">14-10-2015<\/div><div class=\"titolopostelencodata\">Benvenuti nel nuovo sito del Presidio della Qualit\u00e0 di Ateneo<\/div><\/a><\/li><\/ul><\/div><\/p>\n","protected":false},"excerpt":{"rendered":"<p>Presidio della Qualit\u00e0 di Ateneo Universit\u00e0 degli Studi di Cagliari &nbsp; Questo sito NON \u00c8 PI\u00d9 ATTIVO ma rimane online per opportuna conservazione dei documenti e delle attivit\u00e0 svolte, per raggiungere il nuovo sito\u00a0CLICCA QU\u00cc.<\/p>\n","protected":false},"author":2,"featured_media":0,"parent":0,"menu_order":0,"comment_status":"closed","ping_status":"closed","template":"info_docente.php","meta":{"footnotes":""},"class_list":["post-113","page","type-page","status-publish","hentry","post-seq-1","post-parity-odd","no-title","meta-position-corners","fix"],"publishpress_future_action":{"enabled":false,"date":"2026-04-21 11:45:58","action":"Draft","newStatus":"draft","terms":[],"taxonomy":"","extraData":[]},"publishpress_future_workflow_manual_trigger":{"enabledWorkflows":[]},"_links":{"self":[{"href":"https:\/\/people.unica.it\/pqa\/wp-json\/wp\/v2\/pages\/113","targetHints":{"allow":["GET"]}}],"collection":[{"href":"https:\/\/people.unica.it\/pqa\/wp-json\/wp\/v2\/pages"}],"about":[{"href":"https:\/\/people.unica.it\/pqa\/wp-json\/wp\/v2\/types\/page"}],"author":[{"embeddable":true,"href":"https:\/\/people.unica.it\/pqa\/wp-json\/wp\/v2\/users\/2"}],"replies":[{"embeddable":true,"href":"https:\/\/people.unica.it\/pqa\/wp-json\/wp\/v2\/comments?post=113"}],"version-history":[{"count":31,"href":"https:\/\/people.unica.it\/pqa\/wp-json\/wp\/v2\/pages\/113\/revisions"}],"predecessor-version":[{"id":1477,"href":"https:\/\/people.unica.it\/pqa\/wp-json\/wp\/v2\/pages\/113\/revisions\/1477"}],"wp:attachment":[{"href":"https:\/\/people.unica.it\/pqa\/wp-json\/wp\/v2\/media?parent=113"}],"curies":[{"name":"wp","href":"https:\/\/api.w.org\/{rel}","templated":true}]}}