{"id":2031,"date":"2016-05-09T07:30:31","date_gmt":"2016-05-09T07:30:31","guid":{"rendered":"http:\/\/people.unica.it\/politichesocietaeterritorio\/?page_id=2031"},"modified":"2020-06-09T21:00:31","modified_gmt":"2020-06-09T21:00:31","slug":"assicurazione-della-qualita","status":"publish","type":"page","link":"https:\/\/people.unica.it\/politichesocietaeterritorio\/assicurazione-della-qualita\/","title":{"rendered":"Sistema di gestione della Qualit\u00e0"},"content":{"rendered":"<p>Il Corso di Laurea Magistrale adotta il sistema di Assicurazione della Qualit\u00e0 in conformit\u00e0 alle disposizioni di Legge, allo Statuto dell\u2019Universit\u00e0 ed ai regolamenti dell\u2019Ateneo, anche sulla base delle politiche per la qualit\u00e0 coordinate dal Presidio della Qualit\u00e0 di Ateneo<\/p>\n<p><a href=\"https:\/\/www.unica.it\/unica\/protected\/222035\/0\/def\/ref\/AVS223027\/\">Il Sistema di Assicurazione della Qualit\u00e0<\/a><\/p>\n<div id=\"permalink-overlay\" class=\"PermalinkOverlay PermalinkOverlay-with-background load-at-boot\">\n<div id=\"permalink-overlay-dialog\" class=\"PermalinkOverlay-modal\" role=\"dialog\" aria-labelledby=\"permalink-overlay-header\">\n<div class=\"PermalinkOverlay-content\" role=\"document\">\n<div class=\"PermalinkOverlay-body\" data-background-path=\"\/CommsCare\">\n<div class=\"permalink-container permalink-container--withArrows\">\n<div class=\"permalink light-inline-actions stream-uncapped original-permalink-page \" role=\"main\">\n<div class=\"permalink-inner permalink-tweet-container\">\n<div class=\"tweet permalink-tweet js-actionable-user js-actionable-tweet js-original-tweet has-cards with-social-proof has-content no-replies js-initial-focus \" data-you-block=\"false\" data-you-follow=\"false\" data-user-id=\"303958180\" data-has-cards=\"true\" data-disclosure-type=\"\" data-reply-to-users-json=\"[{&quot;id_str&quot;:&quot;303958180&quot;,&quot;screen_name&quot;:&quot;CommsCare&quot;,&quot;name&quot;:&quot;Comms-care&quot;,&quot;emojified_name&quot;:{&quot;text&quot;:&quot;Comms-care&quot;,&quot;emojified_text_as_html&quot;:&quot;Comms-care&quot;}}]\" data-follows-you=\"false\" data-name=\"Comms-care\" data-screen-name=\"CommsCare\" data-tweet-stat-initialized=\"true\" data-tweet-nonce=\"1060552663409025024-5490190b-2a36-4b27-abb9-5a67dafef9f6\" data-conversation-id=\"1060552663409025024\" data-permalink-path=\"\/CommsCare\/status\/1060552663409025024\" data-item-id=\"1060552663409025024\" data-tweet-id=\"1060552663409025024\" data-associated-tweet-id=\"1060552663409025024\">\n<div class=\"js-tweet-text-container\">\n<p class=\"TweetTextSize TweetTextSize--jumbo js-tweet-text tweet-text\" lang=\"en\" data-aria-label-part=\"0\"><a href=\"https:\/\/www.unica.it\/unica\/protected\/223017\/0\/def\/ref\/AVS223027\/\">Calendario delle attivit\u00e0 di Assicurazione della Qualit\u00e0 del Corso di Studio<\/a><\/p>\n<\/div>\n<\/div>\n<\/div>\n<\/div>\n<\/div>\n<\/div>\n<\/div>\n<\/div>\n<\/div>\n<p>&nbsp;<\/p>","protected":false},"excerpt":{"rendered":"<p>Il Corso di Laurea Magistrale adotta il sistema di Assicurazione della Qualit\u00e0 in conformit\u00e0 alle disposizioni di Legge, allo Statuto dell\u2019Universit\u00e0 ed ai regolamenti dell\u2019Ateneo, anche sulla base delle politiche per la qualit\u00e0 coordinate dal Presidio della Qualit\u00e0 di Ateneo Il Sistema di Assicurazione della Qualit\u00e0 Calendario delle attivit\u00e0 di Assicurazione della Qualit\u00e0 del Corso di Studio &nbsp;<\/p>\n","protected":false},"author":2517,"featured_media":0,"parent":0,"menu_order":0,"comment_status":"closed","ping_status":"closed","template":"","meta":{"footnotes":""},"class_list":["post-2031","page","type-page","status-publish","hentry","post-seq-1","post-parity-odd","meta-position-corners","fix"],"publishpress_future_action":{"enabled":false,"date":"2026-04-18 02:32:26","action":"change-status","newStatus":"draft","terms":[],"taxonomy":"","extraData":[]},"publishpress_future_workflow_manual_trigger":{"enabledWorkflows":[]},"_links":{"self":[{"href":"https:\/\/people.unica.it\/politichesocietaeterritorio\/wp-json\/wp\/v2\/pages\/2031","targetHints":{"allow":["GET"]}}],"collection":[{"href":"https:\/\/people.unica.it\/politichesocietaeterritorio\/wp-json\/wp\/v2\/pages"}],"about":[{"href":"https:\/\/people.unica.it\/politichesocietaeterritorio\/wp-json\/wp\/v2\/types\/page"}],"author":[{"embeddable":true,"href":"https:\/\/people.unica.it\/politichesocietaeterritorio\/wp-json\/wp\/v2\/users\/2517"}],"replies":[{"embeddable":true,"href":"https:\/\/people.unica.it\/politichesocietaeterritorio\/wp-json\/wp\/v2\/comments?post=2031"}],"version-history":[{"count":7,"href":"https:\/\/people.unica.it\/politichesocietaeterritorio\/wp-json\/wp\/v2\/pages\/2031\/revisions"}],"predecessor-version":[{"id":4723,"href":"https:\/\/people.unica.it\/politichesocietaeterritorio\/wp-json\/wp\/v2\/pages\/2031\/revisions\/4723"}],"wp:attachment":[{"href":"https:\/\/people.unica.it\/politichesocietaeterritorio\/wp-json\/wp\/v2\/media?parent=2031"}],"curies":[{"name":"wp","href":"https:\/\/api.w.org\/{rel}","templated":true}]}}