{"id":155,"date":"2012-06-26T17:40:36","date_gmt":"2012-06-26T17:40:36","guid":{"rendered":"http:\/\/people.unica.it\/meccanica\/?page_id=155"},"modified":"2021-09-18T09:57:11","modified_gmt":"2021-09-18T09:57:11","slug":"orario-lezioni","status":"publish","type":"page","link":"https:\/\/people.unica.it\/politichesocietaeterritorio\/calendario-e-orari\/orario-lezioni\/","title":{"rendered":"Calendario lezioni"},"content":{"rendered":"<p style=\"text-align: justify\">Il calendario delle lezioni viene predisposto nel rispetto della tempistica dettata dal Calendario Didattico, \u00a0in modo da ottimizzare i tempi di permanenza degli studenti presso le strutture e un utilizzo efficiente di tutte le risorse a disposizione (sulla base della \u201cProcedura Calendari Lezioni\u201d approvata dal Consiglio di Facolt\u00e0 in data 27 aprile 2017).<\/p>\n<p>&nbsp;<\/p>\n<p style=\"text-align: justify\"><strong>Anno Accademico 2021-2022<\/strong><\/p>\n<p><em>Primo Semestre<\/em><\/p>\n<p>Come previsto dall\u2019Ateneo, anche la nostra Facolt\u00e0 ha organizzato, per il II semestre, una graduale ripartenza della didattica in modalit\u00e0 mista (online e in presenza) e allo stesso tempo inaugurato una nuova modalit\u00e0 di pubblicazione dei calendari, di pi\u00f9 immediata e facile consultazione. Dal link\u00a0<span style=\"color: #0000ff\"><a style=\"color: #0000ff\" href=\"https:\/\/unica.easystaff.it\/AgendaWeb\/\">Calendario delle lezioni\u00a0<\/a><\/span>sar\u00e0 possibile accedere all\u2019agenda web delle attivit\u00e0 didattiche, all\u2019interno dell\u2019agenda sar\u00e0 possibile visualizzare e stampare i calendari delle lezioni, per corso, settimanali o per singolo insegnamento.<\/p>\n<p>L\u2019ulteriore novit\u00e0 che il nuovo sistema ci offre \u00e8 quella di poter prenotare (per coloro che hanno optato per la presenza) il posto aula per gli insegnamenti del corso che si intende frequentare.<\/p>\n<p>Per le prenotazioni potrete utilizzare il\u00a0<span style=\"color: #0000ff\"><a style=\"color: #0000ff\" href=\"https:\/\/unica.easystaff.it\/AgendaWeb\/\">Portale Agenda studenti<\/a><\/span>\u00a0(o scaricare l\u2019applicazione UniCa Easy dagli store Apple e Android), e accedere con le vostre credenziali di UniCA\/Esse3.<\/p>\n<p>Al seguente link troverete una\u00a0<span style=\"color: #0000ff\"><a style=\"color: #0000ff\" href=\"https:\/\/unica.it\/unica\/protected\/267977\/0\/def\/ref\/GNC232282\/\">Guida dettagliata con tutte le istruzioni per un corretto utilizzo del sistema di prenotazione<\/a>.<\/span><\/p>\n<p>Per gli studenti che hanno optato per la modalit\u00e0 virtuale i riferimenti alle aule Teams o Adobe sono pubblicati alla pagina<span style=\"color: #0000ff\">\u00a0<a style=\"color: #0000ff\" href=\"https:\/\/facolta.unica.it\/segp\/collegamenti-alle-classi-teams\/\">https:\/\/facolta.unica.it\/segp\/collegamenti-alle-classi-teams\/<\/a><\/span>.<\/p>\n<p>Poich\u00e9 la presenza in aula comporta il rispetto di determinate regole si invita a consultare i seguenti documenti:<\/p>\n<ul>\n<li><span style=\"color: #0000ff\"><a style=\"color: #0000ff\" href=\"https:\/\/www.unica.it\/unica\/it\/covid_19.page\">Protocolli di sicurezza e protezione<\/a><\/span><\/li>\n<li><span style=\"color: #0000ff\"><a style=\"color: #0000ff\" href=\"https:\/\/www.unica.it\/unica\/it\/covid_19.page\">Vademecum per lo studente<\/a><\/span><\/li>\n<\/ul>\n<p>&nbsp;<\/p>\n<p><a href=\"https:\/\/facolta.unica.it\/segp\/collegamenti-alle-classi-teams\/\">Prospetto delle aule virtuali &#8211; MS Teams e Adobe Connect<\/a><\/p>\n<p>&nbsp;<\/p>\n<p>&nbsp;<\/p>\n<p>&nbsp;<\/p>\n<p>&nbsp;<\/p>\n<p>&nbsp;<\/p>\n<p>&nbsp;<\/p>\n<div id=\"shailan-subpages-155-1\"><ul class=\"subpages\"><li class=\"page_item page-item-2090\"><a href=\"https:\/\/people.unica.it\/politichesocietaeterritorio\/calendario-e-orari\/orario-lezioni\/archivio-calendario-lezioni\/\"  rel=\"\">Archivio calendario lezioni<\/a><\/li>\n<\/ul><\/div>\n<p>&nbsp;<\/p>\n","protected":false},"excerpt":{"rendered":"<p>Il calendario delle lezioni viene predisposto nel rispetto della tempistica dettata dal Calendario Didattico, \u00a0in modo da ottimizzare i tempi di permanenza degli studenti presso le strutture e un utilizzo efficiente di tutte le risorse a disposizione (sulla base della \u201cProcedura Calendari Lezioni\u201d approvata dal Consiglio di Facolt\u00e0 in data 27 aprile 2017). &nbsp; Anno Accademico 2021-2022 Primo Semestre Come previsto dall\u2019Ateneo, anche la nostra Facolt\u00e0 ha organizzato, per il II semestre, una graduale ripartenza della didattica in modalit\u00e0 mista (online e in presenza) e allo stesso tempo inaugurato una nuova modalit\u00e0 di pubblicazione dei calendari, di pi\u00f9 immediata e <a href='https:\/\/people.unica.it\/politichesocietaeterritorio\/calendario-e-orari\/orario-lezioni\/' class='excerpt-more'>[&#8230;]<\/a><\/p>\n","protected":false},"author":1,"featured_media":0,"parent":1269,"menu_order":0,"comment_status":"closed","ping_status":"closed","template":"","meta":{"footnotes":""},"class_list":["post-155","page","type-page","status-publish","hentry","post-seq-1","post-parity-odd","meta-position-corners","fix"],"publishpress_future_action":{"enabled":false,"date":"2026-04-18 00:20:09","action":"change-status","newStatus":"draft","terms":[],"taxonomy":"","extraData":[]},"publishpress_future_workflow_manual_trigger":{"enabledWorkflows":[]},"_links":{"self":[{"href":"https:\/\/people.unica.it\/politichesocietaeterritorio\/wp-json\/wp\/v2\/pages\/155","targetHints":{"allow":["GET"]}}],"collection":[{"href":"https:\/\/people.unica.it\/politichesocietaeterritorio\/wp-json\/wp\/v2\/pages"}],"about":[{"href":"https:\/\/people.unica.it\/politichesocietaeterritorio\/wp-json\/wp\/v2\/types\/page"}],"author":[{"embeddable":true,"href":"https:\/\/people.unica.it\/politichesocietaeterritorio\/wp-json\/wp\/v2\/users\/1"}],"replies":[{"embeddable":true,"href":"https:\/\/people.unica.it\/politichesocietaeterritorio\/wp-json\/wp\/v2\/comments?post=155"}],"version-history":[{"count":180,"href":"https:\/\/people.unica.it\/politichesocietaeterritorio\/wp-json\/wp\/v2\/pages\/155\/revisions"}],"predecessor-version":[{"id":5316,"href":"https:\/\/people.unica.it\/politichesocietaeterritorio\/wp-json\/wp\/v2\/pages\/155\/revisions\/5316"}],"up":[{"embeddable":true,"href":"https:\/\/people.unica.it\/politichesocietaeterritorio\/wp-json\/wp\/v2\/pages\/1269"}],"wp:attachment":[{"href":"https:\/\/people.unica.it\/politichesocietaeterritorio\/wp-json\/wp\/v2\/media?parent=155"}],"curies":[{"name":"wp","href":"https:\/\/api.w.org\/{rel}","templated":true}]}}