{"id":3941,"date":"2020-10-19T14:22:29","date_gmt":"2020-10-19T12:22:29","guid":{"rendered":"http:\/\/people.unica.it\/orientamento\/?page_id=3941"},"modified":"2020-10-26T11:42:38","modified_gmt":"2020-10-26T09:42:38","slug":"segnalazioni_a-posto","status":"publish","type":"page","link":"https:\/\/people.unica.it\/orientamento\/segnalazioni_a-posto\/","title":{"rendered":"segnalazioni_a-posto"},"content":{"rendered":"<h3>AVVISO<\/h3>\n<p><strong>a seguito della riunione del Comitato Regionale di Coordinamento del 24\/10\/2020, in sintonia con la Regione Sardegna &nbsp;e con &nbsp;l\u2019Universit\u00e0 degli studi di &nbsp;Sassari, vista la recrudescenza della &nbsp;pandemia e la situazione di emergenza sanitaria, con l\u2019intento di contribuire al miglioramento della situazione sanitaria, si comunica che <span style=\"color: #ff0000\">da luned\u00ec 26 ottobre p.v. tutte le attivit\u00e0 didattiche &nbsp;si svolgeranno&nbsp; in modalit\u00e0 online per almeno 15 giorni.<\/span><\/strong><\/p>\n<p>Per poter seguire le lezioni online sulla piattaforma Adobe Connect, potete utilizzare le<strong>&nbsp;credenziali d&#8217;accesso<\/strong>&nbsp;che vi sono state fornite nel secondo semestre dell&#8217;anno accademico 2019-20 o, per i nuovi iscritti, con l\u2019avvio del corrente a.a.<\/p>\n<p>Qualora le abbiate smarrite o non ritroviate l\u2019email con la quale vi sono state trasmesse, potete recuperare la password accedendo al seguente link:&nbsp;<a href=\"https:\/\/unica.adobeconnect.com\/system\/login\/reset\">https:\/\/unica.adobeconnect.com\/system\/login\/reset<\/a>.<\/p>\n<p>Lo username coincide con l\u2019indirizzo e-mail personale riportato nella propria pagina personale di UniCA\/Esse3.<\/p>\n<p>Vi ricordiamo inoltre che attraverso i seguenti link potete scaricare l\u2019applicazione Adobe Connect ed installarla sul vostro computer&nbsp;e\/o sul vostro dispositivo mobile:<\/p>\n<ul>\n<li>per Desktop&nbsp;<strong>Windows<\/strong>:&nbsp;<a href=\"http:\/\/www.adobe.com\/go\/Connectsetup\">http:\/\/www.adobe.com\/go\/Connectsetup<\/a><\/li>\n<li>per Desktop&nbsp;<strong>MAC<\/strong>:&nbsp;<a href=\"http:\/\/www.adobe.com\/go\/ConnectSetupMac\">http:\/\/www.adobe.com\/go\/ConnectSetupMac<\/a><\/li>\n<li>dispositivi&nbsp;<strong>ANDROID<\/strong>:&nbsp;<a href=\"https:\/\/play.google.com\/store\/apps\/details?id=air.com.adobe.connectpro&amp;hl=it\">https:\/\/play.google.com\/store\/apps\/details?id=air.com.adobe.connectpro&amp;hl=it<\/a><\/li>\n<li>dispositivi<strong>&nbsp;IOS<\/strong>:&nbsp;<a href=\"https:\/\/apps.apple.com\/it\/app\/adobe-connect\/id430437503\">https:\/\/apps.apple.com\/it\/app\/adobe-connect\/id430437503<\/a><\/li>\n<\/ul>\n<p>Per assistenza tecnica, \u00e8 possibile inviare una mail a:&nbsp;<strong><a href=\"mailto:helpdesk.studenti.efis@unica.it\">helpdesk.studenti.efis@unica.it<\/a><\/strong><\/p>\n<p>Le lezioni si svolgeranno nelle aule virtuali di Adobe Connect nel rispetto dei giorni e degli orari indicati nei calendari pubblicati sui siti delle Facolt\u00e0 o dei Corsi di Studio.<\/p>\n<hr>\n<h3>Segnalazione di problemi nella scelta della modalit\u00e0 di fruizione delle lezioni<\/h3>\n<p>Questo modulo non \u00e8 attualmente attivo.<\/p>\n","protected":false},"excerpt":{"rendered":"<p>AVVISO a seguito della riunione del Comitato Regionale di Coordinamento del 24\/10\/2020, in sintonia con la Regione Sardegna &nbsp;e con &nbsp;l\u2019Universit\u00e0 degli studi di &nbsp;Sassari, vista la recrudescenza della &nbsp;pandemia e la situazione di emergenza sanitaria, [&hellip;]<\/p>\n","protected":false},"author":153,"featured_media":0,"parent":0,"menu_order":0,"comment_status":"closed","ping_status":"closed","template":"","meta":{"ngg_post_thumbnail":0,"footnotes":""},"class_list":["post-3941","page","type-page","status-publish","hentry"],"_links":{"self":[{"href":"https:\/\/people.unica.it\/orientamento\/wp-json\/wp\/v2\/pages\/3941","targetHints":{"allow":["GET"]}}],"collection":[{"href":"https:\/\/people.unica.it\/orientamento\/wp-json\/wp\/v2\/pages"}],"about":[{"href":"https:\/\/people.unica.it\/orientamento\/wp-json\/wp\/v2\/types\/page"}],"author":[{"embeddable":true,"href":"https:\/\/people.unica.it\/orientamento\/wp-json\/wp\/v2\/users\/153"}],"replies":[{"embeddable":true,"href":"https:\/\/people.unica.it\/orientamento\/wp-json\/wp\/v2\/comments?post=3941"}],"version-history":[{"count":9,"href":"https:\/\/people.unica.it\/orientamento\/wp-json\/wp\/v2\/pages\/3941\/revisions"}],"predecessor-version":[{"id":3962,"href":"https:\/\/people.unica.it\/orientamento\/wp-json\/wp\/v2\/pages\/3941\/revisions\/3962"}],"wp:attachment":[{"href":"https:\/\/people.unica.it\/orientamento\/wp-json\/wp\/v2\/media?parent=3941"}],"curies":[{"name":"wp","href":"https:\/\/api.w.org\/{rel}","templated":true}]}}