{"id":754,"date":"2012-06-07T09:40:42","date_gmt":"2012-06-07T09:40:42","guid":{"rendered":"http:\/\/people.unica.it\/neoplatonic\/?page_id=754"},"modified":"2012-06-08T20:56:59","modified_gmt":"2012-06-08T20:56:59","slug":"saturday-23-june","status":"publish","type":"page","link":"https:\/\/people.unica.it\/neoplatonic\/saturday-23-june\/","title":{"rendered":"Saturday 23 June"},"content":{"rendered":"<p><span style=\"text-decoration: underline;color:#1b8be0\">09:00-10:45<\/span><\/p>\n<p><span style=\"color: #cc0000\"><em>Aula Verde<\/em><\/span><br \/>\n<strong>Later Neoplatonists II<\/strong><\/p>\n<p>Ilaria Ramelli, Catholic University of the Sacred Heart<br \/>\nThe Philosophical Roots and Impact of Origen\u2019s Notion of Hypostasis<\/p>\n<p>Johannes Aakj\u00e6r Steenbuch, University of Copenhagen, Center for Neo-Platonic Virtue Ethics<br \/>\nThe Influence of Gregory of Nyssa\u2019s Polemical Thought on the Development of His Mature Views on Ethics<\/p>\n<p>Andrei Timotin, Romanian Academy, Bucharest\/EPHE-LEM, Paris<br \/>\nThe Hierarchy of Interpretations in Proclus\u2019 Hermeneutics of Myths<\/p>\n<p><span style=\"color: #cc0000\"><em>Aula Rossa<\/em><\/span><br \/>\n<strong>Francesca Maria Crasta, University of Cagliari and Laura Follesa, University of Cagliari\u00a0 <\/strong><br \/>\n<strong>Platonism and Neoplatonism in Early Modern Metaphysical Systems III<\/strong><\/p>\n<p>Silvia Parigi, Independent scholar, Italy<br \/>\nIl neoplatonismo e l\u2019azione a distanza: il caso delle cure magnetiche<\/p>\n<p>Francesco Piro, University of Salerno, Italy<br \/>\nPlato <em>vs<\/em> the Neoplatonists? Leibniz on the Legacy of Platonism<\/p>\n<p>Laura Follesa, University of Cagliari, Italy<br \/>\n\u2018Lebendige Materie\u2019? Platone e Schelling: dal commento al <em>Timeo<\/em> al <em>Von der Weltseele<\/em><\/p>\n<p><span style=\"color: #cc0000\"><em>Aula Bianca<\/em><\/span><br \/>\n<strong>Religious Platonism<\/strong><\/p>\n<p>Vasco Baptista Marques, Center of Philosophy of the University of Lisbon<br \/>\nBeyond the Negative: Appropriation and Overcoming of the Negative Theology Tradition in Vladimir Jank\u00e9l\u00e9vitch\u2019s <em>Philosophie Premi\u00e8re<\/em><\/p>\n<p>Eleni Pachoumi, Aristotle University of Thessaloniki<br \/>\nReligious and Philosophical Assimilations of Helios in Magical Texts of Late Antiquity and the Concept of Diversity and Unity of Their Contemporary Neo-Platonists<\/p>\n<p>Sarah Jane Boss, Roehampton University<br \/>\nCreation, Incarnation and Ecology: An Approach from Christian Platonism<br \/>\n<span style=\"text-decoration: underline\">\u00a0<\/span><\/p>\n<p><span style=\"text-decoration: underline;color:#1b8be0\">10:45-11:10<\/span>: COFFEE BREAK<\/p>\n<p><span style=\"text-decoration: underline;color:#1b8be0\">11:10-13:30<\/span><\/p>\n<p><span style=\"color: #cc0000\"><em>Aula Rossa<\/em><\/span><br \/>\n<strong>Robert Berchman, Dowling College<\/strong><br \/>\n<strong>Thinking on Thinking<\/strong><\/p>\n<p>Robert M. Berchman, Dowling College\/Bard College<br \/>\nA Principle of Continuity in Plotinus and Leibniz<\/p>\n<p>John Hendrix, Roger Williams University<br \/>\nIntellect and the Structuring of Reality in Plotinus and Averroes<\/p>\n<p>Francois Lortie, Universit\u00e9 Laval\/\u00c9colePratique des Hautes \u00c9tudes<br \/>\nL\u2019imagination comme intellection dans le commentarisme n\u00e9oplatonicien<\/p>\n<p>Mark J. Nyvlt, Dominican University College<br \/>\nHeavenly Movement: Aristotle, Plotinus, and a Few Words on Hegel<\/p>\n<p><span style=\"color: #cc0000\"><em>Aula Bianca<\/em><\/span><br \/>\n<strong>Anna Corrias, The Warburg Institute\/University of Cagliari and Guido Giglioni, The Warburg Institute <\/strong><br \/>\n<strong>Renaissance Neoplatonism IV<\/strong><\/p>\n<p>Leo Catana, Centre for Neoplatonic Virtue Ethics, University of Copenhagen<br \/>\nThe Dethronement of the Renaissance Tradition of General Biographies: Heumann\u2019s Census of Porphyry\u2019s <em>Life of Plotinus <\/em>(1715)<\/p>\n<p>Eva Del Soldato, University of Warwick,<br \/>\nThe Renaissance Circulation of the Letter of Lysis to Hypparchus<\/p>\n<p>Jozef Matula, Palacky University<br \/>\nCardinal Bessarion and His Reading of Plato\u2019s Arguments on the Soul<\/p>\n<p>Paula Oliveira e Silva, Universidade do Porto<br \/>\nNeoplatonism in Francisco de Holanda\u2019s Theory of the Origin of Ideas in the Mind<\/p>\n<p><span style=\"color: #cc0000\"><em>Aula Lussu<\/em><\/span><br \/>\n<strong>Pierpaolo Ciccarelli<\/strong>, <strong>University of Cagliari<\/strong><br \/>\n<strong>Platonic Influence on the Hermeneutical Critique of Modernity I<\/strong><\/p>\n<p>Andrea Le Moli, University of Palermo<br \/>\nImage and Copy in Derrida\u2019s Deconstruction of Platonism<\/p>\n<p>Carmine Di Martino, University of Milan<br \/>\nLe origini platoniche del \u2018logocentrismo\u2019 nella \u2018decostruzione\u2019 di Jacques Derrida<\/p>\n<p>Arnold A. Oberhammer, University of Hildesheim<br \/>\nDerridas Dekonstruktioneines \u2018Platonischen Idealismus\u2019 und Platons \u03b4\u03b9\u03b1\u03bb\u03b5\u03ba\u03b9\u03c4\u03ba\u1f74 \u03c4\u03ad\u03c7\u03bd\u03b7 im <em>Sophistes<\/em><\/p>\n<p>Pierpaolo Ciccarelli, University of Cagliari<br \/>\nLinguisticit\u00e0 della <em>doxa<\/em> e dottrina delle idee. Sulla \u2018riattivazione\u2019 o \u2018ripetizione\u2019 fenomenologica dei dialoghi platonici in Leo Strauss<\/p>\n<p><span style=\"text-decoration: underline;color:#1b8be0\">13:30-14:30<\/span>: LUNCH<\/p>\n<p><span style=\"text-decoration: underline;color:#1b8be0\">14:30-16:50<\/span><\/p>\n<p><span style=\"color: #cc0000\"><em>Aula Verde<\/em><\/span><br \/>\n<strong>Dylan Burns, Copenhagen University and Luciana Gabriela Soares Santoprete, LabEx HASTEC\/CNRS-Centre Jean P\u00e9pin, Paris<\/strong><br \/>\n<strong>Neoplatonism and Gnosticism<\/strong><\/p>\n<p>Luciana Gabriela Soares Santoprete, LabEx HASTEC\/CNRS-Centre Jean P\u00e9pin, Paris<br \/>\nPhilosophie et christianismes: base de donn\u00e9es et repertoire bibliographique<\/p>\n<p>Adrian Mihai, EPHE\/UdeM, Paris\/Montreal<br \/>\nLe concept de <em>tolma<\/em> chez Plotin et les gnostiques<\/p>\n<p>Izabela Jurasz, Centre Leon Robin (UMR 8061), Paris<br \/>\nCourants philosophiques dans les <em>Discours contre Bardesane <\/em>d\u2019Ephrem le Syrien<\/p>\n<p>John D. Turner, University of Nebraska, Lincoln<br \/>\nPrenoetic and Hypernoetic Interhypostatic Processes in the Metaphysics of the <em>Chaldaean Oracles<\/em> and Select Gnostic Sources<\/p>\n<p><span style=\"color: #cc0000\"><em>Aula Rossa<\/em><\/span><br \/>\n<strong>Sarah Klitenic Wear, <\/strong><strong>Franciscan University of Steubenville,<\/strong><strong> Christina-Panagiota Manolea, <\/strong><strong>University of the Peloponnese\/Hellenic Open University,<\/strong><strong> <\/strong><strong>and Carl O\u2019Brien, Ruprecht-Karls-Universit\u00e4t Heidelberg <\/strong><br \/>\n<strong>The <em>Phaedrus<\/em> and Neoplatonic Psychology<\/strong><\/p>\n<p>Carl O\u2019 Brien, Ruprecht-Karls-University of Heidelberg<br \/>\nThe <em>Phaedrus<\/em> and Neoplatonic Psychology in the Thought of St Gregory of Nyssa<\/p>\n<p>Christina-Panagiota Manolea, University of the Peloponnese\/Hellenic Open University<br \/>\nThe Figure of Socrates and its Psychological Dimensions in the <em>In Phaedrum<\/em><\/p>\n<p>Robert Zaborowski, Polish Academy of Sciences<br \/>\nSome Neglected Details in Plato\u2019s Charioteer Allegory<\/p>\n<p><span style=\"color: #cc0000\"><em>Aula Bianca<\/em><\/span><br \/>\n<strong>Andrea Orsucci<\/strong><br \/>\n<strong>Platonism and Neoplatonism in Nineteenth and Twentieth Century Philosophy<\/strong><\/p>\n<p>Andrea Orsucci, University of Cagliari, Italy<br \/>\nOltre Platone: il problema del mito tra Hegel, Creuzer e Feuerbach<\/p>\n<p>Andrea Bellantone, Institut Catholique de Paris\/ Universit\u00e9 de Turin<br \/>\nLe n\u00e9oplatonisme en France au dix-neuvi\u00e8mesi\u00e8cle: moments<\/p>\n<p><span style=\"text-decoration: underline;color:#1b8be0\">16:50-17:15<\/span>: COFFEE BREAK<\/p>\n<p><span style=\"text-decoration: underline;color:#1b8be0\">17:15-19:00<\/span><\/p>\n<p><span style=\"color: #cc0000\"><em>Aula Verde<\/em><\/span><br \/>\n<strong>Elisabetta Cattanei, University of Cagliari and Alessia Ferrari, University of Barcelona<\/strong><br \/>\n<strong>Platonic and Neo-platonic Conceptions of Number and Geometry III<\/strong><\/p>\n<p>Alessia Ferrari, University of Barcelona<br \/>\nL\u2019invisibile e l\u2019indivisibile in Platone, <em>Fedone<\/em> 78 B 4-80 B 7, e nell\u2019interpretazione di Olimpiodoro<\/p>\n<p>Federico Maria Petrucci, University of Pisa<br \/>\nUnity and Numbers in Theon\u2019s <em>Expositio<\/em>: Academic Legacy and Middle-Platonic Ontology<\/p>\n<p>Claudia Maggi, Independent Scholar<br \/>\nThe Derivation of Numbers and Forms in Plotinus\u2019s Treatise <em>On Numbers<\/em><\/p>\n<p><span style=\"color: #cc0000\"><em>Aula Rossa<\/em><\/span><br \/>\n<strong>Anna Corrias, The Warburg Institute\/University of Cagliari and Guido Giglioni The Warburg Institute<\/strong><br \/>\n<strong>Renaissance Neoplatonism V<\/strong><\/p>\n<p>Diego Pirillo, University of California, Berkeley<br \/>\nItalian Neoplatonism in Stuart England: Tommaso Campanella\u2019s Manuscript Circulation Between Occultism and Reason of State<\/p>\n<p>Pasquale Terracciano, Scuola Normale Superiore of Pisa<br \/>\nOrigen, Francesco Zorzi and the Censorship<\/p>\n<p>James A.T. Lancaster, The Warburg Institute<br \/>\nThe Reception of Renaissance Platonism in the Nature of Francis Bacon\u2019s Religion<\/p>\n<p><span style=\"color: #cc0000\"><em>Aula Bianca<\/em><\/span><br \/>\n<strong>Pierpaolo Ciccarelli<\/strong>, <strong>University of Cagliari<\/strong><br \/>\n<strong>Platonic Influence on the Hermeneutical Critique of Modernity II<\/strong><\/p>\n<p>Laura Candiotto, University Ca\u2019 Foscari of Venezia<br \/>\nCura di s\u00e9 e politica. Il compito della filosofia in Michel Foucault<\/p>\n<p>Twyla Gibson, University of Toronto\/Harvard University, and Stuart J. Murray, Carleton University<br \/>\nAuthenticity and <em>Khr\u0113sis<\/em> in Michel Foucault\u2019s Reading of <em>Alcibiades I<\/em><\/p>\n<p>Albert Joosse, Albert-Ludwigs-Universit\u00e4t Freiburg<br \/>\nFoucault\u2019s Subject and Plato\u2019s Mind<\/p>\n","protected":false},"excerpt":{"rendered":"<p>09:00-10:45 Aula Verde Later Neoplatonists II Ilaria Ramelli, Catholic University of the Sacred Heart The Philosophical Roots and Impact of Origen\u2019s Notion of Hypostasis Johannes Aakj\u00e6r Steenbuch, University of Copenhagen, Center for Neo-Platonic Virtue Ethics The Influence of Gregory of &hellip; <a href=\"https:\/\/people.unica.it\/neoplatonic\/saturday-23-june\/\">Continua a leggere<span class=\"meta-nav\">&rarr;<\/span><\/a><\/p>\n","protected":false},"author":490,"featured_media":0,"parent":0,"menu_order":0,"comment_status":"closed","ping_status":"open","template":"","meta":{"footnotes":""},"class_list":["post-754","page","type-page","status-publish","hentry"],"_links":{"self":[{"href":"https:\/\/people.unica.it\/neoplatonic\/wp-json\/wp\/v2\/pages\/754","targetHints":{"allow":["GET"]}}],"collection":[{"href":"https:\/\/people.unica.it\/neoplatonic\/wp-json\/wp\/v2\/pages"}],"about":[{"href":"https:\/\/people.unica.it\/neoplatonic\/wp-json\/wp\/v2\/types\/page"}],"author":[{"embeddable":true,"href":"https:\/\/people.unica.it\/neoplatonic\/wp-json\/wp\/v2\/users\/490"}],"replies":[{"embeddable":true,"href":"https:\/\/people.unica.it\/neoplatonic\/wp-json\/wp\/v2\/comments?post=754"}],"version-history":[{"count":9,"href":"https:\/\/people.unica.it\/neoplatonic\/wp-json\/wp\/v2\/pages\/754\/revisions"}],"predecessor-version":[{"id":833,"href":"https:\/\/people.unica.it\/neoplatonic\/wp-json\/wp\/v2\/pages\/754\/revisions\/833"}],"wp:attachment":[{"href":"https:\/\/people.unica.it\/neoplatonic\/wp-json\/wp\/v2\/media?parent=754"}],"curies":[{"name":"wp","href":"https:\/\/api.w.org\/{rel}","templated":true}]}}