{"id":749,"date":"2012-06-07T09:31:19","date_gmt":"2012-06-07T09:31:19","guid":{"rendered":"http:\/\/people.unica.it\/neoplatonic\/?page_id=749"},"modified":"2012-06-08T20:56:37","modified_gmt":"2012-06-08T20:56:37","slug":"friday-22-june","status":"publish","type":"page","link":"https:\/\/people.unica.it\/neoplatonic\/friday-22-june\/","title":{"rendered":"Friday 22 June"},"content":{"rendered":"<p><span style=\"text-decoration: underline;color:#1b8be0\">08:30-10:15<\/span><\/p>\n<p><span style=\"color: #cc0000\"><em>Aula Verde<\/em><\/span><br \/>\n<strong>Dionysius and Hierotheus<\/strong><\/p>\n<p>Filipa Afonso, Centre of Philosophy of the University of Lisbon<br \/>\n<em>Lux<\/em> and <em>lumen<\/em>: Eriugena\u2019s Translation of Dionysius\u2019s <em>Phos<\/em><\/p>\n<p>Graciela L. Ritacco de Gayoso, CONICET- Universidad del Salvador<br \/>\n<em>Thearquia<\/em>: Entre Damascio y Dionisio del Are\u00f3pago<\/p>\n<p>Tuomo Lankila, Universities of Helsinki and Jyv\u00e4skyl\u00e4<br \/>\nThe Figure of Hierotheus in the <em>Corpus Areopagiticum<\/em> and its Proclean Context<\/p>\n<p><span style=\"color: #cc0000\"><em>Aula Rossa<\/em><\/span><br \/>\n<strong>Vishwa Adluri, Hunter College<\/strong><br \/>\n<strong>Philosophy and Salvation in Greek Religion II<\/strong><\/p>\n<p>John F. Finamore, University of Iowa<br \/>\nIamblichus, Theurgy, and the Soul\u2019s Ascent<\/p>\n<p>Alexis Pinchard, CNRS<br \/>\nThe Salvific Function of Memory in Archaic Poetry, in the Orphic Gold Tablets and in Plato: Which Continuity, Which Break?<\/p>\n<p>Svetla Slaveva-Griffin, The Florida State University<br \/>\nTrial by Fire: The <em>Hymn to Demeter <\/em>and Plato\u2019s <em>Phaedo <\/em>on Mor(t)ality and Immor(t)ality<\/p>\n<p><span style=\"color: #cc0000\"><em>Aula Bianca<\/em><\/span><br \/>\n<strong>David Butorac Fatih University<\/strong><br \/>\n<strong>Neoplatonism and Aristotle\u2019s <em>Organon<\/em> II<\/strong><\/p>\n<p>Scott Austin, Texas A&amp;M University<br \/>\nSome Eleatic Features of Platonic and Neoplatonic Method: Aristotle Imitating the <em>Parmenides<\/em>\u2019 Method? Proclus and <em>Prior Analytics<\/em> I 27<\/p>\n<p>Daniele Granata, University of Catania<br \/>\n\u039a\u03bf\u03b9\u03bd\u03cc\u03bd and \u03ba\u03bf\u03b9\u03bd\u03c9\u03bd\u03af\u03b1: a Particular Case of \u03bc\u03ad\u03b8\u03b5\u03be\u03b9\u03c2 in John Philoponus<\/p>\n<p><span style=\"color: #cc0000\"><em>Aula Lussu<\/em><\/span><br \/>\n<strong>Anna Corrias, The Warburg Institute\/University of Cagliari and Guido Giglioni, The Warburg Institute<\/strong><br \/>\n<strong>Renaissance Neoplatonism III: Marsilio Ficino<\/strong><\/p>\n<p>Angelo Maria Vitale, University of Salerno<br \/>\nA Neoplatonic Light Metaphysics Between St. Augustine and Ficino:\u00a0 Girolamo Seripando\u2019s <em>Quaestiones CIX \u00a0de re philosophico-theologica<\/em>.<\/p>\n<p>Federica Signoriello, University College London<br \/>\nFree will and Salvation:\u00a0 Luigi Pulci Inspired by Marsilio Ficino\u2019s Philosophy<\/p>\n<p><span style=\"text-decoration: underline;color:#1b8be0\">10:15-10:40<\/span>: COFFEE BREAK<\/p>\n<p><span style=\"text-decoration: underline;color:#1b8be0\">10:40-13:00<\/span><\/p>\n<p><span style=\"color: #cc0000\"><em>Aula Verde<\/em><\/span><br \/>\n<strong>Kevin Corrigan and Jean-Marc Narbonne <\/strong><br \/>\n<strong>Plotinus and the Gnostics<\/strong><\/p>\n<p>Zeke Mazur, Universit\u00e9 Laval<br \/>\nPlato\u2019s <em>Sophist<\/em> in Platonizing Sethian Gnostic Interpretation<\/p>\n<p>Kevin Corrigan, Emory State University and John Turner, Lincoln University<br \/>\nPlotinus and the Gnostics: the Peculiar Impact of the Tripartite Tractate and Later Works<\/p>\n<p>Jean-Marc Narbonne, Universit\u00e9 Laval<br \/>\nWhy is Treatise 33 followed by Treatise 34 on Number? Some Exploratory Remarks<\/p>\n<p>Lorenzo Ferroni, Universidade Federal de S\u00e3o Paulo (UNIFESP), Brasil<br \/>\nLe <em>Trait\u00e9 33<\/em> [II.9] de Plotin: quelques r\u00e9flexions textuelles<\/p>\n<p><span style=\"color: #cc0000\"><em>Aula Rossa<\/em><\/span><br \/>\n<strong>Anna Corrias, The Warburg Institute\/University of Cagliari and Guido Giglioni, The Warburg Institute<\/strong><br \/>\n<strong>Renaissance Neoplatonism III<\/strong><\/p>\n<p>Garth Green, McGill University<br \/>\nReason(s) and Revelation(s): The Contexts of Nicholas of Cusa\u2019s <em>De quaerendo Deum<\/em><\/p>\n<p>Davide Monaco, University of Salerno<br \/>\nMonadologia e prospettivismo nel pensiero di Nicol\u00f2 Cusano<\/p>\n<p>Nick Holland, Independent Scholar, London<br \/>\nNeoplatonism and Dreams in the Writings of Niccol\u00f2 Leonico Tomeo<\/p>\n<p>Gabriela Kurylewicz, University of Warsaw<br \/>\nMetaphysical Philosophy of Giovanni Pico della Mirandola<\/p>\n<p><span style=\"color: #cc0000\"><em>Aula Bianca<\/em><\/span><br \/>\n<strong>Claudia D&#8217;Amico, <\/strong><strong>Universidad Nacional de La Plata-Universidad de Buenos Aires<\/strong><br \/>\n<strong>La recepci\u00f3n del Neoplatonismo en la Edad Media II<\/strong><\/p>\n<p>Angelo Tavolaro, dottorando FITMU \u2013 University of Salerno<br \/>\nIl neoplatonismo cristiano dello pseudo-Dionigi Aeropagita<\/p>\n<p>Jos\u00e9 Mar\u00eda Nieva, Universidad Nacional de Tucum\u00e1n \u2013 UNSTA<br \/>\nLexis en Dionisio Areopagita<\/p>\n<p>Oscar Federico Bauchwitz, Universidade Federal do Rio Grande do Norte, Brasil<br \/>\nEl mal seg\u00fan Eri\u00fagena<\/p>\n<p>Luiz Fernando Fontes-Teixeira, Doctorando en Filosof\u00eda &#8211; Universidade Federal do Rio Grande do Norte, Brasil\/University College Cork<br \/>\nLa v\u00eda negativa del neoplatonismo medievale<\/p>\n<p><span style=\"color: #cc0000\"><em>Aula Lussu<\/em><\/span><br \/>\n<strong>Jean-Michel Charrue<\/strong><br \/>\n<strong>Neoplatonism, Freedom, Providence and Fate II<\/strong><\/p>\n<p>Haud Gueguen, Prag au Conservatoire national des arts et metiers, Paris<br \/>\nLe r\u00f4le de l\u2019accident et de la puissance dans le refus aristot\u00e9licien du destin<\/p>\n<p>Danielle A. Layne, Georgia Southern University<br \/>\nSocrates\u2019 Foreknowledge and <em>Alcibiades<\/em>\u2019 Freedom in Proclus<\/p>\n<p>Alain Lernould, CNRS, Universit\u00e9 de Lille III<br \/>\nLe Cycle Triadique de la Causalit\u00e9 D\u00e9miurgique:\u00a0 Bont\u00e9, Vouloir, Providence, L&#8217;Interpretaci\u00f3n Proclienne de <em>Tim\u00e9e<\/em> 29E1-30C 2<\/p>\n<p>Laetitia Monteils-Laeng, ATER en philosophie<br \/>\nLe paradoxe de \u2018l\u2019immortalit\u00e9 limit\u00e9e\u2019 chez les sto\u00efciens. Le destine exceptionnel du sage en contexte naturaliste<\/p>\n<p>EVENING FREE<\/p>\n<p><span style=\"text-decoration: underline;color:#1b8be0\">20:30-23:30<\/span>: BANQUET<\/p>\n","protected":false},"excerpt":{"rendered":"<p>08:30-10:15 Aula Verde Dionysius and Hierotheus Filipa Afonso, Centre of Philosophy of the University of Lisbon Lux and lumen: Eriugena\u2019s Translation of Dionysius\u2019s Phos Graciela L. Ritacco de Gayoso, CONICET- Universidad del Salvador Thearquia: Entre Damascio y Dionisio del Are\u00f3pago &hellip; <a href=\"https:\/\/people.unica.it\/neoplatonic\/friday-22-june\/\">Continua a leggere<span class=\"meta-nav\">&rarr;<\/span><\/a><\/p>\n","protected":false},"author":490,"featured_media":0,"parent":0,"menu_order":0,"comment_status":"closed","ping_status":"open","template":"","meta":{"footnotes":""},"class_list":["post-749","page","type-page","status-publish","hentry"],"_links":{"self":[{"href":"https:\/\/people.unica.it\/neoplatonic\/wp-json\/wp\/v2\/pages\/749","targetHints":{"allow":["GET"]}}],"collection":[{"href":"https:\/\/people.unica.it\/neoplatonic\/wp-json\/wp\/v2\/pages"}],"about":[{"href":"https:\/\/people.unica.it\/neoplatonic\/wp-json\/wp\/v2\/types\/page"}],"author":[{"embeddable":true,"href":"https:\/\/people.unica.it\/neoplatonic\/wp-json\/wp\/v2\/users\/490"}],"replies":[{"embeddable":true,"href":"https:\/\/people.unica.it\/neoplatonic\/wp-json\/wp\/v2\/comments?post=749"}],"version-history":[{"count":9,"href":"https:\/\/people.unica.it\/neoplatonic\/wp-json\/wp\/v2\/pages\/749\/revisions"}],"predecessor-version":[{"id":832,"href":"https:\/\/people.unica.it\/neoplatonic\/wp-json\/wp\/v2\/pages\/749\/revisions\/832"}],"wp:attachment":[{"href":"https:\/\/people.unica.it\/neoplatonic\/wp-json\/wp\/v2\/media?parent=749"}],"curies":[{"name":"wp","href":"https:\/\/api.w.org\/{rel}","templated":true}]}}