{"id":733,"date":"2012-06-06T19:55:13","date_gmt":"2012-06-06T19:55:13","guid":{"rendered":"http:\/\/people.unica.it\/neoplatonic\/?page_id=733"},"modified":"2012-06-08T20:56:10","modified_gmt":"2012-06-08T20:56:10","slug":"wednesday-20-june","status":"publish","type":"page","link":"https:\/\/people.unica.it\/neoplatonic\/wednesday-20-june\/","title":{"rendered":"Wednesday 20 June"},"content":{"rendered":"<p><span style=\"text-decoration: underline;color:#1b8be0\">08:30-10:00<\/span>: REGISTRATION<br \/>\n<span style=\"text-decoration: underline;color:#1b8be0\">10:00-11:00<\/span>: OPENING CEREMONY<\/p>\n<p><span style=\"text-decoration: underline;color:#1b8be0\">11:15:13:00<\/span><\/p>\n<p><span style=\"color: #cc0000\"><em>Aula Verde<\/em><\/span><br \/>\n<strong>Anna Corrias, The Warburg Institute\/University of Cagliari and Guido Giglioni, The Warburg Institute<\/strong><br \/>\n<strong>Renaissance Neoplatonism I: Marsilio Ficino<\/strong><\/p>\n<p>Guido Giglioni, The Warburg Institute<br \/>\nPhilosophy and the Reasonableness of Theurgic Devotion: Marsilio Ficino\u2019s Paraphrasis of Iamblichus\u2019s <em>De Mysteriis Aegyptiorum<\/em><\/p>\n<p>Denis Robichaud, University of Notre Dame<br \/>\nMarsilio Ficino: the Style of Plotinus and the Bible<\/p>\n<p>Mikolaj Antczak, University of Warsaw<br \/>\nScholastic Humanism: on Marsilio Ficino&#8217;s Writing Style<\/p>\n<p><span style=\"color: #cc0000\"><em>Aula Rossa<\/em><\/span><br \/>\n<strong>John F. Finamore, University of Iowa<\/strong><br \/>\n<strong>Conceptions of the Soul in Plato, Aristotle, and the Platonic Tradition II<\/strong><\/p>\n<p>Anna Motta, University of Salerno, Italy<br \/>\n\u00abNella pianura della verit\u00e0 e nel prato delle Idee divine\u2026\u00bb<br \/>\nL\u2019anima superiore di Platone e la sua missione soteriologica<\/p>\n<p>Daniela P. Taormina, Universit\u00e0 di Roma Tor Vergata<br \/>\nL\u2019anima in relazione e l\u2019anima in coordinazione. Il giovane Proclo di fronte al problema della metensomatosi da uomo ad animale<\/p>\n<p>Simon Fortier, Universit\u00e9 Laval<br \/>\nHuman Souls in Animal Bodies: the Theodorean Solution<\/p>\n<p><span style=\"color: #cc0000\"><em>Aula Bianca<\/em><\/span><br \/>\n<strong>David Butorac, Fatih University<\/strong><br \/>\n<strong>Neoplatonism and Aristotle\u2019s <em>Organon<\/em> I<\/strong><\/p>\n<p>Michele Anik Stanbury, University of Notre Dame<br \/>\nAristotle and Plotinus on Dialectic and the Principle of Non-Contradiction<\/p>\n<p>David Butorac, Fatih University<br \/>\nAristotle Imitating the <em>Parmenides<\/em>\u2019 Method? Proclus and <em>Prior Analytics<\/em> I 27<\/p>\n<p>Thomasz Tiuryn, University of Warsaw<br \/>\nProblems with Substantial Form in Alexander of Aphrodisias<\/p>\n<p><span style=\"text-decoration: underline;color:#1b8be0\">13:00-15:00<\/span>: LUNCH<\/p>\n<p><span style=\"text-decoration: underline;color:#1b8be0\">15:00-16:45<\/span><\/p>\n<p><span style=\"color: #cc0000\"><em>Aula Verde<\/em><\/span><br \/>\n<strong>John F. Finamore, University of Iowa<\/strong><br \/>\n<strong>Conceptions of the Soul in Plato, Aristotle, and the Platonic Tradition I<\/strong><\/p>\n<p>John M. Dillon, Trinity College Dublin<br \/>\nPlutarch, Plotinus and the Zoroastrian Concept of the <em>F<\/em><em>ravashi<\/em><\/p>\n<p>Lloyd P. Gerson, University of Toronto<br \/>\nRational Souls in Plato and Plotinus<\/p>\n<p>Peter Lautner, P\u00e1zm\u00e1ny P\u00e9ter Catholic University<br \/>\n\u0393\u03bd\u03c9\u03c3\u03c4\u03b9\u03ba\u03ce\u03c2 and\/or \u1f50\u03bb\u03b9\u03ba\u1ff6\u03c2:\u00a0 Philoponus\u2019 Account of the Material Aspects of Sense-perception<\/p>\n<p><span style=\"color: #cc0000\"><em>Aula Rossa<\/em><\/span><br \/>\n<strong>Gary M. Gurtler, S.J., Boston College and Suzanne Stern-Gillet, University of Bolton (Philosophy)\/University of Manchester (Classics and Ancient History)<\/strong><br \/>\n<strong>The Moral Life, the Philosophical Life and the Ideal of God-likeness I<\/strong><\/p>\n<p>Gary M. Gurtler, S.J., Boston College<br \/>\nEvils Must Necessarily Haunt This Region<\/p>\n<p>Dimitrios Vasilakis, King&#8217;s College London<br \/>\nLove and Myth in Plotinus\u2019 <em>Enneads<\/em> III.5<\/p>\n<p>Matthias Vorwerk, Catholic University of America<br \/>\n\u201cIf There is a \u2018Demon-Itself\u2019, Then He also is a God.\u201d (<em>Enn<\/em>. III.5 [50] 6.20). Some Reflections on Plotinus\u2019 Demonology<\/p>\n<p><span style=\"color: #cc0000\"><em>Aula Bianca<\/em><\/span><br \/>\n<strong>Vishwa Adluri, Hunter College<\/strong><br \/>\n<strong>Philosophy and Salvation in Greek Religion I<\/strong><\/p>\n<p>Vishwa Adluri, Hunter College<br \/>\nTragedies of Self and <em>Polis<\/em>: Sophoclean Elements in the <em>Republic<\/em><\/p>\n<p>Francisco David Corrales Cord\u00f3n, University of Barcelona<br \/>\nRhetoric and Soteriology in Later Neoplatonism<\/p>\n<p><span style=\"text-decoration: underline;color:#1b8be0\">16:45-17:10<\/span>: COFFEE BREAK<br \/>\n<span style=\"text-decoration: underline;color:#1b8be0\">17:10-19:00<\/span><\/p>\n<p><span style=\"color: #cc0000\"><em>Aula Verde<\/em><\/span><br \/>\n<strong>Francesca Maria Crasta, University of Cagliari and Laura Follesa, University of Cagliari\u00a0 <\/strong><br \/>\n<strong>Platonism and Neoplatonism in Early Modern Metaphysical Systems I<\/strong><\/p>\n<p>Sarah Hutton, Aberystwyth University, UK<br \/>\nPlotinus, Descartes and Henry More\u2019s Conception of \u2018Person\u2019<\/p>\n<p>Brunello Lotti, University of Udine, Italy<br \/>\nThe Theory of Ideal Objects and Relations in the Cambridge Platonists (Rust, More and Cudworth)<\/p>\n<p>Martine P\u00e9charman, CNRS, Maison Fran\u00e7aise d\u2019 Oxford (MFO)<br \/>\nPlotinus\u2019s <em>Sympatheia<\/em> in Cudworth\u2019s <em>True Intellectual System of the Universe<\/em>: Whatkind of Legacy?<\/p>\n<p><span style=\"color: #cc0000\"><em>Aula Rossa<\/em><\/span><br \/>\n<strong>Sandra and Bern<\/strong><strong>ard Collette-Du\u010di\u0107<\/strong><br \/>\n<strong>The Artists and Plato: A Study of Plato\u2019s Reception in the Works of Poets and other Creators in Renaissance and Romanticism<\/strong><\/p>\n<p>Bernard Collette-Du\u010di\u0107, Universit\u00e9 Laval, Canada<br \/>\nReading Plato in Shelley\u2019s <em>Defence of Poetry<\/em><\/p>\n<p>Sandra Collette-Du\u010di\u0107, Independent Researcher, Canada<br \/>\nThe Idea of Beauty and the Spirit of Love in Raphael<\/p>\n<p>Michail Maiatsky, National Research University Higher School of Economics, Moscow, Russia<br \/>\nL\u0435 platonisme du Cercle de George en tant qu\u2019id\u00e9ologie de sa Kulturpolitik<\/p>\n<p><span style=\"color: #cc0000\"><em>Aula Bianca<\/em><\/span><br \/>\n<strong>Writing, Thinking, Creating<\/strong><\/p>\n<p>Jos\u00e9 Baracat Jr., Federal University of Rio Grande do Sul, Brazil<br \/>\nHow and for Whom did Plotinus Write?<\/p>\n<p>Rasius Makselis, Lithuanian Culture Research Institute<br \/>\nPlotinus on the Life of the Intellect<\/p>\n<p>John Phillips, University of Tennessee at Chattanooga<br \/>\nMiddle Platonists and Neoplatonists on the \u2018Art\u2019 of Creation<\/p>\n<p><span style=\"text-decoration: underline;color:#1b8be0\">19:00-22:00<\/span>: WINE RECEPTION<\/p>\n","protected":false},"excerpt":{"rendered":"<p>08:30-10:00: REGISTRATION 10:00-11:00: OPENING CEREMONY 11:15:13:00 Aula Verde Anna Corrias, The Warburg Institute\/University of Cagliari and Guido Giglioni, The Warburg Institute Renaissance Neoplatonism I: Marsilio Ficino Guido Giglioni, The Warburg Institute Philosophy and the Reasonableness of Theurgic Devotion: Marsilio Ficino\u2019s &hellip; <a href=\"https:\/\/people.unica.it\/neoplatonic\/wednesday-20-june\/\">Continua a leggere<span class=\"meta-nav\">&rarr;<\/span><\/a><\/p>\n","protected":false},"author":490,"featured_media":0,"parent":0,"menu_order":0,"comment_status":"closed","ping_status":"open","template":"","meta":{"footnotes":""},"class_list":["post-733","page","type-page","status-publish","hentry"],"_links":{"self":[{"href":"https:\/\/people.unica.it\/neoplatonic\/wp-json\/wp\/v2\/pages\/733","targetHints":{"allow":["GET"]}}],"collection":[{"href":"https:\/\/people.unica.it\/neoplatonic\/wp-json\/wp\/v2\/pages"}],"about":[{"href":"https:\/\/people.unica.it\/neoplatonic\/wp-json\/wp\/v2\/types\/page"}],"author":[{"embeddable":true,"href":"https:\/\/people.unica.it\/neoplatonic\/wp-json\/wp\/v2\/users\/490"}],"replies":[{"embeddable":true,"href":"https:\/\/people.unica.it\/neoplatonic\/wp-json\/wp\/v2\/comments?post=733"}],"version-history":[{"count":35,"href":"https:\/\/people.unica.it\/neoplatonic\/wp-json\/wp\/v2\/pages\/733\/revisions"}],"predecessor-version":[{"id":831,"href":"https:\/\/people.unica.it\/neoplatonic\/wp-json\/wp\/v2\/pages\/733\/revisions\/831"}],"wp:attachment":[{"href":"https:\/\/people.unica.it\/neoplatonic\/wp-json\/wp\/v2\/media?parent=733"}],"curies":[{"name":"wp","href":"https:\/\/api.w.org\/{rel}","templated":true}]}}