{"id":517,"date":"2009-07-09T13:19:41","date_gmt":"2009-07-09T11:19:41","guid":{"rendered":"http:\/\/people.unica.it\/mvgebm\/?page_id=517"},"modified":"2010-03-02T15:07:11","modified_gmt":"2010-03-02T13:07:11","slug":"biomedicina-sviluppo-di-metodologie-per-la-modellizzazione-e-lo-studio-di-farmaci-e-biofarmaci-dm-28142","status":"publish","type":"page","link":"https:\/\/people.unica.it\/mvgebm\/biomedicina-sviluppo-di-metodologie-per-la-modellizzazione-e-lo-studio-di-farmaci-e-biofarmaci-dm-28142\/","title":{"rendered":"BIOMEDICINA"},"content":{"rendered":"<p><a href=\"..\/\"><\/a><a href=\"http:\/\/people.unica.it\/mvgebm\/\">Home <\/a>\u2013 <a href=\"http:\/\/people.unica.it\/mvgebm\/finanziamenti\/\">Finanziamenti <\/a>\u2013 <a href=\"http:\/\/people.unica.it\/mvgebm\/finanziamenti\/progetti\/progetti-nazionali\/\">Progetti Nazionali <\/a>&#8211; <a href=\"http:\/\/people.unica.it\/mvgebm\/finanziamenti\/progetti\/progetti-nazionali\/progetti-terminati\/\">Progetti terminati<\/a> &#8211; <span style=\"color: #ffffff\"><strong>BIOMEDICINA <\/strong><\/span><\/p>\n<p style=\"text-align: center\"><span style=\"color: #ffffff\"><strong>BIOMEDICINA &#8220;Sviluppo di metodologie per la modellizzazione e lo studio di farmaci e biofarmaci&#8221; (DM 28142)<\/strong>Durata: 1 Gennaio 2006 &#8211; 30 Aprile 2009<\/span><\/p>\n<p style=\"text-align: center\"><span style=\"color: #ffffff\">Finanziamento Totale: \u20ac 3.851.500,00<\/span><\/p>\n<p style=\"text-align: center\"><span style=\"color: #ffffff\">Finanziamento della Sezione: \u20ac 1.152.500,00<\/span><\/p>\n<p style=\"text-align: center\"><span style=\"color: #ffffff\">Ruolo della Sezione: Partner<\/span><\/p>\n<p style=\"text-align: left\"><span style=\"color: #ffffff\">Abstract<br \/>\nIl progetto BIOMEDICINA si compone di due linee di ricerca che concorrono alla formazione del Laboratorio A.1.5 perseguendo obiettivi specifici indipendenti nella produzione di macromolecole (biofarmaci) e di piccole molecole (farmaci) di potenziale interesse terapeutico. Le due linee di ricerca hanno avuto come obiettivo finale comune la definizione e la validazione di una piattaforma tecnologica che si avvale di percorsi sovrapponibili: dalla progettazione, attraverso metodologie di bioinformatica e modellistica molecolare, all&#8217;impiego di sofisticati processi di screening per la definizione e la validazione dell&#8217;attivit\u00e0 biologica, passando per metodiche di produzione che, di necessit\u00e0, devono differenziarsi perch\u00e9 si possano ottenere molecole peptidiche e proteiche oppure prodotti provenienti dalla sintesi organica o dalla estrazione di sostanze naturali.<br \/>\nSotto il profilo pi\u00f9 generale, con il presente progetto \u00e8 stata promossa, in Sardegna, nel Distretto della Biomedicina, la confluenza di competenze scientifico-tecnologiche di alto potenziale innovativo nello specifico settore strategico dello sviluppo di molecole bioattive, e un&#8217;adeguata interazione con il mondo dell&#8217;impresa.<br \/>\nObiettivi generali sono stati:<br \/>\n&#8211; la crescita di nuove attivit\u00e0 economiche ad alto contenuto tecnologico;<br \/>\n&#8211; lo sviluppo di servizi avanzati;<br \/>\n&#8211; il consolidamento di processi di internazionalizzazione del sistema scientifico e tecnologico meridionale;<br \/>\n&#8211; l&#8217;inserimento di giovani talenti in progetti di ricerca aperti ad applicazioni innovative ed al mercato.<br \/>\nIl Laboratorio si configura come un&#8217;unit\u00e0 organizzativa caratterizzata dai seguenti elementi distintivi:<br \/>\n&#8211; concentrazione, nell&#8217;asse Pula-Macchiareddu-Cagliari-Monserrato, di attivit\u00e0 multidisciplinari di notevole valenza scientifica;<br \/>\n&#8211; struttura organizzativa e gestionale finalizzata allo svolgimento di attivit\u00e0 di ricerca industriale, sviluppo precompetitivo e formazione;<br \/>\n&#8211; capacit\u00e0 di attrarre giovani laureati e qualificati ricercatori, italiani e stranieri;<br \/>\n&#8211; capacit\u00e0 di valorizzare i risultati della ricerca in termini di brevetti e spin-off industriali;<br \/>\n&#8211; potenziamento della rete di collaborazioni scientifiche e industriali su scala regionale, nazionale ed<br \/>\ninternazionale.<\/span><\/p>\n","protected":false},"excerpt":{"rendered":"<p>Home \u2013 Finanziamenti \u2013 Progetti Nazionali &#8211; Progetti terminati &#8211; BIOMEDICINA BIOMEDICINA &#8220;Sviluppo di metodologie per la modellizzazione e lo studio di farmaci e biofarmaci&#8221; (DM 28142)Durata: 1 Gennaio 2006 &#8211; 30 Aprile 2009 Finanziamento Totale: \u20ac 3.851.500,00 Finanziamento della Sezione: \u20ac 1.152.500,00 Ruolo della Sezione: Partner Abstract Il progetto BIOMEDICINA si compone di due linee di ricerca che concorrono alla formazione del Laboratorio A.1.5 perseguendo obiettivi specifici indipendenti nella produzione di macromolecole (biofarmaci) e di piccole molecole (farmaci) di potenziale interesse terapeutico. Le due linee di ricerca hanno avuto come obiettivo finale comune la definizione e la validazione di <a href='https:\/\/people.unica.it\/mvgebm\/biomedicina-sviluppo-di-metodologie-per-la-modellizzazione-e-lo-studio-di-farmaci-e-biofarmaci-dm-28142\/' class='excerpt-more'>[&#8230;]<\/a><\/p>\n","protected":false},"author":49,"featured_media":0,"parent":0,"menu_order":0,"comment_status":"closed","ping_status":"open","template":"","meta":{"footnotes":""},"class_list":["post-517","page","type-page","status-publish","hentry","category-1-id","post-seq-1","post-parity-odd","meta-position-corners","fix"],"_links":{"self":[{"href":"https:\/\/people.unica.it\/mvgebm\/wp-json\/wp\/v2\/pages\/517","targetHints":{"allow":["GET"]}}],"collection":[{"href":"https:\/\/people.unica.it\/mvgebm\/wp-json\/wp\/v2\/pages"}],"about":[{"href":"https:\/\/people.unica.it\/mvgebm\/wp-json\/wp\/v2\/types\/page"}],"author":[{"embeddable":true,"href":"https:\/\/people.unica.it\/mvgebm\/wp-json\/wp\/v2\/users\/49"}],"replies":[{"embeddable":true,"href":"https:\/\/people.unica.it\/mvgebm\/wp-json\/wp\/v2\/comments?post=517"}],"version-history":[{"count":6,"href":"https:\/\/people.unica.it\/mvgebm\/wp-json\/wp\/v2\/pages\/517\/revisions"}],"predecessor-version":[{"id":938,"href":"https:\/\/people.unica.it\/mvgebm\/wp-json\/wp\/v2\/pages\/517\/revisions\/938"}],"wp:attachment":[{"href":"https:\/\/people.unica.it\/mvgebm\/wp-json\/wp\/v2\/media?parent=517"}],"curies":[{"name":"wp","href":"https:\/\/api.w.org\/{rel}","templated":true}]}}