{"id":2,"date":"2009-05-21T12:51:58","date_gmt":"2009-05-21T10:51:58","guid":{"rendered":""},"modified":"2010-05-19T10:10:24","modified_gmt":"2010-05-19T08:10:24","slug":"microbiologia-e-virologia-generale-e-biotecnologie","status":"publish","type":"page","link":"https:\/\/people.unica.it\/mvgebm\/","title":{"rendered":"Storia"},"content":{"rendered":"<p><span style=\"color: #ffffff\">Il gruppo di ricerca della Sezione di Microbiologia Generale e Virologia &amp; Biotecnologie Microbiche ha avviato la propria attivit\u00e0 agli inizi degli anni 90 grazie ai finanziamenti ottenuti nell&#8217;ambito del Progetto AIDS del Ministero della Sanit\u00e0 &#8211; ISS. Per dieci anni (dal &#8217;90 al &#8217;99) il gruppo ha potuto disporre di un flusso regolare di risorse finanziarie congrue che hanno consentito di pianificare gli investimenti in strumentazione e personale e garantito la necessaria continuit\u00e0 nelle attivit\u00e0 di ricerca.<\/span><\/p>\n<table style=\"height: 131px\" border=\"0\" cellspacing=\"0\" cellpadding=\"0\" width=\"186\" align=\"center\">\n<tbody>\n<tr>\n<td valign=\"top\"><span style=\"color: #ffffff\"><img decoding=\"async\" src=\"http:\/\/people.unica.it\/mvgebm\/files\/2010\/04\/anim.gif\" alt=\"Il dipartimento\" width=\"186\" height=\"131\" \/><\/span><\/td>\n<\/tr>\n<\/tbody>\n<\/table>\n<p><span style=\"color: #ffffff\">La pubblicazione dei risultati via via ottenuti nelle maggiori riviste del settore ha quindi consentito di ottenere visibilit\u00e0 internazionale e di partecipare a una delle iniziative di &#8220;spin off&#8221; di maggiore successo degli ultimi dieci anni negli USA: quella che ha determinato la nascita di Idenix (inizialmente Novirio) in virt\u00f9 delle confluenza dei progetti di ricerca sugli antivirali di un gruppo di Farmacologi clinici dell&#8217;Universit\u00e0 di Birmingham (Alabama, USA), di un gruppo di Chimici dell&#8217;Universit\u00e0 e del CNRS di Montpellier (Francia), e del gruppo di Virologi dell&#8217;Universit\u00e0 di Cagliari.<\/span><\/p>\n<p><span style=\"color: #ffffff\">L&#8217;iniziativa ha portato alla creazione del Laboratorio Cooperativo Idenix &#8211; Universit\u00e0 di Cagliari, che ha concentrato la propria attivit\u00e0 di ricerca su:<\/span><\/p>\n<ul style=\"text-align: justify\">\n<li><span style=\"color: #ffffff\">una classe di <strong>analoghi di nucleosidi<\/strong> (caratterizzati da un metile nella posizione 2&#8242; del ribosio), rivelatisi potenti inibitori delle polimerasi di alcune famiglie di RNA virus, una delle quali comprende anche il virus HCV (responsabile delle epatiti di tipo C);<\/span><\/li>\n<li><span style=\"color: #ffffff\">due classi di molecole appartenenti ai cosiddetti <strong>inibitori non nucleosidici<\/strong> della trascrittasi inversa (<strong>NNRTI<\/strong>) di HIV-1 (il virus responsabile dell&#8217;AIDS);<\/span><\/li>\n<\/ul>\n<p><span style=\"color: #ffffff\">Attualmente, derivati <\/span><span style=\"color: #ffffff\">2\u2019<\/span><span style=\"color: #ffffff\"> methyl nucleosides<\/span><span style=\"color: #ffffff\"> per la terapia delle infezioni da <strong>HCV<\/strong> sono in sperimentazione clinica (portata avanti da Idenix \/Novartis e Pharmasset\/Roche).<br \/>\nAnche un rappresentante della classe <strong>dei derivati degli indoli<\/strong> \u00e8 oggetto di studi clinici Fase I (portati avanti da Idenix) per la terapia delle infezioni da <strong>HIV<\/strong>. Di recente, i derivati degli indoli sono stati dati in licenza a GlaxoSmithKline.<br \/>\nUn prototipo degli NNRTI appartenenti alla classe dei <strong>DABO<\/strong> \u00e8, invece, oggetto di sperimentazione nelle scimmie per la dimostrazione della sua capacit\u00e0 di prevenire la trasmissione per via sessuale di <strong>HIV<\/strong>.<br \/>\nIn parallelo, nei Laboratori di Monserrato e di Macchiareddu, il gruppo porta avanti la sua attivit\u00e0 di ricerca principalmente incentrata su <strong><a href=\"http:\/\/people.unica.it\/mvgebm\/ricerca\/linee-di-ricerca\/\">attivit\u00e0 antivirali<\/a><\/strong> e <a href=\"http:\/\/people.unica.it\/mvgebm\/ricerca\/linee-di-ricerca\/\"><strong>biotecnologie applicate all&#8217;ambiente.<\/strong><\/a><\/span><\/p>\n","protected":false},"excerpt":{"rendered":"<p>Il gruppo di ricerca della Sezione di Microbiologia Generale e Virologia &amp; Biotecnologie Microbiche ha avviato la propria attivit\u00e0 agli inizi degli anni 90 grazie ai finanziamenti ottenuti nell&#8217;ambito del Progetto AIDS del Ministero della Sanit\u00e0 &#8211; ISS. Per dieci anni (dal &#8217;90 al &#8217;99) il gruppo ha potuto disporre di un flusso regolare di risorse finanziarie congrue che hanno consentito di pianificare gli investimenti in strumentazione e personale e garantito la necessaria continuit\u00e0 nelle attivit\u00e0 di ricerca. La pubblicazione dei risultati via via ottenuti nelle maggiori riviste del settore ha quindi consentito di ottenere visibilit\u00e0 internazionale e di partecipare <a href='https:\/\/people.unica.it\/mvgebm\/' class='excerpt-more'>[&#8230;]<\/a><\/p>\n","protected":false},"author":49,"featured_media":0,"parent":0,"menu_order":1,"comment_status":"closed","ping_status":"closed","template":"","meta":{"footnotes":""},"class_list":["post-2","page","type-page","status-publish","hentry","category-1-id","post-seq-1","post-parity-odd","meta-position-corners","fix"],"_links":{"self":[{"href":"https:\/\/people.unica.it\/mvgebm\/wp-json\/wp\/v2\/pages\/2","targetHints":{"allow":["GET"]}}],"collection":[{"href":"https:\/\/people.unica.it\/mvgebm\/wp-json\/wp\/v2\/pages"}],"about":[{"href":"https:\/\/people.unica.it\/mvgebm\/wp-json\/wp\/v2\/types\/page"}],"author":[{"embeddable":true,"href":"https:\/\/people.unica.it\/mvgebm\/wp-json\/wp\/v2\/users\/49"}],"replies":[{"embeddable":true,"href":"https:\/\/people.unica.it\/mvgebm\/wp-json\/wp\/v2\/comments?post=2"}],"version-history":[{"count":109,"href":"https:\/\/people.unica.it\/mvgebm\/wp-json\/wp\/v2\/pages\/2\/revisions"}],"predecessor-version":[{"id":9,"href":"https:\/\/people.unica.it\/mvgebm\/wp-json\/wp\/v2\/pages\/2\/revisions\/9"}],"wp:attachment":[{"href":"https:\/\/people.unica.it\/mvgebm\/wp-json\/wp\/v2\/media?parent=2"}],"curies":[{"name":"wp","href":"https:\/\/api.w.org\/{rel}","templated":true}]}}