{"id":120,"date":"2009-05-25T12:05:03","date_gmt":"2009-05-25T10:05:03","guid":{"rendered":"http:\/\/people.unica.it\/mvgebm\/?page_id=120"},"modified":"2010-03-02T13:54:09","modified_gmt":"2010-03-02T11:54:09","slug":"laboratori-bl3","status":"publish","type":"page","link":"https:\/\/people.unica.it\/mvgebm\/ricerca\/studi-e-laboratori\/laboratori-bl3\/","title":{"rendered":"Laboratori BL3 (Biosafety Level 3)"},"content":{"rendered":"<p><span style=\"color: #ffffff\"><a href=\"http:\/\/people.unica.it\/mvgebm\/\">Home <\/a>&#8211; <a href=\"http:\/\/people.unica.it\/mvgebm\/ricerca\/\">Ricerca<\/a>&#8211; <a href=\"http:\/\/people.unica.it\/mvgebm\/ricerca\/studi-e-laboratori\/\">Studi e Laboratori <\/a>&#8211; <a href=\"http:\/\/people.unica.it\/mvgebm\/laboratori\/\">Laboratori <\/a>&#8211; Laboratori BL3<\/span><\/p>\n<p><span style=\"color: #ffffff\"><strong>Caratteristiche tecniche<\/strong>: Laboratorio di contenimento per la manipolazione di cellule ingegnerizzate, batteri e virus (ceppi di laboratorio e isolati clinici) compresi nell&#8217;elenco degli agenti da infezione che richiedono un livello di sicurezza 3.<br \/>\nIl Laboratorio \u00e8 equipaggiato con: 1 Autoclave, 4 Cappe a Flusso Laminare, 5 Incubatori a CO2, 1 Microscopio invertito, 1 Congelatore (-80 \u00b0C), 1 Frigo\/Freezer (+4\/-20 \u00b0C), 1 Centrifuga da banco, 1 Minicentrifuga, 1 Lavatore piastre, 2 Spettrofotometri per minipiastre, 1 Spettrofotometro, 1 Bilancia analitica, 1 Termoblock, 1 Bagno Termostatato.<\/span><\/p>\n<div>\n<table style=\"height: 155px;text-align: center\" border=\"0\" cellspacing=\"0\" cellpadding=\"0\" width=\"470\">\n<tbody>\n<tr>\n<td width=\"200\"><span style=\"color: #ffffff\"><img decoding=\"async\" style=\"border: 2px solid black\" src=\"http:\/\/people.unica.it\/mvgebm\/files\/2010\/03\/1.gif\" alt=\"Laboratori BL3\" width=\"200\" height=\"151\" \/><\/span><\/td>\n<td width=\"200\"><span style=\"color: #ffffff\"><img decoding=\"async\" class=\"aligncenter\" style=\"border: 2px solid black\" src=\"http:\/\/people.unica.it\/mvgebm\/files\/2009\/05\/img002-bl3.gif\" alt=\"Laboratori BL3\" width=\"200\" height=\"151\" \/><\/span><\/td>\n<\/tr>\n<\/tbody>\n<\/table>\n<\/div>\n<p><span style=\"color: #ffffff\"><strong>Anno di acquisizione<\/strong>: 1999<\/span><\/p>\n<p><span style=\"color: #ffffff\"><strong>Responsabile<\/strong>: Dott.ssa Roberta Loddo.<\/span><\/p>\n<p><span style=\"color: #ffffff\"><strong>Inventario<\/strong>: Dipartimento di Scienze e Tecnologie Biomediche &#8211; Sezione di Microbiologia e Virologia Generale e Biotecnologie Microbiche.<\/span><\/p>\n<p><span style=\"color: #ffffff\"><strong>Principali applicazioni<\/strong>:<br \/>\n\u2666 Crescita e titolazione dei virus di livello di biosicurezza 3 (BL3): <em>Retrovirus <\/em>(ceppi di laboratorio e isolati clinici di HIV-1 e HIV-2); <em>Flavivirus<\/em><br \/>\n\u2666 V<span style=\"color: #ffffff\">alutazione della citotossicit\u00e0 (CC50) e attivit\u00e0 antivirale (EC50) di composti di sintesi e di origine naturale: saggi di citopatogenicit\u00e0 (CP), ed Elisa (p24).<br \/>\n\u2666 Selezione di mutanti farmaco-resistenti e studi di cross-resistenza.<\/span><span style=\"color: #888888\"><span style=\"color: #ffffff\"><br \/>\n\u2666 Crescita e valutazione dell&#8217;attivit\u00e0 antimicobatterica (<em>Mycobacterium tuberculosis<\/em>).<\/span><br \/>\n<\/span><\/span><\/p>\n","protected":false},"excerpt":{"rendered":"<p>Home &#8211; Ricerca&#8211; Studi e Laboratori &#8211; Laboratori &#8211; Laboratori BL3 Caratteristiche tecniche: Laboratorio di contenimento per la manipolazione di cellule ingegnerizzate, batteri e virus (ceppi di laboratorio e isolati clinici) compresi nell&#8217;elenco degli agenti da infezione che richiedono un livello di sicurezza 3. Il Laboratorio \u00e8 equipaggiato con: 1 Autoclave, 4 Cappe a Flusso Laminare, 5 Incubatori a CO2, 1 Microscopio invertito, 1 Congelatore (-80 \u00b0C), 1 Frigo\/Freezer (+4\/-20 \u00b0C), 1 Centrifuga da banco, 1 Minicentrifuga, 1 Lavatore piastre, 2 Spettrofotometri per minipiastre, 1 Spettrofotometro, 1 Bilancia analitica, 1 Termoblock, 1 Bagno Termostatato. Anno di acquisizione: 1999 Responsabile: Dott.ssa <a href='https:\/\/people.unica.it\/mvgebm\/ricerca\/studi-e-laboratori\/laboratori-bl3\/' class='excerpt-more'>[&#8230;]<\/a><\/p>\n","protected":false},"author":88,"featured_media":0,"parent":116,"menu_order":2,"comment_status":"closed","ping_status":"closed","template":"","meta":{"footnotes":""},"class_list":["post-120","page","type-page","status-publish","hentry","category-1-id","post-seq-1","post-parity-odd","meta-position-corners","fix"],"_links":{"self":[{"href":"https:\/\/people.unica.it\/mvgebm\/wp-json\/wp\/v2\/pages\/120","targetHints":{"allow":["GET"]}}],"collection":[{"href":"https:\/\/people.unica.it\/mvgebm\/wp-json\/wp\/v2\/pages"}],"about":[{"href":"https:\/\/people.unica.it\/mvgebm\/wp-json\/wp\/v2\/types\/page"}],"author":[{"embeddable":true,"href":"https:\/\/people.unica.it\/mvgebm\/wp-json\/wp\/v2\/users\/88"}],"replies":[{"embeddable":true,"href":"https:\/\/people.unica.it\/mvgebm\/wp-json\/wp\/v2\/comments?post=120"}],"version-history":[{"count":47,"href":"https:\/\/people.unica.it\/mvgebm\/wp-json\/wp\/v2\/pages\/120\/revisions"}],"predecessor-version":[{"id":900,"href":"https:\/\/people.unica.it\/mvgebm\/wp-json\/wp\/v2\/pages\/120\/revisions\/900"}],"up":[{"embeddable":true,"href":"https:\/\/people.unica.it\/mvgebm\/wp-json\/wp\/v2\/pages\/116"}],"wp:attachment":[{"href":"https:\/\/people.unica.it\/mvgebm\/wp-json\/wp\/v2\/media?parent=120"}],"curies":[{"name":"wp","href":"https:\/\/api.w.org\/{rel}","templated":true}]}}