{"id":194,"date":"2007-04-05T08:17:10","date_gmt":"2007-04-05T07:17:10","guid":{"rendered":"http:\/\/people.unica.it\/mlorinczi\/copyright\/"},"modified":"2020-08-22T12:47:22","modified_gmt":"2020-08-22T11:47:22","slug":"copyright","status":"publish","type":"page","link":"https:\/\/people.unica.it\/mlorinczi\/copyright\/","title":{"rendered":"Copyright e Diritti d&#8217;autore"},"content":{"rendered":"<p style=\"margin: 0.0px 0.0px 0.0px 0.0px;font: 18.0px 'Times New Roman';color: #555555\"><em>A proposito di PDF, diritti d\u2019autore e [altro], &#8220;<\/em>ROARS&#8221;,<\/p>\n<p style=\"margin: 0.0px 0.0px 0.0px 0.0px;font: 18.0px 'Times New Roman';color: #555555\">3 ottobre 2012,\u00a0<a href=\"http:\/\/www.roars.it\/online\/?p=13372\">http:\/\/www.roars.it\/online\/?p=13372<\/a><\/p>\n<p>La propriet\u00e0 intellettuale dei lavori personali pubblicati in questo sito \u00e8 tutelata e protetta ai sensi delle normative legali nazionali, comunitarie ed internazionali, nonch\u00e9 dalle norme morali, vigenti in materia di prodotti immateriali, dell&#8217;intelletto e della creativit\u00e0 . Pertanto, ogni utilizzo, che non pu\u00f2 che essere parziale, sotto forma di citazioni o di rimandi, deve recare l&#8217;indicazione precisa della fonte (autore, titolo, ecc.), del punto esatto al quale si attinge l&#8217;informazione (pagina, capitolo o altro), della reperibilit\u00e0 e collocazione del lavoro nella Web, e della data della visita.<\/p>\n<p>All rights reserved. Texts and images may not be redistributed without the author&#8217;s written permission.<\/p>\n<p>Sull&#8217;argomento v., ad es.,<\/p>\n<p><a href=\"http:\/\/fr.wikipedia.org\/wiki\/Droit_d%27auteur\">http:\/\/fr.wikipedia.org\/wiki\/Droit_d%27auteur<\/a>\u00a0\u00a0e\u00a0<a href=\"http:\/\/it.wikipedia.org\/wiki\/Diritto_d%E2%80%99autore\">http:\/\/it.wikipedia.org\/wiki\/Diritto_d\u2019autore<\/a>\u00a0: \u00abIl diritto nasce al momento della creazione dell&#8217;opera, che il nostro codice civile identifica, un po&#8217; cripticamente, in una <em>particolare espressione del lavoro intellettuale<\/em>. Contrariamente a quanto spesso argomentato, non sempre disinteressatamente, il diritto sussiste sin dalla creazione, e non vi \u00e8 obbligo di deposito (ad esempio, presso la SIAE), di registrazione o di pubblicazione dell&#8217;opera (a differenza del brevetto industriale e sui modelli e disegni di utilit\u00e0 che vanno registrati con efficia costitutiva).\u00bb<\/p>\n<p>Berne Convention for the Protection of Literary and Artistic Works, v.<\/p>\n<p><a href=\"http:\/\/en.wikipedia.org\/wiki\/Berne_Convention_for_the_Protection_of_Literary_and_Artistic_Works\">http:\/\/en.wikipedia.org\/wiki\/Berne_Convention_for_the_Protection_of_Literary_and_Artistic_Works<\/a><\/p>\n<p>Secondo la Legge del 22 aprile 1941, n. 633, modificata dalla legge del 22 maggio 2004, n. 128 <a href=\"http:\/\/www.google.com\/gwt\/n?u=http:\/\/www.interlex.it\/testi\/l41_633.htm#87\">articolo 87<\/a> e <a href=\"http:\/\/www.google.com\/gwt\/n?u=http:\/\/www.interlex.it\/testi\/l41_633.htm#92\">articolo 92<\/a>, le foto generiche e prive di carattere artistico, le riproduzioni di opere dell&#8217;arte figurativa e i fotogrammi delle pellicole cinematografiche divengono di pubblico dominio a partire dall&#8217;inizio dell&#8217;anno solare seguente al compimento del ventesimo anno dalla data di pubblicazione.<\/p>\n<p>DA: \u00a0 \u00a0 \u00a0 ACM (Association for Computing Machinery) Code of Ethics and Professional Conduct. Adopted by ACM Council 10\/16\/92<\/p>\n<p><a href=\"http:\/\/www.acm.org\/about\/code-of-ethics\/#sect1\">http:\/\/www.acm.org\/about\/code-of-ethics\/#sect1<\/a>\u00a0 \u00a0 &#8230;&#8230; \u00a0<strong> <span style=\"font-weight: normal\"><strong>1.6 \u00a0 \u00a0Give proper credit for intellectual property. <\/strong>&#8230;&#8230;&#8230;..\u00a0\u00a0<span style=\"color: #ff0000\">one \u00a0must \u00a0not \u00a0take \u00a0credit \u00a0for \u00a0other&#8217;s \u00a0ideas \u00a0or \u00a0work, \u00a0even \u00a0in \u00a0cases \u00a0where \u00a0the \u00a0work \u00a0has \u00a0not \u00a0been \u00a0explicitly \u00a0protected \u00a0by \u00a0copyright, \u00a0patent, \u00a0etc.<\/span><\/span><\/strong><\/p>\n<p>Si veda anche \u00a0<a href=\"http:\/\/www.budapestopenaccessinitiative.org\/\">http:\/\/www.budapestopenaccessinitiative.org\/<\/a>\u00a0 \u00a0 \u00a0\u00a0Budapest Open Access Initiative<\/p>\n<p>&nbsp;<\/p>\n","protected":false},"excerpt":{"rendered":"<p>A proposito di PDF, diritti d\u2019autore e [altro], &#8220;ROARS&#8221;, 3 ottobre 2012,\u00a0http:\/\/www.roars.it\/online\/?p=13372 La propriet\u00e0 intellettuale dei lavori personali pubblicati in questo sito \u00e8 tutelata e protetta ai sensi delle normative legali nazionali, comunitarie ed internazionali, nonch\u00e9 dalle norme morali, vigenti in materia di prodotti immateriali, dell&#8217;intelletto e della creativit\u00e0 . Pertanto, ogni utilizzo, che non pu\u00f2 che essere parziale, sotto forma di citazioni o di rimandi, deve recare l&#8217;indicazione precisa della fonte (autore, titolo, ecc.), del punto esatto al quale si attinge l&#8217;informazione (pagina, capitolo o altro), della reperibilit\u00e0 e collocazione del lavoro nella Web, e della data della visita. <a href='https:\/\/people.unica.it\/mlorinczi\/copyright\/' class='excerpt-more'>[&#8230;]<\/a><\/p>\n","protected":false},"author":31,"featured_media":0,"parent":0,"menu_order":0,"comment_status":"closed","ping_status":"open","template":"","meta":{"footnotes":""},"class_list":["post-194","page","type-page","status-publish","hentry","category-143-id","post-seq-1","post-parity-odd","meta-position-corners","fix"],"_links":{"self":[{"href":"https:\/\/people.unica.it\/mlorinczi\/wp-json\/wp\/v2\/pages\/194","targetHints":{"allow":["GET"]}}],"collection":[{"href":"https:\/\/people.unica.it\/mlorinczi\/wp-json\/wp\/v2\/pages"}],"about":[{"href":"https:\/\/people.unica.it\/mlorinczi\/wp-json\/wp\/v2\/types\/page"}],"author":[{"embeddable":true,"href":"https:\/\/people.unica.it\/mlorinczi\/wp-json\/wp\/v2\/users\/31"}],"replies":[{"embeddable":true,"href":"https:\/\/people.unica.it\/mlorinczi\/wp-json\/wp\/v2\/comments?post=194"}],"version-history":[{"count":17,"href":"https:\/\/people.unica.it\/mlorinczi\/wp-json\/wp\/v2\/pages\/194\/revisions"}],"predecessor-version":[{"id":2726,"href":"https:\/\/people.unica.it\/mlorinczi\/wp-json\/wp\/v2\/pages\/194\/revisions\/2726"}],"wp:attachment":[{"href":"https:\/\/people.unica.it\/mlorinczi\/wp-json\/wp\/v2\/media?parent=194"}],"curies":[{"name":"wp","href":"https:\/\/api.w.org\/{rel}","templated":true}]}}