{"id":191,"date":"2007-01-15T12:47:25","date_gmt":"2007-01-15T11:47:25","guid":{"rendered":"http:\/\/people.unica.it\/mlorinczi\/saggi\/"},"modified":"2024-09-24T11:25:22","modified_gmt":"2024-09-24T10:25:22","slug":"saggi-vari-pubblicati-o-in-via-di-pubblicazione","status":"publish","type":"page","link":"https:\/\/people.unica.it\/mlorinczi\/saggi-vari-pubblicati-o-in-via-di-pubblicazione\/","title":{"rendered":"Saggi ed articoli vari, pubblicati o in via di pubblicazione"},"content":{"rendered":"<p><a href=\"http:\/\/dialnet.unirioja.es\/servlet\/revista?tipo_busqueda=CODIGO&amp;clave_revista=1169\">Revista de Filolog\u00eca Rom\u00e0nica<\/a>, 2000, n. 17 : <em>Lenguas minoritarias en la Romania. El sardo. Estado de la cuesti\u00f2n<\/em>, a cura di Marinella\u00a0 Lo&#8221;rinczi,\u00a0 scaricabile al sito:\u00a0 <a href=\"http:\/\/dialnet.unirioja.es\/servlet\/listaarticulos?tipo_busqueda=EJEMPLAR&amp;revista_busqueda=1169&amp;clave_busqueda=9810\">http:\/\/dialnet.unirioja.es\/servlet\/listaarticulos?tipo_busqueda=EJEMPLAR&amp;revista_busqueda=1169&amp;clave_busqueda=9810<\/a><\/p>\n<ul>\n<li><a title=\"Il filologo, il naturalisto e lo scrittore. Alghero 2006; Cagliari, Cuec, 2007.\" href=\"http:\/\/people.unica.it\/mlorinczi\/files\/2008\/04\/alghero-estratto.pdf\">Il filologo, il naturalisto e lo scrittore. Alghero 2006; Cagliari, Cuec, 2007.<\/a><\/li>\n<\/ul>\n<ul>\n<li><a title=\"Recensione al film \u201c4 mesi, 3 settimane, 2 giorni\u201d di Cristian Mungiu, Palma d\u2019Oro, Cannes 2007. (formato pdf)\" href=\"http:\/\/people.unica.it\/mlorinczi\/files\/2008\/01\/mungiu.pdf\">Recensione al film \u201c4 mesi, 3 settimane, 2 giorni\u201d di Cristian Mungiu, Palma d\u2019Oro, Cannes 2007. (formato pdf)<\/a><\/li>\n<\/ul>\n<p><a href=\"https:\/\/people.unica.it\/mlorinczi\/files\/2023\/12\/OP.-CIT.-2007-Lorinczi.pdf\"><em>Op.cit. Problemi dell&#8217;informazione e dell&#8217;aggiornamento bibliografici<\/em>, 2007.<\/a><\/p>\n<ul>\n<li><a title=\"Sturpatori e stuprate di serie A e di serie B\" href=\"http:\/\/people.unica.it\/mlorinczi\/files\/2008\/08\/stupratori.pdf\">Stupratori e stuprate di serie A e di serie B<\/a><\/li>\n<li><a title=\"Stupratori\" href=\"http:\/\/people.unica.it\/mlorinczi\/files\/2008\/08\/stupratori.jpg\">Stupratori (immagini al precedente). (formato jpg)<\/a><\/li>\n<li>\n\t\t<style type=\"text\/css\">\n\t\t\t#gallery-1 {\n\t\t\t\tmargin: auto;\n\t\t\t}\n\t\t\t#gallery-1 .gallery-item {\n\t\t\t\tfloat: left;\n\t\t\t\tmargin-top: 10px;\n\t\t\t\ttext-align: center;\n\t\t\t\twidth: 33%;\n\t\t\t}\n\t\t\t#gallery-1 img {\n\t\t\t\tborder: 2px solid #cfcfcf;\n\t\t\t}\n\t\t\t#gallery-1 .gallery-caption {\n\t\t\t\tmargin-left: 0;\n\t\t\t}\n\t\t\t\/* see gallery_shortcode() in wp-includes\/media.php *\/\n\t\t<\/style>\n\t\t<div id='gallery-1' class='gallery galleryid-191 gallery-columns-3 gallery-size-thumbnail'><dl class='gallery-item'>\n\t\t\t<dt class='gallery-icon portrait'>\n\t\t\t\t<a href='https:\/\/people.unica.it\/mlorinczi\/saggi-vari-pubblicati-o-in-via-di-pubblicazione\/stupratori-2\/'><img decoding=\"async\" width=\"150\" height=\"150\" src=\"https:\/\/people.unica.it\/mlorinczi\/files\/\/home\/people\/wp-content\/blogs.dir\/30\/files\/\/2008\/08\/stupratori-150x150.jpg\" class=\"attachment-thumbnail size-thumbnail\" alt=\"\" \/><\/a>\n\t\t\t<\/dt><\/dl>\n\t\t\t<br style='clear: both' \/>\n\t\t<\/div>\n<\/li>\n<li><a href=\"http:\/\/people.unica.it\/mlorinczi\/files\/2007\/01\/hommagemmm2.pdf\">Sulla linearit\u00e0 del discorso orale e della scrittura. (pdf)<br \/>\n<\/a><\/li>\n<li>\u00a0 \u00a0 \u00a0 \u00a0 \u00a0 \u00a0 \u00a0 \u00a0 \u00a0 \u00a0 \u00a0 \u00a0 \u00a0 \u00a0 \u00a0 \u00a0 \u00a0 \u00a0 \u00a0 \u00a0 \u00a0\u00a0<a href=\"http:\/\/people.unica.it\/mlorinczi\/files\/2012\/10\/13.MMM-LORINCZI-illustrazioni.pdf\">ILLUSTRAZIONI AL PRECEDENTE \u00a0LAVORO \u00a0(non pubblicate)<\/a><\/li>\n<li>\n<p class=\"p1\"><a href=\"https:\/\/people.unica.it\/mlorinczi\/files\/2024\/09\/oralita-e-scrittura-Lorinczi-1982.pdf\"><em>Scarto e aderenza tra sistemi grafici e oralit\u00e0 linguistica<\/em><\/a>, in: Oralit\u00e0<i> e scrittura nel sistema letterario<\/i><span class=\"s1\">,\u00a0<\/span>a c. di G. Cerina, C. Lavinio, L. Mulas,\u00a0Roma, Bulzoni, 1982, pp. 23-30.<\/p>\n<\/li>\n<li>(II bozze, &#8220;La Ricerca Folklorica&#8221;, 2016) \u00a0<a href=\"https:\/\/people.unica.it\/mlorinczi\/files\/2024\/03\/EFIX-Lorinczi2-II-bozze-IMPAGINATO.pdf\"><b><span style=\"text-decoration: underline\">Storia\u00a0 di\u00a0 <i>Efix<\/i>\u00a0 e\u00a0 di\u00a0 <\/span><i><span style=\"text-decoration: underline\">Grixenda<\/span>.<\/i><\/b><\/a><i> <\/i>1 Grazia Deledda, Efisio e Griselda; 2\u00a0 Efis \u2013 Efisio &#8211; Efix; 3 La lettera &lt;x&gt; e gli sistemi ortografici della lingua sarda; 4 La \u2018guerra\u2019 delle scritte pubbliche in relazione ai tentativi standardizzanti della lingua sarda; 5\u00a0 Origini della scescia (&lt;x&gt;) sarda; 6 &lt;X&gt; nei sistemi ortografici di altri idiomi ibero-romanzi; 7 Altri sistemi ortografici e non ortografici iberici; 8 Uso della &lt;x&gt; nei sistemi ortografici di variet\u00e0 italiane, francesi e del maltese; 9 Efix\/Grixenda, Grisenda e Griselda; 10 Griselda \u2013 Grisenda, attualizzazione di un produttivo modello onomastico . <strong><a href=\"http:\/\/people.unica.it\/mlorinczi\/files\/2015\/11\/Grixenda-bibliografia.pdf\">Bibliografia<\/a><\/strong>\u00a0(cliccare)<\/li>\n<\/ul>\n","protected":false},"excerpt":{"rendered":"<p>Revista de Filolog\u00eca Rom\u00e0nica, 2000, n. 17 : Lenguas minoritarias en la Romania. El sardo. Estado de la cuesti\u00f2n, a cura di Marinella\u00a0 Lo&#8221;rinczi,\u00a0 scaricabile al sito:\u00a0 http:\/\/dialnet.unirioja.es\/servlet\/listaarticulos?tipo_busqueda=EJEMPLAR&amp;revista_busqueda=1169&amp;clave_busqueda=9810 Il filologo, il naturalisto e lo scrittore. Alghero 2006; Cagliari, Cuec, 2007. Recensione al film \u201c4 mesi, 3 settimane, 2 giorni\u201d di Cristian Mungiu, Palma d\u2019Oro, Cannes 2007. (formato pdf) Op.cit. Problemi dell&#8217;informazione e dell&#8217;aggiornamento bibliografici, 2007. Stupratori e stuprate di serie A e di serie B Stupratori (immagini al precedente). (formato jpg) Sulla linearit\u00e0 del discorso orale e della scrittura. (pdf) \u00a0 \u00a0 \u00a0 \u00a0 \u00a0 \u00a0 \u00a0 \u00a0 \u00a0 \u00a0 <a href='https:\/\/people.unica.it\/mlorinczi\/saggi-vari-pubblicati-o-in-via-di-pubblicazione\/' class='excerpt-more'>[&#8230;]<\/a><\/p>\n","protected":false},"author":31,"featured_media":0,"parent":0,"menu_order":1,"comment_status":"closed","ping_status":"closed","template":"","meta":{"footnotes":""},"class_list":["post-191","page","type-page","status-publish","hentry","category-143-id","post-seq-1","post-parity-odd","meta-position-corners","fix"],"_links":{"self":[{"href":"https:\/\/people.unica.it\/mlorinczi\/wp-json\/wp\/v2\/pages\/191","targetHints":{"allow":["GET"]}}],"collection":[{"href":"https:\/\/people.unica.it\/mlorinczi\/wp-json\/wp\/v2\/pages"}],"about":[{"href":"https:\/\/people.unica.it\/mlorinczi\/wp-json\/wp\/v2\/types\/page"}],"author":[{"embeddable":true,"href":"https:\/\/people.unica.it\/mlorinczi\/wp-json\/wp\/v2\/users\/31"}],"replies":[{"embeddable":true,"href":"https:\/\/people.unica.it\/mlorinczi\/wp-json\/wp\/v2\/comments?post=191"}],"version-history":[{"count":82,"href":"https:\/\/people.unica.it\/mlorinczi\/wp-json\/wp\/v2\/pages\/191\/revisions"}],"predecessor-version":[{"id":3358,"href":"https:\/\/people.unica.it\/mlorinczi\/wp-json\/wp\/v2\/pages\/191\/revisions\/3358"}],"wp:attachment":[{"href":"https:\/\/people.unica.it\/mlorinczi\/wp-json\/wp\/v2\/media?parent=191"}],"curies":[{"name":"wp","href":"https:\/\/api.w.org\/{rel}","templated":true}]}}