{"id":1092,"date":"2012-11-11T12:09:25","date_gmt":"2012-11-11T11:09:25","guid":{"rendered":"http:\/\/people.unica.it\/mlorinczi\/?page_id=1092"},"modified":"2023-02-03T12:54:45","modified_gmt":"2023-02-03T11:54:45","slug":"diacritici-limportanza-dei","status":"publish","type":"page","link":"https:\/\/people.unica.it\/mlorinczi\/diacritici-limportanza-dei\/","title":{"rendered":"Diacritici (L&#8217;importanza dei segni diacritici)"},"content":{"rendered":"<p><strong>IL SANGUE DI SAN GENNARO \u2013 S\u00c1NDOR (Alessandro) M\u00c1RAI<\/strong><\/p>\n<p>(2012)\u00a0 \u00a0S\u00e1ndor M\u00c1RAI, <em>Il sangue di San Gennaro<\/em> (titolo orig. ungherese\u00a0<em>San Gennaro v\u00e9re, 1957 oppure 1965<\/em>), a cura di Antonio Donato Sciacovelli, Collana Biblioteca Adelphi, 2010: &#8220;Le pagine (bellissime e toccanti) sulla <strong>spoliazione e perdita di identit\u00e0<\/strong>, <span style=\"text-decoration: underline\"><a href=\"http:\/\/people.unica.it\/mlorinczi\/files\/2012\/11\/Marai-San-Gennaro.jpg\">sulla <strong>madre lingua<\/strong><\/a><\/span>\u00a0[cliccare!], sulla perenne <strong>sensazione di straniamento<\/strong> cui va incontro un esule non possono non ricordare quelle, altrettanto toccanti, contenute in <strong><em>\u201cTerra\u2026Terra!\u201d<\/em><\/strong>, secondo volume dell\u2019autobiografia dello scrittore ungherese cos\u00ec come quelle sul <strong>suicidio<\/strong> e la <strong>solitudine<\/strong> non possono non ricordare lo strazio di cui \u00e8 intriso il diario degli ultimi anni di M\u00e1rai, quel <a href=\"http:\/\/nonsoloproust.wordpress.com\/2009\/09\/08\/lultimo-dono-sandor-marai\/\"><strong><em>L\u2019ultimo dono<\/em><\/strong><\/a> la cui ultima pagina fu scritta due giorni prima che lo scrittore si suicidasse.&#8221;\u00a0 <a href=\"http:\/\/nonsoloproust.wordpress.com\/2010\/12\/18\/il-sangue-di-san-gennaro-sndor-mrai\/\">http:\/\/nonsoloproust.wordpress.com\/2010\/12\/18\/il-sangue-di-san-gennaro-sndor-mrai\/<\/a><\/p>\n<p><em><span style=\"color: #008080\">Ringrazio Luisa M.;\u00a0<\/span><\/em><span style=\"color: #008080\"> (2019)<\/span><em><span style=\"color: #008080\">\u00a0 la quale gentilmente mi aveva segnalato questo brano anni addietro, sicuramente impressionata dalle mie lamentele semiserie circa la &#8216;perdita&#8217;, da quando vivo in Italia, dei &#8216;miei&#8217; diacritici (sul cognome), in quasi tutti i documenti emessi o scritti da altri. E&#8217; un onore per me saper di pensarla come M\u00e1rai.\u00a0<\/span><\/em><\/p>\n<p>( 2019 a) A\u00a0 proposito dei diacritici si legga anche<\/p>\n<p><span class=\"s2\"><a href=\"https:\/\/www.manifestosardo.org\/sul-non-detto-la-conformazione-dellunione-europea-secondo-juncker\/\">\u00a0Sul non detto. La conformazione dell\u2019Unione Europea secondo Juncker,\u00a0 1 Maggio 2019\u00a0\u00a0\u00a0\u00a0 <\/a><\/span><span class=\"s2\">\u201cil manifesto sardo\u201d.<\/span><\/p>\n<p>(2019 b) <span class=\"s1\"><a href=\"https:\/\/www.adelphi.it\/libro\/9788845925238\">https:\/\/www.adelphi.it\/libro\/9788845925238<\/a> <\/span><span class=\"s2\">\u00a0<\/span><span class=\"s3\">S\u00e1ndor M\u00e1rai (1900-1989), <\/span><span class=\"s4\"><i>Il sangue di San Gennaro<\/i>, <\/span><span class=\"s1\">III ed. it. 2010; ed. diversa, Adelphi, 2012;<\/span><\/p>\n<p><span class=\"s1\"><a href=\"http:\/\/people.unica.it\/mlorinczi\/files\/2019\/07\/MArai-SAndor.pdf\"> lo stesso brano in ungherese<span style=\"text-decoration: underline\">\u00a0 [cliccare]<\/span><\/a><\/span><\/p>\n<p>N.B. Nel testo ungherese si parla di perdita della propria personalit\u00e0 (<em>szem\u00e9lyis\u00e9g<\/em>) e non dell&#8217;identit\u00e0.\u00a0<span class=\"s1\">Ritengo che essendo S.M. figlio di un <\/span><span class=\"s2\">notaio<\/span><span class=\"s1\"> e presidente della Camera degli <\/span><span class=\"s2\">avvocati<\/span><span class=\"s1\"> di Kassa\/<\/span><span class=\"s2\">Ko\u0161ice (Slovacchia)<\/span><span class=\"s1\">, vale a dire di G\u00e9za Groschenschmied de M\u00e1ra (1872-1934),\u00a0 la differenza tra &#8220;personalit\u00e0&#8221; e &#8220;identit\u00e0&#8221; dovesse essere per lui ben chiara.<\/span><\/p>\n<p>===========================================<\/p>\n<p><a href=\"http:\/\/people.unica.it\/mlorinczi\/files\/2015\/12\/Zerjal-Kosuta.pdf\">Sui diacritici nella lingua slovena.<\/a> \u00a0 \u00a08 dic. 2015<\/p>\n","protected":false},"excerpt":{"rendered":"<p>IL SANGUE DI SAN GENNARO \u2013 S\u00c1NDOR (Alessandro) M\u00c1RAI (2012)\u00a0 \u00a0S\u00e1ndor M\u00c1RAI, Il sangue di San Gennaro (titolo orig. ungherese\u00a0San Gennaro v\u00e9re, 1957 oppure 1965), a cura di Antonio Donato Sciacovelli, Collana Biblioteca Adelphi, 2010: &#8220;Le pagine (bellissime e toccanti) sulla spoliazione e perdita di identit\u00e0, sulla madre lingua\u00a0[cliccare!], sulla perenne sensazione di straniamento cui va incontro un esule non possono non ricordare quelle, altrettanto toccanti, contenute in \u201cTerra\u2026Terra!\u201d, secondo volume dell\u2019autobiografia dello scrittore ungherese cos\u00ec come quelle sul suicidio e la solitudine non possono non ricordare lo strazio di cui \u00e8 intriso il diario degli ultimi anni di M\u00e1rai, <a href='https:\/\/people.unica.it\/mlorinczi\/diacritici-limportanza-dei\/' class='excerpt-more'>[&#8230;]<\/a><\/p>\n","protected":false},"author":31,"featured_media":0,"parent":0,"menu_order":0,"comment_status":"closed","ping_status":"closed","template":"","meta":{"footnotes":""},"class_list":["post-1092","page","type-page","status-publish","hentry","post-seq-1","post-parity-odd","meta-position-corners","fix"],"_links":{"self":[{"href":"https:\/\/people.unica.it\/mlorinczi\/wp-json\/wp\/v2\/pages\/1092","targetHints":{"allow":["GET"]}}],"collection":[{"href":"https:\/\/people.unica.it\/mlorinczi\/wp-json\/wp\/v2\/pages"}],"about":[{"href":"https:\/\/people.unica.it\/mlorinczi\/wp-json\/wp\/v2\/types\/page"}],"author":[{"embeddable":true,"href":"https:\/\/people.unica.it\/mlorinczi\/wp-json\/wp\/v2\/users\/31"}],"replies":[{"embeddable":true,"href":"https:\/\/people.unica.it\/mlorinczi\/wp-json\/wp\/v2\/comments?post=1092"}],"version-history":[{"count":51,"href":"https:\/\/people.unica.it\/mlorinczi\/wp-json\/wp\/v2\/pages\/1092\/revisions"}],"predecessor-version":[{"id":2962,"href":"https:\/\/people.unica.it\/mlorinczi\/wp-json\/wp\/v2\/pages\/1092\/revisions\/2962"}],"wp:attachment":[{"href":"https:\/\/people.unica.it\/mlorinczi\/wp-json\/wp\/v2\/media?parent=1092"}],"curies":[{"name":"wp","href":"https:\/\/api.w.org\/{rel}","templated":true}]}}