{"id":2,"date":"2008-09-10T11:40:53","date_gmt":"2008-09-10T09:40:53","guid":{"rendered":""},"modified":"2010-12-21T00:47:50","modified_gmt":"2010-12-20T22:47:50","slug":"info","status":"publish","type":"page","link":"https:\/\/people.unica.it\/metabunica\/info\/","title":{"rendered":"L&#8217;analisi metabolica (Metabolomica)."},"content":{"rendered":"<p>La \u201cMetabolomica\u201d (in letteratura si trova anche il termine Metabonomica, oramai di significato equivalente) studia e alterazioni delle funzionalit\u00e0 metaboliche dei sistemi biologici mediante tecniche spettroscopiche applicate, per scopi diagnostici in medicina, alla caratterizzazione di fluidi e di campioni di tessuto solidi biologici.Il Gruppo di Ricerca dell&#8217;Universit\u00e0 di Cagliari impegnato in questo settore ha attualmente in corso esperimenti di metabolomica mediante spettroscopia di risonanza magnetica, spettrometria di massa e cromatografia su biofluidi per la caratterizzazione di patologie del sistema nervoso, di patologie neonatali rare, di alcune forme di tumore e di patologie cardiache.<br \/>\nI dati sono  prodotti mediante <a href=\"http:\/\/people.unica.it\/metabunica\/1h-mrs-e-la-matabolomica\/\">tecniche di indagine chimico-fisiche <\/a>come la spettroscopia a risonanza magnetica, la cromatografia e la spettrometria di massa applicate a campioni di biofluidi o di tessuti solidi opportunamente selezionati. Queste metodologie trovano oggi numerose possibilit\u00e0 di impiego nel campo delle scienze mediche dove le variabili che possono essere rilevate su soggetti umani ed animali che presentano una determinata patologia sono numerose; pu\u00f2 anche accadere che non tutte queste variabili siano necessariamente utili per descrivere il problema considerato, e quelle di interesse possono dipendere da meccanismi di interazione complessi tra i componenti di diversi percorsi metabolici.<br \/>\nQuesto discorso \u00e8 valido sia per la descrizione di patologie in essere, sia per l&#8217;identificazione di stadi pre-patologici (non manifesti ancora con disabilit\u00e0 evidenti del paziente) collegabili a fattori di rischio di insorgenza delle malattie, cio\u00e8 stati descrivibili da variabili dipendenti da alterazioni di origine genetica o ambientale che concorrono ad aumentare o a diminuire la possibilit\u00e0 di insorgenza di malattie e la cui conoscenza pu\u00f2 aiutare a mettere in atto piani di prevenzione.<br \/>\nCome gi\u00e0 detto in tutti i casi in cui si considerano sistemi biologici le variabili sono numerose e talvolta anche correlate tra loro; in questo caso l&#8217;utilizzo dei metodi metabolomici pu\u00f2 aiutare a fornire una visione globale \u2013 olistica &#8211; del problema, evidenziando le relazioni tra le variabili e la loro importanza relativa, e pu\u00f2 inoltre mettere in evidenza differenze e similarit\u00e0 tra i campioni (nel nostro caso tra i soggetti affetti da una determinata patologia) in base alla loro distribuzione nello spazio multi-dimensionale descritto dall&#8217;insieme delle variabili metabonomiche. Considerare i singoli processi biologici come processi isolati esprime una visione riduzionistica delle funzioni vitali, un\u2019astrazione che permette a volte di semplificare notevolmente il problema in studio ma che porta inevitabilmente a modelli di limitato valore.<\/p>\n<p><a href=\"http:\/\/people.unica.it\/metabunica\/files\/2008\/12\/piramide-copy.jpg\"><img decoding=\"async\" class=\"alignleft size-medium wp-image-33\" src=\"http:\/\/people.unica.it\/metabunica\/files\/2008\/12\/piramide-copy-300x178.jpg\" alt=\"\" width=\"300\" height=\"178\" \/><\/a><\/p>\n<p>I processi biologici sono rappresentabili attraverso reti che connettono organi e funzionalit\u00e0 dei sistemi viventi con meccanismi molto complicati. In una ipotetica \u201cpiramide della vita\u201d tutte le informazioni di base dei sistemi viventi sono contenute nel codice genetico e lo studio dell\u2019espressione genica permette di rilevare alterazioni del codice da mettere in relazione con le patologie. Nel livello superiore lo studio della proteomica aggiunge un importante tassello nella caratterizzazione degli effetti delle alterazione del codice genetico sulle funzioni dei singoli sistemi biologici isolati. Alla vertice di questa piramide troviamo l\u2019espressione dei metaboliti che rappresenta una sorta di indicatore sul modo di evolvere del processo biologico in studio.<\/p>\n<p>Ma mentre l\u2019espressione genica \u00e8 un processo di natura interna dei sistemi in studio, le espressioni proteomiche  e metaboliche riguardano anche fattori esterni considerati oggi molto importanti in medicina, quali l\u2019alimentazione, l\u2019influenza di fattori ambientali, etc.<br \/>\nInoltre le espressioni metaboliche e proteomiche dipendono anche dalle interazioni tra i vari processi biologici e quindi permettono di studiare anche i processi di adattamento e reazione che i sistemi biologici mettono in atto in collaborazione in presenza di patologie.<\/p>\n<p><a href=\"http:\/\/people.unica.it\/metabunica\/files\/2008\/12\/netw.jpg\"><img decoding=\"async\" class=\"alignleft size-medium wp-image-35\" src=\"http:\/\/people.unica.it\/metabunica\/files\/2008\/12\/netw-300x177.jpg\" alt=\"\" width=\"300\" height=\"177\" \/><\/a><\/p>\n<p>I modelli che si costruiscono in metabonomica hanno la capacit\u00e0 di raccordare i diversi livelli \u201comici\u201d (genomica, proteomica, metabonomica) caratterizzanti i biosistemi e rappresentare le reciproche interazioni e dipendenze che generano la complessit\u00e0 di questi sistemi. Solo con questo tipo di approccio \u00e8 possibile identificare profili specifici di patologie e di malati. Dunque la metabonomica che determina i profili dei processi biochimici sistemici e la regolazione di funzioni nell\u2019intero sistema biologico complesso pu\u00f2 contribuire alla comprensione del perch\u00e9 si instaurano certi stati patologici anzich\u00e9 altri.<br \/>\nLuigi Barberini<\/p>\n","protected":false},"excerpt":{"rendered":"<p>La \u201cMetabolomica\u201d (in letteratura si trova anche il termine Metabonomica, oramai di significato equivalente) studia e alterazioni delle funzionalit\u00e0 metaboliche dei sistemi biologici mediante tecniche spettroscopiche applicate, per scopi diagnostici in medicina, alla caratterizzazione di fluidi e di campioni di tessuto solidi biologici.Il Gruppo di Ricerca dell&#8217;Universit\u00e0 di Cagliari impegnato in questo settore ha attualmente in corso esperimenti di metabolomica mediante spettroscopia di risonanza magnetica, spettrometria di massa e cromatografia su biofluidi per la caratterizzazione di patologie del sistema nervoso, di patologie neonatali rare, di alcune forme di tumore e di patologie cardiache. I dati sono prodotti mediante tecniche di <a href='https:\/\/people.unica.it\/metabunica\/info\/' class='excerpt-more'>[&#8230;]<\/a><\/p>\n","protected":false},"author":180,"featured_media":0,"parent":0,"menu_order":0,"comment_status":"closed","ping_status":"closed","template":"","meta":{"footnotes":""},"class_list":["post-2","page","type-page","status-publish","hentry","category-1-id","post-seq-1","post-parity-odd","meta-position-corners","fix"],"_links":{"self":[{"href":"https:\/\/people.unica.it\/metabunica\/wp-json\/wp\/v2\/pages\/2","targetHints":{"allow":["GET"]}}],"collection":[{"href":"https:\/\/people.unica.it\/metabunica\/wp-json\/wp\/v2\/pages"}],"about":[{"href":"https:\/\/people.unica.it\/metabunica\/wp-json\/wp\/v2\/types\/page"}],"author":[{"embeddable":true,"href":"https:\/\/people.unica.it\/metabunica\/wp-json\/wp\/v2\/users\/180"}],"replies":[{"embeddable":true,"href":"https:\/\/people.unica.it\/metabunica\/wp-json\/wp\/v2\/comments?post=2"}],"version-history":[{"count":15,"href":"https:\/\/people.unica.it\/metabunica\/wp-json\/wp\/v2\/pages\/2\/revisions"}],"predecessor-version":[{"id":30,"href":"https:\/\/people.unica.it\/metabunica\/wp-json\/wp\/v2\/pages\/2\/revisions\/30"}],"wp:attachment":[{"href":"https:\/\/people.unica.it\/metabunica\/wp-json\/wp\/v2\/media?parent=2"}],"curies":[{"name":"wp","href":"https:\/\/api.w.org\/{rel}","templated":true}]}}