{"id":83,"date":"2009-01-20T12:40:48","date_gmt":"2009-01-20T12:40:48","guid":{"rendered":"http:\/\/people.unica.it\/mediterra\/?page_id=83"},"modified":"2009-02-05T17:45:03","modified_gmt":"2009-02-05T17:45:03","slug":"registration","status":"publish","type":"page","link":"https:\/\/people.unica.it\/mediterra\/registration\/","title":{"rendered":"Registration"},"content":{"rendered":"<p>Download the Registration Coupon<\/p>\n<p><a href=\"http:\/\/people.unica.it\/mediterra\/files\/2009\/01\/registration-coupon.doc\">Registration Coupon (Right click and &#8220;Save as&#8221;<\/a><\/p>\n<p><strong>Registration <\/strong>(scroll down for <span style=\"color: #0000ff\">french<\/span> and <span style=\"color: #895723\">italian<\/span> versions)<strong><br \/>\n<\/strong><\/p>\n<p>The registration in Mediterra 2009 conference entitles the participant to attend the conference, to receive Conference proceedings volume, the conference bag and the certificate of attendance \/ presentation of paper.<br \/>\nRegistration also includes coffee-breaks and three lunches.<\/p>\n<p><strong>Observations<\/strong><\/p>\n<p>The visit of Sardinian earth architecture and the official dinner are paid separately.<br \/>\nRegistration for the guided tour is limited to the available places on bus.<\/p>\n<p><strong>Visits<\/strong><\/p>\n<p>The visit to Sardinian architecture will take place on the 16th of March.<br \/>\n(Observation: presently, there are no more available places)<\/p>\n<p><strong>Dinner<\/strong><\/p>\n<p>The formal dinner will take place on Sunday, 15th of March.<\/p>\n<p><strong>Local of the conference<\/strong><\/p>\n<p>AULA MAGNA &#8211; Facolt\u00e1 Di Ingegneria<br \/>\nPiazza D&#8217;armi 16, Cagliari.<br \/>\nItaly<\/p>\n<p align=\"center\">&#8211; &#8211; &#8211; &#8211; &#8211; &#8211; &#8211; &#8211; &#8211; &#8211; &#8211; &#8211; &#8211; &#8211; &#8211; &#8211; &#8211; &#8211; &#8211; &#8211; &#8211; &#8211; &#8211; &#8211; &#8211; &#8211; &#8211; &#8211; &#8211; &#8211; &#8211; &#8211; &#8211; &#8211; &#8211; &#8211; &#8211; &#8211; &#8211; &#8211;<\/p>\n<p><span style=\"color: #0000ff\"><strong>Inscription<\/strong><\/span><\/p>\n<p><span style=\"color: #0000ff\">L\u2019inscription \u00e0 la Conf\u00e9rence Mediterra 2009 permet aux participants d\u2019assister \u00e0 la conf\u00e9rence, de recevoir les Actes de la conf\u00e9rence, le sac\/bourse et le certificat de participation et confirmation de pr\u00e9sentation d\u2019une communication. L\u2019inscription inclue \u00e9galement les pauses caf\u00e9 et trois d\u00e9jeuners. <\/span><\/p>\n<p><span style=\"color: #0000ff\"><strong>Observations<\/strong><\/span><\/p>\n<p><span style=\"color: #0000ff\">La visite de l\u2019architecture en terre Sarde et le d\u00eener officiel sont pay\u00e9s s\u00e9par\u00e9ment. L\u2019inscription pour le tour guid\u00e9 est limit\u00e9 \u00e0 la capacit\u00e9 de places dans le bus. <\/span><\/p>\n<p><span style=\"color: #0000ff\"><strong>Visite<\/strong><\/span><\/p>\n<p><span style=\"color: #0000ff\">La visite guid\u00e9e est organis\u00e9e le lundi 16 mars<\/span><span style=\"color: #0000ff\"> (ATTENTION\u00a0: Les places disponibles pour la visite\u00a0 guid\u00e9e, sont closes)<strong><\/strong><\/span><\/p>\n<p><span style=\"color: #0000ff\"><strong>D\u00eener<\/strong><\/span><\/p>\n<p><span style=\"color: #0000ff\">Le d\u00eener official se tiendra le Samedi 15 Mars.<br \/>\n<\/span><\/p>\n<p><span style=\"color: #0000ff\"><strong>Lieu de la Conf\u00e9rence<\/strong><br \/>\nSalle Magna \u2013 Facult\u00e9 d\u2019Ing\u00e9nierie<br \/>\nPiazza D\u2019Armi 16, Cagliari<br \/>\nItalie<\/span><\/p>\n<p align=\"center\">&#8211; &#8211; &#8211; &#8211; &#8211; &#8211; &#8211; &#8211; &#8211; &#8211; &#8211; &#8211; &#8211; &#8211; &#8211; &#8211; &#8211; &#8211; &#8211; &#8211; &#8211; &#8211; &#8211; &#8211; &#8211; &#8211; &#8211; &#8211; &#8211; &#8211; &#8211; &#8211; &#8211; &#8211; &#8211; &#8211; &#8211; &#8211; &#8211; &#8211;<\/p>\n<p><span style=\"color: #895723\"><strong><span>Iscrizione<\/span><\/strong><\/span><\/p>\n<p><span style=\"color: #895723\">L\u2019iscrizione alla Conferenza Mediterra 2009 comprende: la partecipazione alla conferenza, il volume degli atti, la borsa del Convegno, un certificato di partecipazione al convegno e\/o presentazione di un contributo.<br \/>\nL\u2019iscrizione comprende anche i coffee-break e tre pranzi.<\/span><\/p>\n<p><span style=\"color: #895723\"><strong>Osservazioni<\/strong><\/span><\/p>\n<p><span style=\"color: #895723\">Le iscrizioni per la visita guidata e la cena di gala sono da considerarsi separatamente. L\u2019iscrizione al tour \u00e8 limitata ai posti disponibili sul pullman.<\/span><\/p>\n<p><span style=\"color: #895723\"><strong>Visita guidata<\/strong><\/span><\/p>\n<p><span style=\"color: #895723\">La visita guidata \u00e8 organizzata il luned\u00ec 16 Marzo.<br \/>\n(ATTENZIONE: I posti disponibili per la visita guidata sono terminati)<\/span><\/p>\n<p><span style=\"color: #895723\"><strong>Cena di gala<\/strong><\/span><\/p>\n<p><span style=\"color: #895723\">La cena di gala \u00e8 prevista nella serata di Domenica 15.<\/span><\/p>\n<p><span style=\"color: #895723\"><strong> Indirizzo della Sala Conferenze<\/strong><\/span><\/p>\n<p><span style=\"color: #895723\"> AULA MAGNA &#8211; Facolt\u00e1 Di Ingegneria<br \/>\nPiazza D&#8217;armi 16, Cagliari.<br \/>\nItaly<\/span><\/p>\n","protected":false},"excerpt":{"rendered":"<p>Download the Registration Coupon Registration Coupon (Right click and &#8220;Save as&#8221; Registration (scroll down for french and italian versions) The registration in Mediterra 2009 conference entitles the participant to attend the conference, to receive Conference proceedings volume, the conference bag and the certificate of attendance \/ presentation of paper. Registration also includes coffee-breaks and three lunches. Observations The visit of Sardinian earth architecture and the official dinner are paid separately. Registration for the guided tour is limited to the available places on bus. Visits The visit to Sardinian architecture will take place on the 16th of March. (Observation: presently, there <a href='https:\/\/people.unica.it\/mediterra\/registration\/' class='excerpt-more'>[&#8230;]<\/a><\/p>\n","protected":false},"author":183,"featured_media":0,"parent":0,"menu_order":0,"comment_status":"open","ping_status":"open","template":"","meta":{"footnotes":""},"class_list":["post-83","page","type-page","status-publish","hentry","category-1-id","post-seq-1","post-parity-odd","meta-position-corners","fix"],"_links":{"self":[{"href":"https:\/\/people.unica.it\/mediterra\/wp-json\/wp\/v2\/pages\/83","targetHints":{"allow":["GET"]}}],"collection":[{"href":"https:\/\/people.unica.it\/mediterra\/wp-json\/wp\/v2\/pages"}],"about":[{"href":"https:\/\/people.unica.it\/mediterra\/wp-json\/wp\/v2\/types\/page"}],"author":[{"embeddable":true,"href":"https:\/\/people.unica.it\/mediterra\/wp-json\/wp\/v2\/users\/183"}],"replies":[{"embeddable":true,"href":"https:\/\/people.unica.it\/mediterra\/wp-json\/wp\/v2\/comments?post=83"}],"version-history":[{"count":15,"href":"https:\/\/people.unica.it\/mediterra\/wp-json\/wp\/v2\/pages\/83\/revisions"}],"predecessor-version":[{"id":94,"href":"https:\/\/people.unica.it\/mediterra\/wp-json\/wp\/v2\/pages\/83\/revisions\/94"}],"wp:attachment":[{"href":"https:\/\/people.unica.it\/mediterra\/wp-json\/wp\/v2\/media?parent=83"}],"curies":[{"name":"wp","href":"https:\/\/api.w.org\/{rel}","templated":true}]}}