{"id":78,"date":"2009-01-20T12:36:04","date_gmt":"2009-01-20T12:36:04","guid":{"rendered":"http:\/\/people.unica.it\/mediterra\/?page_id=78"},"modified":"2009-03-11T11:15:04","modified_gmt":"2009-03-11T11:15:04","slug":"program","status":"publish","type":"page","link":"https:\/\/people.unica.it\/mediterra\/program\/","title":{"rendered":"Programme and Presentations"},"content":{"rendered":"<p><a href=\"http:\/\/people.unica.it\/mediterra\/files\/2009\/01\/mediterra-final-programme_english.pdf\">Mediterra final programme &#8211; English<\/a> (Rigt click and &#8220;Save as&#8230;&#8221;<br \/>\n<a href=\"http:\/\/people.unica.it\/mediterra\/files\/2009\/01\/mediterra-programme-final-francais.pdf\">Mediterra final programme &#8211; Fran\u00e7ais<\/a> (Clic droit et &#8220;Enregister sous&#8221;)<br \/>\n<a href=\"http:\/\/people.unica.it\/mediterra\/files\/2009\/01\/mediterra-final-programme_italiano.pdf\">Mediterra final programme &#8211; Italiano<\/a> (Fate clic destro e &#8220;salva come&#8221;)<a href=\"http:\/\/people.unica.it\/mediterra\/files\/2009\/01\/mediterra-final-programme_italiano.pdf\"><br \/>\n<\/a><\/p>\n<p><a href=\"http:\/\/people.unica.it\/mediterra\/files\/2009\/01\/mediterra-visit_english-version.pdf\">Mediterra Visit <\/a>(English, Right Click and &#8220;Save as&#8221;)<br \/>\n<a href=\"http:\/\/people.unica.it\/mediterra\/files\/2009\/01\/mediterra_visit_french-version.pdf\">Mediterra Visite <\/a>(Fran\u00e7ais, Clic droit et \u201cenregistrer sous\u201d)<\/p>\n<p><strong>Presentation<\/strong> (Scroll down for <span style=\"color: #0000ff\">french<\/span> and <span style=\"color: #895723\">italian<\/span> version)<\/p>\n<p>In order to include all the selected papers to be presented during the 3 days, as well as to give time for proper discussions and debates, each paper will have 12 minutes to be presented.<\/p>\n<p>We strongly advice the participants presenting papers, not to have more than 12 to 15 slides in their Power Point presentation.<\/p>\n<p>The available Power Point version is XP for PCs. Participants presenting papers should be aware of compatibility between different programs and computers.<\/p>\n<p>All the presentations should be delivered to the local technical assistant the day before.<\/p>\n<p>Presentations taking place on the first day of the conference should be delivered until 9.30am, 13th of March.<\/p>\n<p>People that will not present by PowerPoint should inform the organizers, by the 3rd of March and through MEDITERRA email, which other material will be needed to assist him\/her.<\/p>\n<p>Participants that prefer to read their paper should send a shorter version, to be presented in 12 minutes, to MEDITERRA email, by the 3rd of March. This will allow a better translation of the paper during its presentation.<\/p>\n<p>Thank you for your understanding and collaboration.<\/p>\n<p align=\"center\">&#8211; &#8211; &#8211; &#8211; &#8211; &#8211; &#8211; &#8211; &#8211; &#8211; &#8211; &#8211; &#8211; &#8211; &#8211; &#8211; &#8211; &#8211; &#8211; &#8211; &#8211; &#8211; &#8211; &#8211; &#8211; &#8211; &#8211; &#8211; &#8211; &#8211; &#8211; &#8211; &#8211; &#8211; &#8211; &#8211; &#8211; &#8211; &#8211; &#8211;<\/p>\n<p><span style=\"color: #0000ff\"><strong>Pr\u00e9sentation<br \/>\n<\/strong><\/span><\/p>\n<p><span style=\"color: #0000ff\">Pour int\u00e9grer toutes les communications pr\u00e9sent\u00e9es durant les trois journ\u00e9es de la conf\u00e9rence, et pour donner du temps aux discussions et d\u00e9bats, chaque pr\u00e9sentation devra respecter une dur\u00e9e maximum de 12 minutes.<\/span><\/p>\n<p><span style=\"color: #0000ff\">Nous conseillons aux participants pr\u00e9sentant leurs communications de pr\u00e9voir maximum 12\u00a0 \u00e0 15 diapositives dans leurs pr\u00e9sentations en power point<\/span><\/p>\n<p><span style=\"color: #0000ff\">La version de Power Point \u00e0 utiliser pour PC est XP. Les participants qui pr\u00e9sentent une communication doivent v\u00e9rifier la compatibilit\u00e9 de leurs logiciels et ordinateurs.<\/span><\/p>\n<p><span style=\"color: #0000ff\">Toutes les pr\u00e9sentations devront \u00eatres fournies \u00e0 l\u2019assistant technique local, un jour avant. Les pr\u00e9sentations qui sont faites le premier jour de la conf\u00e9rence seront fournies avant 9.30 du matin, le 13 mars.<\/span><\/p>\n<p><span style=\"color: #0000ff\">Les participants qui ne feront pas une pr\u00e9sentations en Power Point informeront les organisateurs de la conf\u00e9rence au plus tard au 3 mars et sur le site Email de Mediterra du mat\u00e9riel qui leur sera n\u00e9cessaire pour leur pr\u00e9sentation.<\/span><\/p>\n<p><span style=\"color: #0000ff\">Les participants qui pr\u00e9f\u00e8rent lire leurs pr\u00e9sentations devront pr\u00e9voir une version r\u00e9duite de leur texte correspondant \u00e0 12 minutes et doivent l\u2019envoyer sur le site de Mediterra 2009 pour le 3 mars. Cela permettra une meilleure traduction simultan\u00e9e pendant leur pr\u00e9sentation.<\/span><\/p>\n<p><span style=\"color: #0000ff\">Nous vous remercions pour votre compr\u00e9hension et votre collaboration<\/span><\/p>\n<p align=\"center\">&#8211; &#8211; &#8211; &#8211; &#8211; &#8211; &#8211; &#8211; &#8211; &#8211; &#8211; &#8211; &#8211; &#8211; &#8211; &#8211; &#8211; &#8211; &#8211; &#8211; &#8211; &#8211; &#8211; &#8211; &#8211; &#8211; &#8211; &#8211; &#8211; &#8211; &#8211; &#8211; &#8211; &#8211; &#8211; &#8211; &#8211; &#8211; &#8211; &#8211;<\/p>\n<p><span style=\"color: #895723\"><strong>Presentazione<\/strong><\/span><\/p>\n<p><span style=\"color: #895723\">Al fine di poter dare spazio a tutti i relatori selezionati per la presentazione orale e dedicare un tempo sufficiente a discussioni e dibattiti alla fine di ogni sessione, \u00e8 stato stabilito per ogni presentazione un limite massimo di tempo pari a 12\u2019.<\/span><\/p>\n<p><span style=\"color: #895723\">Per questo motivo consigliamo vivamente ai relatori di preparare una presentazione in power-point con non pi\u00f9 di 12-15 schermate.<\/span><\/p>\n<p><span style=\"color: #895723\">La versione del sistema operativo disponibile per i computer \u00e8 XP per PC. I partecipanti devono essere consapevoli della compatibilit\u00e0 tra programmi utilizzati e computer disponibile.<\/span><\/p>\n<p><span style=\"color: #895723\">Tutte le presentazioni dovranno essere consegnate possibilmente un giorno prima. Le presentazioni previste nella prima giornata di lavori dovranno essere consegnate entro le ore 9:30 del 13 Marzo.<\/span><\/p>\n<p><span style=\"color: #895723\">I relatori che intendono presentare il proprio contributo in formato diverso dalla presentazione ppt, dovranno informarne gli organizzatori entro il 3 Marzo con comunicazione e-mail, indicando le modalit\u00e0 di assistenza richieste.<\/span><\/p>\n<p><span style=\"color: #895723\">Chi preferisse leggere l\u2019intervento gi\u00e0 consegnato per la pubblicazione agli atti, \u00e8 gentilmente pregato di inviare per e-mail una versione ridotta, da presentare in 12\u2019. Questo faciliter\u00e0 la traduzione simultanea durante la presentazione.<\/span><\/p>\n<p><span style=\"color: #895723\">Vi ringraziamo anticipatamente per la collaborazione.<\/span><\/p>\n","protected":false},"excerpt":{"rendered":"<p>Mediterra final programme &#8211; English (Rigt click and &#8220;Save as&#8230;&#8221; Mediterra final programme &#8211; Fran\u00e7ais (Clic droit et &#8220;Enregister sous&#8221;) Mediterra final programme &#8211; Italiano (Fate clic destro e &#8220;salva come&#8221;) Mediterra Visit (English, Right Click and &#8220;Save as&#8221;) Mediterra Visite (Fran\u00e7ais, Clic droit et \u201cenregistrer sous\u201d) Presentation (Scroll down for french and italian version) In order to include all the selected papers to be presented during the 3 days, as well as to give time for proper discussions and debates, each paper will have 12 minutes to be presented. We strongly advice the participants presenting papers, not to have <a href='https:\/\/people.unica.it\/mediterra\/program\/' class='excerpt-more'>[&#8230;]<\/a><\/p>\n","protected":false},"author":183,"featured_media":0,"parent":0,"menu_order":0,"comment_status":"open","ping_status":"open","template":"","meta":{"footnotes":""},"class_list":["post-78","page","type-page","status-publish","hentry","category-1-id","post-seq-1","post-parity-odd","meta-position-corners","fix"],"_links":{"self":[{"href":"https:\/\/people.unica.it\/mediterra\/wp-json\/wp\/v2\/pages\/78","targetHints":{"allow":["GET"]}}],"collection":[{"href":"https:\/\/people.unica.it\/mediterra\/wp-json\/wp\/v2\/pages"}],"about":[{"href":"https:\/\/people.unica.it\/mediterra\/wp-json\/wp\/v2\/types\/page"}],"author":[{"embeddable":true,"href":"https:\/\/people.unica.it\/mediterra\/wp-json\/wp\/v2\/users\/183"}],"replies":[{"embeddable":true,"href":"https:\/\/people.unica.it\/mediterra\/wp-json\/wp\/v2\/comments?post=78"}],"version-history":[{"count":20,"href":"https:\/\/people.unica.it\/mediterra\/wp-json\/wp\/v2\/pages\/78\/revisions"}],"predecessor-version":[{"id":87,"href":"https:\/\/people.unica.it\/mediterra\/wp-json\/wp\/v2\/pages\/78\/revisions\/87"}],"wp:attachment":[{"href":"https:\/\/people.unica.it\/mediterra\/wp-json\/wp\/v2\/media?parent=78"}],"curies":[{"name":"wp","href":"https:\/\/api.w.org\/{rel}","templated":true}]}}