{"id":44,"date":"2008-06-20T11:41:57","date_gmt":"2008-06-20T11:41:57","guid":{"rendered":"http:\/\/people.unica.it\/mediterra\/themes\/"},"modified":"2008-09-24T08:22:14","modified_gmt":"2008-09-24T08:22:14","slug":"themes","status":"publish","type":"page","link":"https:\/\/people.unica.it\/mediterra\/themes\/","title":{"rendered":"Themes \/ Th\u00e8mes"},"content":{"rendered":"<p><strong>Themes adapted from the reception of abstracts:<\/strong><\/p>\n<p>Theme 1: Anthropology, building cultures and cultural landscape.<br \/>\nTheme 2: Archaeology, History, Lexicology.<br \/>\nTheme 3: Conservation and management of cultural heritage<br \/>\nTheme 4: Research in construction, architecture, town planning and R &amp; D<br \/>\nTheme 5: Education and public awareness<\/p>\n<p><strong>Th\u00e8mes adapt\u00e9s apr\u00e8s r\u00e9ception des r\u00e9sum\u00e9s:<\/strong><\/p>\n<p>Th\u00e8me 1 : Anthropologie, cultures constructives et paysage culturel.<br \/>\nTh\u00e8me 2 : Arch\u00e9ologie, Histoire, Lexicologie.<br \/>\nTh\u00e8me 3 : Conservation et gestion du patrimoine culturel.<br \/>\nTh\u00e8me 4 : Recherche en construction, architecture, urbanisme et R &amp; D.<br \/>\nTh\u00e8me 5 : Education et sensibilisation publique.<\/p>\n","protected":false},"excerpt":{"rendered":"<p>Themes adapted from the reception of abstracts: Theme 1: Anthropology, building cultures and cultural landscape. Theme 2: Archaeology, History, Lexicology. Theme 3: Conservation and management of cultural heritage Theme 4: Research in construction, architecture, town planning and R &amp; D Theme 5: Education and public awareness Th\u00e8mes adapt\u00e9s apr\u00e8s r\u00e9ception des r\u00e9sum\u00e9s: Th\u00e8me 1 : Anthropologie, cultures constructives et paysage culturel. Th\u00e8me 2 : Arch\u00e9ologie, Histoire, Lexicologie. Th\u00e8me 3 : Conservation et gestion du patrimoine culturel. Th\u00e8me 4 : Recherche en construction, architecture, urbanisme et R &amp; D. Th\u00e8me 5 : Education et sensibilisation publique.<\/p>\n","protected":false},"author":183,"featured_media":0,"parent":0,"menu_order":0,"comment_status":"closed","ping_status":"closed","template":"","meta":{"footnotes":""},"class_list":["post-44","page","type-page","status-publish","hentry","category-1-id","post-seq-1","post-parity-odd","meta-position-corners","fix"],"_links":{"self":[{"href":"https:\/\/people.unica.it\/mediterra\/wp-json\/wp\/v2\/pages\/44","targetHints":{"allow":["GET"]}}],"collection":[{"href":"https:\/\/people.unica.it\/mediterra\/wp-json\/wp\/v2\/pages"}],"about":[{"href":"https:\/\/people.unica.it\/mediterra\/wp-json\/wp\/v2\/types\/page"}],"author":[{"embeddable":true,"href":"https:\/\/people.unica.it\/mediterra\/wp-json\/wp\/v2\/users\/183"}],"replies":[{"embeddable":true,"href":"https:\/\/people.unica.it\/mediterra\/wp-json\/wp\/v2\/comments?post=44"}],"version-history":[{"count":3,"href":"https:\/\/people.unica.it\/mediterra\/wp-json\/wp\/v2\/pages\/44\/revisions"}],"predecessor-version":[{"id":73,"href":"https:\/\/people.unica.it\/mediterra\/wp-json\/wp\/v2\/pages\/44\/revisions\/73"}],"wp:attachment":[{"href":"https:\/\/people.unica.it\/mediterra\/wp-json\/wp\/v2\/media?parent=44"}],"curies":[{"name":"wp","href":"https:\/\/api.w.org\/{rel}","templated":true}]}}