{"id":996,"date":"2021-02-24T13:22:07","date_gmt":"2021-02-24T11:22:07","guid":{"rendered":"http:\/\/people.unica.it\/maurosalis\/?page_id=996"},"modified":"2021-02-24T13:25:18","modified_gmt":"2021-02-24T11:25:18","slug":"storia-dellarte-moderna-1-12-cfu-a-a-2020-2021","status":"publish","type":"page","link":"https:\/\/people.unica.it\/maurosalis\/didattica\/insegnamenti\/storia-dellarte-moderna-1-12-cfu-a-a-2020-2021\/","title":{"rendered":"Storia dell&#8217;arte moderna 1 (12 cfu) a.a. 2020-2021"},"content":{"rendered":"<p><strong>Programma per il corso di Storia dell&#8217;arte moderna, 60 ore, 12 cfu, a.a. 20<span lang=\"it-IT\">20<\/span>-20<span lang=\"it-IT\">21<\/span><\/strong><\/p>\n<p><strong>Obiettivi<\/strong><\/p>\n<p>Il corso intende fornire gli strumenti metodologici, critici e tecnici per lo studio del panorama storico-artistico in Italia e in Sardegna durante l&#8217;et\u00e0 moderna (secoli XV-XVIII) in relazione al contesto politico, economico, sociale e culturale e nella pi\u00f9 ampia cornice del panorama europeo e mediterraneo.<\/p>\n<p><strong>Prerequisiti<\/strong><\/p>\n<p>Adeguate conoscenze dei fatti storici, letterari, filosofici di et\u00e0 moderna e dell\u2019attualit\u00e0. Si consiglia di affrontare la preparazione dell&#8217;esame dopo aver sostenuto gli esami di storia moderna e di storia dell&#8217;arte medievale.<\/p>\n<p><strong>Contenuti<\/strong><\/p>\n<p>Introduzione metodologica allo studio della storia dell&#8217;arte moderna.<\/p>\n<p>Lineamenti di storia dell&#8217;arte fra XV e XVIII secolo con particolare riferimento ai seguenti argomenti:<\/p>\n<p>Il <span lang=\"it-IT\">G<\/span>otico internazionale; Il primo Quattrocento fiorentino: Brunelleschi, Donatello e Masaccio. La &#8220;scoperta&#8221; della prospettiva, dell&#8217;anatomia, dei sentimenti umani; Piero della Francesca; Il Rinascimento nell\u2019Italia settentrionale; Arte nell&#8217;Italia meridionale tra angioini e aragonesi: Antonello da Messina; Firenze: l\u2019et\u00e0 di Lorenzo il Magnifico; La Maniera moderna in Italia settentrionale; La Maniera moderna tra Firenze e Roma; I grandi cantieri artistici nella Roma di Giulio II e Leone X; Il <span lang=\"it-IT\">M<\/span>anierismo; L&#8217;arte della Controriforma; I Carracci e l&#8217;Accademia degli Incamminati; I seguaci dei Carracci; L&#8217;attivit\u00e0 del Caravaggio tra Roma, Napoli e Malta; La diffusione del naturalismo caravaggesco attraverso le esperienze dei seguaci; L&#8217;affermazione del linguaggio Barocco a Roma; Altri centri del Barocco; Il classicismo seicentesco; Dal tardobarocco all&#8217;Arcadia; Giambattista Tiepolo; Il vedutismo.<\/p>\n<p>Lineamenti di storia dell&#8217;arte in Sardegna fra XV e XVIII secolo con particolare riferimento ai seguenti argomenti:<\/p>\n<p>Architettura tardogotica sardo-catalana; Influsso catalano nella pittura e nella scultura del Quattrocento; Il Maestro di Castelsardo; La scultura tra XV e XVI secolo; La Scuola di Stampace; Il Maestro di Ozieri; I primi esempi classicistici e l\u2019architettura gesuitica; La pittura tardomanieristica d\u2019importazione campana; Architettura del Seicento in Sardegna; Scultura lignea e la tecnica dell&#8217;estofado de oro; Gli ingegneri militari piemontesi; Operatori forestieri e locali nella pittura del Settecento; La scultura in legno del Settecento tra importazione e produzione locale.<\/p>\n<p><strong>Metodi didattici<\/strong><\/p>\n<p>Lezioni frontali ed esercitazioni di lettura delle immagini e di testi critici; possibilit\u00e0 di esperienze didattiche seminariali.<\/p>\n<p><strong>Verifica dell&#8217;apprendimento<\/strong><\/p>\n<p>La valutazione prevede una prova orale durante la quale, con l\u2019ausilio delle immagini, lo studente dovr\u00e0 analizzare (dal punto di vista culturale, autoriale, formale, stilistico, iconografico, del contesto) almeno tre opere d\u2019arte (architettura, pittura, scultura). Il punteggio della prova d\u2019esame \u00e8 attribuito mediante un voto espresso in trentesimi. Nella valutazione finale si terr\u00e0 conto delle conoscenze acquisite, delle capacit\u00e0 analitiche (lettura dei caratteri tecnico-formali, iconografici e di stile; riconoscimento dell&#8217;autore o dell&#8217;ambito culturale di riferimento) e critiche, della precisione terminologica, della padronanza espressiva e della capacit\u00e0 di istituire collegamenti tra i vari argomenti del programma.<\/p>\n<p>Per superare l&#8217;esame, e quindi conseguire un voto non inferiore a 18\/30, lo studente dovr\u00e0 dimostrare di aver acquisito una conoscenza sufficiente degli argomenti trattati durante il corso. Per conseguire un punteggio pari a 30\/30 e lode, lo studente dovr\u00e0 invece dimostrare di aver acquisito una conoscenza eccellente di tutti gli argomenti.<\/p>\n<p><strong>Testi<\/strong><\/p>\n<p>Per la parte generale si consiglia:<br \/>\n<span lang=\"it-IT\">S. Settis, T. Montanari, <em>Arte. Una storia naturale e civile<\/em>, <strong>edizione blu<\/strong> vol. 2 (da p. 1 a p. 734), Milano, Mondadori Education\/Einaudi Scuola, 2020.<\/span><\/p>\n<p>oppure:<\/p>\n<p>C. Bertelli, G. Briganti, A. Giuliano, <em>Storia dell&#8217;Arte Italiana<\/em>, Electa-B. Mondadori, voll. 2 e 3, varie edizioni.<\/p>\n<p>Per la parte sull&#8217;arte in Sardegna si consiglia:<br \/>\nM.G. Scano Naitza, <em>Storia dell\u2019Arte Moderna in Sardegna. Introduzione allo studio<\/em>, Cuec, Cagliari 2008 (a disposizione degli studenti a fine corso).<\/p>\n<p>M. Salis, <em>Scultura in legno in Sardegna nei secoli XV-XVI. Apporti esterni e produzione locale<\/em>, Roma, <span lang=\"it-IT\">Gangemi<\/span>, 2020.<\/p>\n<p>Qualunque altro testo deve essere concordato con il docente.<\/p>\n<p><strong>Altre informazioni<\/strong><\/p>\n<p>Tutti gli studenti, frequentanti e non frequentanti, sono tenuti a conoscere i contenuti delle lezioni, nel corso delle quali potranno essere fornite ulteriori indicazioni bibliografiche relative a specifici argomenti e ad aggiornamenti della ricerca. Oltre che sui testi, la preparazione dell&#8217;esame <span lang=\"it-IT\">dovr\u00e0<\/span> essere condotta su una selezione di immagini, commentate a lezione, disponibili alla fine del corso sulla piattaforma elearning.unica.it.<\/p>\n<p>Il ricevimento degli studenti si tiene su Teams previo appuntamento da concordare scrivendo all\u2019indirizzo <span style=\"color: #000080\"><span lang=\"zxx\"><u><a href=\"mailto:maurosalis@unica.it\">maurosalis@unica.it<\/a><\/u><\/span><\/span>.<\/p>\n<p>Il docente comunica con gli studenti anche attraverso la pagina Avvisi nel sito https:\/\/people.unica.it\/maurosalis\/.<\/p>","protected":false},"excerpt":{"rendered":"<p>Programma per il corso di Storia dell&#8217;arte moderna, 60 ore, 12 cfu, a.a. 2020-2021 Obiettivi Il corso intende fornire gli strumenti metodologici, critici e tecnici per lo studio del panorama storico-artistico in Italia e in Sardegna durante l&#8217;et\u00e0 moderna (secoli XV-XVIII) in relazione al contesto politico, economico, sociale e culturale e nella pi\u00f9 ampia cornice del panorama europeo e mediterraneo. Prerequisiti Adeguate conoscenze dei fatti storici, letterari, filosofici di et\u00e0 moderna e dell\u2019attualit\u00e0. Si consiglia di affrontare la preparazione dell&#8217;esame dopo aver sostenuto gli esami di storia moderna e di storia dell&#8217;arte medievale. Contenuti Introduzione metodologica allo studio della storia <a href='https:\/\/people.unica.it\/maurosalis\/didattica\/insegnamenti\/storia-dellarte-moderna-1-12-cfu-a-a-2020-2021\/' class='excerpt-more'>[&#8230;]<\/a><\/p>\n","protected":false},"author":2766,"featured_media":0,"parent":6,"menu_order":0,"comment_status":"closed","ping_status":"closed","template":"","meta":{"footnotes":""},"class_list":["post-996","page","type-page","status-publish","hentry","post-seq-1","post-parity-odd","meta-position-corners","fix"],"publishpress_future_action":{"enabled":false,"date":"2026-04-15 19:50:38","action":"Draft","newStatus":"draft","terms":[],"taxonomy":"","extraData":[]},"publishpress_future_workflow_manual_trigger":{"enabledWorkflows":[]},"_links":{"self":[{"href":"https:\/\/people.unica.it\/maurosalis\/wp-json\/wp\/v2\/pages\/996","targetHints":{"allow":["GET"]}}],"collection":[{"href":"https:\/\/people.unica.it\/maurosalis\/wp-json\/wp\/v2\/pages"}],"about":[{"href":"https:\/\/people.unica.it\/maurosalis\/wp-json\/wp\/v2\/types\/page"}],"author":[{"embeddable":true,"href":"https:\/\/people.unica.it\/maurosalis\/wp-json\/wp\/v2\/users\/2766"}],"replies":[{"embeddable":true,"href":"https:\/\/people.unica.it\/maurosalis\/wp-json\/wp\/v2\/comments?post=996"}],"version-history":[{"count":4,"href":"https:\/\/people.unica.it\/maurosalis\/wp-json\/wp\/v2\/pages\/996\/revisions"}],"predecessor-version":[{"id":1000,"href":"https:\/\/people.unica.it\/maurosalis\/wp-json\/wp\/v2\/pages\/996\/revisions\/1000"}],"up":[{"embeddable":true,"href":"https:\/\/people.unica.it\/maurosalis\/wp-json\/wp\/v2\/pages\/6"}],"wp:attachment":[{"href":"https:\/\/people.unica.it\/maurosalis\/wp-json\/wp\/v2\/media?parent=996"}],"curies":[{"name":"wp","href":"https:\/\/api.w.org\/{rel}","templated":true}]}}