{"id":988,"date":"2021-02-24T13:09:48","date_gmt":"2021-02-24T11:09:48","guid":{"rendered":"http:\/\/people.unica.it\/maurosalis\/?page_id=988"},"modified":"2021-02-24T13:19:01","modified_gmt":"2021-02-24T11:19:01","slug":"storia-dellarte-moderna-1-mod-a-6-cfu-a-a-2020-2021","status":"publish","type":"page","link":"https:\/\/people.unica.it\/maurosalis\/didattica\/insegnamenti\/storia-dellarte-moderna-1-mod-a-6-cfu-a-a-2020-2021\/","title":{"rendered":"Storia dell&#8217;arte moderna 1 MOD. A (6 cfu) a.a. 2020-2021"},"content":{"rendered":"<p align=\"left\"><span style=\"color: #333333\"><span style=\"font-family: Carlito, sans-serif\"><span style=\"font-size: medium\"><b>Programma per il corso di Storia dell&#8217;arte moderna 1 (MOD. A), 30 ore, 6<\/b> <b>cfu, a.a. 2020-2021<\/b><\/span><\/span><\/span><\/p>\n<p align=\"left\"><span style=\"color: #333333\"><span style=\"font-family: Carlito, sans-serif\"><span style=\"font-size: medium\"><b>Obiettivi<\/b><\/span><\/span><\/span><\/p>\n<p align=\"left\"><span style=\"color: #333333\"><span style=\"font-family: Carlito, sans-serif\"><span style=\"font-size: medium\">Il corso intende fornire gli strumenti metodologici, critici e tecnici per lo studio del panorama storico-artistico in Italia dal Rinascimento al tardo Manierismo in relazione al contesto politico, economico, sociale e culturale e nella pi\u00f9 ampia cornice del panorama europeo e mediterraneo.<\/span><\/span><\/span><\/p>\n<p align=\"left\"><span style=\"color: #333333\"><span style=\"font-family: Carlito, sans-serif\"><span style=\"font-size: medium\"><b>Prerequisiti<\/b><\/span><\/span><\/span><\/p>\n<p align=\"left\"><span style=\"color: #333333\"><span style=\"font-family: Carlito, sans-serif\"><span style=\"font-size: medium\">Adeguate conoscenze dei fatti storici, letterari, filosofici di et\u00e0 moderna e dell\u2019attualit\u00e0. Si consiglia di affrontare la preparazione dell&#8217;esame dopo aver sostenuto gli esami di storia moderna e di storia dell&#8217;arte medievale.<\/span><\/span><\/span><\/p>\n<p align=\"left\"><span style=\"color: #333333\"><span style=\"font-family: Carlito, sans-serif\"><span style=\"font-size: medium\"><b>Contenuti<\/b><\/span><\/span><\/span><\/p>\n<p align=\"left\"><span style=\"color: #333333\"><span style=\"font-family: Carlito, sans-serif\"><span style=\"font-size: medium\">Introduzione metodologica allo studio della storia dell&#8217;arte moderna.<\/span><\/span><\/span><\/p>\n<p align=\"left\"><span style=\"color: #333333\"><span style=\"font-family: Carlito, sans-serif\"><span style=\"font-size: medium\">Lineamenti di storia dell&#8217;arte fra XV e XVII secolo con particolare riferimento ai seguenti argomenti:<\/span><\/span><\/span><\/p>\n<p align=\"left\"><span style=\"color: #333333\"><span style=\"font-family: Carlito, sans-serif\"><span style=\"font-size: medium\">Il primo Quattrocento fiorentino: Brunelleschi, Donatello e Masaccio. La &#8220;scoperta&#8221; della prospettiva, dell&#8217;anatomia, dei sentimenti umani; Piero della Francesca; Il Rinascimento nell\u2019Italia settentrionale; Antonello da Messina; Firenze: l\u2019et\u00e0 di Lorenzo il Magnifico; La Maniera moderna in Italia settentrionale; La Maniera moderna tra Firenze e Roma; I grandi cantieri artistici nella Roma di Giulio II e Leone X; Il <span lang=\"it-IT\">M<\/span>anierismo; L&#8217;arte della Controriforma.<\/span><\/span><\/span><\/p>\n<p align=\"left\"><span style=\"color: #333333\"><span style=\"font-family: Carlito, sans-serif\"><span style=\"font-size: medium\"><b>Metodi didattici<\/b><\/span><\/span><\/span><\/p>\n<p align=\"left\"><span style=\"color: #333333\"><span style=\"font-family: Carlito, sans-serif\"><span style=\"font-size: medium\">Lezioni frontali ed esercitazioni di lettura delle immagini e di testi critici; possibilit\u00e0 di esperienze didattiche seminariali.<\/span><\/span><\/span><\/p>\n<p align=\"left\"><span style=\"color: #333333\"><span style=\"font-family: Carlito, sans-serif\"><span style=\"font-size: medium\"><b>Verifica dell&#8217;apprendimento<\/b><\/span><\/span><\/span><\/p>\n<p align=\"left\"><span style=\"color: #333333\"><span style=\"font-family: Carlito, sans-serif\"><span style=\"font-size: medium\">La valutazione prevede una prova orale durante la quale, con l\u2019ausilio delle immagini, lo studente dovr\u00e0 analizzare (dal punto di vista culturale, autoriale, formale, stilistico, iconografico, del contesto) almeno tre opere d\u2019arte (architettura, pittura, scultura) . Il punteggio della prova d\u2019esame \u00e8 attribuito mediante un voto espresso in trentesimi. Nella valutazione finale si terr\u00e0 conto delle conoscenze acquisite, delle capacit\u00e0 analitiche (lettura dei caratteri tecnico-formali, iconografici e di stile; riconoscimento dell&#8217;autore o dell&#8217;ambito culturale di riferimento) e critiche, della precisione terminologica, della padronanza espressiva e della capacit\u00e0 di istituire collegamenti tra i vari argomenti del programma.<\/span><\/span><\/span><\/p>\n<p align=\"left\"><span style=\"color: #333333\"><span style=\"font-family: Carlito, sans-serif\"><span style=\"font-size: medium\">Per superare l&#8217;esame, e quindi conseguire un voto non inferiore a 18\/30, lo studente dovr\u00e0 dimostrare di aver acquisito una conoscenza sufficiente degli argomenti trattati durante il corso. Per conseguire un punteggio pari a 30\/30 e lode, lo studente dovr\u00e0 invece dimostrare di aver acquisito una conoscenza eccellente di tutti gli argomenti.<\/span><\/span><\/span><\/p>\n<p align=\"left\"><span style=\"color: #333333\"><span style=\"font-family: Carlito, sans-serif\"><span style=\"font-size: medium\"><b>Testi<\/b><\/span><\/span><\/span><\/p>\n<p align=\"left\"><span style=\"color: #333333\"><span style=\"font-family: Carlito, sans-serif\"><span style=\"font-size: medium\"><span lang=\"it-IT\">S. Settis, T. Montanari, <\/span><span lang=\"it-IT\"><i>Arte. Una storia naturale e civile<\/i><\/span><span lang=\"it-IT\">, <\/span><span lang=\"it-IT\"><b>edizione blu<\/b><\/span> <span lang=\"it-IT\"><u>vol. 2 (da p. 1 a p. 489)<\/u><\/span><span lang=\"it-IT\">, Milano, Mondadori Education\/Einaudi Scuola, 2020.<\/span><\/span><\/span><\/span><\/p>\n<p align=\"left\"><span style=\"color: #333333\"><span style=\"font-family: Carlito, sans-serif\"><span style=\"font-size: medium\">oppure:<\/span><\/span><\/span><\/p>\n<p align=\"left\"><span style=\"color: #333333\"><span style=\"font-family: Carlito, sans-serif\"><span style=\"font-size: medium\"><span lang=\"it-IT\">C. Bertelli, G. Briganti, A. Giuliano, <\/span><span lang=\"it-IT\"><i>Storia dell&#8217;Arte Italiana<\/i><\/span><span lang=\"it-IT\">, Electa-B. Mondadori, voll. 2 e 3, varie edizioni.<\/span><\/span><\/span><\/span><\/p>\n<p align=\"left\"><span style=\"color: #333333\"><span style=\"font-family: Carlito, sans-serif\"><span style=\"font-size: medium\">Qualunque altro testo deve essere concordato con il docente.<\/span><\/span><\/span><\/p>\n<p align=\"left\"><span style=\"color: #333333\"><span style=\"font-family: Carlito, sans-serif\"><span style=\"font-size: medium\"><b>Altre informazioni<\/b><\/span><\/span><\/span><\/p>\n<p align=\"left\"><span style=\"color: #333333\"><span style=\"font-family: Carlito, sans-serif\"><span style=\"font-size: medium\">Tutti gli studenti, frequentanti e non frequentanti, sono tenuti a conoscere i contenuti delle lezioni, nel corso delle quali potranno essere fornite ulteriori indicazioni bibliografiche relative a specifici argomenti e ad aggiornamenti della ricerca. Oltre che sui testi, la preparazione dell&#8217;esame <span lang=\"it-IT\">dovr\u00e0<\/span> essere condotta su una selezione di immagini, commentate a lezione, disponibili alla fine del corso sulla piattaforma elearning.unica.it.<\/span><\/span><\/span><\/p>\n<p align=\"left\"><span style=\"color: #333333\"><span style=\"font-family: Carlito, sans-serif\"><span style=\"font-size: medium\">Il ricevimento degli studenti si tiene su Teams previo appuntamento da concordare scrivendo all\u2019indirizzo <\/span><\/span><\/span><a href=\"mailto:maurosalis@unica.it\"><span style=\"color: #333333\"><span style=\"font-family: Carlito, sans-serif\"><span style=\"font-size: medium\"><span lang=\"zxx\"><u>maurosalis@unica.it<\/u><\/span><\/span><\/span><\/span><\/a><span style=\"color: #333333\"><span style=\"font-family: Carlito, sans-serif\"><span style=\"font-size: medium\">.<\/span><\/span><\/span><\/p>\n<p align=\"left\"><span style=\"font-family: Carlito, sans-serif\"><span style=\"font-size: medium\"><span style=\"color: #333333\">Il docente comunica con gli studenti anche attraverso la pagina Avvisi nel sito https:\/\/people.unica.it\/maurosalis\/.<\/span><\/span><\/span><\/p>\n","protected":false},"excerpt":{"rendered":"<p>Programma per il corso di Storia dell&#8217;arte moderna 1 (MOD. A), 30 ore, 6 cfu, a.a. 2020-2021 Obiettivi Il corso intende fornire gli strumenti metodologici, critici e tecnici per lo studio del panorama storico-artistico in Italia dal Rinascimento al tardo Manierismo in relazione al contesto politico, economico, sociale e culturale e nella pi\u00f9 ampia cornice del panorama europeo e mediterraneo. Prerequisiti Adeguate conoscenze dei fatti storici, letterari, filosofici di et\u00e0 moderna e dell\u2019attualit\u00e0. Si consiglia di affrontare la preparazione dell&#8217;esame dopo aver sostenuto gli esami di storia moderna e di storia dell&#8217;arte medievale. Contenuti Introduzione metodologica allo studio della storia <a href='https:\/\/people.unica.it\/maurosalis\/didattica\/insegnamenti\/storia-dellarte-moderna-1-mod-a-6-cfu-a-a-2020-2021\/' class='excerpt-more'>[&#8230;]<\/a><\/p>\n","protected":false},"author":2766,"featured_media":0,"parent":6,"menu_order":93,"comment_status":"closed","ping_status":"closed","template":"","meta":{"footnotes":""},"class_list":["post-988","page","type-page","status-publish","hentry","post-seq-1","post-parity-odd","meta-position-corners","fix"],"publishpress_future_action":{"enabled":false,"date":"2026-04-13 15:50:53","action":"Draft","newStatus":"draft","terms":[],"taxonomy":"","extraData":[]},"publishpress_future_workflow_manual_trigger":{"enabledWorkflows":[]},"_links":{"self":[{"href":"https:\/\/people.unica.it\/maurosalis\/wp-json\/wp\/v2\/pages\/988","targetHints":{"allow":["GET"]}}],"collection":[{"href":"https:\/\/people.unica.it\/maurosalis\/wp-json\/wp\/v2\/pages"}],"about":[{"href":"https:\/\/people.unica.it\/maurosalis\/wp-json\/wp\/v2\/types\/page"}],"author":[{"embeddable":true,"href":"https:\/\/people.unica.it\/maurosalis\/wp-json\/wp\/v2\/users\/2766"}],"replies":[{"embeddable":true,"href":"https:\/\/people.unica.it\/maurosalis\/wp-json\/wp\/v2\/comments?post=988"}],"version-history":[{"count":7,"href":"https:\/\/people.unica.it\/maurosalis\/wp-json\/wp\/v2\/pages\/988\/revisions"}],"predecessor-version":[{"id":995,"href":"https:\/\/people.unica.it\/maurosalis\/wp-json\/wp\/v2\/pages\/988\/revisions\/995"}],"up":[{"embeddable":true,"href":"https:\/\/people.unica.it\/maurosalis\/wp-json\/wp\/v2\/pages\/6"}],"wp:attachment":[{"href":"https:\/\/people.unica.it\/maurosalis\/wp-json\/wp\/v2\/media?parent=988"}],"curies":[{"name":"wp","href":"https:\/\/api.w.org\/{rel}","templated":true}]}}