{"id":675,"date":"2018-10-12T11:12:38","date_gmt":"2018-10-12T09:12:38","guid":{"rendered":"http:\/\/people.unica.it\/maurosalis\/?page_id=675"},"modified":"2021-02-24T13:05:16","modified_gmt":"2021-02-24T11:05:16","slug":"teoria-e-tecnica-del-restauro-a-a-2018-2019","status":"publish","type":"page","link":"https:\/\/people.unica.it\/maurosalis\/didattica\/insegnamenti\/teoria-e-tecnica-del-restauro-a-a-2018-2019\/","title":{"rendered":"Teoria e tecnica del restauro A.A. 2018-2019"},"content":{"rendered":"<div id=\"header-1\" class=\" header-hx header-h3\">\n<div class=\"cds-pds-ad\">Obiettivi<\/div>\n<p>Lo studente, alla fine del corso, dovr\u00e0 essere in grado di:<br \/>\n&#8211; conoscere concetti e nozioni alla base della moderna teoria del restauro;<br \/>\n&#8211; riconoscere le tecniche e i materiali che compongono un&#8217;opera d&#8217;arte, valutarne il tipo di degrado e le cause scatenanti, indicare le diverse fasi di analisi e di intervento per la sua conservazione nel tempo;<br \/>\n&#8211; analizzare criticamente un intervento di restauro e le sue implicazioni sulla storia critica dell&#8217;opera.<\/p>\n<\/div>\n<div id=\"header-2\" class=\" header-hx header-h3\">\n<div class=\"cds-pds-ad\">Prerequisiti<\/div>\n<p>Conoscenza di base della storia culturale occidentale e della storia dell&#8217;arte in Italia e in Sardegna dall\u2019epoca classica a quella contemporanea; conoscenza di base di chimica dei beni culturali.<\/p>\n<\/div>\n<div id=\"header-3\" class=\" header-hx header-h3\">\n<div class=\"cds-pds-ad\">Contenuti<\/div>\n<p>Il corso si articola in tre parti:<\/p>\n<p>(1) Teoria del restauro:<br \/>\nelementi di storia, tutela e legislazione: uso, conservazione e reimpiego delle opere d&#8217;arte dall&#8217;Antichit\u00e0 al Medioevo; collezionismo, restauro e conservazione in et\u00e0 moderna; il dibattito teorico nel Settecento; il dibattito teorico nell&#8217;Ottocento; il restauro nel Novecento; il moderno concetto di restauro; la Teoria del restauro di Cesare Brandi; le Carte del Restauro del 1972 e del 1987; l&#8217;impostazione teorica attuale; la legislazione nazionale sul patrimonio di interesse culturale e sue specifiche applicazioni nel settore del restauro.<\/p>\n<p>(2) Tecniche artistiche e del restauro:<br \/>\nelementi di storia tecnica dell&#8217;arte; riconoscimento delle diverse tecniche artistiche; la pittura murale (a fresco e a secco); la pittura a tempera e a olio su supporto ligneo e su tela; la scultura in legno; la scultura in pietra; la scultura in metallo. Elementi di restauro; il degrado e le alterazioni dei dipinti murali; le cause di degrado e le alterazioni dei dipinti su tavola e su tela; il degrado e le alterazioni delle sculture in legno, pietra, metallo. Le analisi scientifiche: tecniche non invasive (analisi autoptica e fotografica, fluorescenza UV, riflettografia all\u2019infrarosso, radiografia X, spettroscopia infrarossa); tecniche invasive (microscopia ottica, microscopia elettronica, microanalisi). Interventi e fasi di restauro (operazioni strutturali, disinfestazione, impregnazione, consolidamento, fissaggio, stuccatura, reintegrazione, protezione). Conservazione preventiva e manutenzione programmata.<\/p>\n<p>(3) Il restauro come strumento conoscitivo dell&#8217;opera d&#8217;arte:<br \/>\nnuovi apporti alla lettura formale, stilistica, iconografica, materiale; revisioni critiche; casi studio.<\/p>\n<\/div>\n<div id=\"header-4\" class=\" header-hx header-h3\">\n<div class=\"cds-pds-ad\">Metodi Didattici<\/div>\n<p>Lezioni frontali in aula con la possibilit\u00e0 di esperienze didattiche sul campo (laboratori di restauro, musei) e seminariali.<\/p>\n<\/div>\n<div id=\"header-5\" class=\" header-hx header-h3\">\n<div class=\"cds-pds-ad\">Verifica dell&#8217;apprendimento<\/div>\n<p>La valutazione dello studente prevede una prova orale sui contenuti del corso; il punteggio della prova d&#8217;esame \u00e8 attribuito mediante un voto espresso in trentesimi. \u00c8 prevista almeno una domanda su ciascuna delle parti in cui si articola il programma. Nella valutazione finale si terr\u00e0 conto delle conoscenze acquisite, delle capacit\u00e0 analitiche e critiche, della precisione terminologica, della padronanza espressiva e della capacit\u00e0 di istituire collegamenti tra i vari argomenti del programma.<br \/>\nPer superare l&#8217;esame, e quindi conseguire un voto non inferiore a 18\/30, lo studente dovr\u00e0 dimostrare di aver acquisito una conoscenza sufficiente degli argomenti trattati durante il corso. Per conseguire un punteggio pari a 30\/30 e lode, lo studente dovr\u00e0 invece dimostrare di aver acquisito una conoscenza eccellente di tutti gli argomenti.<\/p>\n<\/div>\n<div id=\"header-6\" class=\" header-hx header-h3\">\n<div class=\"cds-pds-ad\">Testi<\/div>\n<p><b>Testi consigliati<\/b> (fondamentali per la conoscenza dei contenuti del corso e per la preparazione dell&#8217;esame):<\/p>\n<p>I parte<br \/>\n&#8211; C. Brandi, <i>Il restauro: teoria e pratica 1939-1986<\/i>, a cura di M. Cordaro, Roma 1994, pp. XI-XXXVI, 5-68<br \/>\n&#8211; S. Mu\u00f1oz Vi\u00f1as, <i>Contemporary theory of conservation<\/i>, \u00abReviews in conservation\u00bb, n. 3, 2002, pp. 25-34<br \/>\n&#8211; S. Mu\u00f1oz Vi\u00f1as, <i>\u201cWho is afraid of Cesare Brandi?\u201d. Personal reflections on the Teoria del restauro<\/i>, \u00abCeROArt\u00bb, juin 2015, pp. 2-12<br \/>\n&#8211; S. Cecchini, <i>Nessi tra la storia e il futuro della conservazione<\/i>, in S. de Blasi (a cura di), <i>Il restauro silenzioso. La conservazione preventiva: un sistema sostenibile di gestione e controllo<\/i>, Firenze 2016, pp. 27-33<\/p>\n<p>II parte<br \/>\n&#8211; C. Rosati, <i>Tecniche pittoriche e restauro dei dipinti<\/i>, Bologna 1991, pp. 5-12, 25-71, 97-189<br \/>\n&#8211; F. Tonini, <i>La scultura lignea. Tecniche e restauro<\/i>, Saonara 2015, pp. 15-29, 37-39, 60-116, 127-185, 189-208<br \/>\n&#8211; S. Rinaldi, <i>Storia tecnica dell&#8217;arte<\/i>, Roma 2011, pp. 207-256<\/p>\n<p>III parte<br \/>\n\u2022 <u>per gli studenti del curriculum archeologico <b>un testo a scelta<\/b> tra<\/u>:<br \/>\n&#8211; OPD Restauro, numero speciale <i>Restauro del marmo, opere e problemi<\/i>, Firenze 1986, pp. 12-73<br \/>\n&#8211; P. D&#8217;Alconzo, G. Prisco, <i>Restaurare, risarcire, supplire. Slittamenti semantici ed evidenze materiali: alle origini di una &#8216;vernice&#8217; per i dipinti vesuviani<\/i>, \u00abBollettino ICR\u00bb, nuova serie, n. 10-11, gennaio-dicembre 2005, pp. 72-87<br \/>\n&#8211; P. D&#8217;Alconzo, <i>Naples and the birth of a tradition of conservation<\/i>, \u00abJournal of the History of Collections\u00bb, vol. 19, n. 11, 2007, pp. 203-214<br \/>\n&#8211; C. Coupry, B. Palazzo-Bertholon, <i>Les pigments verts, rouges et bleus dans les d\u00e9cors peints de la fin de l&#8217;Antiquit\u00e9 et du haut Moyen \u00c2ge<\/i>, in C. Balmelle, H. Eristov, F. Monier (a cura di), <i>D\u00e9cor et architecture en Gaule entre l\u2019Antiquit\u00e9 et le haut Moyen \u00c2ge<\/i>, Pessac 2011, pp. 689-698<br \/>\n&#8211; C. Sodano, <i>L&#8217;Apollo di Vicarello. Un&#8217;opera restituita al suo territorio<\/i>, \u00abKermes\u00bb, n. 83, luglio-settembre 2011, pp. 1-10<\/p>\n<p>\u2022 <u>per gli studenti del curriculum storico-artistico <b>un testo a scelta<\/b> tra<\/u>:<br \/>\n&#8211; T.S. Guido, G. Mantella, <i>Un bronzo dell&#8217;Algardi a Malta. Il busto del Cristo Salvatore<\/i>, \u00abKermes\u00bb, n. 54, aprile-giugno 2004, pp. 23-34<br \/>\n&#8211; S. Pierguidi, <i>Sui restauri seicenteschi del Fauno Barberini<\/i>, \u00abRicerche di Storia dell&#8217;arte\u00bb, n. 94, 2008, pp. 59-64<br \/>\n&#8211; A. Cerasuolo, <i>La \u201ccona magna\u201d di Sant&#8217;Agostino alla Zecca. Storia conservativa e ipotesi di ricostruzione<\/i>, in R. Naldi (a cura di), <i>Marco Cardisco, Giorgio Vasari. Pittura, umanesimo religioso, immagini di culto<\/i>, Napoli 2009, pp. 53-73<br \/>\n&#8211; L. Siddi, <i>La predella di San Gavino Monreale. Riscoperta e restauro<\/i>, Cagliari 2011, pp. 3-59<\/p>\n<p>&#8212; &#8212; &#8212; &#8212; &#8212;<\/p>\n<p><b>Testi per approfondimenti<\/b> (non fondamentali per la preparazione dell&#8217;esame):<\/p>\n<p>&#8211; M. Ciatti, <i>Appunti per un manuale di storia e di teoria per il restauro<\/i>, Firenze 2009<br \/>\n&#8211; C. Giannini (a cura di), <i>Dizionario del restauro. Tecniche, diagnostica, conservazione<\/i>, Firenze 2010<br \/>\n&#8211; A. Weyer (a cura di), <i>European illustrated glossary of conservation terms for wall paintings and architectural surfaces<\/i>, Petersberg 2016<\/p>\n<p>&#8212; &#8212; &#8212; &#8212; &#8212;<br \/>\n<b>TUTTI i testi in programma sopra indicati saranno fruibili a fine corso presso la <a href=\"https:\/\/sba.unica.it\/biblioteche\/distretto-scienze-umane\/sezioni-della-biblioteca\/cittadella-dei-musei\" target=\"_blank\" rel=\"noopener noreferrer\">Biblioteca della Cittadella dei Musei.<\/a><\/b><br \/>\n&#8212; &#8212; &#8212; &#8212; &#8212;<\/p>\n<\/div>\n<div id=\"header-7\" class=\" header-hx header-h3\">\n<div class=\"cds-pds-ad\">Altre Informazioni<\/div>\n<p>Il programma si riferisce all&#8217;A.A. 2018-2019<\/p>\n<p>Tutti gli studenti, <span style=\"text-decoration: underline\">frequentanti e non frequentanti<\/span>, sono tenuti a conoscere i contenuti delle lezioni, nel corso delle quali potranno essere fornite ulteriori indicazioni bibliografiche. Oltre che sui testi, la preparazione dell&#8217;esame <span style=\"text-decoration: underline\">dovr\u00e0<\/span> essere condotta su una selezione di immagini, commentate a lezione, <span style=\"text-decoration: underline\">disponibili alla fine del corso<\/span> insieme al materiale bibliografico.<\/p>\n<p>Per ogni eventuale chiarimento gli studenti possono rivolgersi direttamente al docente nelle ore di ricevimento.<\/p>\n<p>Ricevimento e contatti:<br \/>\nil ricevimento si tiene secondo il calendario e gli orari indicati nella pagina web del docente presso lo studio n. 5, Cittadella dei Musei , piazza Arsenale 1 Cagliari<br \/>\ntel. 070 675 7608<br \/>\nemail: <a href=\"mailto:maurosalis@unica.it\">maurosalis@unica.it<\/a><br \/>\nweb: <a href=\"http:\/\/people.unica.it\/maurosalis\/news\/\" target=\"_blank\" rel=\"noopener noreferrer\">people.unica.it\/maurosalis<\/a><\/p>\n<\/div>\n","protected":false},"excerpt":{"rendered":"<p>Obiettivi Lo studente, alla fine del corso, dovr\u00e0 essere in grado di: &#8211; conoscere concetti e nozioni alla base della moderna teoria del restauro; &#8211; riconoscere le tecniche e i materiali che compongono un&#8217;opera d&#8217;arte, valutarne il tipo di degrado e le cause scatenanti, indicare le diverse fasi di analisi e di intervento per la sua conservazione nel tempo; &#8211; analizzare criticamente un intervento di restauro e le sue implicazioni sulla storia critica dell&#8217;opera. Prerequisiti Conoscenza di base della storia culturale occidentale e della storia dell&#8217;arte in Italia e in Sardegna dall\u2019epoca classica a quella contemporanea; conoscenza di base di <a href='https:\/\/people.unica.it\/maurosalis\/didattica\/insegnamenti\/teoria-e-tecnica-del-restauro-a-a-2018-2019\/' class='excerpt-more'>[&#8230;]<\/a><\/p>\n","protected":false},"author":2766,"featured_media":0,"parent":6,"menu_order":97,"comment_status":"closed","ping_status":"closed","template":"","meta":{"footnotes":""},"class_list":["post-675","page","type-page","status-publish","hentry","post-seq-1","post-parity-odd","meta-position-corners","fix"],"publishpress_future_action":{"enabled":false,"date":"2026-04-13 14:03:26","action":"Draft","newStatus":"draft","terms":[],"taxonomy":"","extraData":[]},"publishpress_future_workflow_manual_trigger":{"enabledWorkflows":[]},"_links":{"self":[{"href":"https:\/\/people.unica.it\/maurosalis\/wp-json\/wp\/v2\/pages\/675","targetHints":{"allow":["GET"]}}],"collection":[{"href":"https:\/\/people.unica.it\/maurosalis\/wp-json\/wp\/v2\/pages"}],"about":[{"href":"https:\/\/people.unica.it\/maurosalis\/wp-json\/wp\/v2\/types\/page"}],"author":[{"embeddable":true,"href":"https:\/\/people.unica.it\/maurosalis\/wp-json\/wp\/v2\/users\/2766"}],"replies":[{"embeddable":true,"href":"https:\/\/people.unica.it\/maurosalis\/wp-json\/wp\/v2\/comments?post=675"}],"version-history":[{"count":5,"href":"https:\/\/people.unica.it\/maurosalis\/wp-json\/wp\/v2\/pages\/675\/revisions"}],"predecessor-version":[{"id":805,"href":"https:\/\/people.unica.it\/maurosalis\/wp-json\/wp\/v2\/pages\/675\/revisions\/805"}],"up":[{"embeddable":true,"href":"https:\/\/people.unica.it\/maurosalis\/wp-json\/wp\/v2\/pages\/6"}],"wp:attachment":[{"href":"https:\/\/people.unica.it\/maurosalis\/wp-json\/wp\/v2\/media?parent=675"}],"curies":[{"name":"wp","href":"https:\/\/api.w.org\/{rel}","templated":true}]}}