{"id":36,"date":"2012-04-03T09:18:14","date_gmt":"2012-04-03T09:18:14","guid":{"rendered":"http:\/\/people.unica.it\/basedocente\/?page_id=36"},"modified":"2020-03-02T23:03:16","modified_gmt":"2020-03-02T21:03:16","slug":"curriculum","status":"publish","type":"page","link":"https:\/\/people.unica.it\/maurosalis\/curriculum\/","title":{"rendered":"Curriculum"},"content":{"rendered":"<p><em><strong><a href=\"#english\">(English text below)<\/a><\/strong><\/em><\/p>\n<p>PhD all&#8217;Universit\u00e0 di Cagliari (Fonti scritte della civilt\u00e0 mediterranea) e all&#8217;Universitat de Girona (Ci\u00e8ncies humanes i de la cultura).<\/p>\n<p>Universit\u00e0 di Cagliari:<br \/>\nDocente a contratto di Storia dell&#8217;arte moderna.<br \/>\nGi\u00e0 docente a contratto di Teoria e tecnica del restauro.<br \/>\nCoordinatore del progetto di catalogazione Corpora per i manufatti di et\u00e0 moderna.<br \/>\nTutor esperto per il Laboratorio di educazione all&#8217;immagine.<\/p>\n<p lang=\"en-US\" align=\"justify\">Faccio parte del gruppo di ricerca della Universitat de Girona diretto dal prof. Joan Bosch Ballbona, impegnato nel progetto &#8220;Arte, oficio y mercado: la condici\u00f3n del artista en Catalu\u00f1a y Baleares durante los siglos XV al XVIII&#8221; finanziato dal Ministerio de Econom\u00eda y Competitividad del Gobierno de Espa\u00f1a (Proyecto MINECO I+D, HAR2015-66465-C2-1-P).<\/p>\n<p>Ho fatto parte del gruppo di ricerca della Universitat de Girona diretto dal prof. Joan Bosch Ballbona, impegnato nel progetto &#8220;Coleccionismo y gusto art\u00edstico de la aristocracia catalana y mallorquina en \u00e9poca moderna. Creaci\u00f3n y dispersi\u00f3n de un patrimonio&#8221;, condotto in collaborazione con l&#8217;Universitat Autonoma de Barcelona e con quella di Perpignan Via Domitia e finanziato dal Ministerio de Econom\u00eda y Competitividad del Gobierno de Espa\u00f1a (Proyecto MINECO I+D, HAR2012-39182-C02-01).<\/p>\n<p>Ho partecipato al progetto diretto dal prof. Marco Cadinu (Dipartimento di Ingegneria civile, ambientale e Architettura) \u201cArchitettura, arte e luoghi urbani degli acquedotti storici, delle fonti e delle fontane nei paesi e nelle citt\u00e0 della Sardegna tra medioevo e modernit\u00e0. Metodi di analisi e riconoscimento dei significati culturali e simbolici, in relazione con i processi di tutela e programmazione della citt\u00e0 e del territorio storico. Costruzione di itinerari tematici e di nuovi programmi di formazione sulla risorsa acqua&#8221;.<\/p>\n<p>Ho partecipato, occupandomi di &#8220;Aggiornamenti bibliografici, schedatura delle opere, ricerca archivistica e informatizzazione dei dati&#8221; al progetto di ricerca \u201cStudio dei retabli pittorici del Quattro-Cinquecento in Sardegna attraverso analisi diagnostiche\u201d, sotto la direzione della prof.ssa Maria Grazia Scano Naitza (Dipartimento di Storia, Beni culturali e Territorio dell&#8217;Universit\u00e0 di Cagliari).<\/p>\n<p>Ho pubblicato una monografia e articoli sull&#8217;arte moderna, con particolare attenzione alla circolazione delle idee e degli artisti lungo le rotte mediterranee.<\/p>\n<p>Mi sono occupato di catalogazione ICCD per il Catalogo dei beni culturali della Regione Autonoma della Sardegna.<\/p>\n<p>Sono autore di testi a carattere divulgativo sui beni culturali della Sardegna realizzati per la Regione Autonoma della Sardegna (con diffusione a mezzo stampa e multimediale).<\/p>\n<p>Per tre anni ho fatto parte in pianta stabile della redazione del sito web sui beni culturali della Regione Sardegna (SardegnaCultura), partecipando anche alla sua progettazione e alla realizzazione dei testi.<\/p>\n<p>&#8212; &#8212; &#8212; &#8212; &#8212; &#8212; &#8212; &#8212; &#8212; &#8212;<br \/>\n<a name=\"english\"><\/a><em><strong>(English text)<\/strong><\/em><\/p>\n<p>PhD at University of Cagliari (Fonti scritte della civilt\u00e0 mediterranea) and University of Girona (Ci\u00e8ncies humanes i de la cultura).<\/p>\n<p><span id=\"result_box\" class=\"\" lang=\"en\">University of <span class=\"\">Cagliari<\/span>:<br \/>\nAdjunct Professor in <span class=\"\">Theory<\/span> <span class=\"\">and Restoration<\/span> Technique.<br \/>\nPostdoctoral research assistant in Early Modern Art <span class=\"\">History<\/span>.<br \/>\nCoordinator of the cataloging project Corpora <span class=\"\">for the<\/span> modern age artifacts.<br \/>\nPostdoctoral research assistant in Image Education <span class=\"\">Laboratory<\/span>.<\/span><\/p>\n<p>I&#8217;m in the research team of the University of Girona that is working on the project \u00abArte, oficio y mercado: la condici\u00f3n del artista en Catalu\u00f1a y Baleares durante los siglos XV al XVIII\u00bb, director prof. dr. Joan Bosch Ballbona (Proyecto MINECO I+D, HAR2015-66465-C2-1-P).<\/p>\n<p>I worked on the project &#8220;Coleccionismo y gusto art\u00edstico de la aristocracia catalana y mallorquina en \u00e9poca moderna. Creaci\u00f3n y dispersi\u00f3n de un patrimonio&#8221; at the University of Girona, director prof. dr. Joan Bosch Ballbona (Proyecto MINECO I+D, HAR2012-39182-C02-01).<\/p>\n<p>I participated in the project led by prof. dr. Marco Cadinu (University of Cagliari, Department of Ingegneria civile, ambientale e Architettura) \u201cArchitettura, arte e luoghi urbani degli acquedotti storici, delle fonti e delle fontane nei paesi e nelle citt\u00e0 della Sardegna tra medioevo e modernit\u00e0. Metodi di analisi e riconoscimento dei significati culturali e simbolici, in relazione con i processi di tutela e programmazione della citt\u00e0 e del territorio storico. Costruzione di itinerari tematici e di nuovi programmi di formazione sulla risorsa acqua&#8221;.<\/p>\n<p>I contributed with\u00a0<span id=\"result_box\" class=\"\" lang=\"en\"><span class=\"\">bibliographic<\/span> <span class=\"\">updates<\/span>, scientific record of the works, archival research <span class=\"\">and <\/span>data entry <span class=\"\">in the research project<\/span> <span class=\"\">&#8220;<\/span>Studio dei retabli pittorici del Quattro-Cinquecento in Sardegna attraverso analisi diagnostiche&#8221; under the direction of p<span class=\"\">rof. Maria<\/span> <span class=\"\">Grazia<\/span> <span class=\"\">Scano<\/span> Naitza (University of Cagliari, Department of Storia, Beni culturali e Territorio)<span class=\"\">.<\/span><\/span><\/p>\n<p><span id=\"result_box\" class=\"\" lang=\"en\">I published a monograph and articles on early modern art, with particular attention to the circulation of ideas and artists along the <span class=\"\">Mediterranean routes<\/span><span class=\"\">.<\/span><\/span><\/p>\n<p><span id=\"result_box\" class=\"\" lang=\"en\"><span class=\"\">I dealt with ICCD cataloging for the Catalogue of Cultural Heritage of the\u00a0Regione Autonoma della Sardegna.<br \/>\n<\/span><\/span><\/p>\n<p><span id=\"result_box\" class=\"\" lang=\"en\"><span class=\"\">I am author of<\/span> informative and teaching <span class=\"\">texts<\/span> <span class=\"\">on cultural heritage<\/span> of Sardinia (with diffusion <span class=\"\">in the press and<\/span> new media).<\/span><\/p>\n<p><span id=\"result_box\" class=\"\" lang=\"en\">For three years I&#8217;ve been part of the SardegnaCultura staff (<span class=\"\">web<\/span> site on the cultural heritage of Sardinia Region), participating in its design and implementation of <span class=\"\">texts<\/span>.<\/span><\/p>\n<p>&nbsp;<\/p>","protected":false},"excerpt":{"rendered":"<p>(English text below) PhD all&#8217;Universit\u00e0 di Cagliari (Fonti scritte della civilt\u00e0 mediterranea) e all&#8217;Universitat de Girona (Ci\u00e8ncies humanes i de la cultura). Universit\u00e0 di Cagliari: Docente a contratto di Storia dell&#8217;arte moderna. Gi\u00e0 docente a contratto di Teoria e tecnica del restauro. Coordinatore del progetto di catalogazione Corpora per i manufatti di et\u00e0 moderna. Tutor esperto per il Laboratorio di educazione all&#8217;immagine. Faccio parte del gruppo di ricerca della Universitat de Girona diretto dal prof. Joan Bosch Ballbona, impegnato nel progetto &#8220;Arte, oficio y mercado: la condici\u00f3n del artista en Catalu\u00f1a y Baleares durante los siglos XV al XVIII&#8221; finanziato <a href='https:\/\/people.unica.it\/maurosalis\/curriculum\/' class='excerpt-more'>[&#8230;]<\/a><\/p>\n","protected":false},"author":1,"featured_media":0,"parent":0,"menu_order":0,"comment_status":"closed","ping_status":"closed","template":"","meta":{"footnotes":""},"class_list":["post-36","page","type-page","status-publish","hentry","post-seq-1","post-parity-odd","meta-position-corners","fix"],"publishpress_future_action":{"enabled":false,"date":"2026-04-13 13:31:20","action":"Draft","newStatus":"draft","terms":[],"taxonomy":"","extraData":[]},"publishpress_future_workflow_manual_trigger":{"enabledWorkflows":[]},"_links":{"self":[{"href":"https:\/\/people.unica.it\/maurosalis\/wp-json\/wp\/v2\/pages\/36","targetHints":{"allow":["GET"]}}],"collection":[{"href":"https:\/\/people.unica.it\/maurosalis\/wp-json\/wp\/v2\/pages"}],"about":[{"href":"https:\/\/people.unica.it\/maurosalis\/wp-json\/wp\/v2\/types\/page"}],"author":[{"embeddable":true,"href":"https:\/\/people.unica.it\/maurosalis\/wp-json\/wp\/v2\/users\/1"}],"replies":[{"embeddable":true,"href":"https:\/\/people.unica.it\/maurosalis\/wp-json\/wp\/v2\/comments?post=36"}],"version-history":[{"count":21,"href":"https:\/\/people.unica.it\/maurosalis\/wp-json\/wp\/v2\/pages\/36\/revisions"}],"predecessor-version":[{"id":825,"href":"https:\/\/people.unica.it\/maurosalis\/wp-json\/wp\/v2\/pages\/36\/revisions\/825"}],"wp:attachment":[{"href":"https:\/\/people.unica.it\/maurosalis\/wp-json\/wp\/v2\/media?parent=36"}],"curies":[{"name":"wp","href":"https:\/\/api.w.org\/{rel}","templated":true}]}}