{"id":348,"date":"2016-06-22T00:24:28","date_gmt":"2016-06-21T22:24:28","guid":{"rendered":"http:\/\/people.unica.it\/maurosalis\/?page_id=348"},"modified":"2021-05-30T18:53:10","modified_gmt":"2021-05-30T16:53:10","slug":"seminars","status":"publish","type":"page","link":"https:\/\/people.unica.it\/maurosalis\/conference-presentations-and-talks\/seminars\/","title":{"rendered":"Seminars"},"content":{"rendered":"<div class=\"media-heading text-serif\">\n<div class=\"media-heading text-serif\">\n<div class=\"media-heading text-serif\">\n<div class=\"media-heading text-serif\">\n<div class=\"media-heading text-serif\">\n<div class=\"media-heading text-serif\">\n<div class=\"media-heading text-serif\">\n<div class=\"media-heading text-serif\">\n<div class=\"media-heading text-serif\">\n<div class=\"media-heading text-serif\">\n<div class=\"media-heading text-serif\">Title: <strong>Relazioni artistiche tra la Sardegna e Valencia. Committenti, opere, iconografie<br \/>\n<\/strong>Conference Name: <em>\u00c9pocas y Culturas Arte en la Corona de Arag\u00f3n en la frontera de la \u00e9poca Moderna<\/em><br \/>\n<span class=\"text-bold\">Organization: M\u00e1ster Historia del Arte y Cultura Visual; Doctorat en Hist\u00f2ria de l&#8217;Art, Universitat de Val\u00e8ncia (coord. prof. M. G\u00f3mez-Ferrer)<\/span><br \/>\nLocation: Valencia<br \/>\n<span class=\"text-bold\">Event Date: 29<\/span>\/10\/2019<span class=\"text-bold\"><br \/>\n<\/span><\/div>\n<div class=\"media-heading text-serif\">\n<div class=\"media-heading text-serif\">\n<div class=\"media-heading text-serif\">\n<div class=\"media-heading text-serif\">\n<div class=\"media-heading text-serif\">\n<div class=\"media-heading text-serif\">\n<div class=\"media-heading text-serif\">\n<div class=\"media-heading text-serif\">\n<div class=\"media-heading text-serif\">\n<div class=\"media-heading text-serif\">\n<div class=\"media-heading text-serif\">&#8212; &#8212; &#8212; &#8212; &#8212;<\/div>\n<div class=\"media-heading text-serif\">\n<div class=\"media-heading text-serif\">\n<div class=\"media-heading text-serif\">\n<div class=\"media-heading text-serif\">\n<div class=\"media-heading text-serif\">\n<div class=\"media-heading text-serif\">\n<div class=\"media-heading text-serif\">\n<div class=\"media-heading text-serif\">\n<div class=\"media-heading text-serif\">\n<div class=\"media-heading text-serif\">\n<div class=\"media-heading text-serif\">Title: <strong>El Renaixement a Sardenya<br \/>\n<\/strong>Conference Name: <em>Corso di Storia dell\u2019arte moderna (prof. F. Miralpeix)<\/em><br \/>\n<span class=\"text-bold\">Organization: Universitat de Girona<\/span><br \/>\nLocation: Girona<br \/>\n<span class=\"text-bold\">Event Date: 26<\/span>\/9\/2018<span class=\"text-bold\"><br \/>\n<\/span><\/div>\n<div class=\"media-heading text-serif\">\n<div class=\"media-heading text-serif\">\n<div class=\"media-heading text-serif\">\n<div class=\"media-heading text-serif\">\n<div class=\"media-heading text-serif\">\n<div class=\"media-heading text-serif\">\n<div class=\"media-heading text-serif\">\n<div class=\"media-heading text-serif\">\n<div class=\"media-heading text-serif\">\n<div class=\"media-heading text-serif\">\n<div class=\"media-heading text-serif\">&#8212; &#8212; &#8212; &#8212; &#8212;<\/div>\n<div class=\"media-heading text-serif\">\n<div class=\"media-heading text-serif\">\n<div class=\"media-heading text-serif\">\n<div class=\"media-heading text-serif\">\n<div class=\"media-heading text-serif\">\n<div class=\"media-heading text-serif\">\n<div class=\"media-heading text-serif\">\n<div class=\"media-heading text-serif\">\n<div class=\"media-heading text-serif\">\n<div class=\"media-heading text-serif\">\n<div class=\"media-heading text-serif\">Title: <strong>El misteri\u00f3s cas del Mestre de Castelsardo. Entre Sardenya i Catalunya<br \/>\n<\/strong>Conference Name: <em>Sessions de Recerca de l\u2019Institut Catal\u00e0 de Recerca en Patrimoni Cultural<\/em><br \/>\n<span class=\"text-bold\">Organization: Institut Catal\u00e0 de Recerca en Patrimoni Cultural<\/span><br \/>\nLocation: ICRPC, Girona<br \/>\n<span class=\"text-bold\">Event Date: 21<\/span>\/9\/2018<span class=\"text-bold\"><br \/>\n<\/span><\/div>\n<div class=\"media-heading text-serif\">\n<div class=\"media-heading text-serif\">\n<div class=\"media-heading text-serif\">\n<div class=\"media-heading text-serif\">\n<div class=\"media-heading text-serif\">\n<div class=\"media-heading text-serif\">\n<div class=\"media-heading text-serif\">\n<div class=\"media-heading text-serif\">\n<div class=\"media-heading text-serif\">\n<div class=\"media-heading text-serif\">\n<div class=\"media-heading text-serif\">&#8212; &#8212; &#8212; &#8212; &#8212;<\/div>\n<div class=\"media-heading text-serif\">Title: <strong>Santi taumaturghi in Sardegna attraverso le fonti iconografiche (XV-XVI secolo)<br \/>\n<\/strong>Conference Name: <em>Ciclo di seminari \u00abOspedali e Assistenza nella Corona d&#8217;Aragona\u00bb<\/em><br \/>\n<span class=\"text-bold\">Organization: Cecilia Tasca, Dottorato di Storia, Beni culturali e Studi internazionali, Universit\u00e0 di Cagliari<\/span><br \/>\nLocation: Dipartimento di Storia, Beni culturali e Territorio, Universit\u00e0 di Cagliari<br \/>\n<span class=\"text-bold\">Event Date: 5-7<\/span>\/6\/2018<span class=\"text-bold\"><br \/>\n<\/span><\/div>\n<div class=\"media-heading text-serif\">\n<div class=\"media-heading text-serif\">\n<div class=\"media-heading text-serif\">\n<div class=\"media-heading text-serif\">\n<div class=\"media-heading text-serif\">\n<div class=\"media-heading text-serif\">\n<div class=\"media-heading text-serif\">\n<div class=\"media-heading text-serif\">\n<div class=\"media-heading text-serif\">\n<div class=\"media-heading text-serif\">&#8212; &#8212; &#8212; &#8212; &#8212;<\/div>\n<div><\/div>\n<\/div>\n<\/div>\n<\/div>\n<\/div>\n<\/div>\n<\/div>\n<\/div>\n<\/div>\n<\/div>\n<p>Title: <strong>Arte in Sardegna in et\u00e0 moderna tra apporti esterni e produzione locale<\/strong><br \/>\nConference Name: <em>Seminario \u00abIncontri artistici nel Mediterraneo occidentale\u00bb<\/em><br \/>\n<span class=\"text-bold\">Organization: Giuseppe Capriotti, corso di Geografia artistica, Universit\u00e0 di Macerata<\/span><br \/>\nLocation: Dipartimento di Scienze della formazione, dei Beni culturali e del Turismo, Universit\u00e0 di Macerata<br \/>\n<span class=\"text-bold\">Event Date: 21-22<\/span>\/11\/2016<span class=\"text-bold\"><br \/>\n<\/span><\/p>\n<\/div>\n<div class=\"media-heading text-serif\">\n<div class=\"media-heading text-serif\">\n<div class=\"media-heading text-serif\">\n<div class=\"media-heading text-serif\">\n<div class=\"media-heading text-serif\">\n<div class=\"media-heading text-serif\">\n<div class=\"media-heading text-serif\">\n<div class=\"media-heading text-serif\">\n<div class=\"media-heading text-serif\">\n<div class=\"media-heading text-serif\">&#8212; &#8212; &#8212; &#8212; &#8212;<\/div>\n<\/div>\n<\/div>\n<\/div>\n<\/div>\n<\/div>\n<\/div>\n<\/div>\n<\/div>\n<\/div>\n<p>Title: <strong>Polittici pittorici e scultorei nel Mediterraneo occidentale: circolazione di tipi e modelli<\/strong><br \/>\nConference Name: <em>Seminario \u00abL\u2019altare europeo tra Rinascimento e Barocco: il dialogo fra le arti\u00bb<\/em><br \/>\n<span class=\"text-bold\">Organization: Cattedra di Storia dell&#8217;arte moderna, Universit\u00e0 di Cagliari<\/span><br \/>\nLocation: Dipartimento di Storia, Beni culturali e Territorio, Universit\u00e0 di Cagliari<br \/>\n<span class=\"text-bold\">Event Date: 14<\/span>\/10\/2014-11\/11\/2014<span class=\"text-bold\"><br \/>\n<\/span><\/p>\n<\/div>\n<div class=\"media-heading text-serif\">\n<div class=\"media-heading text-serif\">\n<div class=\"media-heading text-serif\">\n<div class=\"media-heading text-serif\">\n<div class=\"media-heading text-serif\">\n<div class=\"media-heading text-serif\">\n<div class=\"media-heading text-serif\">\n<div class=\"media-heading text-serif\">\n<div class=\"media-heading text-serif\">\n<div class=\"media-heading text-serif\">&#8212; &#8212; &#8212; &#8212; &#8212;<\/div>\n<div class=\"media-heading text-serif\"><span class=\"text-bold\">Title: <strong>La pala d&#8217;altare tra Rinascimento e Maniera moderna<\/strong><br \/>\nConference Name: <em>Seminario \u00abL\u2019altare europeo tra Rinascimento e Barocco: il dialogo fra le arti\u00bb<\/em><br \/>\n<span class=\"text-bold\">Organization: Cattedra di Storia dell&#8217;arte moderna, Universit\u00e0 di Cagliari<\/span><br \/>\nLocation: Dipartimento di Storia, Beni culturali e Territorio, Universit\u00e0 di Cagliari<br \/>\n<span class=\"text-bold\">Event Date: 14<\/span>\/10\/2014-11\/11\/2014<br \/>\n<\/span><\/div>\n<\/div>\n<\/div>\n<\/div>\n<\/div>\n<\/div>\n<\/div>\n<\/div>\n<\/div>\n<\/div>\n<\/div>\n<\/div>\n<\/div>\n<\/div>\n<\/div>\n<\/div>\n<\/div>\n<\/div>\n<\/div>\n<\/div>\n<\/div>\n<\/div>\n<\/div>\n<\/div>\n<\/div>\n<\/div>\n<\/div>\n<\/div>\n<\/div>\n<\/div>\n<\/div>\n<\/div>\n<\/div>\n<\/div>\n<\/div>\n<\/div>\n<\/div>\n<\/div>\n<\/div>\n<\/div>\n<\/div>\n<\/div>\n<\/div>\n<\/div>\n<\/div>\n<\/div>\n<\/div>\n<\/div>\n<\/div>\n<\/div>\n<\/div>\n<\/div>\n<\/div>\n<\/div>\n<\/div>\n<\/div>\n<\/div>\n<\/div>\n<\/div>\n<\/div>\n<\/div>\n<\/div>\n<\/div>\n<\/div>\n<\/div>\n<\/div>\n<\/div>\n<\/div>\n","protected":false},"excerpt":{"rendered":"<p>Title: Relazioni artistiche tra la Sardegna e Valencia. Committenti, opere, iconografie Conference Name: \u00c9pocas y Culturas Arte en la Corona de Arag\u00f3n en la frontera de la \u00e9poca Moderna Organization: M\u00e1ster Historia del Arte y Cultura Visual; Doctorat en Hist\u00f2ria de l&#8217;Art, Universitat de Val\u00e8ncia (coord. prof. M. G\u00f3mez-Ferrer) Location: Valencia Event Date: 29\/10\/2019 &#8212; &#8212; &#8212; &#8212; &#8212; Title: El Renaixement a Sardenya Conference Name: Corso di Storia dell\u2019arte moderna (prof. F. Miralpeix) Organization: Universitat de Girona Location: Girona Event Date: 26\/9\/2018 &#8212; &#8212; &#8212; &#8212; &#8212; Title: El misteri\u00f3s cas del Mestre de Castelsardo. Entre Sardenya i Catalunya <a href='https:\/\/people.unica.it\/maurosalis\/conference-presentations-and-talks\/seminars\/' class='excerpt-more'>[&#8230;]<\/a><\/p>\n","protected":false},"author":2766,"featured_media":0,"parent":341,"menu_order":0,"comment_status":"closed","ping_status":"closed","template":"","meta":{"footnotes":""},"class_list":["post-348","page","type-page","status-publish","hentry","post-seq-1","post-parity-odd","meta-position-corners","fix"],"publishpress_future_action":{"enabled":false,"date":"2026-04-13 08:58:13","action":"Draft","newStatus":"draft","terms":[],"taxonomy":"","extraData":[]},"publishpress_future_workflow_manual_trigger":{"enabledWorkflows":[]},"_links":{"self":[{"href":"https:\/\/people.unica.it\/maurosalis\/wp-json\/wp\/v2\/pages\/348","targetHints":{"allow":["GET"]}}],"collection":[{"href":"https:\/\/people.unica.it\/maurosalis\/wp-json\/wp\/v2\/pages"}],"about":[{"href":"https:\/\/people.unica.it\/maurosalis\/wp-json\/wp\/v2\/types\/page"}],"author":[{"embeddable":true,"href":"https:\/\/people.unica.it\/maurosalis\/wp-json\/wp\/v2\/users\/2766"}],"replies":[{"embeddable":true,"href":"https:\/\/people.unica.it\/maurosalis\/wp-json\/wp\/v2\/comments?post=348"}],"version-history":[{"count":12,"href":"https:\/\/people.unica.it\/maurosalis\/wp-json\/wp\/v2\/pages\/348\/revisions"}],"predecessor-version":[{"id":1059,"href":"https:\/\/people.unica.it\/maurosalis\/wp-json\/wp\/v2\/pages\/348\/revisions\/1059"}],"up":[{"embeddable":true,"href":"https:\/\/people.unica.it\/maurosalis\/wp-json\/wp\/v2\/pages\/341"}],"wp:attachment":[{"href":"https:\/\/people.unica.it\/maurosalis\/wp-json\/wp\/v2\/media?parent=348"}],"curies":[{"name":"wp","href":"https:\/\/api.w.org\/{rel}","templated":true}]}}