{"id":133,"date":"2012-11-16T12:17:05","date_gmt":"2012-11-16T12:17:05","guid":{"rendered":"http:\/\/people.unica.it\/provadocente\/?page_id=133"},"modified":"2020-09-17T11:56:21","modified_gmt":"2020-09-17T09:56:21","slug":"progetti-di-ricerca","status":"publish","type":"page","link":"https:\/\/people.unica.it\/maurosalis\/progetti-di-ricerca\/","title":{"rendered":"Research Projects"},"content":{"rendered":"<p><em><strong>(As Fellow Researcher)<\/strong><\/em>:<\/p>\n<p>Title: <strong>Know the sea to live the sea<\/strong><br \/>\nDirector: prof. dr. Rossana Martorelli, University of Cagliari<br \/>\nDates: from 1-3-2018 to 30-8-2018<br \/>\nFunds: Regione Autonoma della Sardegna e dalla Fondazione di Sardegna, CUP F72F16003200002<\/p>\n<p>&#8212; &#8212; &#8212; &#8212; &#8212;<\/p>\n<p>Title: <strong>Geografias de la movilidad art\u00edstica. Valencia en \u00e9poca moderna<\/strong><br \/>\nDirector: prof. dr. Mercedes G\u00f3mez-Ferrer, University of Valencia<br \/>\nDates: from 1-1-2018 to 31-12-2020<br \/>\nFunds: Ministerio de Ciencia, Innovaci\u00f3n y Universidades, Proyecto I+D, HAR2017-83070-P<\/p>\n<p>&#8212; &#8212; &#8212; &#8212; &#8212;<\/p>\n<p>Title: <strong>Pictor. Le m\u00e9tier de peintre en Europe \u00e0 la Renaissance<\/strong><br \/>\nDirectors: prof. dr. Michel Hochmann, prof. dr. G.-M. Leproux, prof. dr. A. Nassieu Maupas, \u00c9cole pratique des Hautes \u00c9tudes, Paris<br \/>\nDates: from 5-3-2016 to 1-12-2019<\/p>\n<p>&#8212; &#8212; &#8212; &#8212; &#8212;<\/p>\n<p>Title: <strong>Arte, oficio y mercado: la condici\u00f3n del artista en Catalu\u00f1a y Baleares durante los siglos XV al XVIII<\/strong><br \/>\nDirector: prof. dr. Joan Bosch Ballbona, University of Girona<br \/>\nDates: from 1-1-2016 to 31-12-2019<br \/>\nFunds: Ministerio de Econom\u00eda y Competitividad del Gobierno de Espa\u00f1a, Proyecto MINECO I+D, HAR2015-66465-C2-1-P<\/p>\n<p>&#8212; &#8212; &#8212; &#8212; &#8212;<\/p>\n<p>Title: <strong>Coleccionismo y gusto art\u00edstico de la aristocracia catalana y mallorquina en \u00e9poca moderna. Creaci\u00f3n y dispersi\u00f3n de un patrimonio<\/strong><br \/>\nDirector: prof. dr. Joan Bosch Ballbona, University of Girona<br \/>\nDates: from 1-1-2013 to 31-12-2015<br \/>\nFunds: Ministerio de Econom\u00eda y Competitividad del Gobierno de Espa\u00f1a, Proyecto MINECO I+D, HAR2012-39182-C02-01<\/p>\n<p>&#8212; &#8212; &#8212; &#8212; &#8212;<\/p>\n<p>Title: <strong>Architettura, arte e luoghi urbani degli acquedotti storici, delle fonti e delle fontane nei paesi e nelle citt\u00e0 della Sardegna tra medioevo e modernit\u00e0. Metodi di analisi e riconoscimento dei significati culturali e simbolici, in relazione con i processi di tutela e programmazione della citt\u00e0 e del territorio storico. Costruzione di itinerari tematici e di nuovi programmi di formazione sulla risorsa acqua<\/strong><br \/>\nDirector: dr. Marco Cadinu, University of Cagliari<br \/>\nDates: from 12-1-2015 to 2-12-2015<br \/>\nFunds: Regione Autonoma della Sardegna, L.R. 7\/2007, annualit\u00e0 2010, Progetto CUP F71J11001360002<\/p>\n<p>&#8212; &#8212; &#8212; &#8212; &#8212;<\/p>\n<p>Title: <strong>Studio dei retabli pittorici del Quattro-Cinquecento in Sardegna attraverso analisi diagnostiche<\/strong><br \/>\nDirector: prof. Maria Grazia Scano Naitza, University of Cagliari<br \/>\nDates: from 29-11-2010 to 15-12-2012<br \/>\nFunds: Regione Autonoma della Sardegna, L.R. 7\/2007, annualit\u00e0 2008, Progetto CRP2_685<\/p>","protected":false},"excerpt":{"rendered":"<p>(As Fellow Researcher): Title: Know the sea to live the sea Director: prof. dr. Rossana Martorelli, University of Cagliari Dates: from 1-3-2018 to 30-8-2018 Funds: Regione Autonoma della Sardegna e dalla Fondazione di Sardegna, CUP F72F16003200002 &#8212; &#8212; &#8212; &#8212; &#8212; Title: Geografias de la movilidad art\u00edstica. Valencia en \u00e9poca moderna Director: prof. dr. Mercedes G\u00f3mez-Ferrer, University of Valencia Dates: from 1-1-2018 to 31-12-2020 Funds: Ministerio de Ciencia, Innovaci\u00f3n y Universidades, Proyecto I+D, HAR2017-83070-P &#8212; &#8212; &#8212; &#8212; &#8212; Title: Pictor. Le m\u00e9tier de peintre en Europe \u00e0 la Renaissance Directors: prof. dr. Michel Hochmann, prof. dr. G.-M. Leproux, prof. <a href='https:\/\/people.unica.it\/maurosalis\/progetti-di-ricerca\/' class='excerpt-more'>[&#8230;]<\/a><\/p>\n","protected":false},"author":643,"featured_media":0,"parent":0,"menu_order":0,"comment_status":"closed","ping_status":"closed","template":"progettiricerca.php","meta":{"footnotes":""},"class_list":["post-133","page","type-page","status-publish","hentry","post-seq-1","post-parity-odd","meta-position-corners","fix"],"publishpress_future_action":{"enabled":false,"date":"2026-04-13 18:15:35","action":"Draft","newStatus":"draft","terms":[],"taxonomy":"","extraData":[]},"publishpress_future_workflow_manual_trigger":{"enabledWorkflows":[]},"_links":{"self":[{"href":"https:\/\/people.unica.it\/maurosalis\/wp-json\/wp\/v2\/pages\/133","targetHints":{"allow":["GET"]}}],"collection":[{"href":"https:\/\/people.unica.it\/maurosalis\/wp-json\/wp\/v2\/pages"}],"about":[{"href":"https:\/\/people.unica.it\/maurosalis\/wp-json\/wp\/v2\/types\/page"}],"author":[{"embeddable":true,"href":"https:\/\/people.unica.it\/maurosalis\/wp-json\/wp\/v2\/users\/643"}],"replies":[{"embeddable":true,"href":"https:\/\/people.unica.it\/maurosalis\/wp-json\/wp\/v2\/comments?post=133"}],"version-history":[{"count":18,"href":"https:\/\/people.unica.it\/maurosalis\/wp-json\/wp\/v2\/pages\/133\/revisions"}],"predecessor-version":[{"id":918,"href":"https:\/\/people.unica.it\/maurosalis\/wp-json\/wp\/v2\/pages\/133\/revisions\/918"}],"wp:attachment":[{"href":"https:\/\/people.unica.it\/maurosalis\/wp-json\/wp\/v2\/media?parent=133"}],"curies":[{"name":"wp","href":"https:\/\/api.w.org\/{rel}","templated":true}]}}