{"id":1024,"date":"2021-03-02T20:35:52","date_gmt":"2021-03-02T18:35:52","guid":{"rendered":"http:\/\/people.unica.it\/maurosalis\/?page_id=1024"},"modified":"2021-03-02T20:35:52","modified_gmt":"2021-03-02T18:35:52","slug":"materiale-didattico-registrazioni","status":"publish","type":"page","link":"https:\/\/people.unica.it\/maurosalis\/materiale-didattico-registrazioni\/","title":{"rendered":"Materiale didattico &#8211; Registrazioni"},"content":{"rendered":"<p>Si comunica a tutti gli interessati che le registrazioni delle lezioni dell&#8217;insegnamento Storia dell\u2019arte moderna 1 (CdL Beni culturali e Spettacolo, 6 cfu) a.a. 2020-2021 tenute in Aula virtuale sono a disposizione nella pagina dell&#8217;insegnamento sulla piattaforma elearning Unica all&#8217;indirizzo: <a href=\"https:\/\/elearning.unica.it\/course\/view.php?id=1635\" rel=\"noopener\" target=\"_blank\">https:\/\/elearning.unica.it\/course\/view.php?id=1635<\/a><\/p>\n<p>I link di tutte le registrazioni verranno pubblicati in tale pagina, ragion per cui si consiglia di annotarne l\u2019indirizzo tra i segnalibri del proprio browser.<\/p>\n<p>Le registrazioni delle lezioni svolte in Aula virtuale non sono state oggetto di post-produzione, ma sono la mera riproduzione della lezione on line svolta. Si ricorda che, secondo quanto disposto nel D.R. 341\/2020 del 24\/03\/2020 (art. 4), \u00ab\u00c8 fatto divieto agli studenti fruitori di registrare, fare copia, elaborare o diffondere in alcun modo, nonch\u00e9 di utilizzare per altre finalit\u00e0 diverse da quelle didattiche o comunque con altre finalit\u00e0 e modalit\u00e0 non consentite dalla normativa, il materiale in teledidattica messo a disposizione dall\u2019Ateneo\u00bb.<\/p>\n<p>\u00ab\u00c8 vietata la copia, la rielaborazione, la riproduzione dei contenuti e immagini in qualsiasi forma. \u00c8 inoltre vietata la diffusione, la redistribuzione e la pubblicazione dei contenuti e immagini, incluse le registrazioni delle videolezioni con qualsiasi modalit\u00e0 e mezzo non autorizzate espressamente<br \/>\ndall\u2019autore o da Unica\u00bb<\/p>\n<p>Le registrazioni saranno fruibili non oltre la fine del secondo semestre dell\u2019anno accademico 2020-2021.<\/p>\n<p>Nella pagina <a href=\"https:\/\/elearning.unica.it\/course\/view.php?id=1635\" rel=\"noopener\" target=\"_blank\">https:\/\/elearning.unica.it\/course\/view.php?id=1635<\/a> sono altres\u00ec disponibili e scaricabili le slide mostrate e commentate a lezione.<\/p>","protected":false},"excerpt":{"rendered":"<p>Si comunica a tutti gli interessati che le registrazioni delle lezioni dell&#8217;insegnamento Storia dell\u2019arte moderna 1 (CdL Beni culturali e Spettacolo, 6 cfu) a.a. 2020-2021 tenute in Aula virtuale sono a disposizione nella pagina dell&#8217;insegnamento sulla piattaforma elearning Unica all&#8217;indirizzo: https:\/\/elearning.unica.it\/course\/view.php?id=1635 I link di tutte le registrazioni verranno pubblicati in tale pagina, ragion per cui si consiglia di annotarne l\u2019indirizzo tra i segnalibri del proprio browser. Le registrazioni delle lezioni svolte in Aula virtuale non sono state oggetto di post-produzione, ma sono la mera riproduzione della lezione on line svolta. Si ricorda che, secondo quanto disposto nel D.R. 341\/2020 del <a href='https:\/\/people.unica.it\/maurosalis\/materiale-didattico-registrazioni\/' class='excerpt-more'>[&#8230;]<\/a><\/p>\n","protected":false},"author":2766,"featured_media":0,"parent":0,"menu_order":0,"comment_status":"closed","ping_status":"closed","template":"","meta":{"footnotes":""},"class_list":["post-1024","page","type-page","status-publish","hentry","post-seq-1","post-parity-odd","meta-position-corners","fix"],"publishpress_future_action":{"enabled":false,"date":"2026-04-13 08:58:31","action":"Draft","newStatus":"draft","terms":[],"taxonomy":"","extraData":[]},"publishpress_future_workflow_manual_trigger":{"enabledWorkflows":[]},"_links":{"self":[{"href":"https:\/\/people.unica.it\/maurosalis\/wp-json\/wp\/v2\/pages\/1024","targetHints":{"allow":["GET"]}}],"collection":[{"href":"https:\/\/people.unica.it\/maurosalis\/wp-json\/wp\/v2\/pages"}],"about":[{"href":"https:\/\/people.unica.it\/maurosalis\/wp-json\/wp\/v2\/types\/page"}],"author":[{"embeddable":true,"href":"https:\/\/people.unica.it\/maurosalis\/wp-json\/wp\/v2\/users\/2766"}],"replies":[{"embeddable":true,"href":"https:\/\/people.unica.it\/maurosalis\/wp-json\/wp\/v2\/comments?post=1024"}],"version-history":[{"count":1,"href":"https:\/\/people.unica.it\/maurosalis\/wp-json\/wp\/v2\/pages\/1024\/revisions"}],"predecessor-version":[{"id":1025,"href":"https:\/\/people.unica.it\/maurosalis\/wp-json\/wp\/v2\/pages\/1024\/revisions\/1025"}],"wp:attachment":[{"href":"https:\/\/people.unica.it\/maurosalis\/wp-json\/wp\/v2\/media?parent=1024"}],"curies":[{"name":"wp","href":"https:\/\/api.w.org\/{rel}","templated":true}]}}