{"id":1282,"date":"2016-11-04T15:49:47","date_gmt":"2016-11-04T15:49:47","guid":{"rendered":"http:\/\/people.unica.it\/maudcharpentier\/?page_id=1282"},"modified":"2017-05-03T06:34:35","modified_gmt":"2017-05-03T06:34:35","slug":"avvisi","status":"publish","type":"page","link":"https:\/\/people.unica.it\/maudcharpentier\/avvisi\/","title":{"rendered":"Avvisi"},"content":{"rendered":"<p><b>Il ricevimento di oggi \u00e8 annullato. Riprender\u00e0 mercoled\u00ec 10 maggio 2017\u00a0<\/b><\/p>","protected":false},"excerpt":{"rendered":"<p>Il ricevimento di oggi \u00e8 annullato. Riprender\u00e0 mercoled\u00ec 10 maggio 2017\u00a0<\/p>\n","protected":false},"author":643,"featured_media":0,"parent":0,"menu_order":0,"comment_status":"closed","ping_status":"closed","template":"posts.php","meta":{"footnotes":""},"class_list":["post-1282","page","type-page","status-publish","hentry","post-seq-1","post-parity-odd","meta-position-corners","fix"],"publishpress_future_action":{"enabled":false,"date":"2026-04-17 06:48:22","action":"Draft","newStatus":"draft","terms":[],"taxonomy":"","extraData":[]},"publishpress_future_workflow_manual_trigger":{"enabledWorkflows":[]},"_links":{"self":[{"href":"https:\/\/people.unica.it\/maudcharpentier\/wp-json\/wp\/v2\/pages\/1282","targetHints":{"allow":["GET"]}}],"collection":[{"href":"https:\/\/people.unica.it\/maudcharpentier\/wp-json\/wp\/v2\/pages"}],"about":[{"href":"https:\/\/people.unica.it\/maudcharpentier\/wp-json\/wp\/v2\/types\/page"}],"author":[{"embeddable":true,"href":"https:\/\/people.unica.it\/maudcharpentier\/wp-json\/wp\/v2\/users\/643"}],"replies":[{"embeddable":true,"href":"https:\/\/people.unica.it\/maudcharpentier\/wp-json\/wp\/v2\/comments?post=1282"}],"version-history":[{"count":3,"href":"https:\/\/people.unica.it\/maudcharpentier\/wp-json\/wp\/v2\/pages\/1282\/revisions"}],"predecessor-version":[{"id":1782,"href":"https:\/\/people.unica.it\/maudcharpentier\/wp-json\/wp\/v2\/pages\/1282\/revisions\/1782"}],"wp:attachment":[{"href":"https:\/\/people.unica.it\/maudcharpentier\/wp-json\/wp\/v2\/media?parent=1282"}],"curies":[{"name":"wp","href":"https:\/\/api.w.org\/{rel}","templated":true}]}}