{"id":323,"date":"2011-03-08T12:22:37","date_gmt":"2011-03-08T12:22:37","guid":{"rendered":"http:\/\/people.unica.it\/master-efecs\/"},"modified":"2011-05-03T11:42:23","modified_gmt":"2011-05-03T11:42:23","slug":"ospitalita","status":"publish","type":"page","link":"https:\/\/people.unica.it\/master-efecs\/ospitalita\/","title":{"rendered":"Ospitalit\u00e0 e Modulistica"},"content":{"rendered":"<h4>Alberghi<\/h4>\n<p>L&#8217;universit\u00e0 di Cagliari \u00e8 convenzionata con vari alberghi in citt\u00e0. In particolare vi segnaliamo:<\/p>\n<p>&#8211;\u00a0<a href=\"http:\/\/www.holidayinn.com\/hotels\/it\/it\/cagliari\/cglit\/hoteldetail\/photos-tours\">Holiday Inn<\/a> (Vicino alla sede del Master ma lontano dal centro citt\u00e0)<\/p>\n<p>&#8211; <a href=\"http:\/\/www.hotel4mori.it\/\">Hotel 4 Mori<\/a> (Pi\u00f9 distante dalla sede del Master ma nel centro della citt\u00e0)<\/p>\n<h4>Trasporti<\/h4>\n<p>&#8211; <a href=\"http:\/\/www.ctmcagliari.it\/\">CTM<\/a> (Linea 1, Largo Carlo Felice &#8211; Via Crespellani\/Caravaggio)<\/p>\n<p>&#8211; <a href=\"http:\/\/www.radiotaxirossoblu.com\/\">Taxi 1<\/a> , <a href=\"http:\/\/www.cagliaritaxi.com\/index1.html\">Taxi 2<\/a><\/p>\n<h4><a href=\"http:\/\/www.cagliaritaxi.com\/index1.html\"><\/a>Altro<\/h4>\n<p>Per le questioni amministrative e organizzative:<\/p>\n<p>&#8211; Valentina Sechi (segreco@unica.it), tel. 6753332<\/p>\n<p>&nbsp;<\/p>\n<h4>Modulistica<\/h4>\n<p>&#8211; <a href=\"http:\/\/people.unica.it\/master-efecs\/files\/2011\/03\/procedura-di-rimborso.pdf\">Procedura di rimborso<\/a><\/p>\n<p>&#8211;\u00a0<a href=\"http:\/\/people.unica.it\/master-efecs\/files\/2011\/03\/LiquidazioneMissioneMaster.doc\">Liquidazione Missione<\/a><\/p>\n<p>&#8211; <a href=\"http:\/\/people.unica.it\/master-efecs\/files\/2011\/03\/SchemaAnagrafica2010_RESIDENTI.pdf\">Scheda Anagrafica<\/a><\/p>\n","protected":false},"excerpt":{"rendered":"<p>Alberghi L&#8217;universit\u00e0 di Cagliari \u00e8 convenzionata con vari alberghi in citt\u00e0. In particolare vi segnaliamo: &#8211;\u00a0Holiday Inn (Vicino alla sede del Master ma lontano dal centro citt\u00e0) &#8211; Hotel 4 Mori (Pi\u00f9 distante dalla sede del Master ma nel centro della citt\u00e0) Trasporti &#8211; CTM (Linea 1, Largo Carlo Felice &#8211; Via Crespellani\/Caravaggio) &#8211; Taxi 1 , Taxi 2 Altro Per le questioni amministrative e organizzative: &#8211; Valentina Sechi (segreco@unica.it), tel. 6753332 &nbsp; Modulistica &#8211; Procedura di rimborso &#8211;\u00a0Liquidazione Missione &#8211; Scheda Anagrafica<\/p>\n","protected":false},"author":221,"featured_media":0,"parent":0,"menu_order":5,"comment_status":"closed","ping_status":"closed","template":"","meta":{"footnotes":""},"class_list":["post-323","page","type-page","status-publish","hentry","post-seq-1","post-parity-odd","meta-position-corners","fix"],"_links":{"self":[{"href":"https:\/\/people.unica.it\/master-efecs\/wp-json\/wp\/v2\/pages\/323","targetHints":{"allow":["GET"]}}],"collection":[{"href":"https:\/\/people.unica.it\/master-efecs\/wp-json\/wp\/v2\/pages"}],"about":[{"href":"https:\/\/people.unica.it\/master-efecs\/wp-json\/wp\/v2\/types\/page"}],"author":[{"embeddable":true,"href":"https:\/\/people.unica.it\/master-efecs\/wp-json\/wp\/v2\/users\/221"}],"replies":[{"embeddable":true,"href":"https:\/\/people.unica.it\/master-efecs\/wp-json\/wp\/v2\/comments?post=323"}],"version-history":[{"count":14,"href":"https:\/\/people.unica.it\/master-efecs\/wp-json\/wp\/v2\/pages\/323\/revisions"}],"predecessor-version":[{"id":326,"href":"https:\/\/people.unica.it\/master-efecs\/wp-json\/wp\/v2\/pages\/323\/revisions\/326"}],"wp:attachment":[{"href":"https:\/\/people.unica.it\/master-efecs\/wp-json\/wp\/v2\/media?parent=323"}],"curies":[{"name":"wp","href":"https:\/\/api.w.org\/{rel}","templated":true}]}}