{"id":1227,"date":"2012-11-26T10:27:23","date_gmt":"2012-11-26T10:27:23","guid":{"rendered":"http:\/\/people.unica.it\/provacds2\/?page_id=1227"},"modified":"2013-01-28T12:07:44","modified_gmt":"2013-01-28T12:07:44","slug":"commissione-per-pratiche-di-passaggio-e-abbreviazioni","status":"publish","type":"page","link":"https:\/\/people.unica.it\/linguemoderneperlacomunicazioneelacooperazioneinternazionale\/chi-siamo\/commissioni\/commissione-per-pratiche-di-passaggio-e-abbreviazioni\/","title":{"rendered":"Commissione Convalida CFU Altre Attivit\u00e0"},"content":{"rendered":"<p><strong>La commissione \u00e8 cos\u00ec composta:<\/strong> Prof.ssa Pisano &#8211; Prof. Pala<\/p>","protected":false},"excerpt":{"rendered":"<p>La commissione \u00e8 cos\u00ec composta: Prof.ssa Pisano &#8211; Prof. Pala<\/p>\n","protected":false},"author":643,"featured_media":0,"parent":14,"menu_order":0,"comment_status":"closed","ping_status":"closed","template":"","meta":{"footnotes":""},"class_list":["post-1227","page","type-page","status-publish","hentry","post-seq-1","post-parity-odd","meta-position-corners","fix"],"_links":{"self":[{"href":"https:\/\/people.unica.it\/linguemoderneperlacomunicazioneelacooperazioneinternazionale\/wp-json\/wp\/v2\/pages\/1227","targetHints":{"allow":["GET"]}}],"collection":[{"href":"https:\/\/people.unica.it\/linguemoderneperlacomunicazioneelacooperazioneinternazionale\/wp-json\/wp\/v2\/pages"}],"about":[{"href":"https:\/\/people.unica.it\/linguemoderneperlacomunicazioneelacooperazioneinternazionale\/wp-json\/wp\/v2\/types\/page"}],"author":[{"embeddable":true,"href":"https:\/\/people.unica.it\/linguemoderneperlacomunicazioneelacooperazioneinternazionale\/wp-json\/wp\/v2\/users\/643"}],"replies":[{"embeddable":true,"href":"https:\/\/people.unica.it\/linguemoderneperlacomunicazioneelacooperazioneinternazionale\/wp-json\/wp\/v2\/comments?post=1227"}],"version-history":[{"count":3,"href":"https:\/\/people.unica.it\/linguemoderneperlacomunicazioneelacooperazioneinternazionale\/wp-json\/wp\/v2\/pages\/1227\/revisions"}],"predecessor-version":[{"id":1627,"href":"https:\/\/people.unica.it\/linguemoderneperlacomunicazioneelacooperazioneinternazionale\/wp-json\/wp\/v2\/pages\/1227\/revisions\/1627"}],"up":[{"embeddable":true,"href":"https:\/\/people.unica.it\/linguemoderneperlacomunicazioneelacooperazioneinternazionale\/wp-json\/wp\/v2\/pages\/14"}],"wp:attachment":[{"href":"https:\/\/people.unica.it\/linguemoderneperlacomunicazioneelacooperazioneinternazionale\/wp-json\/wp\/v2\/media?parent=1227"}],"curies":[{"name":"wp","href":"https:\/\/api.w.org\/{rel}","templated":true}]}}