{"id":5057,"date":"2021-07-08T10:53:06","date_gmt":"2021-07-08T10:53:06","guid":{"rendered":"https:\/\/people.unica.it\/lingueeletteraturemoderneeuropeeeamericane\/?page_id=5057"},"modified":"2022-09-23T08:17:54","modified_gmt":"2022-09-23T08:17:54","slug":"calendario-lauree","status":"publish","type":"page","link":"https:\/\/people.unica.it\/lingueeletteraturemoderneeuropeeeamericane\/calendario-e-orari\/calendario-lauree\/","title":{"rendered":"Calendario lauree"},"content":{"rendered":"<h2><a href=\"https:\/\/www.unica.it\/unica\/it\/crs_fastuduma_lauree.page\">Pagina lauree sito Facolt\u00e0<\/a><\/h2>\n<p>&nbsp;<\/p>\n<p style=\"text-align: center\"><strong>DOMANDA DI LAUREA ON-LINE<\/strong><\/p>\n<p><strong>Principali adempimenti<\/strong><\/p>\n<ol>\n<li>Prima di procedere con il processo di conseguimento titolo occorre registrarsi sul sito AlmaLaurea e compilare il questionario. La compilazione \u00e8 indispensabile per proseguire con il caricamento della domanda di laurea.<\/li>\n<li>Compilare la domanda di laurea on line seguendo le <a href=\"https:\/\/people.unica.it\/lingueeletteraturemoderneeuropeeeamericane\/files\/2021\/07\/ISTRUZIONI-domanda-di-laurea.pdf\"><strong>istruzioni per la compilazione<\/strong><\/a> (la domanda vale per un solo appello, quindi in caso di rinuncia o mancato conseguimento, dovr\u00e0 essere ricaricata per gli appelli successivi).<\/li>\n<li><strong><u>Indicare OBBLIGATORIAMENTE nella sezione NOTE<\/u><\/strong> la lingua straniera di sintesi della tesi.<\/li>\n<li>Dall\u2019appello di luglio 2016 non dovr\u00e0 essere pi\u00f9 consegnata alcuna copia cartacea della tesi di laurea; il file della tesi, formato PDF, dovr\u00e0 essere inserito nel sistema direttamente dal laureando dalla sua pagina personale. La tesi dovr\u00e0 essere realizzata in un unico file che non dovr\u00e0 superare la <u>dimensione massima di 50 MB<\/u>. Per l\u2019inserimento della tesi <strong><u>\u00c8 OBBLIGATORIO<\/u><\/strong> caricare nella propria pagina personale la scansione di un documento di identit\u00e0 personale da Segreteria &gt; Documenti d\u2019identit\u00e0 &gt; Inserisci nuovo documento d\u2019identit\u00e0.<\/li>\n<li>Pagare le tasse di laurea previste dal Regolamento Tasse (ed eventuali altri debiti residui) decorse 48 ore lavorative dal caricamento della domanda ed <strong><u>obbligatoriamente<\/u><\/strong> entro la scadenza per il sostenimento dell\u2019ultimo esame, utilizzando una delle modalit\u00e0 indicate alla pagina: <a href=\"https:\/\/www.unica.it\/unica\/it\/studenti_s02_ss01.page\">https:\/\/www.unica.it\/unica\/it\/studenti_s02_ss01.page<\/a><\/li>\n<li><strong>Le tasse di laurea pagate sono valide per un anno accademico.<\/strong><\/li>\n<li>Consegnare il libretto in Segreteria Studenti.<\/li>\n<\/ol>\n<p><strong>\u00a0<\/strong><\/p>\n<p><strong>INFINE, RICORDA CHE:<\/strong><\/p>\n<p><strong>\u00a0<\/strong><\/p>\n<p><strong>E\u2019 opportuno<\/strong> <strong>aggiornare<\/strong> (in Home &gt; Anagrafica) <strong>i dati relativi al numero di\u00a0 cellulare, alla e-mail e all\u2019indirizzo di residenza, <\/strong>prima della compilazione on-line della domanda di laurea, per facilitare le comunicazioni tra studente e Segreteria Studenti.<\/p>\n<p><strong>Per eventuali richieste e chiarimenti<\/strong> \u00e8 attivo l\u2019indirizzo di posta elettronica della Segreteria Studenti (<a href=\"mailto:segreteriastudentilingue@unica.it\">segreteriastudentilingue@unica.it<\/a>).<\/p>\n<p><strong>DIARIO DELLE TESI<\/strong><strong>:<\/strong> verr\u00e0 pubblicato dalla Segreteria di Presidenza circa una settimana prima dell\u2019inizio dell\u2019appello e sar\u00e0 visibile dalla propria area personale.<\/p>\n<p>&nbsp;<\/p>\n<p><strong>MODULISTICA OBBLIGATORIA PROVA FINALE<\/strong><\/p>\n<p>&nbsp;<\/p>\n<p><a href=\"http:\/\/facolta.unica.it\/studiumanistici\/files\/2021\/02\/dichiarazione-originalita.pdf\">Dichiarazione di originalit\u00e0<\/a>: da inserire nella tesi come ultima pagina.<\/p>\n<p><a href=\"http:\/\/facolta.unica.it\/studiumanistici\/files\/2021\/02\/FACSIMILE-Copertina_tesi-L-LM.pdf\">Facsimile copertina tesi<\/a>: da inserire come prima pagina.<\/p>\n","protected":false},"excerpt":{"rendered":"<p>Pagina lauree sito Facolt\u00e0 &nbsp; DOMANDA DI LAUREA ON-LINE Principali adempimenti Prima di procedere con il processo di conseguimento titolo occorre registrarsi sul sito AlmaLaurea e compilare il questionario. La compilazione \u00e8 indispensabile per proseguire con il caricamento della domanda di laurea. Compilare la domanda di laurea on line seguendo le istruzioni per la compilazione (la domanda vale per un solo appello, quindi in caso di rinuncia o mancato conseguimento, dovr\u00e0 essere ricaricata per gli appelli successivi). Indicare OBBLIGATORIAMENTE nella sezione NOTE la lingua straniera di sintesi della tesi. Dall\u2019appello di luglio 2016 non dovr\u00e0 essere pi\u00f9 consegnata alcuna copia <a href='https:\/\/people.unica.it\/lingueeletteraturemoderneeuropeeeamericane\/calendario-e-orari\/calendario-lauree\/' class='excerpt-more'>[&#8230;]<\/a><\/p>\n","protected":false},"author":2071,"featured_media":0,"parent":1269,"menu_order":0,"comment_status":"closed","ping_status":"closed","template":"","meta":{"footnotes":""},"class_list":["post-5057","page","type-page","status-publish","hentry","post-seq-1","post-parity-odd","meta-position-corners","fix"],"_links":{"self":[{"href":"https:\/\/people.unica.it\/lingueeletteraturemoderneeuropeeeamericane\/wp-json\/wp\/v2\/pages\/5057","targetHints":{"allow":["GET"]}}],"collection":[{"href":"https:\/\/people.unica.it\/lingueeletteraturemoderneeuropeeeamericane\/wp-json\/wp\/v2\/pages"}],"about":[{"href":"https:\/\/people.unica.it\/lingueeletteraturemoderneeuropeeeamericane\/wp-json\/wp\/v2\/types\/page"}],"author":[{"embeddable":true,"href":"https:\/\/people.unica.it\/lingueeletteraturemoderneeuropeeeamericane\/wp-json\/wp\/v2\/users\/2071"}],"replies":[{"embeddable":true,"href":"https:\/\/people.unica.it\/lingueeletteraturemoderneeuropeeeamericane\/wp-json\/wp\/v2\/comments?post=5057"}],"version-history":[{"count":6,"href":"https:\/\/people.unica.it\/lingueeletteraturemoderneeuropeeeamericane\/wp-json\/wp\/v2\/pages\/5057\/revisions"}],"predecessor-version":[{"id":5251,"href":"https:\/\/people.unica.it\/lingueeletteraturemoderneeuropeeeamericane\/wp-json\/wp\/v2\/pages\/5057\/revisions\/5251"}],"up":[{"embeddable":true,"href":"https:\/\/people.unica.it\/lingueeletteraturemoderneeuropeeeamericane\/wp-json\/wp\/v2\/pages\/1269"}],"wp:attachment":[{"href":"https:\/\/people.unica.it\/lingueeletteraturemoderneeuropeeeamericane\/wp-json\/wp\/v2\/media?parent=5057"}],"curies":[{"name":"wp","href":"https:\/\/api.w.org\/{rel}","templated":true}]}}