{"id":3306,"date":"2017-06-16T14:06:38","date_gmt":"2017-06-16T14:06:38","guid":{"rendered":"http:\/\/people.unica.it\/lingueeletteraturemoderneeuropeeeamericane\/?page_id=3306"},"modified":"2019-05-13T10:08:43","modified_gmt":"2019-05-13T10:08:43","slug":"referente-qualita","status":"publish","type":"page","link":"https:\/\/people.unica.it\/lingueeletteraturemoderneeuropeeeamericane\/chi-siamo\/commissioni\/referente-qualita\/","title":{"rendered":"Referente Qualit\u00e0"},"content":{"rendered":"<p style=\"text-align: justify\">Il <em>Referente Qualit\u00e0<\/em> \u00e8 un docente nominato in seno al Consiglio di Classe e assolve i seguenti compiti:<\/p>\n<ul style=\"text-align: justify\">\n<li>svolge funzioni di raccordo tra i vari attori impegnati nell&#8217;elaborazione, applicazione e valutazione delle procedure per l&#8217;Assicurazione Qualit\u00e0 dei Corsi di studio;<\/li>\n<li>coadiuva il Coordinatore di Corso nella pianificazione e nella verifica dell&#8217;attuazione delle azioni correttive;<\/li>\n<li>verifica la coerenza dei contenuti della Scheda Unica Annuale del Corso di studio (SUA-CdS) ed il rispetto delle scadenze previste dal calendario delle attivit\u00e0 per l&#8217;Assicurazione Qualit\u00e0;<\/li>\n<li>presiede all&#8217;implementazione delle procedure per l&#8217;Assicurazione Qualit\u00e0 nei Corsi di studio, in conformit\u00e0 alle indicazioni del Presidio della Qualit\u00e0 di Ateneo;<\/li>\n<li>presiede il regolare svolgimento delle attivit\u00e0 di riesame dei Corsi di studio;<\/li>\n<li>informa il Consiglio di Classe e le sue commissioni, in particolare la Commissione di Autovalutazione (CAV), delle indicazioni del Presidio della Qualit\u00e0 riguardo all&#8217;organizzazione dell&#8217;Assicurazione Qualit\u00e0;<\/li>\n<li>riporta al Presidio della Qualit\u00e0 le problematiche evidenziate nell&#8217;ambito dei Corsi riguardo all&#8217;organizzazione dell&#8217;Assicurazione Qualit\u00e0;<\/li>\n<li>propone ai Corsi le azioni correttive per il miglioramento continuo;<\/li>\n<li>\u00e8 parte della Struttura Decentrata del Presidio della Qualit\u00e0.<\/li>\n<\/ul>\n<p style=\"text-align: justify\">L&#8217;attuale Referente Qualit\u00e0 \u00e8 il prof <a href=\"http:\/\/people.unica.it\/riccardobadini\/\">Riccardo Badini<\/a>.<\/p>\n","protected":false},"excerpt":{"rendered":"<p>Il Referente Qualit\u00e0 \u00e8 un docente nominato in seno al Consiglio di Classe e assolve i seguenti compiti: svolge funzioni di raccordo tra i vari attori impegnati nell&#8217;elaborazione, applicazione e valutazione delle procedure per l&#8217;Assicurazione Qualit\u00e0 dei Corsi di studio; coadiuva il Coordinatore di Corso nella pianificazione e nella verifica dell&#8217;attuazione delle azioni correttive; verifica la coerenza dei contenuti della Scheda Unica Annuale del Corso di studio (SUA-CdS) ed il rispetto delle scadenze previste dal calendario delle attivit\u00e0 per l&#8217;Assicurazione Qualit\u00e0; presiede all&#8217;implementazione delle procedure per l&#8217;Assicurazione Qualit\u00e0 nei Corsi di studio, in conformit\u00e0 alle indicazioni del Presidio della Qualit\u00e0 <a href='https:\/\/people.unica.it\/lingueeletteraturemoderneeuropeeeamericane\/chi-siamo\/commissioni\/referente-qualita\/' class='excerpt-more'>[&#8230;]<\/a><\/p>\n","protected":false},"author":2071,"featured_media":0,"parent":14,"menu_order":0,"comment_status":"closed","ping_status":"closed","template":"","meta":{"footnotes":""},"class_list":["post-3306","page","type-page","status-publish","hentry","post-seq-1","post-parity-odd","meta-position-corners","fix"],"_links":{"self":[{"href":"https:\/\/people.unica.it\/lingueeletteraturemoderneeuropeeeamericane\/wp-json\/wp\/v2\/pages\/3306","targetHints":{"allow":["GET"]}}],"collection":[{"href":"https:\/\/people.unica.it\/lingueeletteraturemoderneeuropeeeamericane\/wp-json\/wp\/v2\/pages"}],"about":[{"href":"https:\/\/people.unica.it\/lingueeletteraturemoderneeuropeeeamericane\/wp-json\/wp\/v2\/types\/page"}],"author":[{"embeddable":true,"href":"https:\/\/people.unica.it\/lingueeletteraturemoderneeuropeeeamericane\/wp-json\/wp\/v2\/users\/2071"}],"replies":[{"embeddable":true,"href":"https:\/\/people.unica.it\/lingueeletteraturemoderneeuropeeeamericane\/wp-json\/wp\/v2\/comments?post=3306"}],"version-history":[{"count":2,"href":"https:\/\/people.unica.it\/lingueeletteraturemoderneeuropeeeamericane\/wp-json\/wp\/v2\/pages\/3306\/revisions"}],"predecessor-version":[{"id":4355,"href":"https:\/\/people.unica.it\/lingueeletteraturemoderneeuropeeeamericane\/wp-json\/wp\/v2\/pages\/3306\/revisions\/4355"}],"up":[{"embeddable":true,"href":"https:\/\/people.unica.it\/lingueeletteraturemoderneeuropeeeamericane\/wp-json\/wp\/v2\/pages\/14"}],"wp:attachment":[{"href":"https:\/\/people.unica.it\/lingueeletteraturemoderneeuropeeeamericane\/wp-json\/wp\/v2\/media?parent=3306"}],"curies":[{"name":"wp","href":"https:\/\/api.w.org\/{rel}","templated":true}]}}