{"id":3266,"date":"2017-06-15T09:06:49","date_gmt":"2017-06-15T09:06:49","guid":{"rendered":"http:\/\/people.unica.it\/lingueeletteraturemoderneeuropeeeamericane\/?page_id=3266"},"modified":"2019-06-14T14:38:31","modified_gmt":"2019-06-14T14:38:31","slug":"calendario-attivita","status":"publish","type":"page","link":"https:\/\/people.unica.it\/lingueeletteraturemoderneeuropeeeamericane\/requisiti-di-trasparenza\/documenti\/calendario-attivita\/","title":{"rendered":"Calendario attivit\u00e0"},"content":{"rendered":"<p>Il calendario delle attivit\u00e0 annuali del Corso di studio \u00e8 riportato nel <a href=\"http:\/\/people.unica.it\/lingueeletteraturemoderneeuropeeeamericane\/requisiti-di-trasparenza\/documenti\/aiqcds\/sistema-aq-cds-lm37-2\/\">Documento di Assicurazione Interna della Qualit\u00e0<\/a>, pp. 10-11.<\/p>","protected":false},"excerpt":{"rendered":"<p>Il calendario delle attivit\u00e0 annuali del Corso di studio \u00e8 riportato nel Documento di Assicurazione Interna della Qualit\u00e0, pp. 10-11.<\/p>\n","protected":false},"author":2071,"featured_media":0,"parent":3249,"menu_order":0,"comment_status":"closed","ping_status":"closed","template":"","meta":{"footnotes":""},"class_list":["post-3266","page","type-page","status-publish","hentry","post-seq-1","post-parity-odd","meta-position-corners","fix"],"_links":{"self":[{"href":"https:\/\/people.unica.it\/lingueeletteraturemoderneeuropeeeamericane\/wp-json\/wp\/v2\/pages\/3266","targetHints":{"allow":["GET"]}}],"collection":[{"href":"https:\/\/people.unica.it\/lingueeletteraturemoderneeuropeeeamericane\/wp-json\/wp\/v2\/pages"}],"about":[{"href":"https:\/\/people.unica.it\/lingueeletteraturemoderneeuropeeeamericane\/wp-json\/wp\/v2\/types\/page"}],"author":[{"embeddable":true,"href":"https:\/\/people.unica.it\/lingueeletteraturemoderneeuropeeeamericane\/wp-json\/wp\/v2\/users\/2071"}],"replies":[{"embeddable":true,"href":"https:\/\/people.unica.it\/lingueeletteraturemoderneeuropeeeamericane\/wp-json\/wp\/v2\/comments?post=3266"}],"version-history":[{"count":4,"href":"https:\/\/people.unica.it\/lingueeletteraturemoderneeuropeeeamericane\/wp-json\/wp\/v2\/pages\/3266\/revisions"}],"predecessor-version":[{"id":4439,"href":"https:\/\/people.unica.it\/lingueeletteraturemoderneeuropeeeamericane\/wp-json\/wp\/v2\/pages\/3266\/revisions\/4439"}],"up":[{"embeddable":true,"href":"https:\/\/people.unica.it\/lingueeletteraturemoderneeuropeeeamericane\/wp-json\/wp\/v2\/pages\/3249"}],"wp:attachment":[{"href":"https:\/\/people.unica.it\/lingueeletteraturemoderneeuropeeeamericane\/wp-json\/wp\/v2\/media?parent=3266"}],"curies":[{"name":"wp","href":"https:\/\/api.w.org\/{rel}","templated":true}]}}