{"id":4481,"date":"2017-06-19T19:47:49","date_gmt":"2017-06-19T19:47:49","guid":{"rendered":"http:\/\/people.unica.it\/lingueecomunicazione\/?page_id=4481"},"modified":"2019-05-14T07:50:57","modified_gmt":"2019-05-14T07:50:57","slug":"referente-qualita","status":"publish","type":"page","link":"https:\/\/people.unica.it\/lingueecomunicazione\/chi-siamo\/commissioni\/referente-qualita\/","title":{"rendered":"Referente Qualit\u00e0"},"content":{"rendered":"<p>Il Referente Qualit\u00e0 \u00e8 un docente nominato in seno al Consiglio di Classe e assolve i seguenti compiti:<\/p>\n<p>\u2022svolge funzioni di raccordo tra i vari attori impegnati nell\u2019elaborazione, applicazione e valutazione delle procedure per l\u2019Assicurazione Qualit\u00e0 dei Corsi di studio;<br \/>\n\u2022coadiuva il Coordinatore di Corso nella pianificazione e nella verifica dell\u2019attuazione delle azioni correttive;<br \/>\n\u2022verifica la coerenza dei contenuti della Scheda Unica Annuale del Corso di studio (SUA-CdS) ed il rispetto delle scadenze previste dal calendario delle attivit\u00e0 per l\u2019Assicurazione Qualit\u00e0;<br \/>\n\u2022presiede all\u2019implementazione delle procedure per l\u2019Assicurazione Qualit\u00e0 nei Corsi di studio, in conformit\u00e0 alle indicazioni del Presidio della Qualit\u00e0 di Ateneo;<br \/>\n\u2022presiede il regolare svolgimento delle attivit\u00e0 di riesame dei Corsi di studio;<br \/>\n\u2022informa il Consiglio di Classe e le sue commissioni, in particolare la Commissione di Autovalutazione (CAV), delle indicazioni del Presidio della Qualit\u00e0 riguardo all\u2019organizzazione dell\u2019Assicurazione Qualit\u00e0;<br \/>\n\u2022riporta al Presidio della Qualit\u00e0 le problematiche evidenziate nell\u2019ambito dei Corsi riguardo all\u2019organizzazione dell\u2019Assicurazione Qualit\u00e0;<br \/>\n\u2022propone ai Corsi le azioni correttive per il miglioramento continuo;<br \/>\n\u2022\u00e8 parte della Struttura Decentrata del Presidio della Qualit\u00e0.<\/p>\n<p>L\u2019attuale Referente Qualit\u00e0 \u00e8 il prof. <a href=\"http:\/\/people.unica.it\/fulvioventurino\/\">Fulvio Venturino<\/a>.<\/p>","protected":false},"excerpt":{"rendered":"<p>Il Referente Qualit\u00e0 \u00e8 un docente nominato in seno al Consiglio di Classe e assolve i seguenti compiti: \u2022svolge funzioni di raccordo tra i vari attori impegnati nell\u2019elaborazione, applicazione e valutazione delle procedure per l\u2019Assicurazione Qualit\u00e0 dei Corsi di studio; \u2022coadiuva il Coordinatore di Corso nella pianificazione e nella verifica dell\u2019attuazione delle azioni correttive; \u2022verifica la coerenza dei contenuti della Scheda Unica Annuale del Corso di studio (SUA-CdS) ed il rispetto delle scadenze previste dal calendario delle attivit\u00e0 per l\u2019Assicurazione Qualit\u00e0; \u2022presiede all\u2019implementazione delle procedure per l\u2019Assicurazione Qualit\u00e0 nei Corsi di studio, in conformit\u00e0 alle indicazioni del Presidio della Qualit\u00e0 <a href='https:\/\/people.unica.it\/lingueecomunicazione\/chi-siamo\/commissioni\/referente-qualita\/' class='excerpt-more'>[&#8230;]<\/a><\/p>\n","protected":false},"author":2071,"featured_media":0,"parent":3965,"menu_order":0,"comment_status":"closed","ping_status":"closed","template":"","meta":{"footnotes":""},"class_list":["post-4481","page","type-page","status-publish","hentry","post-seq-1","post-parity-odd","meta-position-corners","fix"],"_links":{"self":[{"href":"https:\/\/people.unica.it\/lingueecomunicazione\/wp-json\/wp\/v2\/pages\/4481","targetHints":{"allow":["GET"]}}],"collection":[{"href":"https:\/\/people.unica.it\/lingueecomunicazione\/wp-json\/wp\/v2\/pages"}],"about":[{"href":"https:\/\/people.unica.it\/lingueecomunicazione\/wp-json\/wp\/v2\/types\/page"}],"author":[{"embeddable":true,"href":"https:\/\/people.unica.it\/lingueecomunicazione\/wp-json\/wp\/v2\/users\/2071"}],"replies":[{"embeddable":true,"href":"https:\/\/people.unica.it\/lingueecomunicazione\/wp-json\/wp\/v2\/comments?post=4481"}],"version-history":[{"count":3,"href":"https:\/\/people.unica.it\/lingueecomunicazione\/wp-json\/wp\/v2\/pages\/4481\/revisions"}],"predecessor-version":[{"id":5807,"href":"https:\/\/people.unica.it\/lingueecomunicazione\/wp-json\/wp\/v2\/pages\/4481\/revisions\/5807"}],"up":[{"embeddable":true,"href":"https:\/\/people.unica.it\/lingueecomunicazione\/wp-json\/wp\/v2\/pages\/3965"}],"wp:attachment":[{"href":"https:\/\/people.unica.it\/lingueecomunicazione\/wp-json\/wp\/v2\/media?parent=4481"}],"curies":[{"name":"wp","href":"https:\/\/api.w.org\/{rel}","templated":true}]}}