{"id":4441,"date":"2017-06-16T16:30:05","date_gmt":"2017-06-16T16:30:05","guid":{"rendered":"http:\/\/people.unica.it\/lingueecomunicazione\/?page_id=4441"},"modified":"2020-10-14T12:26:34","modified_gmt":"2020-10-14T12:26:34","slug":"calendario-didattico","status":"publish","type":"page","link":"https:\/\/people.unica.it\/lingueecomunicazione\/calendario-e-orari\/calendario-didattico\/","title":{"rendered":"Calendario didattico"},"content":{"rendered":"<p class=\"first-para\" style=\"text-align: justify\">In questa pagina vengono pubblicati il <strong><em>calendario accademico<\/em><\/strong> e il <strong><em>calendario didattico del Corso di laurea<\/em><\/strong>.<\/p>\n<p style=\"text-align: justify\"><strong>Calendario accademico<\/strong><\/p>\n<p style=\"text-align: justify\">L\u2019Anno Accademico inizia il 1\u00b0 ottobre e termina il 30 settembre dell\u2019anno successivo. Il calendario accademico \u00e8 emanato dall\u2019Ateneo e contiene l\u2019indicazione dei giorni di sospensione delle attivit\u00e0 didattiche e di chiusura delle varie strutture per tutto l\u2019Anno Accademico.<\/p>\n<p><a href=\"https:\/\/www.unica.it\/unica\/protected\/229386\/0\/def\/ref\/DOC181924\/\">Calendario accademico 2020\/2021<\/a><\/p>\n<p style=\"text-align: justify\"><strong>Calendario didattico del Corso<\/strong><\/p>\n<p style=\"text-align: justify\">La didattica del Corso \u00e8 organizzata su due semestri: il <em>primo semestre<\/em> inizia il 1\u00b0 ottobre e termina il 28 febbraio successivo; il <em>secondo semestre<\/em> inizia il 1\u00b0 marzo e termina il 30 settembre.<\/p>\n<p style=\"text-align: justify\">La frequenza alle attivit\u00e0 didattiche non \u00e8 obbligatoria, ma \u00e8 fortemente consigliata (ne \u00e8 previsto un monitoraggio).<\/p>\n<p style=\"text-align: justify\"><strong><em>Lezioni<\/em><\/strong><\/p>\n<p style=\"text-align: justify\">Le lezioni del primo semestre si tengono a partire dal 1\u00b0 ottobre e fino alle vacanze natalizie; in casi eccezionali, si potranno tenere lezioni di recupero nel mese di gennaio successivo, non oltre il 14 gennaio.<\/p>\n<p style=\"text-align: justify\">Le lezioni del secondo semestre si tengono a partire dal 1\u00b0 marzo e terminano entro il 20 maggio.<\/p>\n<p style=\"text-align: justify\">Gli insegnamenti di lingua straniera sono <em>annuali<\/em> (si tengono in entrambi i semestri); tutti gli altri insegnamenti, salvo alcune eccezioni, sono <em>semestrali<\/em> (si tengono in un solo semestre).<\/p>\n<p style=\"text-align: justify\"><strong><em>Esercitazioni di lingua straniera<\/em><\/strong><\/p>\n<p style=\"text-align: justify\">Le esercitazioni fanno parte integrante degli insegnamenti di lingua straniera e sono <em>annuali<\/em> (si tengono in entrambi i semestri). Il periodo di svolgimento delle esercitazioni va dal 1\u00b0 ottobre al 20 maggio, compresi i mesi di gennaio e febbraio (in cui per\u00f2 si osserva un orario settimanale ridotto). Il Corso pu\u00f2 prevedere che l\u2019inizio delle esercitazioni venga anticipato al mese di settembre, per consentire un\u2019erogazione meno concentrata delle ore di esercitazione.<\/p>\n<p style=\"text-align: justify\">Per informazioni sull\u2019orario delle lezioni ed esercitazioni, visita la <a href=\"http:\/\/people.unica.it\/lingueecomunicazione\/calendario-e-orari\/orario-lezioni\/\"><strong><em>pagina dedicata<\/em><\/strong><\/a>.<\/p>\n<p style=\"text-align: justify\"><strong><em>Appelli d\u2019esame<\/em><\/strong><\/p>\n<p style=\"text-align: justify\">Per il calendario esami, visita la <a href=\"http:\/\/people.unica.it\/lingueecomunicazione\/calendario-e-orari\/calendario-esami\/\"><strong><em>pagina dedicata<\/em><\/strong><\/a>.<\/p>\n<p style=\"text-align: justify\"><strong><em>Appelli di laurea<\/em><\/strong><\/p>\n<p style=\"text-align: justify\">Gli appelli di laurea sono cinque all\u2019anno: <em>febbraio<\/em>, <em>aprile<\/em>, <em>luglio<\/em>, <em>ottobre<\/em>, <em>novembre<\/em>. Per informazioni dettagliate, visita la <a href=\"http:\/\/facolta.unica.it\/studiumanistici\/didattica-2\/calendari-e-orari\/calendario-lauree\/\" target=\"_blank\" rel=\"noopener noreferrer\"><em><strong>pagina dedicata<\/strong><\/em><\/a> sul sito della Facolt\u00e0 di Studi Umanistici.<\/p>\n","protected":false},"excerpt":{"rendered":"<p>In questa pagina vengono pubblicati il calendario accademico e il calendario didattico del Corso di laurea. Calendario accademico L\u2019Anno Accademico inizia il 1\u00b0 ottobre e termina il 30 settembre dell\u2019anno successivo. Il calendario accademico \u00e8 emanato dall\u2019Ateneo e contiene l\u2019indicazione dei giorni di sospensione delle attivit\u00e0 didattiche e di chiusura delle varie strutture per tutto l\u2019Anno Accademico. Calendario accademico 2020\/2021 Calendario didattico del Corso La didattica del Corso \u00e8 organizzata su due semestri: il primo semestre inizia il 1\u00b0 ottobre e termina il 28 febbraio successivo; il secondo semestre inizia il 1\u00b0 marzo e termina il 30 settembre. La frequenza <a href='https:\/\/people.unica.it\/lingueecomunicazione\/calendario-e-orari\/calendario-didattico\/' class='excerpt-more'>[&#8230;]<\/a><\/p>\n","protected":false},"author":2071,"featured_media":0,"parent":1269,"menu_order":0,"comment_status":"closed","ping_status":"closed","template":"","meta":{"footnotes":""},"class_list":["post-4441","page","type-page","status-publish","hentry","post-seq-1","post-parity-odd","meta-position-corners","fix"],"_links":{"self":[{"href":"https:\/\/people.unica.it\/lingueecomunicazione\/wp-json\/wp\/v2\/pages\/4441","targetHints":{"allow":["GET"]}}],"collection":[{"href":"https:\/\/people.unica.it\/lingueecomunicazione\/wp-json\/wp\/v2\/pages"}],"about":[{"href":"https:\/\/people.unica.it\/lingueecomunicazione\/wp-json\/wp\/v2\/types\/page"}],"author":[{"embeddable":true,"href":"https:\/\/people.unica.it\/lingueecomunicazione\/wp-json\/wp\/v2\/users\/2071"}],"replies":[{"embeddable":true,"href":"https:\/\/people.unica.it\/lingueecomunicazione\/wp-json\/wp\/v2\/comments?post=4441"}],"version-history":[{"count":10,"href":"https:\/\/people.unica.it\/lingueecomunicazione\/wp-json\/wp\/v2\/pages\/4441\/revisions"}],"predecessor-version":[{"id":6655,"href":"https:\/\/people.unica.it\/lingueecomunicazione\/wp-json\/wp\/v2\/pages\/4441\/revisions\/6655"}],"up":[{"embeddable":true,"href":"https:\/\/people.unica.it\/lingueecomunicazione\/wp-json\/wp\/v2\/pages\/1269"}],"wp:attachment":[{"href":"https:\/\/people.unica.it\/lingueecomunicazione\/wp-json\/wp\/v2\/media?parent=4441"}],"curies":[{"name":"wp","href":"https:\/\/api.w.org\/{rel}","templated":true}]}}