{"id":4407,"date":"2017-06-16T15:57:21","date_gmt":"2017-06-16T15:57:21","guid":{"rendered":"http:\/\/people.unica.it\/lingueecomunicazione\/?page_id=4407"},"modified":"2021-09-21T15:34:04","modified_gmt":"2021-09-21T15:34:04","slug":"calendario-attivita","status":"publish","type":"page","link":"https:\/\/people.unica.it\/lingueecomunicazione\/requisiti-di-trasparenza\/calendario-attivita\/","title":{"rendered":"Calendario attivit\u00e0"},"content":{"rendered":"<div class=\"entry-container fix\">\n<div class=\"entry fix\">\n<p class=\"first-para\">Il calendario delle attivit\u00e0 annuali per la gestione in qualit\u00e0 del Corso di laurea \u00e8 riportato nel seguente documento:<\/p>\n<p><a href=\"https:\/\/people.unica.it\/lingueecomunicazione\/files\/2021\/09\/Calendario-attivita-AQ-CdS-2020.pdf\"><strong>Calendario attivit\u00e0 &#8211; rev. 2020<\/strong><\/a><\/p>\n<\/div>\n<\/div>\n","protected":false},"excerpt":{"rendered":"<p>Il calendario delle attivit\u00e0 annuali per la gestione in qualit\u00e0 del Corso di laurea \u00e8 riportato nel seguente documento: Calendario attivit\u00e0 &#8211; rev. 2020<\/p>\n","protected":false},"author":2071,"featured_media":0,"parent":1245,"menu_order":0,"comment_status":"closed","ping_status":"closed","template":"","meta":{"footnotes":""},"class_list":["post-4407","page","type-page","status-publish","hentry","post-seq-1","post-parity-odd","meta-position-corners","fix"],"_links":{"self":[{"href":"https:\/\/people.unica.it\/lingueecomunicazione\/wp-json\/wp\/v2\/pages\/4407","targetHints":{"allow":["GET"]}}],"collection":[{"href":"https:\/\/people.unica.it\/lingueecomunicazione\/wp-json\/wp\/v2\/pages"}],"about":[{"href":"https:\/\/people.unica.it\/lingueecomunicazione\/wp-json\/wp\/v2\/types\/page"}],"author":[{"embeddable":true,"href":"https:\/\/people.unica.it\/lingueecomunicazione\/wp-json\/wp\/v2\/users\/2071"}],"replies":[{"embeddable":true,"href":"https:\/\/people.unica.it\/lingueecomunicazione\/wp-json\/wp\/v2\/comments?post=4407"}],"version-history":[{"count":6,"href":"https:\/\/people.unica.it\/lingueecomunicazione\/wp-json\/wp\/v2\/pages\/4407\/revisions"}],"predecessor-version":[{"id":6897,"href":"https:\/\/people.unica.it\/lingueecomunicazione\/wp-json\/wp\/v2\/pages\/4407\/revisions\/6897"}],"up":[{"embeddable":true,"href":"https:\/\/people.unica.it\/lingueecomunicazione\/wp-json\/wp\/v2\/pages\/1245"}],"wp:attachment":[{"href":"https:\/\/people.unica.it\/lingueecomunicazione\/wp-json\/wp\/v2\/media?parent=4407"}],"curies":[{"name":"wp","href":"https:\/\/api.w.org\/{rel}","templated":true}]}}