{"id":3097,"date":"2015-11-03T15:03:43","date_gmt":"2015-11-03T15:03:43","guid":{"rendered":"http:\/\/people.unica.it\/lingueecomunicazione\/?page_id=3097"},"modified":"2024-05-11T00:27:03","modified_gmt":"2024-05-11T00:27:03","slug":"erasmus-globus-e-altre-opportunita-di-mobilita-studentesca","status":"publish","type":"page","link":"https:\/\/people.unica.it\/lingueecomunicazione\/erasmus-globus-e-altre-opportunita-di-mobilita-studentesca\/","title":{"rendered":"Erasmus, Globus e altre opportunit\u00e0 di mobilit\u00e0 studentesca"},"content":{"rendered":"<p style=\"text-align: justify\"><strong>Programma Erasmus+<\/strong><\/p>\n<p style=\"text-align: justify\">Il programma Erasmus+ ha l\u2019obiettivo di consentire allo studente l\u2019esperienza di vita in un altro Paese in cui sia attivo l\u2019insegnamento di una delle sue lingue straniere di studio, la conoscenza di altre culture e l\u2019acquisizione di una formazione universitaria pi\u00f9 varia e completa. I risultati perseguiti sono la crescita dell\u2019identit\u00e0 europea, il rafforzamento del concetto di multiculturalit\u00e0 e di multilinguismo, nonch\u00e9 il miglioramento delle prospettive lavorative dei cittadini europei.<\/p>\n<p style=\"text-align: justify\">Gli studenti di UniCa possono effettuare due tipi di esperienza di mobilit\u00e0 attraverso la collaborazione con Universit\u00e0 e imprese di Paesi stranieri aderenti al Programma. Uno studente pu\u00f2 beneficiare per ogni ciclo di studi di:<br \/>\n\u2022 mobilit\u00e0 per studio: da 3 a 12 mesi*<br \/>\n\u2022 mobilit\u00e0 per traineeship: da 2 a 12 mesi* anche per i neolaureati.<\/p>\n<p style=\"text-align: justify\">In Erasmus+ lo studente pu\u00f2 seguire corsi, sostenere esami, fare ricerca per la tesi di laurea, effettuare esperienze di tirocinio e usufruire delle strutture disponibili presso gli enti stranieri ospitanti. Agli studenti partecipanti viene inoltre assegnata una borsa di mobilit\u00e0 il cui importo \u00e8 modulato in base al costo della vita del Paese ospitante. Prima della partenza, gli studenti ricevono l\u2019approvazione delle attivit\u00e0 di studio o di traineeship da parte dell\u2019Universit\u00e0 di appartenenza e dell\u2019Universit\u00e0 ospitante.<\/p>\n<p style=\"text-align: justify\">[*Per una durata complessiva massima di 24 mesi tra Corso di Laurea triennale e Magistrale.]<\/p>\n<p style=\"text-align: justify\"><strong>Programma Globus<\/strong><\/p>\n<p style=\"text-align: justify\">Globus \u00e8 un programma di scambio dell\u2019Universit\u00e0 di Cagliari che promuove la mobilit\u00e0 studentesca in ambito extraeuropeo e che consente di trascorrere un periodo di studio (frequenza di corsi e superamento di esami) o di tirocinio presso Universit\u00e0 straniere non europee; in alcune sedi specifiche \u00e8 consentita inoltre la ricerca per la preparazione della tesi finale. Gli studenti possono scegliere le Universit\u00e0 di tre diversi continenti: Americhe, Asia e Oceania.<\/p>\n<p style=\"text-align: justify\">______________________________________________<\/p>\n<p style=\"text-align: justify\">Tutti i programmi relativi all\u2019Internazionalizzazione sono gestiti dal Settore mobilit\u00e0 studentesca (ISMOKA).<br \/>\nConsulta i bandi per conoscere i requisiti richiesti, i criteri di selezione e tutte le sedi disponibili, sul sito dell\u2019Ateneo alla pagina: <a href=\"https:\/\/www.unica.it\/unica\/it\/ateneo_s04_ss11.page\" target=\"_blank\" rel=\"noopener noreferrer\">Internazionalizzazione \u2013 Mobilit\u00e0 studentesca<\/a>. All\u2019interno della stessa pagina si trovano i riferimenti, i contatti e gli orari di apertura dello Sportello informativo Ismoka.<br \/>\nNB. Gli studenti del corso che volessero accedere ai programmi Erasmus, devono essere in possesso dei requisiti indicati nel <a href=\"http:\/\/people.unica.it\/lingueecomunicazione\/requisiti-di-trasparenza\/documenti\/regolamento-erasmus-lingue\/\" rel=\"attachment wp-att-4669\">Regolamento Erasmus<\/a><\/p>\n<p>&nbsp;<\/p>\n<p><strong>Sportello di mobilit\u00e0 internazionale della Facolt\u00e0<\/strong><\/p>\n<p><strong>Tutor Erasmus: <\/strong>Dott.ssa Silvia Baita<\/p>\n<p><strong>Contatti<\/strong><\/p>\n<p>E-mail:\u00a0<a href=\"mailto:erasmus.studum@unica.it\">erasmus.studum@unica.it<\/a><\/p>\n<p>Telefono:\u00a0070 675 7283<\/p>\n","protected":false},"excerpt":{"rendered":"<p>Programma Erasmus+ Il programma Erasmus+ ha l\u2019obiettivo di consentire allo studente l\u2019esperienza di vita in un altro Paese in cui sia attivo l\u2019insegnamento di una delle sue lingue straniere di studio, la conoscenza di altre culture e l\u2019acquisizione di una formazione universitaria pi\u00f9 varia e completa. I risultati perseguiti sono la crescita dell\u2019identit\u00e0 europea, il rafforzamento del concetto di multiculturalit\u00e0 e di multilinguismo, nonch\u00e9 il miglioramento delle prospettive lavorative dei cittadini europei. Gli studenti di UniCa possono effettuare due tipi di esperienza di mobilit\u00e0 attraverso la collaborazione con Universit\u00e0 e imprese di Paesi stranieri aderenti al Programma. Uno studente pu\u00f2 <a href='https:\/\/people.unica.it\/lingueecomunicazione\/erasmus-globus-e-altre-opportunita-di-mobilita-studentesca\/' class='excerpt-more'>[&#8230;]<\/a><\/p>\n","protected":false},"author":2071,"featured_media":0,"parent":0,"menu_order":0,"comment_status":"closed","ping_status":"closed","template":"","meta":{"footnotes":""},"class_list":["post-3097","page","type-page","status-publish","hentry","post-seq-1","post-parity-odd","meta-position-corners","fix"],"_links":{"self":[{"href":"https:\/\/people.unica.it\/lingueecomunicazione\/wp-json\/wp\/v2\/pages\/3097","targetHints":{"allow":["GET"]}}],"collection":[{"href":"https:\/\/people.unica.it\/lingueecomunicazione\/wp-json\/wp\/v2\/pages"}],"about":[{"href":"https:\/\/people.unica.it\/lingueecomunicazione\/wp-json\/wp\/v2\/types\/page"}],"author":[{"embeddable":true,"href":"https:\/\/people.unica.it\/lingueecomunicazione\/wp-json\/wp\/v2\/users\/2071"}],"replies":[{"embeddable":true,"href":"https:\/\/people.unica.it\/lingueecomunicazione\/wp-json\/wp\/v2\/comments?post=3097"}],"version-history":[{"count":19,"href":"https:\/\/people.unica.it\/lingueecomunicazione\/wp-json\/wp\/v2\/pages\/3097\/revisions"}],"predecessor-version":[{"id":7320,"href":"https:\/\/people.unica.it\/lingueecomunicazione\/wp-json\/wp\/v2\/pages\/3097\/revisions\/7320"}],"wp:attachment":[{"href":"https:\/\/people.unica.it\/lingueecomunicazione\/wp-json\/wp\/v2\/media?parent=3097"}],"curies":[{"name":"wp","href":"https:\/\/api.w.org\/{rel}","templated":true}]}}