{"id":291,"date":"2012-06-28T14:36:52","date_gmt":"2012-06-28T14:36:52","guid":{"rendered":"http:\/\/people.unica.it\/meccanica\/?page_id=291"},"modified":"2024-03-07T09:46:31","modified_gmt":"2024-03-07T09:46:31","slug":"tutor-didattici","status":"publish","type":"page","link":"https:\/\/people.unica.it\/lingueecomunicazione\/chi-siamo\/tutor-didattici\/","title":{"rendered":"Tutor didattici"},"content":{"rendered":"<p><strong>SPORTELLO DI TUTORATO DIDATTICO &#8211; Campus Aresu, segreteria di presidenza<\/strong><\/p>\n<p>Il tutorato offre un supporto informativo sulle questioni relative alla didattica dei corsi di laurea triennale in <em>Lingue e comunicazione<\/em> e <em>Lingue e culture per la mediazione linguistica<\/em>. Gli studenti potranno rivolgersi allo sportello per richieste riguardanti:<\/p>\n<ul>\n<li>informazioni sulla didattica (lezioni, esami, docenti, orari, programmi&#8230;);<\/li>\n<li>supporto nel reperimento di informazioni sui siti web dell&#8217;Ateneo;<\/li>\n<li>segnalazione di problematiche.<\/li>\n<\/ul>\n<p>[Il tutorato non offre consulenza in materia di tasse e contributi, per le quali occorre contattare sempre la segreteria studenti]<\/p>\n<p>E&#8217; possibile accedere al servizio:<\/p>\n<ul>\n<li>via mail scrivendo all&#8217;indirizzo <a href=\"mailto:laborlingue@unica.it\">laborlingue@unica.it<\/a>;<\/li>\n<li>in presenza in orario di ricevimento, dal luned\u00ec al venerd\u00ec h. 9:00-12:00 e il gioved\u00ec pomeriggio h. 15:00-17:00.<\/li>\n<\/ul>\n","protected":false},"excerpt":{"rendered":"<p>SPORTELLO DI TUTORATO DIDATTICO &#8211; Campus Aresu, segreteria di presidenza Il tutorato offre un supporto informativo sulle questioni relative alla didattica dei corsi di laurea triennale in Lingue e comunicazione e Lingue e culture per la mediazione linguistica. Gli studenti potranno rivolgersi allo sportello per richieste riguardanti: informazioni sulla didattica (lezioni, esami, docenti, orari, programmi&#8230;); supporto nel reperimento di informazioni sui siti web dell&#8217;Ateneo; segnalazione di problematiche. [Il tutorato non offre consulenza in materia di tasse e contributi, per le quali occorre contattare sempre la segreteria studenti] E&#8217; possibile accedere al servizio: via mail scrivendo all&#8217;indirizzo laborlingue@unica.it; in presenza in <a href='https:\/\/people.unica.it\/lingueecomunicazione\/chi-siamo\/tutor-didattici\/' class='excerpt-more'>[&#8230;]<\/a><\/p>\n","protected":false},"author":1,"featured_media":0,"parent":90,"menu_order":0,"comment_status":"closed","ping_status":"closed","template":"","meta":{"footnotes":""},"class_list":["post-291","page","type-page","status-publish","hentry","post-seq-1","post-parity-odd","meta-position-corners","fix"],"_links":{"self":[{"href":"https:\/\/people.unica.it\/lingueecomunicazione\/wp-json\/wp\/v2\/pages\/291","targetHints":{"allow":["GET"]}}],"collection":[{"href":"https:\/\/people.unica.it\/lingueecomunicazione\/wp-json\/wp\/v2\/pages"}],"about":[{"href":"https:\/\/people.unica.it\/lingueecomunicazione\/wp-json\/wp\/v2\/types\/page"}],"author":[{"embeddable":true,"href":"https:\/\/people.unica.it\/lingueecomunicazione\/wp-json\/wp\/v2\/users\/1"}],"replies":[{"embeddable":true,"href":"https:\/\/people.unica.it\/lingueecomunicazione\/wp-json\/wp\/v2\/comments?post=291"}],"version-history":[{"count":13,"href":"https:\/\/people.unica.it\/lingueecomunicazione\/wp-json\/wp\/v2\/pages\/291\/revisions"}],"predecessor-version":[{"id":7281,"href":"https:\/\/people.unica.it\/lingueecomunicazione\/wp-json\/wp\/v2\/pages\/291\/revisions\/7281"}],"up":[{"embeddable":true,"href":"https:\/\/people.unica.it\/lingueecomunicazione\/wp-json\/wp\/v2\/pages\/90"}],"wp:attachment":[{"href":"https:\/\/people.unica.it\/lingueecomunicazione\/wp-json\/wp\/v2\/media?parent=291"}],"curies":[{"name":"wp","href":"https:\/\/api.w.org\/{rel}","templated":true}]}}